{"id":252,"date":"2024-12-23T15:38:21","date_gmt":"2024-12-23T14:38:21","guid":{"rendered":"https:\/\/los-odpowiedzialni-spolecznie.pl\/?post_type=product&#038;p=252"},"modified":"2024-12-23T15:39:12","modified_gmt":"2024-12-23T14:39:12","slug":"herbata-zielona-z-jezowka-eko-25x2g","status":"publish","type":"product","link":"https:\/\/los-odpowiedzialni-spolecznie.pl\/en\/sklep\/produkty-spozywcze\/herbaty\/ekspresowe\/herbata-zielona-z-jezowka-eko-25x2g\/","title":{"rendered":"Herbata Zielona z je\u017c\u00f3wk\u0105 EKO 25x2g"},"content":{"rendered":"<h3>Opis Produktu<\/h3>\n<p>&nbsp;<\/p>\n<p>Po\u0142\u0105czenie najwy\u017cszej jako\u015bci zielonej herbaty cejlo\u0144skiej z ekologicznym zielem je\u017c\u00f3wki purpurowej o w\u0142a\u015bciwo\u015bciach wspieraj\u0105cy odporno\u015b\u0107 organizmu. Herbat\u0119 cechuje delikatny smak prze\u0142amany zio\u0142ow\u0105 nut\u0105<\/p>\n<h3 class=\"tab-title\">Dodatkowe informacje<\/h3>\n<div class=\"resetcss\">\n<p><strong>Sk\u0142adniki:\u00a0<\/strong>herbata zielona cejlo\u0144ska*90%, je\u017c\u00f3wka ziele*10%. *produkt rolnictwa ekologicznego<\/p>\n<p><strong>Spos\u00f3b u\u017cycia:\u00a0<\/strong>Jedn\u0105 saszetk\u0119 zala\u0107 szklank\u0105 wody o temperaturze \u2014 ok. 80 stopni (odczeka\u0107 3-5 min od momentu wrzenia) i zaparza\u0107 przez kilka minut pod przykryciem.<\/p>\n<p><strong>Masa netto:\u00a0<\/strong>25&#215;2 g<\/p>\n<p><strong>Warunki przechowywania:\u00a0<\/strong>Przechowywa\u0107 w suchym miejscu.<\/p>\n<p><strong>Kod EAN:\u00a0<\/strong>5902581617521<\/p>\n<\/div>","protected":false},"excerpt":{"rendered":"<p>Opis Produktu &nbsp; Po\u0142\u0105czenie najwy\u017cszej jako\u015bci zielonej herbaty cejlo\u0144skiej z ekologicznym zielem je\u017c\u00f3wki purpurowej o w\u0142a\u015bciwo\u015bciach wspieraj\u0105cy odporno\u015b\u0107 organizmu. Herbat\u0119 cechuje delikatny smak prze\u0142amany zio\u0142ow\u0105 nut\u0105 Dodatkowe informacje Sk\u0142adniki:\u00a0herbata zielona cejlo\u0144ska*90%, je\u017c\u00f3wka ziele*10%. *produkt rolnictwa ekologicznego Spos\u00f3b u\u017cycia:\u00a0Jedn\u0105 saszetk\u0119 zala\u0107 szklank\u0105 wody o temperaturze \u2014 ok. 80 stopni (odczeka\u0107 3-5 min od momentu wrzenia) i [&hellip;]<\/p>","protected":false},"featured_media":303,"template":"","meta":{"site-sidebar-layout":"default","site-content-layout":"","ast-site-content-layout":"default","site-content-style":"default","site-sidebar-style":"default","ast-global-header-display":"","ast-banner-title-visibility":"","ast-main-header-display":"","ast-hfb-above-header-display":"","ast-hfb-below-header-display":"","ast-hfb-mobile-header-display":"","site-post-title":"","ast-breadcrumbs-content":"","ast-featured-img":"","footer-sml-layout":"","theme-transparent-header-meta":"default","adv-header-id-meta":"","stick-header-meta":"","header-above-stick-meta":"","header-main-stick-meta":"","header-below-stick-meta":"","astra-migrate-meta-layouts":"set","ast-page-background-enabled":"default","ast-page-background-meta":{"desktop":{"background-color":"var(--ast-global-color-4)","background-image":"","background-repeat":"repeat","background-position":"center center","background-size":"auto","background-attachment":"scroll","background-type":"","background-media":"","overlay-type":"","overlay-color":"","overlay-opacity":"","overlay-gradient":""},"tablet":{"background-color":"","background-image":"","background-repeat":"repeat","background-position":"center center","background-size":"auto","background-attachment":"scroll","background-type":"","background-media":"","overlay-type":"","overlay-color":"","overlay-opacity":"","overlay-gradient":""},"mobile":{"background-color":"","background-image":"","background-repeat":"repeat","background-position":"center center","background-size":"auto","background-attachment":"scroll","background-type":"","background-media":"","overlay-type":"","overlay-color":"","overlay-opacity":"","overlay-gradient":""}},"ast-content-background-meta":{"desktop":{"background-color":"var(--ast-global-color-5)","background-image":"","background-repeat":"repeat","background-position":"center center","background-size":"auto","background-attachment":"scroll","background-type":"","background-media":"","overlay-type":"","overlay-color":"","overlay-opacity":"","overlay-gradient":""},"tablet":{"background-color":"var(--ast-global-color-5)","background-image":"","background-repeat":"repeat","background-position":"center center","background-size":"auto","background-attachment":"scroll","background-type":"","background-media":"","overlay-type":"","overlay-color":"","overlay-opacity":"","overlay-gradient":""},"mobile":{"background-color":"var(--ast-global-color-5)","background-image":"","background-repeat":"repeat","background-position":"center center","background-size":"auto","background-attachment":"scroll","background-type":"","background-media":"","overlay-type":"","overlay-color":"","overlay-opacity":"","overlay-gradient":""}}},"product_cat":[45,44,55],"product_tag":[34],"class_list":{"0":"post-252","1":"product","2":"type-product","3":"status-publish","4":"has-post-thumbnail","6":"product_cat-ekspresowe","7":"product_cat-herbaty","8":"product_cat-zielone","9":"product_tag-etykieta-eko","10":"desktop-align-center","11":"tablet-align-left","12":"mobile-align-left","14":"first","15":"instock","16":"purchasable","17":"product-type-simple"},"_links":{"self":[{"href":"https:\/\/los-odpowiedzialni-spolecznie.pl\/en\/wp-json\/wp\/v2\/product\/252","targetHints":{"allow":["GET"]}}],"collection":[{"href":"https:\/\/los-odpowiedzialni-spolecznie.pl\/en\/wp-json\/wp\/v2\/product"}],"about":[{"href":"https:\/\/los-odpowiedzialni-spolecznie.pl\/en\/wp-json\/wp\/v2\/types\/product"}],"wp:featuredmedia":[{"embeddable":true,"href":"https:\/\/los-odpowiedzialni-spolecznie.pl\/en\/wp-json\/wp\/v2\/media\/303"}],"wp:attachment":[{"href":"https:\/\/los-odpowiedzialni-spolecznie.pl\/en\/wp-json\/wp\/v2\/media?parent=252"}],"wp:term":[{"taxonomy":"product_cat","embeddable":true,"href":"https:\/\/los-odpowiedzialni-spolecznie.pl\/en\/wp-json\/wp\/v2\/product_cat?post=252"},{"taxonomy":"product_tag","embeddable":true,"href":"https:\/\/los-odpowiedzialni-spolecznie.pl\/en\/wp-json\/wp\/v2\/product_tag?post=252"}],"curies":[{"name":"wp","href":"https:\/\/api.w.org\/{rel}","templated":true}]}}