{"id":247,"date":"2024-12-23T15:38:21","date_gmt":"2024-12-23T14:38:21","guid":{"rendered":"https:\/\/los-odpowiedzialni-spolecznie.pl\/?post_type=product&#038;p=247"},"modified":"2024-12-23T15:39:02","modified_gmt":"2024-12-23T14:39:02","slug":"herbata-zielona-z-zen-szeniem-eko-15x2g","status":"publish","type":"product","link":"https:\/\/los-odpowiedzialni-spolecznie.pl\/en\/sklep\/produkty-spozywcze\/herbaty\/ekspresowe\/herbata-zielona-z-zen-szeniem-eko-15x2g\/","title":{"rendered":"Herbata Zielona z \u017ce\u0144-szeniem EKO 15x2g"},"content":{"rendered":"<h3>Opis Produktu<\/h3>\n<div id=\"box_description\" class=\"tab-wrap\">\n<div class=\"resetcss\">\n<p>Po\u0142\u0105czenie najwy\u017cszej jako\u015bci zielonej herbaty cejlo\u0144skiej z ekologicznym korzeniem \u017ce\u0144-szenia syberyjskiego o w\u0142a\u015bciwo\u015bciach przyspieszaj\u0105cych fizyczn\u0105 i psychiczn\u0105 regeneracj\u0119 oraz wzmacniaj\u0105cych odporno\u015b\u0107. Herbat\u0119 cechuje intensywny, ciekawy aromat.<\/p>\n<p><strong>Sk\u0142adniki:<\/strong><\/p>\n<p>herbata zielona cejlo\u0144ska* 98%, \u017ce\u0144-sze\u0144 korze\u0144* 2%.<\/p>\n<p>*produkt rolnictwa ekologicznego<\/p>\n<p><strong>Spos\u00f3b u\u017cycia:<\/strong><\/p>\n<p>1 piramidk\u0119 herbatki zala\u0107 szklank\u0105 wody o temperaturze &#8211; ok. 80 stopni (odczeka\u0107 3-5 min od momentu wrzenia) i zaparza\u0107 do 10-15 minut.<\/p>\n<p><strong>Opakowanie:<\/strong><\/p>\n<p>15&#215;2\u00a0g<\/p>\n<\/div>\n<\/div>\n<div id=\"boxdetails\" class=\"tab-wrap\">\n<h3 class=\"tab-title\">Dodatkowe informacje<\/h3>\n<div class=\"resetcss\">\n<p>herbata w piramidkach<\/p>\n<\/div>\n<\/div>","protected":false},"excerpt":{"rendered":"<p>Opis Produktu Po\u0142\u0105czenie najwy\u017cszej jako\u015bci zielonej herbaty cejlo\u0144skiej z ekologicznym korzeniem \u017ce\u0144-szenia syberyjskiego o w\u0142a\u015bciwo\u015bciach przyspieszaj\u0105cych fizyczn\u0105 i psychiczn\u0105 regeneracj\u0119 oraz wzmacniaj\u0105cych odporno\u015b\u0107. Herbat\u0119 cechuje intensywny, ciekawy aromat. Sk\u0142adniki: herbata zielona cejlo\u0144ska* 98%, \u017ce\u0144-sze\u0144 korze\u0144* 2%. *produkt rolnictwa ekologicznego Spos\u00f3b u\u017cycia: 1 piramidk\u0119 herbatki zala\u0107 szklank\u0105 wody o temperaturze &#8211; ok. 80 stopni (odczeka\u0107 3-5 [&hellip;]<\/p>","protected":false},"featured_media":287,"template":"","meta":{"site-sidebar-layout":"default","site-content-layout":"","ast-site-content-layout":"default","site-content-style":"default","site-sidebar-style":"default","ast-global-header-display":"","ast-banner-title-visibility":"","ast-main-header-display":"","ast-hfb-above-header-display":"","ast-hfb-below-header-display":"","ast-hfb-mobile-header-display":"","site-post-title":"","ast-breadcrumbs-content":"","ast-featured-img":"","footer-sml-layout":"","theme-transparent-header-meta":"default","adv-header-id-meta":"","stick-header-meta":"","header-above-stick-meta":"","header-main-stick-meta":"","header-below-stick-meta":"","astra-migrate-meta-layouts":"set","ast-page-background-enabled":"default","ast-page-background-meta":{"desktop":{"background-color":"var(--ast-global-color-4)","background-image":"","background-repeat":"repeat","background-position":"center center","background-size":"auto","background-attachment":"scroll","background-type":"","background-media":"","overlay-type":"","overlay-color":"","overlay-opacity":"","overlay-gradient":""},"tablet":{"background-color":"","background-image":"","background-repeat":"repeat","background-position":"center center","background-size":"auto","background-attachment":"scroll","background-type":"","background-media":"","overlay-type":"","overlay-color":"","overlay-opacity":"","overlay-gradient":""},"mobile":{"background-color":"","background-image":"","background-repeat":"repeat","background-position":"center center","background-size":"auto","background-attachment":"scroll","background-type":"","background-media":"","overlay-type":"","overlay-color":"","overlay-opacity":"","overlay-gradient":""}},"ast-content-background-meta":{"desktop":{"background-color":"var(--ast-global-color-5)","background-image":"","background-repeat":"repeat","background-position":"center center","background-size":"auto","background-attachment":"scroll","background-type":"","background-media":"","overlay-type":"","overlay-color":"","overlay-opacity":"","overlay-gradient":""},"tablet":{"background-color":"var(--ast-global-color-5)","background-image":"","background-repeat":"repeat","background-position":"center center","background-size":"auto","background-attachment":"scroll","background-type":"","background-media":"","overlay-type":"","overlay-color":"","overlay-opacity":"","overlay-gradient":""},"mobile":{"background-color":"var(--ast-global-color-5)","background-image":"","background-repeat":"repeat","background-position":"center center","background-size":"auto","background-attachment":"scroll","background-type":"","background-media":"","overlay-type":"","overlay-color":"","overlay-opacity":"","overlay-gradient":""}}},"product_cat":[45,44,55],"product_tag":[34],"class_list":{"0":"post-247","1":"product","2":"type-product","3":"status-publish","4":"has-post-thumbnail","6":"product_cat-ekspresowe","7":"product_cat-herbaty","8":"product_cat-zielone","9":"product_tag-etykieta-eko","10":"desktop-align-center","11":"tablet-align-left","12":"mobile-align-left","14":"first","15":"instock","16":"purchasable","17":"product-type-simple"},"_links":{"self":[{"href":"https:\/\/los-odpowiedzialni-spolecznie.pl\/en\/wp-json\/wp\/v2\/product\/247","targetHints":{"allow":["GET"]}}],"collection":[{"href":"https:\/\/los-odpowiedzialni-spolecznie.pl\/en\/wp-json\/wp\/v2\/product"}],"about":[{"href":"https:\/\/los-odpowiedzialni-spolecznie.pl\/en\/wp-json\/wp\/v2\/types\/product"}],"wp:featuredmedia":[{"embeddable":true,"href":"https:\/\/los-odpowiedzialni-spolecznie.pl\/en\/wp-json\/wp\/v2\/media\/287"}],"wp:attachment":[{"href":"https:\/\/los-odpowiedzialni-spolecznie.pl\/en\/wp-json\/wp\/v2\/media?parent=247"}],"wp:term":[{"taxonomy":"product_cat","embeddable":true,"href":"https:\/\/los-odpowiedzialni-spolecznie.pl\/en\/wp-json\/wp\/v2\/product_cat?post=247"},{"taxonomy":"product_tag","embeddable":true,"href":"https:\/\/los-odpowiedzialni-spolecznie.pl\/en\/wp-json\/wp\/v2\/product_tag?post=247"}],"curies":[{"name":"wp","href":"https:\/\/api.w.org\/{rel}","templated":true}]}}