{"id":218,"date":"2024-12-23T15:37:35","date_gmt":"2024-12-23T14:37:35","guid":{"rendered":"https:\/\/los-odpowiedzialni-spolecznie.pl\/?post_type=product&#038;p=218"},"modified":"2024-12-23T15:38:39","modified_gmt":"2024-12-23T14:38:39","slug":"herbata-czarna-waniliowa-eko-25x2g","status":"publish","type":"product","link":"https:\/\/los-odpowiedzialni-spolecznie.pl\/en\/sklep\/produkty-spozywcze\/herbaty\/ekspresowe\/herbata-czarna-waniliowa-eko-25x2g\/","title":{"rendered":"Herbata Czarna Waniliowa EKO (25x2g)"},"content":{"rendered":"<h3>Opis Produktu<\/h3>\n<div id=\"box_description\" class=\"tab-wrap\">\n<div class=\"resetcss\">\n<div class=\"text\">\n<p>Najwy\u017cszej jako\u015bci, czarna herbata cejlo\u0144ska wzbogacona ekologiczn\u0105 lask\u0105 wanilii, o s\u0142odkim, upojnym zapachu, oraz odrobin\u0105 sk\u00f3rki pomara\u0144czy. Idealna na spotkanie towarzyskie, relaksuj\u0105c\u0105 przerw\u0119 od pracy lub jako wyborny nap\u00f3j do deser\u00f3w.<\/p>\n<\/div>\n<div class=\"item\">\n<div class=\"attr-name\">\n<div><strong>Sk\u0142adniki:<\/strong><\/div>\n<\/div>\n<div class=\"attr-value\">\n<p>herbata czarna cejlo\u0144ska* 92%, wanilia laska*, pomara\u0144cza sk\u00f3rka*.<\/p>\n<p>*produkt rolnictwa ekologicznego<\/p>\n<\/div>\n<\/div>\n<div class=\"item\">\n<div class=\"attr-name\">\n<div><strong>Spos\u00f3b u\u017cycia:<\/strong><\/div>\n<\/div>\n<div class=\"attr-value\">\n<p>1 saszetk\u0119 herbaty zala\u0107 szklank\u0105 wody o temperaturze &#8211; ok. 95 stopni (odczeka\u0107 1-3 min od momentu wrzenia) i zaparza\u0107 przez kilka minut pod przykryciem.<\/p>\n<\/div>\n<\/div>\n<div class=\"attr-name\">\n<div><strong>Opakowanie:<\/strong><\/div>\n<\/div>\n<p>25&#215;2\u00a0g<\/p>\n<\/div>\n<\/div>\n<div id=\"boxdetails\" class=\"tab-wrap\">\n<h3 class=\"tab-title\">Dodatkowe informacje<\/h3>\n<div class=\"resetcss\">\n<p>herbata ekspresowa<\/p>\n<\/div>\n<\/div>","protected":false},"excerpt":{"rendered":"<p>Opis Produktu Najwy\u017cszej jako\u015bci, czarna herbata cejlo\u0144ska wzbogacona ekologiczn\u0105 lask\u0105 wanilii, o s\u0142odkim, upojnym zapachu, oraz odrobin\u0105 sk\u00f3rki pomara\u0144czy. Idealna na spotkanie towarzyskie, relaksuj\u0105c\u0105 przerw\u0119 od pracy lub jako wyborny nap\u00f3j do deser\u00f3w. Sk\u0142adniki: herbata czarna cejlo\u0144ska* 92%, wanilia laska*, pomara\u0144cza sk\u00f3rka*. *produkt rolnictwa ekologicznego Spos\u00f3b u\u017cycia: 1 saszetk\u0119 herbaty zala\u0107 szklank\u0105 wody o temperaturze [&hellip;]<\/p>","protected":false},"featured_media":264,"template":"","meta":{"site-sidebar-layout":"default","site-content-layout":"","ast-site-content-layout":"default","site-content-style":"default","site-sidebar-style":"default","ast-global-header-display":"","ast-banner-title-visibility":"","ast-main-header-display":"","ast-hfb-above-header-display":"","ast-hfb-below-header-display":"","ast-hfb-mobile-header-display":"","site-post-title":"","ast-breadcrumbs-content":"","ast-featured-img":"","footer-sml-layout":"","theme-transparent-header-meta":"default","adv-header-id-meta":"","stick-header-meta":"","header-above-stick-meta":"","header-main-stick-meta":"","header-below-stick-meta":"","astra-migrate-meta-layouts":"set","ast-page-background-enabled":"default","ast-page-background-meta":{"desktop":{"background-color":"var(--ast-global-color-4)","background-image":"","background-repeat":"repeat","background-position":"center center","background-size":"auto","background-attachment":"scroll","background-type":"","background-media":"","overlay-type":"","overlay-color":"","overlay-opacity":"","overlay-gradient":""},"tablet":{"background-color":"","background-image":"","background-repeat":"repeat","background-position":"center center","background-size":"auto","background-attachment":"scroll","background-type":"","background-media":"","overlay-type":"","overlay-color":"","overlay-opacity":"","overlay-gradient":""},"mobile":{"background-color":"","background-image":"","background-repeat":"repeat","background-position":"center center","background-size":"auto","background-attachment":"scroll","background-type":"","background-media":"","overlay-type":"","overlay-color":"","overlay-opacity":"","overlay-gradient":""}},"ast-content-background-meta":{"desktop":{"background-color":"var(--ast-global-color-5)","background-image":"","background-repeat":"repeat","background-position":"center center","background-size":"auto","background-attachment":"scroll","background-type":"","background-media":"","overlay-type":"","overlay-color":"","overlay-opacity":"","overlay-gradient":""},"tablet":{"background-color":"var(--ast-global-color-5)","background-image":"","background-repeat":"repeat","background-position":"center center","background-size":"auto","background-attachment":"scroll","background-type":"","background-media":"","overlay-type":"","overlay-color":"","overlay-opacity":"","overlay-gradient":""},"mobile":{"background-color":"var(--ast-global-color-5)","background-image":"","background-repeat":"repeat","background-position":"center center","background-size":"auto","background-attachment":"scroll","background-type":"","background-media":"","overlay-type":"","overlay-color":"","overlay-opacity":"","overlay-gradient":""}}},"product_cat":[45,44,54],"product_tag":[34],"class_list":{"0":"post-218","1":"product","2":"type-product","3":"status-publish","4":"has-post-thumbnail","6":"product_cat-ekspresowe","7":"product_cat-herbaty","8":"product_cat-czarne","9":"product_tag-etykieta-eko","10":"desktop-align-center","11":"tablet-align-left","12":"mobile-align-left","14":"first","15":"instock","16":"purchasable","17":"product-type-simple"},"_links":{"self":[{"href":"https:\/\/los-odpowiedzialni-spolecznie.pl\/en\/wp-json\/wp\/v2\/product\/218","targetHints":{"allow":["GET"]}}],"collection":[{"href":"https:\/\/los-odpowiedzialni-spolecznie.pl\/en\/wp-json\/wp\/v2\/product"}],"about":[{"href":"https:\/\/los-odpowiedzialni-spolecznie.pl\/en\/wp-json\/wp\/v2\/types\/product"}],"wp:featuredmedia":[{"embeddable":true,"href":"https:\/\/los-odpowiedzialni-spolecznie.pl\/en\/wp-json\/wp\/v2\/media\/264"}],"wp:attachment":[{"href":"https:\/\/los-odpowiedzialni-spolecznie.pl\/en\/wp-json\/wp\/v2\/media?parent=218"}],"wp:term":[{"taxonomy":"product_cat","embeddable":true,"href":"https:\/\/los-odpowiedzialni-spolecznie.pl\/en\/wp-json\/wp\/v2\/product_cat?post=218"},{"taxonomy":"product_tag","embeddable":true,"href":"https:\/\/los-odpowiedzialni-spolecznie.pl\/en\/wp-json\/wp\/v2\/product_tag?post=218"}],"curies":[{"name":"wp","href":"https:\/\/api.w.org\/{rel}","templated":true}]}}