{"id":214,"date":"2024-12-23T15:37:35","date_gmt":"2024-12-23T14:37:35","guid":{"rendered":"https:\/\/los-odpowiedzialni-spolecznie.pl\/?post_type=product&#038;p=214"},"modified":"2024-12-23T15:38:32","modified_gmt":"2024-12-23T14:38:32","slug":"herbatka-badz-optymista-eko-25x2-g-suplement-diety","status":"publish","type":"product","link":"https:\/\/los-odpowiedzialni-spolecznie.pl\/en\/sklep\/produkty-spozywcze\/herbaty\/ekspresowe\/herbatka-badz-optymista-eko-25x2-g-suplement-diety\/","title":{"rendered":"Herbatka B\u0105d\u017a optymist\u0105 EKO 25&#215;2 g &#8211; Suplement Diety"},"content":{"rendered":"<h3>Opis Produktu<\/h3>\n<div id=\"box_description\" class=\"tab-wrap\">\n<div class=\"resetcss\">\n<p><strong>Herbatka B\u0105d\u017a optymist\u0105 EKO 25&#215;2 g &#8211; Suplement Diety<\/strong><\/p>\n<p>Melisa i ziele owsa pomagaj\u0105 si\u0119 zrelaksowa\u0107 i u\u0142atwiaj\u0105 zasypianie. Korze\u0144 koz\u0142ka wspomaga funkcje poznawcze, zdrowie psychiczne i uk\u0142ad kr\u0105\u017cenia. Ziele dziurawca wspiera r\u00f3wnowag\u0119 psychiczn\u0105 oraz \u0142agodzi zaburzenia snu. Szyszki chmielu wykazuj\u0105 dzia\u0142anie uspokajaj\u0105ce, delikatnie nasenne, a tak\u017ce niweluj\u0105 dyskomfort zwi\u0105zany z menopauz\u0105. Suplement diety nie mo\u017ce by\u0107 stosowany jako substytut (zamiennik) zr\u00f3\u017cnicowanej diety. Nie nale\u017cy przekracza\u0107 porcji zalecanej do spo\u017cycia w ci\u0105gu dnia. Prowadzenie zdrowego trybu \u017cycia i stosowanie zr\u00f3\u017cnicowanej diety s\u0105 niezb\u0119dne dla zachowania dobrego stanu zdrowia. Nie stosowa\u0107 u dzieci poni\u017cej 12 roku \u017cycia, w ci\u0105\u017cy i podczas karmienia piersi\u0105. W przypadku r\u00f3wnoczesnego stosowania lek\u00f3w, nale\u017cy skonsultowa\u0107 si\u0119 z lekarzem lub farmaceut\u0105.<\/p>\n<\/div>\n<\/div>\n<div id=\"boxdetails\" class=\"tab-wrap\">\n<h3 class=\"tab-title\">Dodatkowe informacje<\/h3>\n<div class=\"resetcss\">\n<p><strong>Sk\u0142adniki:\u00a0<\/strong>ziele melisy*, ziele przytulii*, ziele gojnika*, ziele ostro\u017cenia*, ziele owsa*, korze\u0144 koz\u0142ka*, ziele bukwicy*, ziele dziurawca*, szyszki chmielu*, ziele przetacznika* w r\u00f3\u017cnych proporcjach. *produkt rolnictwa ekologicznego<\/p>\n<p><strong>Spos\u00f3b u\u017cycia:\u00a0<\/strong>1 saszetk\u0119 herbatki zala\u0107 szklank\u0105 wrz\u0105tku i pozostawi\u0107 pod przykryciem do zaparzenia na oko\u0142o 10- 15 minut. Pi\u0107 2 razy dziennie. Herbatka dla doros\u0142ych, nie stosowa\u0107 w ci\u0105\u017cy i podczas karmienia.<\/p>\n<p><strong>Masa netto:\u00a0<\/strong>25&#215;2 g<\/p>\n<p><strong>Warunki przechowywania:\u00a0<\/strong>przechowywa\u0107 w suchym miejscu.<\/p>\n<p><strong>Kod EAN:\u00a0<\/strong>5902581618283<\/p>\n<\/div>\n<\/div>","protected":false},"excerpt":{"rendered":"<p>Opis Produktu Herbatka B\u0105d\u017a optymist\u0105 EKO 25&#215;2 g &#8211; Suplement Diety Melisa i ziele owsa pomagaj\u0105 si\u0119 zrelaksowa\u0107 i u\u0142atwiaj\u0105 zasypianie. Korze\u0144 koz\u0142ka wspomaga funkcje poznawcze, zdrowie psychiczne i uk\u0142ad kr\u0105\u017cenia. Ziele dziurawca wspiera r\u00f3wnowag\u0119 psychiczn\u0105 oraz \u0142agodzi zaburzenia snu. Szyszki chmielu wykazuj\u0105 dzia\u0142anie uspokajaj\u0105ce, delikatnie nasenne, a tak\u017ce niweluj\u0105 dyskomfort zwi\u0105zany z menopauz\u0105. Suplement [&hellip;]<\/p>","protected":false},"featured_media":260,"template":"","meta":{"site-sidebar-layout":"default","site-content-layout":"","ast-site-content-layout":"default","site-content-style":"default","site-sidebar-style":"default","ast-global-header-display":"","ast-banner-title-visibility":"","ast-main-header-display":"","ast-hfb-above-header-display":"","ast-hfb-below-header-display":"","ast-hfb-mobile-header-display":"","site-post-title":"","ast-breadcrumbs-content":"","ast-featured-img":"","footer-sml-layout":"","theme-transparent-header-meta":"default","adv-header-id-meta":"","stick-header-meta":"","header-above-stick-meta":"","header-main-stick-meta":"","header-below-stick-meta":"","astra-migrate-meta-layouts":"set","ast-page-background-enabled":"default","ast-page-background-meta":{"desktop":{"background-color":"var(--ast-global-color-4)","background-image":"","background-repeat":"repeat","background-position":"center center","background-size":"auto","background-attachment":"scroll","background-type":"","background-media":"","overlay-type":"","overlay-color":"","overlay-opacity":"","overlay-gradient":""},"tablet":{"background-color":"","background-image":"","background-repeat":"repeat","background-position":"center center","background-size":"auto","background-attachment":"scroll","background-type":"","background-media":"","overlay-type":"","overlay-color":"","overlay-opacity":"","overlay-gradient":""},"mobile":{"background-color":"","background-image":"","background-repeat":"repeat","background-position":"center center","background-size":"auto","background-attachment":"scroll","background-type":"","background-media":"","overlay-type":"","overlay-color":"","overlay-opacity":"","overlay-gradient":""}},"ast-content-background-meta":{"desktop":{"background-color":"var(--ast-global-color-5)","background-image":"","background-repeat":"repeat","background-position":"center center","background-size":"auto","background-attachment":"scroll","background-type":"","background-media":"","overlay-type":"","overlay-color":"","overlay-opacity":"","overlay-gradient":""},"tablet":{"background-color":"var(--ast-global-color-5)","background-image":"","background-repeat":"repeat","background-position":"center center","background-size":"auto","background-attachment":"scroll","background-type":"","background-media":"","overlay-type":"","overlay-color":"","overlay-opacity":"","overlay-gradient":""},"mobile":{"background-color":"var(--ast-global-color-5)","background-image":"","background-repeat":"repeat","background-position":"center center","background-size":"auto","background-attachment":"scroll","background-type":"","background-media":"","overlay-type":"","overlay-color":"","overlay-opacity":"","overlay-gradient":""}}},"product_cat":[45,44,46],"product_tag":[34],"class_list":{"0":"post-214","1":"product","2":"type-product","3":"status-publish","4":"has-post-thumbnail","6":"product_cat-ekspresowe","7":"product_cat-herbaty","8":"product_cat-ziolowe","9":"product_tag-etykieta-eko","10":"desktop-align-center","11":"tablet-align-left","12":"mobile-align-left","14":"first","15":"instock","16":"purchasable","17":"product-type-simple"},"_links":{"self":[{"href":"https:\/\/los-odpowiedzialni-spolecznie.pl\/en\/wp-json\/wp\/v2\/product\/214","targetHints":{"allow":["GET"]}}],"collection":[{"href":"https:\/\/los-odpowiedzialni-spolecznie.pl\/en\/wp-json\/wp\/v2\/product"}],"about":[{"href":"https:\/\/los-odpowiedzialni-spolecznie.pl\/en\/wp-json\/wp\/v2\/types\/product"}],"wp:featuredmedia":[{"embeddable":true,"href":"https:\/\/los-odpowiedzialni-spolecznie.pl\/en\/wp-json\/wp\/v2\/media\/260"}],"wp:attachment":[{"href":"https:\/\/los-odpowiedzialni-spolecznie.pl\/en\/wp-json\/wp\/v2\/media?parent=214"}],"wp:term":[{"taxonomy":"product_cat","embeddable":true,"href":"https:\/\/los-odpowiedzialni-spolecznie.pl\/en\/wp-json\/wp\/v2\/product_cat?post=214"},{"taxonomy":"product_tag","embeddable":true,"href":"https:\/\/los-odpowiedzialni-spolecznie.pl\/en\/wp-json\/wp\/v2\/product_tag?post=214"}],"curies":[{"name":"wp","href":"https:\/\/api.w.org\/{rel}","templated":true}]}}