{"id":201,"date":"2024-12-23T15:37:14","date_gmt":"2024-12-23T14:37:14","guid":{"rendered":"https:\/\/los-odpowiedzialni-spolecznie.pl\/?post_type=product&#038;p=201"},"modified":"2024-12-23T15:38:23","modified_gmt":"2024-12-23T14:38:23","slug":"herbatka-dla-dzieci-i-niemowlat-eko-25x2g","status":"publish","type":"product","link":"https:\/\/los-odpowiedzialni-spolecznie.pl\/en\/sklep\/produkty-spozywcze\/herbaty\/ekspresowe\/herbatka-dla-dzieci-i-niemowlat-eko-25x2g\/","title":{"rendered":"Herbatka Dla dzieci i niemowl\u0105t EKO 25x2g"},"content":{"rendered":"<h3>Opis Produktu<\/h3>\n<div id=\"box_description\" class=\"tab-wrap\">\n<div class=\"resetcss\">\n<p><strong>Herbatka Dla dzieci i niemowl\u0105t EKO<\/strong><\/p>\n<p>Mieszanka ekologicznych, najwy\u017cszej jako\u015bci zi\u00f3\u0142, skomponowana na podstawie tradycyjnych receptur zielarskich. Delikatna w smaku i dzia\u0142aniu, stanowi odpowiedni nap\u00f3j dla dzieci powy\u017cej 6 miesi\u0105ca \u017cycia. Polecana r\u00f3wnie\u017c doros\u0142ym, ceni\u0105cym \u0142agodne, zio\u0142owe smaki.<\/p>\n<\/div>\n<\/div>\n<div id=\"boxdetails\" class=\"tab-wrap\">\n<h3 class=\"tab-title\">Dodatkowe informacje<\/h3>\n<div class=\"resetcss\">\n<p><strong>Sk\u0142adniki:\u00a0<\/strong>kwiat rumianku*, nasiona kopru w\u0142oskiego*, any\u017cu*, kminku*, ziele macierzanki*. *produkt rolnictwa ekologicznego<\/p>\n<p><strong>Spos\u00f3b u\u017cycia:\u00a0<\/strong>jedn\u0105 saszetk\u0119 zala\u0107 szklank\u0105 wrz\u0105tku i pozostawi\u0107 pod przykryciem do zaparzenia na oko\u0142o 10-15 minut. Pi\u0107 1-2 razy dziennie.<\/p>\n<p><strong>Masa netto:\u00a0<\/strong>25&#215;2 g<\/p>\n<p><strong>Warunki przechowywania:\u00a0<\/strong>przechowywa\u0107 w suchym miejscu.<\/p>\n<p><strong>Kod EAN:\u00a0<\/strong>5902581617859<\/p>\n<\/div>\n<\/div>","protected":false},"excerpt":{"rendered":"<p>Opis Produktu Herbatka Dla dzieci i niemowl\u0105t EKO Mieszanka ekologicznych, najwy\u017cszej jako\u015bci zi\u00f3\u0142, skomponowana na podstawie tradycyjnych receptur zielarskich. Delikatna w smaku i dzia\u0142aniu, stanowi odpowiedni nap\u00f3j dla dzieci powy\u017cej 6 miesi\u0105ca \u017cycia. Polecana r\u00f3wnie\u017c doros\u0142ym, ceni\u0105cym \u0142agodne, zio\u0142owe smaki. Dodatkowe informacje Sk\u0142adniki:\u00a0kwiat rumianku*, nasiona kopru w\u0142oskiego*, any\u017cu*, kminku*, ziele macierzanki*. *produkt rolnictwa ekologicznego Spos\u00f3b [&hellip;]<\/p>","protected":false},"featured_media":256,"template":"","meta":{"site-sidebar-layout":"default","site-content-layout":"","ast-site-content-layout":"default","site-content-style":"default","site-sidebar-style":"default","ast-global-header-display":"","ast-banner-title-visibility":"","ast-main-header-display":"","ast-hfb-above-header-display":"","ast-hfb-below-header-display":"","ast-hfb-mobile-header-display":"","site-post-title":"","ast-breadcrumbs-content":"","ast-featured-img":"","footer-sml-layout":"","theme-transparent-header-meta":"default","adv-header-id-meta":"","stick-header-meta":"","header-above-stick-meta":"","header-main-stick-meta":"","header-below-stick-meta":"","astra-migrate-meta-layouts":"set","ast-page-background-enabled":"default","ast-page-background-meta":{"desktop":{"background-color":"var(--ast-global-color-4)","background-image":"","background-repeat":"repeat","background-position":"center center","background-size":"auto","background-attachment":"scroll","background-type":"","background-media":"","overlay-type":"","overlay-color":"","overlay-opacity":"","overlay-gradient":""},"tablet":{"background-color":"","background-image":"","background-repeat":"repeat","background-position":"center center","background-size":"auto","background-attachment":"scroll","background-type":"","background-media":"","overlay-type":"","overlay-color":"","overlay-opacity":"","overlay-gradient":""},"mobile":{"background-color":"","background-image":"","background-repeat":"repeat","background-position":"center center","background-size":"auto","background-attachment":"scroll","background-type":"","background-media":"","overlay-type":"","overlay-color":"","overlay-opacity":"","overlay-gradient":""}},"ast-content-background-meta":{"desktop":{"background-color":"var(--ast-global-color-5)","background-image":"","background-repeat":"repeat","background-position":"center center","background-size":"auto","background-attachment":"scroll","background-type":"","background-media":"","overlay-type":"","overlay-color":"","overlay-opacity":"","overlay-gradient":""},"tablet":{"background-color":"var(--ast-global-color-5)","background-image":"","background-repeat":"repeat","background-position":"center center","background-size":"auto","background-attachment":"scroll","background-type":"","background-media":"","overlay-type":"","overlay-color":"","overlay-opacity":"","overlay-gradient":""},"mobile":{"background-color":"var(--ast-global-color-5)","background-image":"","background-repeat":"repeat","background-position":"center center","background-size":"auto","background-attachment":"scroll","background-type":"","background-media":"","overlay-type":"","overlay-color":"","overlay-opacity":"","overlay-gradient":""}}},"product_cat":[45,44,46],"product_tag":[34],"class_list":{"0":"post-201","1":"product","2":"type-product","3":"status-publish","4":"has-post-thumbnail","6":"product_cat-ekspresowe","7":"product_cat-herbaty","8":"product_cat-ziolowe","9":"product_tag-etykieta-eko","10":"desktop-align-center","11":"tablet-align-left","12":"mobile-align-left","14":"first","15":"instock","16":"purchasable","17":"product-type-simple"},"_links":{"self":[{"href":"https:\/\/los-odpowiedzialni-spolecznie.pl\/en\/wp-json\/wp\/v2\/product\/201","targetHints":{"allow":["GET"]}}],"collection":[{"href":"https:\/\/los-odpowiedzialni-spolecznie.pl\/en\/wp-json\/wp\/v2\/product"}],"about":[{"href":"https:\/\/los-odpowiedzialni-spolecznie.pl\/en\/wp-json\/wp\/v2\/types\/product"}],"wp:featuredmedia":[{"embeddable":true,"href":"https:\/\/los-odpowiedzialni-spolecznie.pl\/en\/wp-json\/wp\/v2\/media\/256"}],"wp:attachment":[{"href":"https:\/\/los-odpowiedzialni-spolecznie.pl\/en\/wp-json\/wp\/v2\/media?parent=201"}],"wp:term":[{"taxonomy":"product_cat","embeddable":true,"href":"https:\/\/los-odpowiedzialni-spolecznie.pl\/en\/wp-json\/wp\/v2\/product_cat?post=201"},{"taxonomy":"product_tag","embeddable":true,"href":"https:\/\/los-odpowiedzialni-spolecznie.pl\/en\/wp-json\/wp\/v2\/product_tag?post=201"}],"curies":[{"name":"wp","href":"https:\/\/api.w.org\/{rel}","templated":true}]}}