{"id":198,"date":"2024-12-23T15:37:14","date_gmt":"2024-12-23T14:37:14","guid":{"rendered":"https:\/\/los-odpowiedzialni-spolecznie.pl\/?post_type=product&#038;p=198"},"modified":"2024-12-23T15:38:17","modified_gmt":"2024-12-23T14:38:17","slug":"herbatka-gripoherbs-eko-suplement-diety-25x2-g","status":"publish","type":"product","link":"https:\/\/los-odpowiedzialni-spolecznie.pl\/en\/sklep\/produkty-spozywcze\/herbaty\/ekspresowe\/herbatka-gripoherbs-eko-suplement-diety-25x2-g\/","title":{"rendered":"HERBATKA GRIPOHERBS EKO \u2013 SUPLEMENT DIETY (25\u00d72 G)"},"content":{"rendered":"<h3>Opis Produktu<\/h3>\n<div id=\"box_description\" class=\"tab-wrap\">\n<div class=\"resetcss\">\n<p><strong>Herbatka Gripoherbs EKO<\/strong><\/p>\n<p>Wy\u015bmienita, intensywnie kwiatowo-owocowa herbatka, polecana szczeg\u00f3lnie w sezonie jesienno-zimowym. Lipa i krwawnik wspieraj\u0105 uk\u0142ad oddechowy, owoc bzu wp\u0142ywa pozytywnie na odporno\u015b\u0107 organizmu, li\u015b\u0107 babki \u0142agodzi kaszel, a \u015blaz niweluje b\u00f3l gard\u0142a i chrypk\u0119. Polecana szczeg\u00f3lnie z dodatkiem syrop\u00f3w z malin, kwiatu bzu lub p\u0105czk\u00f3w sosny Dary Natury. *Suplement diety nie mo\u017ce by\u0107 stosowany, jako substytut zr\u00f3\u017cnicowanej diety. Nie nale\u017cy przekracza\u0107 porcji zalecanej do spo\u017cycia w ci\u0105gu dnia. Prowadzenie zdrowego trybu \u017cycia i stosowanie zr\u00f3\u017cnicowanej diety s\u0105 niezb\u0119dne dla zachowania dobrego stanu zdrowia. Nie stosowa\u0107 u dzieci poni\u017cej 12 roku \u017cycia, w ci\u0105\u017cy i podczas karmienia piersi\u0105. W przypadku r\u00f3wnoczesnego stosowania lek\u00f3w, nale\u017cy skonsultowa\u0107 si\u0119 z lekarzem lub farmaceut\u0105.<\/p>\n<\/div>\n<\/div>\n<div id=\"boxdetails\" class=\"tab-wrap\">\n<h3 class=\"tab-title\">Dodatkowe informacje<\/h3>\n<div class=\"resetcss\">\n<p><strong>Sk\u0142adniki:\u00a0<\/strong>malina owoc (Rubus idaeus)*, lipa kwiat (Tilia cordata)*, krwawnik ziele (Achillea millefolium)*, bez czarny owoc (Sambucus nigra)*, bez czarny kwiat (Sambucus nigra)*, podbia\u0142 li\u015b\u0107 (Tusillago farfara)*, babka li\u015b\u0107 (Plantago major)*, kwiat s\u0142onecznika (Helianthus annuus)*, kwiat \u015blazu (Malva silvestris)* (w r\u00f3\u017cnych proporcjach). *produkt rolnictwa ekologicznego Przejd\u017a do sklepu<\/p>\n<p><strong>Spos\u00f3b u\u017cycia:\u00a0<\/strong>1 saszetk\u0119 herbatki zala\u0107 szklank\u0105 wrz\u0105tku i pozostawi\u0107 pod przykryciem do zaparzenia na oko\u0142o 10- 15 minut. Pi\u0107 2 razy dziennie. Herbatka dla doros\u0142ych, nie stosowa\u0107 w ci\u0105\u017cy i podczas karmienia.<\/p>\n<p><strong>Masa netto:\u00a0<\/strong>25&#215;2 g<\/p>\n<p><strong>Warunki przechowywania:\u00a0<\/strong>przechowywa\u0107 w suchym miejscu.<\/p>\n<p><strong>Kod EAN:\u00a0<\/strong>5902581618061<\/p>\n<\/div>\n<\/div>","protected":false},"excerpt":{"rendered":"<p>Opis Produktu Herbatka Gripoherbs EKO Wy\u015bmienita, intensywnie kwiatowo-owocowa herbatka, polecana szczeg\u00f3lnie w sezonie jesienno-zimowym. Lipa i krwawnik wspieraj\u0105 uk\u0142ad oddechowy, owoc bzu wp\u0142ywa pozytywnie na odporno\u015b\u0107 organizmu, li\u015b\u0107 babki \u0142agodzi kaszel, a \u015blaz niweluje b\u00f3l gard\u0142a i chrypk\u0119. Polecana szczeg\u00f3lnie z dodatkiem syrop\u00f3w z malin, kwiatu bzu lub p\u0105czk\u00f3w sosny Dary Natury. *Suplement diety nie [&hellip;]<\/p>","protected":false},"featured_media":244,"template":"","meta":{"site-sidebar-layout":"default","site-content-layout":"","ast-site-content-layout":"default","site-content-style":"default","site-sidebar-style":"default","ast-global-header-display":"","ast-banner-title-visibility":"","ast-main-header-display":"","ast-hfb-above-header-display":"","ast-hfb-below-header-display":"","ast-hfb-mobile-header-display":"","site-post-title":"","ast-breadcrumbs-content":"","ast-featured-img":"","footer-sml-layout":"","theme-transparent-header-meta":"default","adv-header-id-meta":"","stick-header-meta":"","header-above-stick-meta":"","header-main-stick-meta":"","header-below-stick-meta":"","astra-migrate-meta-layouts":"set","ast-page-background-enabled":"default","ast-page-background-meta":{"desktop":{"background-color":"var(--ast-global-color-4)","background-image":"","background-repeat":"repeat","background-position":"center center","background-size":"auto","background-attachment":"scroll","background-type":"","background-media":"","overlay-type":"","overlay-color":"","overlay-opacity":"","overlay-gradient":""},"tablet":{"background-color":"","background-image":"","background-repeat":"repeat","background-position":"center center","background-size":"auto","background-attachment":"scroll","background-type":"","background-media":"","overlay-type":"","overlay-color":"","overlay-opacity":"","overlay-gradient":""},"mobile":{"background-color":"","background-image":"","background-repeat":"repeat","background-position":"center center","background-size":"auto","background-attachment":"scroll","background-type":"","background-media":"","overlay-type":"","overlay-color":"","overlay-opacity":"","overlay-gradient":""}},"ast-content-background-meta":{"desktop":{"background-color":"var(--ast-global-color-5)","background-image":"","background-repeat":"repeat","background-position":"center center","background-size":"auto","background-attachment":"scroll","background-type":"","background-media":"","overlay-type":"","overlay-color":"","overlay-opacity":"","overlay-gradient":""},"tablet":{"background-color":"var(--ast-global-color-5)","background-image":"","background-repeat":"repeat","background-position":"center center","background-size":"auto","background-attachment":"scroll","background-type":"","background-media":"","overlay-type":"","overlay-color":"","overlay-opacity":"","overlay-gradient":""},"mobile":{"background-color":"var(--ast-global-color-5)","background-image":"","background-repeat":"repeat","background-position":"center center","background-size":"auto","background-attachment":"scroll","background-type":"","background-media":"","overlay-type":"","overlay-color":"","overlay-opacity":"","overlay-gradient":""}}},"product_cat":[45,44,46],"product_tag":[34],"class_list":{"0":"post-198","1":"product","2":"type-product","3":"status-publish","4":"has-post-thumbnail","6":"product_cat-ekspresowe","7":"product_cat-herbaty","8":"product_cat-ziolowe","9":"product_tag-etykieta-eko","10":"desktop-align-center","11":"tablet-align-left","12":"mobile-align-left","14":"first","15":"instock","16":"purchasable","17":"product-type-simple"},"_links":{"self":[{"href":"https:\/\/los-odpowiedzialni-spolecznie.pl\/en\/wp-json\/wp\/v2\/product\/198","targetHints":{"allow":["GET"]}}],"collection":[{"href":"https:\/\/los-odpowiedzialni-spolecznie.pl\/en\/wp-json\/wp\/v2\/product"}],"about":[{"href":"https:\/\/los-odpowiedzialni-spolecznie.pl\/en\/wp-json\/wp\/v2\/types\/product"}],"wp:featuredmedia":[{"embeddable":true,"href":"https:\/\/los-odpowiedzialni-spolecznie.pl\/en\/wp-json\/wp\/v2\/media\/244"}],"wp:attachment":[{"href":"https:\/\/los-odpowiedzialni-spolecznie.pl\/en\/wp-json\/wp\/v2\/media?parent=198"}],"wp:term":[{"taxonomy":"product_cat","embeddable":true,"href":"https:\/\/los-odpowiedzialni-spolecznie.pl\/en\/wp-json\/wp\/v2\/product_cat?post=198"},{"taxonomy":"product_tag","embeddable":true,"href":"https:\/\/los-odpowiedzialni-spolecznie.pl\/en\/wp-json\/wp\/v2\/product_tag?post=198"}],"curies":[{"name":"wp","href":"https:\/\/api.w.org\/{rel}","templated":true}]}}