{"id":187,"date":"2024-12-23T15:36:53","date_gmt":"2024-12-23T14:36:53","guid":{"rendered":"https:\/\/los-odpowiedzialni-spolecznie.pl\/?post_type=product&#038;p=187"},"modified":"2024-12-23T15:38:11","modified_gmt":"2024-12-23T14:38:11","slug":"herbatka-bomba-witaminowa-eko-25x3-g","status":"publish","type":"product","link":"https:\/\/los-odpowiedzialni-spolecznie.pl\/en\/sklep\/produkty-spozywcze\/herbaty\/ekspresowe\/herbatka-bomba-witaminowa-eko-25x3-g\/","title":{"rendered":"HERBATKA BOMBA WITAMINOWA EKO (25\u00d73 G)"},"content":{"rendered":"<h3>Opis Produktu<\/h3>\n<p><strong>Herbatka Bomba witaminowa EKO<\/strong><\/p>\n<div id=\"box_description\" class=\"tab-wrap\">\n<div class=\"resetcss\">\n<p>Przepyszna, aromatyczna mieszanka o g\u0142\u0119bokim, \u015bwie\u017cym smaku owoc\u00f3w, z delikatn\u0105, kwiatow\u0105 nut\u0105. Polecana jako codzienny nap\u00f3j dla doros\u0142ych i dzieci, szczeg\u00f3lnie z dodatkiem plastra cytryny oraz odrobiny miodu wielokwiatowego Dary Natury.<\/p>\n<\/div>\n<\/div>\n<div id=\"boxdetails\" class=\"tab-wrap\">\n<h3 class=\"tab-title\">Dodatkowe informacje<\/h3>\n<div class=\"resetcss\">\n<p><strong>Sk\u0142adniki:\u00a0<\/strong>r\u00f3\u017ca owoc* 22%, jab\u0142ko owoc* 10%, tarnina owoc*, berberys owoc*, bez czarny owoc*, jarz\u0119bina owoc*, porzeczka czarna owoc*, g\u0142\u00f3g owoc*, hibiskus kwiat*, malina owoc*, bor\u00f3wka wysoka owoc*, r\u00f3\u017ca p\u0142atki*. *produkt rolnictwa ekologicznego<\/p>\n<p><strong>Spos\u00f3b u\u017cycia:\u00a0<\/strong>jedn\u0105 saszetk\u0119 zala\u0107 szklank\u0105 wrz\u0105tku i pozostawi\u0107 pod przykryciem do zaparzenia na oko\u0142o 10-15 minut. Pi\u0107 1-2 razy dziennie.<\/p>\n<p><strong>Masa netto:\u00a0 <\/strong>25&#215;3 g<\/p>\n<p><strong>Warunki przechowywania:\u00a0<\/strong>przechowywa\u0107 w suchym miejscu.<\/p>\n<p><strong>Kod EAN:\u00a0<\/strong>5903246869750<\/p>\n<p><strong>Warto\u015bci od\u017cywcze w 100g produktu:\u00a0<\/strong>Warto\u015b\u0107 energetyczna 7 kJ\/ 2 kcal; T\u0142uszcz 0 g; w tym kwasy t\u0142uszczowe nasycone 0 g; W\u0119glowodany 0,4 g; w tym cukry 0,2 g; Bia\u0142ko 0 g; S\u00f3l 0 g<\/p>\n<\/div>\n<\/div>","protected":false},"excerpt":{"rendered":"<p>Opis Produktu Herbatka Bomba witaminowa EKO Przepyszna, aromatyczna mieszanka o g\u0142\u0119bokim, \u015bwie\u017cym smaku owoc\u00f3w, z delikatn\u0105, kwiatow\u0105 nut\u0105. Polecana jako codzienny nap\u00f3j dla doros\u0142ych i dzieci, szczeg\u00f3lnie z dodatkiem plastra cytryny oraz odrobiny miodu wielokwiatowego Dary Natury. Dodatkowe informacje Sk\u0142adniki:\u00a0r\u00f3\u017ca owoc* 22%, jab\u0142ko owoc* 10%, tarnina owoc*, berberys owoc*, bez czarny owoc*, jarz\u0119bina owoc*, porzeczka [&hellip;]<\/p>","protected":false},"featured_media":241,"template":"","meta":{"site-sidebar-layout":"default","site-content-layout":"","ast-site-content-layout":"default","site-content-style":"default","site-sidebar-style":"default","ast-global-header-display":"","ast-banner-title-visibility":"","ast-main-header-display":"","ast-hfb-above-header-display":"","ast-hfb-below-header-display":"","ast-hfb-mobile-header-display":"","site-post-title":"","ast-breadcrumbs-content":"","ast-featured-img":"","footer-sml-layout":"","theme-transparent-header-meta":"default","adv-header-id-meta":"","stick-header-meta":"","header-above-stick-meta":"","header-main-stick-meta":"","header-below-stick-meta":"","astra-migrate-meta-layouts":"set","ast-page-background-enabled":"default","ast-page-background-meta":{"desktop":{"background-color":"var(--ast-global-color-4)","background-image":"","background-repeat":"repeat","background-position":"center center","background-size":"auto","background-attachment":"scroll","background-type":"","background-media":"","overlay-type":"","overlay-color":"","overlay-opacity":"","overlay-gradient":""},"tablet":{"background-color":"","background-image":"","background-repeat":"repeat","background-position":"center center","background-size":"auto","background-attachment":"scroll","background-type":"","background-media":"","overlay-type":"","overlay-color":"","overlay-opacity":"","overlay-gradient":""},"mobile":{"background-color":"","background-image":"","background-repeat":"repeat","background-position":"center center","background-size":"auto","background-attachment":"scroll","background-type":"","background-media":"","overlay-type":"","overlay-color":"","overlay-opacity":"","overlay-gradient":""}},"ast-content-background-meta":{"desktop":{"background-color":"var(--ast-global-color-5)","background-image":"","background-repeat":"repeat","background-position":"center center","background-size":"auto","background-attachment":"scroll","background-type":"","background-media":"","overlay-type":"","overlay-color":"","overlay-opacity":"","overlay-gradient":""},"tablet":{"background-color":"var(--ast-global-color-5)","background-image":"","background-repeat":"repeat","background-position":"center center","background-size":"auto","background-attachment":"scroll","background-type":"","background-media":"","overlay-type":"","overlay-color":"","overlay-opacity":"","overlay-gradient":""},"mobile":{"background-color":"var(--ast-global-color-5)","background-image":"","background-repeat":"repeat","background-position":"center center","background-size":"auto","background-attachment":"scroll","background-type":"","background-media":"","overlay-type":"","overlay-color":"","overlay-opacity":"","overlay-gradient":""}}},"product_cat":[45,44,47],"product_tag":[34],"class_list":{"0":"post-187","1":"product","2":"type-product","3":"status-publish","4":"has-post-thumbnail","6":"product_cat-ekspresowe","7":"product_cat-herbaty","8":"product_cat-owocowe-herbaty","9":"product_tag-etykieta-eko","10":"desktop-align-center","11":"tablet-align-left","12":"mobile-align-left","14":"first","15":"onbackorder","16":"purchasable","17":"product-type-simple"},"_links":{"self":[{"href":"https:\/\/los-odpowiedzialni-spolecznie.pl\/en\/wp-json\/wp\/v2\/product\/187","targetHints":{"allow":["GET"]}}],"collection":[{"href":"https:\/\/los-odpowiedzialni-spolecznie.pl\/en\/wp-json\/wp\/v2\/product"}],"about":[{"href":"https:\/\/los-odpowiedzialni-spolecznie.pl\/en\/wp-json\/wp\/v2\/types\/product"}],"wp:featuredmedia":[{"embeddable":true,"href":"https:\/\/los-odpowiedzialni-spolecznie.pl\/en\/wp-json\/wp\/v2\/media\/241"}],"wp:attachment":[{"href":"https:\/\/los-odpowiedzialni-spolecznie.pl\/en\/wp-json\/wp\/v2\/media?parent=187"}],"wp:term":[{"taxonomy":"product_cat","embeddable":true,"href":"https:\/\/los-odpowiedzialni-spolecznie.pl\/en\/wp-json\/wp\/v2\/product_cat?post=187"},{"taxonomy":"product_tag","embeddable":true,"href":"https:\/\/los-odpowiedzialni-spolecznie.pl\/en\/wp-json\/wp\/v2\/product_tag?post=187"}],"curies":[{"name":"wp","href":"https:\/\/api.w.org\/{rel}","templated":true}]}}