{"id":184,"date":"2024-12-23T15:36:53","date_gmt":"2024-12-23T14:36:53","guid":{"rendered":"https:\/\/los-odpowiedzialni-spolecznie.pl\/?post_type=product&#038;p=184"},"modified":"2024-12-23T15:38:03","modified_gmt":"2024-12-23T14:38:03","slug":"herbaty-sypane-herbatka-jablkowo-mietowa-eko-100g","status":"publish","type":"product","link":"https:\/\/los-odpowiedzialni-spolecznie.pl\/en\/sklep\/produkty-spozywcze\/herbaty\/owocowe-herbaty\/herbaty-sypane-herbatka-jablkowo-mietowa-eko-100g\/","title":{"rendered":"Herbaty sypane Herbatka jab\u0142kowo-mi\u0119towa EKO 100g"},"content":{"rendered":"<h3>Opis Produktu<\/h3>\n<p><strong>Herbatka Jab\u0142kowo-mi\u0119towa EKO<\/strong><\/p>\n<div id=\"box_description\" class=\"tab-wrap\">\n<div class=\"resetcss\">\n<p>Klasyczny duet jab\u0142ka i mi\u0119ty, idealny w postaci gor\u0105cego naparu, jak i orze\u017awiaj\u0105cego, zimnego napoju. Owoc g\u0142ogu wp\u0142ywa korzystnie na kr\u0105\u017cenie oraz pomaga si\u0119 odpr\u0119\u017cy\u0107, a tarnina i mi\u0119ta wspomagaj\u0105 uk\u0142ad pokarmowy.<\/p>\n<\/div>\n<\/div>\n<div id=\"boxdetails\" class=\"tab-wrap\">\n<h3 class=\"tab-title\">Dodatkowe informacje<\/h3>\n<div class=\"resetcss\">\n<p><strong>Sk\u0142adniki:\u00a0<\/strong>owoc jab\u0142ka* 30%, owoc dzikiej r\u00f3\u017cy*, owoc g\u0142ogu*, owoc tarniny*, li\u015b\u0107 mi\u0119ty* 10%.*produkt rolnictwa ekologicznego<\/p>\n<p><strong>Spos\u00f3b u\u017cycia:\u00a0<\/strong>jedn\u0105 \u0142y\u017ceczk\u0119 zala\u0107 szklank\u0105 wrz\u0105tku i pozostawi\u0107 pod przykryciem do zaparzenia na oko\u0142o 10-15 minut. Mo\u017cna pi\u0107 bez ogranicze\u0144.<\/p>\n<p><strong>Masa netto:\u00a0<\/strong>100 g<\/p>\n<p><strong>Warunki przechowywania:\u00a0<\/strong>przechowywa\u0107 w suchym miejscu.<\/p>\n<p><strong>Kod EAN:\u00a0<\/strong>5902741002785<\/p>\n<\/div>\n<\/div>","protected":false},"excerpt":{"rendered":"<p>Opis Produktu Herbatka Jab\u0142kowo-mi\u0119towa EKO Klasyczny duet jab\u0142ka i mi\u0119ty, idealny w postaci gor\u0105cego naparu, jak i orze\u017awiaj\u0105cego, zimnego napoju. Owoc g\u0142ogu wp\u0142ywa korzystnie na kr\u0105\u017cenie oraz pomaga si\u0119 odpr\u0119\u017cy\u0107, a tarnina i mi\u0119ta wspomagaj\u0105 uk\u0142ad pokarmowy. Dodatkowe informacje Sk\u0142adniki:\u00a0owoc jab\u0142ka* 30%, owoc dzikiej r\u00f3\u017cy*, owoc g\u0142ogu*, owoc tarniny*, li\u015b\u0107 mi\u0119ty* 10%.*produkt rolnictwa ekologicznego Spos\u00f3b [&hellip;]<\/p>","protected":false},"featured_media":238,"template":"","meta":{"site-sidebar-layout":"default","site-content-layout":"","ast-site-content-layout":"default","site-content-style":"default","site-sidebar-style":"default","ast-global-header-display":"","ast-banner-title-visibility":"","ast-main-header-display":"","ast-hfb-above-header-display":"","ast-hfb-below-header-display":"","ast-hfb-mobile-header-display":"","site-post-title":"","ast-breadcrumbs-content":"","ast-featured-img":"","footer-sml-layout":"","theme-transparent-header-meta":"default","adv-header-id-meta":"","stick-header-meta":"","header-above-stick-meta":"","header-main-stick-meta":"","header-below-stick-meta":"","astra-migrate-meta-layouts":"set","ast-page-background-enabled":"default","ast-page-background-meta":{"desktop":{"background-color":"var(--ast-global-color-4)","background-image":"","background-repeat":"repeat","background-position":"center center","background-size":"auto","background-attachment":"scroll","background-type":"","background-media":"","overlay-type":"","overlay-color":"","overlay-opacity":"","overlay-gradient":""},"tablet":{"background-color":"","background-image":"","background-repeat":"repeat","background-position":"center center","background-size":"auto","background-attachment":"scroll","background-type":"","background-media":"","overlay-type":"","overlay-color":"","overlay-opacity":"","overlay-gradient":""},"mobile":{"background-color":"","background-image":"","background-repeat":"repeat","background-position":"center center","background-size":"auto","background-attachment":"scroll","background-type":"","background-media":"","overlay-type":"","overlay-color":"","overlay-opacity":"","overlay-gradient":""}},"ast-content-background-meta":{"desktop":{"background-color":"var(--ast-global-color-5)","background-image":"","background-repeat":"repeat","background-position":"center center","background-size":"auto","background-attachment":"scroll","background-type":"","background-media":"","overlay-type":"","overlay-color":"","overlay-opacity":"","overlay-gradient":""},"tablet":{"background-color":"var(--ast-global-color-5)","background-image":"","background-repeat":"repeat","background-position":"center center","background-size":"auto","background-attachment":"scroll","background-type":"","background-media":"","overlay-type":"","overlay-color":"","overlay-opacity":"","overlay-gradient":""},"mobile":{"background-color":"var(--ast-global-color-5)","background-image":"","background-repeat":"repeat","background-position":"center center","background-size":"auto","background-attachment":"scroll","background-type":"","background-media":"","overlay-type":"","overlay-color":"","overlay-opacity":"","overlay-gradient":""}}},"product_cat":[44,47,52],"product_tag":[34],"class_list":{"0":"post-184","1":"product","2":"type-product","3":"status-publish","4":"has-post-thumbnail","6":"product_cat-herbaty","7":"product_cat-owocowe-herbaty","8":"product_cat-sypane","9":"product_tag-etykieta-eko","10":"desktop-align-center","11":"tablet-align-left","12":"mobile-align-left","14":"first","15":"instock","16":"purchasable","17":"product-type-simple"},"_links":{"self":[{"href":"https:\/\/los-odpowiedzialni-spolecznie.pl\/en\/wp-json\/wp\/v2\/product\/184","targetHints":{"allow":["GET"]}}],"collection":[{"href":"https:\/\/los-odpowiedzialni-spolecznie.pl\/en\/wp-json\/wp\/v2\/product"}],"about":[{"href":"https:\/\/los-odpowiedzialni-spolecznie.pl\/en\/wp-json\/wp\/v2\/types\/product"}],"wp:featuredmedia":[{"embeddable":true,"href":"https:\/\/los-odpowiedzialni-spolecznie.pl\/en\/wp-json\/wp\/v2\/media\/238"}],"wp:attachment":[{"href":"https:\/\/los-odpowiedzialni-spolecznie.pl\/en\/wp-json\/wp\/v2\/media?parent=184"}],"wp:term":[{"taxonomy":"product_cat","embeddable":true,"href":"https:\/\/los-odpowiedzialni-spolecznie.pl\/en\/wp-json\/wp\/v2\/product_cat?post=184"},{"taxonomy":"product_tag","embeddable":true,"href":"https:\/\/los-odpowiedzialni-spolecznie.pl\/en\/wp-json\/wp\/v2\/product_tag?post=184"}],"curies":[{"name":"wp","href":"https:\/\/api.w.org\/{rel}","templated":true}]}}