{"id":159,"date":"2024-12-23T15:36:31","date_gmt":"2024-12-23T14:36:31","guid":{"rendered":"https:\/\/los-odpowiedzialni-spolecznie.pl\/?post_type=product&#038;p=159"},"modified":"2024-12-23T15:37:21","modified_gmt":"2024-12-23T14:37:21","slug":"herbatka-gripoherbs-eko-50g-suplement-diety","status":"publish","type":"product","link":"https:\/\/los-odpowiedzialni-spolecznie.pl\/en\/sklep\/produkty-spozywcze\/herbaty\/ziolowe\/herbatka-gripoherbs-eko-50g-suplement-diety\/","title":{"rendered":"Herbatka Gripoherbs EKO 50g &#8211; suplement diety"},"content":{"rendered":"<h3>Opis Produktu<\/h3>\n<p><strong>Herbatka Gripoherbs EKO<\/strong><\/p>\n<p class=\"f-display-2 md:pr-40 lg:pr-44\">Wy\u015bmienita, intensywnie kwiatowo-owocowa herbatka, polecana szczeg\u00f3lnie w sezonie jesienno-zimowym. Lipa i krwawnik wspieraj\u0105 uk\u0142ad oddechowy, owoc bzu wp\u0142ywa pozytywnie na odporno\u015b\u0107 organizmu, li\u015b\u0107 babki \u0142agodzi kaszel, a \u015blaz niweluje b\u00f3l gard\u0142a i chrypk\u0119. Polecana szczeg\u00f3lnie z dodatkiem syrop\u00f3w z malin, kwiatu bzu lub p\u0105czk\u00f3w sosny Dary Natury. *Suplement diety nie mo\u017ce by\u0107 stosowany, jako substytut zr\u00f3\u017cnicowanej diety. Nie nale\u017cy przekracza\u0107 porcji zalecanej do spo\u017cycia w ci\u0105gu dnia. Prowadzenie zdrowego trybu \u017cycia i stosowanie zr\u00f3\u017cnicowanej diety s\u0105 niezb\u0119dne dla zachowania dobrego stanu zdrowia. Nie stosowa\u0107 u dzieci poni\u017cej 12 roku \u017cycia, w ci\u0105\u017cy i podczas karmienia piersi\u0105. W przypadku r\u00f3wnoczesnego stosowania lek\u00f3w, nale\u017cy skonsultowa\u0107 si\u0119 z lekarzem lub farmaceut\u0105.<\/p>\n<h3 class=\"tab-title\">Dodatkowe informacje<\/h3>\n<div class=\"resetcss\">\n<p><strong>Sk\u0142adniki:\u00a0<\/strong>malina owoc (Rubus idaeus)*, lipa kwiat (Tilia cordata)*, krwawnik ziele (Achillea millefolium)*, bez czarny owoc (Sambucus nigra)*, bez czarny kwiat (Sambucus nigra)*, podbia\u0142 li\u015b\u0107 (Tusillago farfara)*, babka li\u015b\u0107 (Plantago major)*, kwiat s\u0142onecznika (Helianthus annuus)*, kwiat \u015blazu (Malva silvestris)* (w r\u00f3\u017cnych proporcjach). *produkt rolnictwa ekologicznego<\/p>\n<p><strong>Spos\u00f3b u\u017cycia:\u00a0<\/strong>jedn\u0105 \u0142y\u017ceczk\u0119 zala\u0107 szklank\u0105 wrz\u0105tku i pozostawi\u0107 pod przykryciem do zaparzenia na oko\u0142o 10-15 minut. Mo\u017cna pi\u0107 bez ogranicze\u0144.<\/p>\n<p><strong>Masa netto:\u00a0<\/strong>50 g<\/p>\n<p><strong>Warunki przechowywania:\u00a0<\/strong>przechowywa\u0107 w suchym miejscu.<\/p>\n<p><strong>Kod EAN:\u00a0<\/strong>5902581617101<\/p>\n<\/div>\n<p>&nbsp;<\/p>","protected":false},"excerpt":{"rendered":"<p>Opis Produktu Herbatka Gripoherbs EKO Wy\u015bmienita, intensywnie kwiatowo-owocowa herbatka, polecana szczeg\u00f3lnie w sezonie jesienno-zimowym. Lipa i krwawnik wspieraj\u0105 uk\u0142ad oddechowy, owoc bzu wp\u0142ywa pozytywnie na odporno\u015b\u0107 organizmu, li\u015b\u0107 babki \u0142agodzi kaszel, a \u015blaz niweluje b\u00f3l gard\u0142a i chrypk\u0119. Polecana szczeg\u00f3lnie z dodatkiem syrop\u00f3w z malin, kwiatu bzu lub p\u0105czk\u00f3w sosny Dary Natury. *Suplement diety nie [&hellip;]<\/p>","protected":false},"featured_media":207,"template":"","meta":{"site-sidebar-layout":"default","site-content-layout":"","ast-site-content-layout":"default","site-content-style":"default","site-sidebar-style":"default","ast-global-header-display":"","ast-banner-title-visibility":"","ast-main-header-display":"","ast-hfb-above-header-display":"","ast-hfb-below-header-display":"","ast-hfb-mobile-header-display":"","site-post-title":"","ast-breadcrumbs-content":"","ast-featured-img":"","footer-sml-layout":"","theme-transparent-header-meta":"default","adv-header-id-meta":"","stick-header-meta":"","header-above-stick-meta":"","header-main-stick-meta":"","header-below-stick-meta":"","astra-migrate-meta-layouts":"set","ast-page-background-enabled":"default","ast-page-background-meta":{"desktop":{"background-color":"var(--ast-global-color-4)","background-image":"","background-repeat":"repeat","background-position":"center center","background-size":"auto","background-attachment":"scroll","background-type":"","background-media":"","overlay-type":"","overlay-color":"","overlay-opacity":"","overlay-gradient":""},"tablet":{"background-color":"","background-image":"","background-repeat":"repeat","background-position":"center center","background-size":"auto","background-attachment":"scroll","background-type":"","background-media":"","overlay-type":"","overlay-color":"","overlay-opacity":"","overlay-gradient":""},"mobile":{"background-color":"","background-image":"","background-repeat":"repeat","background-position":"center center","background-size":"auto","background-attachment":"scroll","background-type":"","background-media":"","overlay-type":"","overlay-color":"","overlay-opacity":"","overlay-gradient":""}},"ast-content-background-meta":{"desktop":{"background-color":"var(--ast-global-color-5)","background-image":"","background-repeat":"repeat","background-position":"center center","background-size":"auto","background-attachment":"scroll","background-type":"","background-media":"","overlay-type":"","overlay-color":"","overlay-opacity":"","overlay-gradient":""},"tablet":{"background-color":"var(--ast-global-color-5)","background-image":"","background-repeat":"repeat","background-position":"center center","background-size":"auto","background-attachment":"scroll","background-type":"","background-media":"","overlay-type":"","overlay-color":"","overlay-opacity":"","overlay-gradient":""},"mobile":{"background-color":"var(--ast-global-color-5)","background-image":"","background-repeat":"repeat","background-position":"center center","background-size":"auto","background-attachment":"scroll","background-type":"","background-media":"","overlay-type":"","overlay-color":"","overlay-opacity":"","overlay-gradient":""}}},"product_cat":[44,46,52],"product_tag":[34],"class_list":{"0":"post-159","1":"product","2":"type-product","3":"status-publish","4":"has-post-thumbnail","6":"product_cat-herbaty","7":"product_cat-ziolowe","8":"product_cat-sypane","9":"product_tag-etykieta-eko","10":"desktop-align-center","11":"tablet-align-left","12":"mobile-align-left","14":"first","15":"instock","16":"purchasable","17":"product-type-simple"},"_links":{"self":[{"href":"https:\/\/los-odpowiedzialni-spolecznie.pl\/en\/wp-json\/wp\/v2\/product\/159","targetHints":{"allow":["GET"]}}],"collection":[{"href":"https:\/\/los-odpowiedzialni-spolecznie.pl\/en\/wp-json\/wp\/v2\/product"}],"about":[{"href":"https:\/\/los-odpowiedzialni-spolecznie.pl\/en\/wp-json\/wp\/v2\/types\/product"}],"wp:featuredmedia":[{"embeddable":true,"href":"https:\/\/los-odpowiedzialni-spolecznie.pl\/en\/wp-json\/wp\/v2\/media\/207"}],"wp:attachment":[{"href":"https:\/\/los-odpowiedzialni-spolecznie.pl\/en\/wp-json\/wp\/v2\/media?parent=159"}],"wp:term":[{"taxonomy":"product_cat","embeddable":true,"href":"https:\/\/los-odpowiedzialni-spolecznie.pl\/en\/wp-json\/wp\/v2\/product_cat?post=159"},{"taxonomy":"product_tag","embeddable":true,"href":"https:\/\/los-odpowiedzialni-spolecznie.pl\/en\/wp-json\/wp\/v2\/product_tag?post=159"}],"curies":[{"name":"wp","href":"https:\/\/api.w.org\/{rel}","templated":true}]}}