{"id":158,"date":"2024-12-23T15:36:31","date_gmt":"2024-12-23T14:36:31","guid":{"rendered":"https:\/\/los-odpowiedzialni-spolecznie.pl\/?post_type=product&#038;p=158"},"modified":"2024-12-23T15:37:19","modified_gmt":"2024-12-23T14:37:19","slug":"herbatka-dla-kobiet-w-ciazy-eko-40g","status":"publish","type":"product","link":"https:\/\/los-odpowiedzialni-spolecznie.pl\/en\/sklep\/produkty-spozywcze\/herbaty\/ziolowe\/herbatka-dla-kobiet-w-ciazy-eko-40g\/","title":{"rendered":"Herbatka dla kobiet w ci\u0105\u017cy EKO 40g"},"content":{"rendered":"<h3>Opis Produktu<\/h3>\n<p><strong>Herbatka dla kobiet w ci\u0105\u017cyi EKO<\/strong><\/p>\n<p>Naturalna herbatka o unikalnej recepturze, stworzona z my\u015bl\u0105 o kobietach w ci\u0105\u017cy. Owoc dzikiej r\u00f3\u017cy wspomaga odporno\u015b\u0107, uk\u0142ad oddechowy i pokarmowy. Imbir \u0142agodzi nudno\u015bci oraz wspiera utrzymanie prawid\u0142owego poziomu cukru we krwi. Poziomka jest pomocna w dolegliwo\u015bciach ze strony uk\u0142adu pokarmowego.<\/p>\n<h3 class=\"tab-title\">Dodatkowe informacje<\/h3>\n<div class=\"resetcss\">\n<p><strong>Sk\u0142adniki:\u00a0<\/strong>owoc r\u00f3\u017cy* 30%, li\u015b\u0107 porzeczki czarnej*, li\u015b\u0107 pokrzywy*, ziele rdestu ptasiego*, li\u015b\u0107 poziomki*, sok z czarnej porzeczki*, imbir*.<\/p>\n<p><strong>Spos\u00f3b u\u017cycia:\u00a0<\/strong>jedn\u0105 \u0142y\u017ceczk\u0119 zala\u0107 szklank\u0105 wrz\u0105tku i pozostawi\u0107 pod przykryciem do zaparzenia na oko\u0142o 10-15 minut. Pi\u0107 3 razy dziennie.<\/p>\n<p><strong>Masa netto:\u00a0<\/strong>50 g<\/p>\n<p><strong>Warunki przechowywania:\u00a0<\/strong>Przechowywa\u0107 w szczelnie zamkni\u0119tym opakowaniu, w suchym i zacienionym miejscu.<\/p>\n<p><strong>Kod EAN:\u00a0<\/strong>5903246864199<\/p>\n<\/div>","protected":false},"excerpt":{"rendered":"<p>Opis Produktu Herbatka dla kobiet w ci\u0105\u017cyi EKO Naturalna herbatka o unikalnej recepturze, stworzona z my\u015bl\u0105 o kobietach w ci\u0105\u017cy. Owoc dzikiej r\u00f3\u017cy wspomaga odporno\u015b\u0107, uk\u0142ad oddechowy i pokarmowy. Imbir \u0142agodzi nudno\u015bci oraz wspiera utrzymanie prawid\u0142owego poziomu cukru we krwi. Poziomka jest pomocna w dolegliwo\u015bciach ze strony uk\u0142adu pokarmowego. Dodatkowe informacje Sk\u0142adniki:\u00a0owoc r\u00f3\u017cy* 30%, li\u015b\u0107 [&hellip;]<\/p>","protected":false},"featured_media":206,"template":"","meta":{"site-sidebar-layout":"default","site-content-layout":"","ast-site-content-layout":"default","site-content-style":"default","site-sidebar-style":"default","ast-global-header-display":"","ast-banner-title-visibility":"","ast-main-header-display":"","ast-hfb-above-header-display":"","ast-hfb-below-header-display":"","ast-hfb-mobile-header-display":"","site-post-title":"","ast-breadcrumbs-content":"","ast-featured-img":"","footer-sml-layout":"","theme-transparent-header-meta":"default","adv-header-id-meta":"","stick-header-meta":"","header-above-stick-meta":"","header-main-stick-meta":"","header-below-stick-meta":"","astra-migrate-meta-layouts":"set","ast-page-background-enabled":"default","ast-page-background-meta":{"desktop":{"background-color":"var(--ast-global-color-4)","background-image":"","background-repeat":"repeat","background-position":"center center","background-size":"auto","background-attachment":"scroll","background-type":"","background-media":"","overlay-type":"","overlay-color":"","overlay-opacity":"","overlay-gradient":""},"tablet":{"background-color":"","background-image":"","background-repeat":"repeat","background-position":"center center","background-size":"auto","background-attachment":"scroll","background-type":"","background-media":"","overlay-type":"","overlay-color":"","overlay-opacity":"","overlay-gradient":""},"mobile":{"background-color":"","background-image":"","background-repeat":"repeat","background-position":"center center","background-size":"auto","background-attachment":"scroll","background-type":"","background-media":"","overlay-type":"","overlay-color":"","overlay-opacity":"","overlay-gradient":""}},"ast-content-background-meta":{"desktop":{"background-color":"var(--ast-global-color-5)","background-image":"","background-repeat":"repeat","background-position":"center center","background-size":"auto","background-attachment":"scroll","background-type":"","background-media":"","overlay-type":"","overlay-color":"","overlay-opacity":"","overlay-gradient":""},"tablet":{"background-color":"var(--ast-global-color-5)","background-image":"","background-repeat":"repeat","background-position":"center center","background-size":"auto","background-attachment":"scroll","background-type":"","background-media":"","overlay-type":"","overlay-color":"","overlay-opacity":"","overlay-gradient":""},"mobile":{"background-color":"var(--ast-global-color-5)","background-image":"","background-repeat":"repeat","background-position":"center center","background-size":"auto","background-attachment":"scroll","background-type":"","background-media":"","overlay-type":"","overlay-color":"","overlay-opacity":"","overlay-gradient":""}}},"product_cat":[44,46,52],"product_tag":[34],"class_list":{"0":"post-158","1":"product","2":"type-product","3":"status-publish","4":"has-post-thumbnail","6":"product_cat-herbaty","7":"product_cat-ziolowe","8":"product_cat-sypane","9":"product_tag-etykieta-eko","10":"desktop-align-center","11":"tablet-align-left","12":"mobile-align-left","14":"first","15":"instock","16":"purchasable","17":"product-type-simple"},"_links":{"self":[{"href":"https:\/\/los-odpowiedzialni-spolecznie.pl\/en\/wp-json\/wp\/v2\/product\/158","targetHints":{"allow":["GET"]}}],"collection":[{"href":"https:\/\/los-odpowiedzialni-spolecznie.pl\/en\/wp-json\/wp\/v2\/product"}],"about":[{"href":"https:\/\/los-odpowiedzialni-spolecznie.pl\/en\/wp-json\/wp\/v2\/types\/product"}],"wp:featuredmedia":[{"embeddable":true,"href":"https:\/\/los-odpowiedzialni-spolecznie.pl\/en\/wp-json\/wp\/v2\/media\/206"}],"wp:attachment":[{"href":"https:\/\/los-odpowiedzialni-spolecznie.pl\/en\/wp-json\/wp\/v2\/media?parent=158"}],"wp:term":[{"taxonomy":"product_cat","embeddable":true,"href":"https:\/\/los-odpowiedzialni-spolecznie.pl\/en\/wp-json\/wp\/v2\/product_cat?post=158"},{"taxonomy":"product_tag","embeddable":true,"href":"https:\/\/los-odpowiedzialni-spolecznie.pl\/en\/wp-json\/wp\/v2\/product_tag?post=158"}],"curies":[{"name":"wp","href":"https:\/\/api.w.org\/{rel}","templated":true}]}}