{"id":157,"date":"2024-12-23T15:36:31","date_gmt":"2024-12-23T14:36:31","guid":{"rendered":"https:\/\/los-odpowiedzialni-spolecznie.pl\/?post_type=product&#038;p=157"},"modified":"2024-12-23T15:37:17","modified_gmt":"2024-12-23T14:37:17","slug":"herbatka-cisnienie-krwi-eko-50g-suplement-diety","status":"publish","type":"product","link":"https:\/\/los-odpowiedzialni-spolecznie.pl\/en\/sklep\/produkty-spozywcze\/herbaty\/ziolowe\/herbatka-cisnienie-krwi-eko-50g-suplement-diety\/","title":{"rendered":"Herbatka Ci\u015bnienie krwi EKO 50g &#8211; suplement diety"},"content":{"rendered":"<h3>Opis Produktu<\/h3>\n<p><strong>Herbatka Ci\u015bnienie krwi EKO<\/strong><\/p>\n<p>Herbatka zio\u0142owa polecana do regularnego stosowania. Wchodz\u0105cy w sk\u0142ad g\u0142\u00f3g, koz\u0142ek lekarski i jemio\u0142a pomagaj\u0105 utrzyma\u0107 prawid\u0142owe ci\u015bnienie krwi oraz wspieraj\u0105 funkcjonowanie uk\u0142adu kr\u0105\u017cenia. Serdecznik wp\u0142ywa korzystnie na zdrowie serca i naczy\u0144 krwiono\u015bnych.<\/p>\n<h3 class=\"tab-title\">Dodatkowe informacje<\/h3>\n<div class=\"resetcss\">\n<p><strong>Sk\u0142adniki:\u00a0<\/strong>g\u0142\u00f3g owoc (C. laevigata)*, r\u00f3\u017ca owoc (Rosa canina)*, serdecznik ziele (Leonurus cardiaca)*, g\u0142\u00f3g kwiat (C. laevigata)*, koz\u0142ek korze\u0144 (Valeriana officinalis)*, poziomka li\u015b\u0107 (Fragaria vesca)*, jemio\u0142a ziele (Viscum album)* (w r\u00f3\u017cnych proporcjach).*produkt rolnictwa ekologicznego<\/p>\n<p><strong>Spos\u00f3b u\u017cycia:\u00a0<\/strong>jedn\u0105 \u0142y\u017ceczk\u0119 zala\u0107 szklank\u0105 wrz\u0105tku i pozostawi\u0107 pod przykryciem do zaparzenia na oko\u0142o 10-15 minut. Pi\u0107 1-2 razy dziennie.<\/p>\n<p><strong>Masa netto:\u00a0<\/strong>50 g<\/p>\n<p><strong>Warunki przechowywania:\u00a0<\/strong>przechowywa\u0107 w suchym miejscu.<\/p>\n<p><strong>Kod EAN:\u00a0<\/strong>5902581618337<\/p>\n<\/div>","protected":false},"excerpt":{"rendered":"<p>Opis Produktu Herbatka Ci\u015bnienie krwi EKO Herbatka zio\u0142owa polecana do regularnego stosowania. Wchodz\u0105cy w sk\u0142ad g\u0142\u00f3g, koz\u0142ek lekarski i jemio\u0142a pomagaj\u0105 utrzyma\u0107 prawid\u0142owe ci\u015bnienie krwi oraz wspieraj\u0105 funkcjonowanie uk\u0142adu kr\u0105\u017cenia. Serdecznik wp\u0142ywa korzystnie na zdrowie serca i naczy\u0144 krwiono\u015bnych. Dodatkowe informacje Sk\u0142adniki:\u00a0g\u0142\u00f3g owoc (C. laevigata)*, r\u00f3\u017ca owoc (Rosa canina)*, serdecznik ziele (Leonurus cardiaca)*, g\u0142\u00f3g kwiat [&hellip;]<\/p>","protected":false},"featured_media":205,"template":"","meta":{"site-sidebar-layout":"default","site-content-layout":"","ast-site-content-layout":"default","site-content-style":"default","site-sidebar-style":"default","ast-global-header-display":"","ast-banner-title-visibility":"","ast-main-header-display":"","ast-hfb-above-header-display":"","ast-hfb-below-header-display":"","ast-hfb-mobile-header-display":"","site-post-title":"","ast-breadcrumbs-content":"","ast-featured-img":"","footer-sml-layout":"","theme-transparent-header-meta":"default","adv-header-id-meta":"","stick-header-meta":"","header-above-stick-meta":"","header-main-stick-meta":"","header-below-stick-meta":"","astra-migrate-meta-layouts":"set","ast-page-background-enabled":"default","ast-page-background-meta":{"desktop":{"background-color":"var(--ast-global-color-4)","background-image":"","background-repeat":"repeat","background-position":"center center","background-size":"auto","background-attachment":"scroll","background-type":"","background-media":"","overlay-type":"","overlay-color":"","overlay-opacity":"","overlay-gradient":""},"tablet":{"background-color":"","background-image":"","background-repeat":"repeat","background-position":"center center","background-size":"auto","background-attachment":"scroll","background-type":"","background-media":"","overlay-type":"","overlay-color":"","overlay-opacity":"","overlay-gradient":""},"mobile":{"background-color":"","background-image":"","background-repeat":"repeat","background-position":"center center","background-size":"auto","background-attachment":"scroll","background-type":"","background-media":"","overlay-type":"","overlay-color":"","overlay-opacity":"","overlay-gradient":""}},"ast-content-background-meta":{"desktop":{"background-color":"var(--ast-global-color-5)","background-image":"","background-repeat":"repeat","background-position":"center center","background-size":"auto","background-attachment":"scroll","background-type":"","background-media":"","overlay-type":"","overlay-color":"","overlay-opacity":"","overlay-gradient":""},"tablet":{"background-color":"var(--ast-global-color-5)","background-image":"","background-repeat":"repeat","background-position":"center center","background-size":"auto","background-attachment":"scroll","background-type":"","background-media":"","overlay-type":"","overlay-color":"","overlay-opacity":"","overlay-gradient":""},"mobile":{"background-color":"var(--ast-global-color-5)","background-image":"","background-repeat":"repeat","background-position":"center center","background-size":"auto","background-attachment":"scroll","background-type":"","background-media":"","overlay-type":"","overlay-color":"","overlay-opacity":"","overlay-gradient":""}}},"product_cat":[44,46,52],"product_tag":[34],"class_list":{"0":"post-157","1":"product","2":"type-product","3":"status-publish","4":"has-post-thumbnail","6":"product_cat-herbaty","7":"product_cat-ziolowe","8":"product_cat-sypane","9":"product_tag-etykieta-eko","10":"desktop-align-center","11":"tablet-align-left","12":"mobile-align-left","14":"first","15":"instock","16":"purchasable","17":"product-type-simple"},"_links":{"self":[{"href":"https:\/\/los-odpowiedzialni-spolecznie.pl\/en\/wp-json\/wp\/v2\/product\/157","targetHints":{"allow":["GET"]}}],"collection":[{"href":"https:\/\/los-odpowiedzialni-spolecznie.pl\/en\/wp-json\/wp\/v2\/product"}],"about":[{"href":"https:\/\/los-odpowiedzialni-spolecznie.pl\/en\/wp-json\/wp\/v2\/types\/product"}],"wp:featuredmedia":[{"embeddable":true,"href":"https:\/\/los-odpowiedzialni-spolecznie.pl\/en\/wp-json\/wp\/v2\/media\/205"}],"wp:attachment":[{"href":"https:\/\/los-odpowiedzialni-spolecznie.pl\/en\/wp-json\/wp\/v2\/media?parent=157"}],"wp:term":[{"taxonomy":"product_cat","embeddable":true,"href":"https:\/\/los-odpowiedzialni-spolecznie.pl\/en\/wp-json\/wp\/v2\/product_cat?post=157"},{"taxonomy":"product_tag","embeddable":true,"href":"https:\/\/los-odpowiedzialni-spolecznie.pl\/en\/wp-json\/wp\/v2\/product_tag?post=157"}],"curies":[{"name":"wp","href":"https:\/\/api.w.org\/{rel}","templated":true}]}}