{"id":155,"date":"2024-12-23T15:36:31","date_gmt":"2024-12-23T14:36:31","guid":{"rendered":"https:\/\/los-odpowiedzialni-spolecznie.pl\/?post_type=product&#038;p=155"},"modified":"2024-12-23T15:37:13","modified_gmt":"2024-12-23T14:37:13","slug":"herbatka-ziolowy-zakatek-eko-25x2g","status":"publish","type":"product","link":"https:\/\/los-odpowiedzialni-spolecznie.pl\/en\/sklep\/produkty-spozywcze\/herbaty\/ziolowe\/herbatka-ziolowy-zakatek-eko-25x2g\/","title":{"rendered":"Herbatka Zio\u0142owy Zak\u0105tek EKO 25x2g"},"content":{"rendered":"<h3>Opis Produktu<\/h3>\n<p><strong>Herbatka Zio\u0142owy Zak\u0105tek EKO<\/strong><\/p>\n<p class=\"f-display-2 md:pr-40 lg:pr-44\">\u00a0Pyszna zio\u0142owo-owocowa herbatka o dominuj\u0105cym aromacie mi\u0119ty, le\u015bnych jab\u0142ek i porzeczek. Doskona\u0142a do picia na co dzie\u0144 oraz do posi\u0142ku. Mi\u0119ta wp\u0142ywa korzystnie na uk\u0142ad pokarmowy, a owoc czarnego bzu i bukwica wspieraj\u0105 odporno\u015b\u0107 organizmu.<\/p>\n<h3 class=\"tab-title\">Dodatkowe informacje<\/h3>\n<div class=\"resetcss\">\n<p><strong>Sk\u0142adniki:\u00a0<\/strong>: porzeczka czarna owoc*, pigwowiec owoc*, mi\u0119ta dzika li\u015b\u0107*, oregano ziele*, bukwica ziele*, macierzanka ziele*, jab\u0142ko dzikie owoc*, pysznog\u0142\u00f3wka li\u015b\u0107*, bez czarny kwiat*, tarnina owoc*, wielosi\u0142 kwiat*, dzika r\u00f3\u017ca p\u0142atki*. *produkt rolnictwa ekologicznego<\/p>\n<p><strong>Spos\u00f3b u\u017cycia:\u00a0<\/strong>jedn\u0105 saszetk\u0119 zala\u0107 szklank\u0105 wrz\u0105tku i pozostawi\u0107 pod przykryciem do zaparzenia na oko\u0142o 10-15 minut. Pi\u0107 1-2 razy dziennie.<\/p>\n<p><strong>Masa netto:\u00a0<\/strong>25&#215;2 g<\/p>\n<p><strong>Warunki przechowywania:\u00a0<\/strong>przechowywa\u0107 w suchym miejscu.<\/p>\n<p><strong>Kod EAN:\u00a0<\/strong>5903246861143<\/p>\n<\/div>","protected":false},"excerpt":{"rendered":"<p>Opis Produktu Herbatka Zio\u0142owy Zak\u0105tek EKO \u00a0Pyszna zio\u0142owo-owocowa herbatka o dominuj\u0105cym aromacie mi\u0119ty, le\u015bnych jab\u0142ek i porzeczek. Doskona\u0142a do picia na co dzie\u0144 oraz do posi\u0142ku. Mi\u0119ta wp\u0142ywa korzystnie na uk\u0142ad pokarmowy, a owoc czarnego bzu i bukwica wspieraj\u0105 odporno\u015b\u0107 organizmu. Dodatkowe informacje Sk\u0142adniki:\u00a0: porzeczka czarna owoc*, pigwowiec owoc*, mi\u0119ta dzika li\u015b\u0107*, oregano ziele*, bukwica [&hellip;]<\/p>","protected":false},"featured_media":195,"template":"","meta":{"site-sidebar-layout":"default","site-content-layout":"","ast-site-content-layout":"default","site-content-style":"default","site-sidebar-style":"default","ast-global-header-display":"","ast-banner-title-visibility":"","ast-main-header-display":"","ast-hfb-above-header-display":"","ast-hfb-below-header-display":"","ast-hfb-mobile-header-display":"","site-post-title":"","ast-breadcrumbs-content":"","ast-featured-img":"","footer-sml-layout":"","theme-transparent-header-meta":"default","adv-header-id-meta":"","stick-header-meta":"","header-above-stick-meta":"","header-main-stick-meta":"","header-below-stick-meta":"","astra-migrate-meta-layouts":"set","ast-page-background-enabled":"default","ast-page-background-meta":{"desktop":{"background-color":"var(--ast-global-color-4)","background-image":"","background-repeat":"repeat","background-position":"center center","background-size":"auto","background-attachment":"scroll","background-type":"","background-media":"","overlay-type":"","overlay-color":"","overlay-opacity":"","overlay-gradient":""},"tablet":{"background-color":"","background-image":"","background-repeat":"repeat","background-position":"center center","background-size":"auto","background-attachment":"scroll","background-type":"","background-media":"","overlay-type":"","overlay-color":"","overlay-opacity":"","overlay-gradient":""},"mobile":{"background-color":"","background-image":"","background-repeat":"repeat","background-position":"center center","background-size":"auto","background-attachment":"scroll","background-type":"","background-media":"","overlay-type":"","overlay-color":"","overlay-opacity":"","overlay-gradient":""}},"ast-content-background-meta":{"desktop":{"background-color":"var(--ast-global-color-5)","background-image":"","background-repeat":"repeat","background-position":"center center","background-size":"auto","background-attachment":"scroll","background-type":"","background-media":"","overlay-type":"","overlay-color":"","overlay-opacity":"","overlay-gradient":""},"tablet":{"background-color":"var(--ast-global-color-5)","background-image":"","background-repeat":"repeat","background-position":"center center","background-size":"auto","background-attachment":"scroll","background-type":"","background-media":"","overlay-type":"","overlay-color":"","overlay-opacity":"","overlay-gradient":""},"mobile":{"background-color":"var(--ast-global-color-5)","background-image":"","background-repeat":"repeat","background-position":"center center","background-size":"auto","background-attachment":"scroll","background-type":"","background-media":"","overlay-type":"","overlay-color":"","overlay-opacity":"","overlay-gradient":""}}},"product_cat":[44,46,47,52],"product_tag":[34],"class_list":{"0":"post-155","1":"product","2":"type-product","3":"status-publish","4":"has-post-thumbnail","6":"product_cat-herbaty","7":"product_cat-ziolowe","8":"product_cat-owocowe-herbaty","9":"product_cat-sypane","10":"product_tag-etykieta-eko","11":"desktop-align-center","12":"tablet-align-left","13":"mobile-align-left","15":"first","16":"instock","17":"purchasable","18":"product-type-simple"},"_links":{"self":[{"href":"https:\/\/los-odpowiedzialni-spolecznie.pl\/en\/wp-json\/wp\/v2\/product\/155","targetHints":{"allow":["GET"]}}],"collection":[{"href":"https:\/\/los-odpowiedzialni-spolecznie.pl\/en\/wp-json\/wp\/v2\/product"}],"about":[{"href":"https:\/\/los-odpowiedzialni-spolecznie.pl\/en\/wp-json\/wp\/v2\/types\/product"}],"wp:featuredmedia":[{"embeddable":true,"href":"https:\/\/los-odpowiedzialni-spolecznie.pl\/en\/wp-json\/wp\/v2\/media\/195"}],"wp:attachment":[{"href":"https:\/\/los-odpowiedzialni-spolecznie.pl\/en\/wp-json\/wp\/v2\/media?parent=155"}],"wp:term":[{"taxonomy":"product_cat","embeddable":true,"href":"https:\/\/los-odpowiedzialni-spolecznie.pl\/en\/wp-json\/wp\/v2\/product_cat?post=155"},{"taxonomy":"product_tag","embeddable":true,"href":"https:\/\/los-odpowiedzialni-spolecznie.pl\/en\/wp-json\/wp\/v2\/product_tag?post=155"}],"curies":[{"name":"wp","href":"https:\/\/api.w.org\/{rel}","templated":true}]}}