{"id":1490,"date":"2024-12-23T16:19:18","date_gmt":"2024-12-23T15:19:18","guid":{"rendered":"https:\/\/los-odpowiedzialni-spolecznie.pl\/?post_type=product&#038;p=1490"},"modified":"2024-12-23T16:20:32","modified_gmt":"2024-12-23T15:20:32","slug":"czekolada-mleczna-z-mango-bez-cukru-bezglutenowa-75-g-puregood","status":"publish","type":"product","link":"https:\/\/los-odpowiedzialni-spolecznie.pl\/en\/sklep\/produkty-spozywcze\/przekaski\/slodkie\/czekolada-mleczna-z-mango-bez-cukru-bezglutenowa-75-g-puregood\/","title":{"rendered":"CZEKOLADA MLECZNA Z MANGO BEZ CUKRU BEZGLUTENOWA 75 G PURE&amp;GOOD"},"content":{"rendered":"<h3>Opis Produktu<\/h3>\n<p class=\"product_name__name m-0\"><strong>CZEKOLADA MLECZNA Z MANGO BEZ CUKRU BEZGLUTENOWA 75 G PURE&amp;GOOD<\/strong><\/p>\n<p>Seria czekolad Pure&amp;Good to przede wszystkim wysoka jako\u015b\u0107 i przepyszne smaki.<\/p>\n<h2>Czekolady Pure&amp;Good charakteryzuj\u0105 si\u0119:<\/h2>\n<p>&#8211; brakiem dodatku cukru &#8211; s\u0142odzone substancjami s\u0142odz\u0105cymi,<\/p>\n<p>&#8211; zawieraj\u0105 naturalnie wyst\u0119puj\u0105ce cukry w sk\u0142adnikach czekolady,<\/p>\n<p>&#8211; s\u0105 bezglutenowe,<\/p>\n<p>&#8211; nie zawieraj\u0105 oleju palmowego.<\/p>\n<p>Smak:\u00a0<strong>czekolada mleczna z mango &#8211; Milk Chocolate with Mango<\/strong><\/p>\n<p>Pyszna czekolada Pure&amp;Good polecana osobom b\u0119d\u0105cym na diecie redukcyjnej oraz dla fan\u00f3w nowych i oryginalnych smak\u00f3w. Smaczna przek\u0105ska w ci\u0105gu dnia, idealna do pracy, szko\u0142y, czy na wypad w plener.<\/p>\n<section id=\"projector_longdescription\" class=\"longdescription cm\" data-traits=\"true\" data-dictionary=\"true\">\n<h2>Sk\u0142adniki<\/h2>\n<p>substancja s\u0142odz\u0105ca: maltitol, t\u0142uszcz kakaowy,\u00a0<strong>mleko<\/strong>\u00a0pe\u0142ne w proszku 16%, miazga kakaowa, liofilizowane mango 3%, emulgator: lecytyny, aromaty: mango i naturalny waniliowy<\/p>\n<p>Masa kakaowa: min. 34%.<\/p>\n<h3>Warto\u015b\u0107 od\u017cywcza w 100 g<\/h3>\n<p>Warto\u015b\u0107 energetyczna: 1968 kJ \/ 475 kcal<\/p>\n<p>T\u0142uszcz: 33 g w tym kwasy t\u0142uszczowe nasycone: 20 g<\/p>\n<p>W\u0119glowodany: 57 g w tym cukry: 8,5 g, alkohole wielowodorotlenowe (poliole): 47,5 g<\/p>\n<p>B\u0142onnik: 1,7 g<\/p>\n<p>Bia\u0142ko: 5,7 g<\/p>\n<p>S\u00f3l: 0,18 g<\/p>\n<p>1 WW = 30 g, 1 WBT = 31 g wg SGGW<\/p>\n<h3>Informacje dodatkowe<\/h3>\n<p>Spo\u017cycie w nadmiernych ilo\u015bciach mo\u017ce mie\u0107 efekt przeczyszczaj\u0105cy. Zawiera naturalnie wyst\u0119puj\u0105ce cukry. Produkt mo\u017ce zawiera\u0107:\u00a0<strong>orzechy, sezam i soj\u0119.<\/strong><\/p>\n<h3>Masa netto: 75 g<\/h3>\n<\/section>\n<section id=\"projector_dictionary\" class=\"dictionary col-12 mb-1 mb-sm-4\">\n<div class=\"dictionary__group --first --no-group\">\n<div class=\"dictionary__param row mb-2\">\n<div class=\"dictionary__name col-6 d-flex align-items-center justify-content-end\"><\/div>\n<\/div>\n<\/div>\n<\/section>","protected":false},"excerpt":{"rendered":"<p>Opis Produktu CZEKOLADA MLECZNA Z MANGO BEZ CUKRU BEZGLUTENOWA 75 G PURE&amp;GOOD Seria czekolad Pure&amp;Good to przede wszystkim wysoka jako\u015b\u0107 i przepyszne smaki. Czekolady Pure&amp;Good charakteryzuj\u0105 si\u0119: &#8211; brakiem dodatku cukru &#8211; s\u0142odzone substancjami s\u0142odz\u0105cymi, &#8211; zawieraj\u0105 naturalnie wyst\u0119puj\u0105ce cukry w sk\u0142adnikach czekolady, &#8211; s\u0105 bezglutenowe, &#8211; nie zawieraj\u0105 oleju palmowego. Smak:\u00a0czekolada mleczna z mango [&hellip;]<\/p>","protected":false},"featured_media":1538,"template":"","meta":{"site-sidebar-layout":"default","site-content-layout":"","ast-site-content-layout":"default","site-content-style":"default","site-sidebar-style":"default","ast-global-header-display":"","ast-banner-title-visibility":"","ast-main-header-display":"","ast-hfb-above-header-display":"","ast-hfb-below-header-display":"","ast-hfb-mobile-header-display":"","site-post-title":"","ast-breadcrumbs-content":"","ast-featured-img":"","footer-sml-layout":"","theme-transparent-header-meta":"default","adv-header-id-meta":"","stick-header-meta":"","header-above-stick-meta":"","header-main-stick-meta":"","header-below-stick-meta":"","astra-migrate-meta-layouts":"set","ast-page-background-enabled":"default","ast-page-background-meta":{"desktop":{"background-color":"var(--ast-global-color-4)","background-image":"","background-repeat":"repeat","background-position":"center center","background-size":"auto","background-attachment":"scroll","background-type":"","background-media":"","overlay-type":"","overlay-color":"","overlay-opacity":"","overlay-gradient":""},"tablet":{"background-color":"","background-image":"","background-repeat":"repeat","background-position":"center center","background-size":"auto","background-attachment":"scroll","background-type":"","background-media":"","overlay-type":"","overlay-color":"","overlay-opacity":"","overlay-gradient":""},"mobile":{"background-color":"","background-image":"","background-repeat":"repeat","background-position":"center center","background-size":"auto","background-attachment":"scroll","background-type":"","background-media":"","overlay-type":"","overlay-color":"","overlay-opacity":"","overlay-gradient":""}},"ast-content-background-meta":{"desktop":{"background-color":"var(--ast-global-color-5)","background-image":"","background-repeat":"repeat","background-position":"center center","background-size":"auto","background-attachment":"scroll","background-type":"","background-media":"","overlay-type":"","overlay-color":"","overlay-opacity":"","overlay-gradient":""},"tablet":{"background-color":"var(--ast-global-color-5)","background-image":"","background-repeat":"repeat","background-position":"center center","background-size":"auto","background-attachment":"scroll","background-type":"","background-media":"","overlay-type":"","overlay-color":"","overlay-opacity":"","overlay-gradient":""},"mobile":{"background-color":"var(--ast-global-color-5)","background-image":"","background-repeat":"repeat","background-position":"center center","background-size":"auto","background-attachment":"scroll","background-type":"","background-media":"","overlay-type":"","overlay-color":"","overlay-opacity":"","overlay-gradient":""}}},"product_cat":[25,24],"product_tag":[],"class_list":{"0":"post-1490","1":"product","2":"type-product","3":"status-publish","4":"has-post-thumbnail","6":"product_cat-slodkie","7":"product_cat-przekaski","8":"desktop-align-center","9":"tablet-align-left","10":"mobile-align-left","12":"first","13":"instock","14":"purchasable","15":"product-type-simple"},"_links":{"self":[{"href":"https:\/\/los-odpowiedzialni-spolecznie.pl\/en\/wp-json\/wp\/v2\/product\/1490","targetHints":{"allow":["GET"]}}],"collection":[{"href":"https:\/\/los-odpowiedzialni-spolecznie.pl\/en\/wp-json\/wp\/v2\/product"}],"about":[{"href":"https:\/\/los-odpowiedzialni-spolecznie.pl\/en\/wp-json\/wp\/v2\/types\/product"}],"wp:featuredmedia":[{"embeddable":true,"href":"https:\/\/los-odpowiedzialni-spolecznie.pl\/en\/wp-json\/wp\/v2\/media\/1538"}],"wp:attachment":[{"href":"https:\/\/los-odpowiedzialni-spolecznie.pl\/en\/wp-json\/wp\/v2\/media?parent=1490"}],"wp:term":[{"taxonomy":"product_cat","embeddable":true,"href":"https:\/\/los-odpowiedzialni-spolecznie.pl\/en\/wp-json\/wp\/v2\/product_cat?post=1490"},{"taxonomy":"product_tag","embeddable":true,"href":"https:\/\/los-odpowiedzialni-spolecznie.pl\/en\/wp-json\/wp\/v2\/product_tag?post=1490"}],"curies":[{"name":"wp","href":"https:\/\/api.w.org\/{rel}","templated":true}]}}