{"id":1489,"date":"2024-12-23T16:19:18","date_gmt":"2024-12-23T15:19:18","guid":{"rendered":"https:\/\/los-odpowiedzialni-spolecznie.pl\/?post_type=product&#038;p=1489"},"modified":"2024-12-23T16:20:29","modified_gmt":"2024-12-23T15:20:29","slug":"pure-good-czekolada-mleczna-z-truskawkami-bez-dodatku-cukru","status":"publish","type":"product","link":"https:\/\/los-odpowiedzialni-spolecznie.pl\/en\/sklep\/produkty-spozywcze\/przekaski\/slodkie\/pure-good-czekolada-mleczna-z-truskawkami-bez-dodatku-cukru\/","title":{"rendered":"Pure &amp; Good Czekolada mleczna z truskawkami bez dodatku cukru"},"content":{"rendered":"<h3>Opis Produktu<\/h3>\n<p class=\"prod_h1 h1\"><strong>Pure &amp; Good Czekolada mleczna z truskawkami bez dodatku cukru<\/strong><\/p>\n<p>Hiszpa\u0144ska bezglutenowa mleczna czekolada bez dodatku cukru z\u00a0truskawkami.<\/p>\n<ul>\n<li>bez dodatku cukru<\/li>\n<li>oko\u0142o 15% mniej kcal ni\u017c zwyk\u0142a czekolada z cukrem<\/li>\n<li>bez glutenu (certyfikowana, deklaracja producenta)<\/li>\n<li>bez oleju palmowego<\/li>\n<\/ul>\n<p>odpowiednia dla diabetyk\u00f3w (oznaczenia WBT \/ WW na opakowaniu)<\/p>\n<h3>Sk\u0142adniki<\/h3>\n<p>Substancja s\u0142odz\u0105ca (maltitol), t\u0142uszcz kakaowy, mleko pe\u0142ne w proszku (17%), miazga kakaowa, liofilizowane truskawki (2%), emulgator (lecytyny), aromaty (truskawkowy i naturalny waniliowy).<\/p>\n<div class=\"row\">\n<div class=\"col\">\n<h2>Warto\u015bci Od\u017cywcze<\/h2>\n<p>&nbsp;<\/p>\n<table class=\"wartosciodzywcze\">\n<thead>\n<tr>\n<th colspan=\"2\">Warto\u015bci od\u017cywcze w 100g<\/th>\n<\/tr>\n<\/thead>\n<tbody>\n<tr>\n<td>Warto\u015b\u0107 energetyczna<\/td>\n<td>1968 kJ \/ 475 kcal<\/td>\n<\/tr>\n<tr>\n<td>T\u0142uszcz<\/td>\n<td>33 g<\/td>\n<\/tr>\n<tr>\n<td>w tym kwasy t\u0142uszczowe nasycone<\/td>\n<td>20 g<\/td>\n<\/tr>\n<tr>\n<td>W\u0119glowodany<\/td>\n<td>57 g<\/td>\n<\/tr>\n<tr>\n<td>w tym cukry<\/td>\n<td>7,8 g<\/td>\n<\/tr>\n<tr>\n<td>w tym poliole<\/td>\n<td>48 g<\/td>\n<\/tr>\n<tr>\n<td>B\u0142onnik<\/td>\n<td>1,8 g<\/td>\n<\/tr>\n<tr>\n<td>Bia\u0142ko<\/td>\n<td>5,9 g<\/td>\n<\/tr>\n<tr>\n<td>S\u00f3l<\/td>\n<td>0,18 g<\/td>\n<\/tr>\n<\/tbody>\n<\/table>\n<h3>Informacja alergenna<\/h3>\n<p>Produkt mo\u017ce zawiera\u0107 orzechy, mleko, soj\u0119 i sezam.<\/p>\n<h3>Zalecane warunki przechowywania<\/h3>\n<p>Przechowywa\u0107 w suchym i ch\u0142odnym miejscu.<\/p>\n<h3>Uwagi<\/h3>\n<p>Spo\u017cycie w nadmiernych ilo\u015bciach mo\u017ce mie\u0107 efekt przeczyszczaj\u0105cy. Zawiera naturalne wyst\u0119puj\u0105ce cukry.<\/p>\n<h3><\/h3>\n<\/div>\n<\/div>","protected":false},"excerpt":{"rendered":"<p>Opis Produktu Pure &amp; Good Czekolada mleczna z truskawkami bez dodatku cukru Hiszpa\u0144ska bezglutenowa mleczna czekolada bez dodatku cukru z\u00a0truskawkami. bez dodatku cukru oko\u0142o 15% mniej kcal ni\u017c zwyk\u0142a czekolada z cukrem bez glutenu (certyfikowana, deklaracja producenta) bez oleju palmowego odpowiednia dla diabetyk\u00f3w (oznaczenia WBT \/ WW na opakowaniu) Sk\u0142adniki Substancja s\u0142odz\u0105ca (maltitol), t\u0142uszcz kakaowy, [&hellip;]<\/p>","protected":false},"featured_media":1537,"template":"","meta":{"site-sidebar-layout":"default","site-content-layout":"","ast-site-content-layout":"default","site-content-style":"default","site-sidebar-style":"default","ast-global-header-display":"","ast-banner-title-visibility":"","ast-main-header-display":"","ast-hfb-above-header-display":"","ast-hfb-below-header-display":"","ast-hfb-mobile-header-display":"","site-post-title":"","ast-breadcrumbs-content":"","ast-featured-img":"","footer-sml-layout":"","theme-transparent-header-meta":"default","adv-header-id-meta":"","stick-header-meta":"","header-above-stick-meta":"","header-main-stick-meta":"","header-below-stick-meta":"","astra-migrate-meta-layouts":"set","ast-page-background-enabled":"default","ast-page-background-meta":{"desktop":{"background-color":"var(--ast-global-color-4)","background-image":"","background-repeat":"repeat","background-position":"center center","background-size":"auto","background-attachment":"scroll","background-type":"","background-media":"","overlay-type":"","overlay-color":"","overlay-opacity":"","overlay-gradient":""},"tablet":{"background-color":"","background-image":"","background-repeat":"repeat","background-position":"center center","background-size":"auto","background-attachment":"scroll","background-type":"","background-media":"","overlay-type":"","overlay-color":"","overlay-opacity":"","overlay-gradient":""},"mobile":{"background-color":"","background-image":"","background-repeat":"repeat","background-position":"center center","background-size":"auto","background-attachment":"scroll","background-type":"","background-media":"","overlay-type":"","overlay-color":"","overlay-opacity":"","overlay-gradient":""}},"ast-content-background-meta":{"desktop":{"background-color":"var(--ast-global-color-5)","background-image":"","background-repeat":"repeat","background-position":"center center","background-size":"auto","background-attachment":"scroll","background-type":"","background-media":"","overlay-type":"","overlay-color":"","overlay-opacity":"","overlay-gradient":""},"tablet":{"background-color":"var(--ast-global-color-5)","background-image":"","background-repeat":"repeat","background-position":"center center","background-size":"auto","background-attachment":"scroll","background-type":"","background-media":"","overlay-type":"","overlay-color":"","overlay-opacity":"","overlay-gradient":""},"mobile":{"background-color":"var(--ast-global-color-5)","background-image":"","background-repeat":"repeat","background-position":"center center","background-size":"auto","background-attachment":"scroll","background-type":"","background-media":"","overlay-type":"","overlay-color":"","overlay-opacity":"","overlay-gradient":""}}},"product_cat":[25,37,24],"product_tag":[],"class_list":{"0":"post-1489","1":"product","2":"type-product","3":"status-publish","4":"has-post-thumbnail","6":"product_cat-slodkie","7":"product_cat-owocowe","8":"product_cat-przekaski","9":"desktop-align-center","10":"tablet-align-left","11":"mobile-align-left","13":"first","14":"instock","15":"purchasable","16":"product-type-simple"},"_links":{"self":[{"href":"https:\/\/los-odpowiedzialni-spolecznie.pl\/en\/wp-json\/wp\/v2\/product\/1489","targetHints":{"allow":["GET"]}}],"collection":[{"href":"https:\/\/los-odpowiedzialni-spolecznie.pl\/en\/wp-json\/wp\/v2\/product"}],"about":[{"href":"https:\/\/los-odpowiedzialni-spolecznie.pl\/en\/wp-json\/wp\/v2\/types\/product"}],"wp:featuredmedia":[{"embeddable":true,"href":"https:\/\/los-odpowiedzialni-spolecznie.pl\/en\/wp-json\/wp\/v2\/media\/1537"}],"wp:attachment":[{"href":"https:\/\/los-odpowiedzialni-spolecznie.pl\/en\/wp-json\/wp\/v2\/media?parent=1489"}],"wp:term":[{"taxonomy":"product_cat","embeddable":true,"href":"https:\/\/los-odpowiedzialni-spolecznie.pl\/en\/wp-json\/wp\/v2\/product_cat?post=1489"},{"taxonomy":"product_tag","embeddable":true,"href":"https:\/\/los-odpowiedzialni-spolecznie.pl\/en\/wp-json\/wp\/v2\/product_tag?post=1489"}],"curies":[{"name":"wp","href":"https:\/\/api.w.org\/{rel}","templated":true}]}}