{"id":1485,"date":"2024-12-23T16:19:17","date_gmt":"2024-12-23T15:19:17","guid":{"rendered":"https:\/\/los-odpowiedzialni-spolecznie.pl\/?post_type=product&#038;p=1485"},"modified":"2024-12-23T16:20:15","modified_gmt":"2024-12-23T15:20:15","slug":"cukierki-bez-cukru-melisa-lawenda-i-owoce-lesne","status":"publish","type":"product","link":"https:\/\/los-odpowiedzialni-spolecznie.pl\/en\/sklep\/produkty-spozywcze\/przekaski\/slodkie\/cukierki-bez-cukru-melisa-lawenda-i-owoce-lesne\/","title":{"rendered":"Cukierki bez cukru MELISA, LAWENDA I OWOCE LE\u015aNE"},"content":{"rendered":"<h3><strong>Opis Produktu<\/strong><\/h3>\n<p><strong>Cukierki bez cukru MELISA, LAWENDA I OWOCE LE\u015aNE<\/strong><\/p>\n<p><strong>Cukierki melisa, lawenda i owoce le\u015bne bez dodatku cukru PURE&amp;GOOD to doskona\u0142a propozycja dla wszystkich, kt\u00f3rzy pragn\u0105 s\u0142odkiego smako\u0142yku, ale z ograniczon\u0105 ilo\u015bci\u0105 cukru. Melisa i lawenda dodaj\u0105 aromatu i delikatno\u015bci, natomiast owoce le\u015bne nadaj\u0105 im intensywno\u015bci smaku. Stewia, naturalny s\u0142odzik ro\u015blinny, zapewnia s\u0142odycz bez dodatku cukru, co czyni te cukierki idealnym wyborem dla os\u00f3b \u015bwiadomych swojego zdrowia.<\/strong><\/p>\n<p><strong>Dodatkowo witamina C i ekstrakt z je\u017cyny wzbogacaj\u0105 te cukierki w sk\u0142adniki od\u017cywcze, kt\u00f3re wspieraj\u0105 nasz organizm. Brak sztucznych barwnik\u00f3w i aromat\u00f3w sprawia, \u017ce mo\u017cemy cieszy\u0107 si\u0119 smakiem bez obaw o sztuczne substancje chemiczne.<\/strong><\/p>\n<p><strong>PURE&amp;GOOD to marka, kt\u00f3ra dba o jako\u015b\u0107 swoich produkt\u00f3w, dlatego mo\u017cemy by\u0107 pewni, \u017ce te cukierki s\u0105 cu pure pleasure bez dodatku cukru. Dzi\u0119ki nim mo\u017cemy delektowa\u0107 si\u0119 s\u0142odkim smakiem, wiedz\u0105c \u017ce jest to dobre i zdrowe rozwi\u0105zanie. Niech wi\u0119c te cukierki stan\u0105 si\u0119 naszym ulubionym s\u0142odkim przysmakiem, pozwalaj\u0105c nam cieszy\u0107 si\u0119 smakiem bez zb\u0119dnych dodatk\u00f3w.<\/strong><\/p>\n<p><strong>Sk\u0142adniki:<\/strong><\/p>\n<p><strong>Substancje s\u0142odz\u0105ce (izomalt, glikozydy stewiolowe ze stewii 0,05%), regulator kwasowo\u015bci: kwas cytrynowy, naturalny aromat je\u017cynowy z innymi naturalnymi aromatami (0,2%), wyci\u0105g z ziela melisy (Melissa officinalis) DER: 1,5-3:1 (0,15%) standaryzowany na 8% kwasu rozmarynowego, wyci\u0105g z lawendy (Lavandula angustifolia Miller) DER: 5:1 (0,1%), witamina C (L-askorbinian sodu), proszek owocowy z czarnej jagody (0,1%) (maltodekstryna, zag\u0119szczony sok z czarnej jagody), naturalny aromat lawendowy (0,05%)..<\/strong><\/p>\n<p><strong>Produkt mo\u017ce zawiera\u0107 mleko, jaja i soj\u0119.<\/strong><\/p>\n<p><strong>Spo\u017cywanie w nadmiernych ilo\u015bciach mo\u017ce mie\u0107 efekt przeczyszczaj\u0105cy.<\/strong><\/p>\n<p><strong>Warto\u015b\u0107 energetyczna 957 kJ \/ 230 kcal<\/strong><br \/>\n<strong>T\u0142uszcze 0 g<\/strong><br \/>\n<strong>&#8211; z czego nasycone 0\u00a0g<\/strong><br \/>\n<strong>W\u0119glowodany 96 g<\/strong><br \/>\n<strong>&#8211; w tym cukry 0 g<\/strong><br \/>\n<strong>&#8211; poliole 96 g<\/strong><br \/>\n<strong>Bia\u0142ko 0 g<\/strong><br \/>\n<strong>S\u00f3l 0,04 g<\/strong><\/p>\n<p><strong>1WW = 21 g wg SGGW<\/strong><\/p>\n<p><strong>Spos\u00f3b przechowywania:<\/strong><br \/>\nPrzechowywa\u0107 w suchym i ch\u0142odnym miejscu.<\/p>","protected":false},"excerpt":{"rendered":"<p>Opis Produktu Cukierki bez cukru MELISA, LAWENDA I OWOCE LE\u015aNE Cukierki melisa, lawenda i owoce le\u015bne bez dodatku cukru PURE&amp;GOOD to doskona\u0142a propozycja dla wszystkich, kt\u00f3rzy pragn\u0105 s\u0142odkiego smako\u0142yku, ale z ograniczon\u0105 ilo\u015bci\u0105 cukru. Melisa i lawenda dodaj\u0105 aromatu i delikatno\u015bci, natomiast owoce le\u015bne nadaj\u0105 im intensywno\u015bci smaku. Stewia, naturalny s\u0142odzik ro\u015blinny, zapewnia s\u0142odycz bez [&hellip;]<\/p>","protected":false},"featured_media":1526,"template":"","meta":{"site-sidebar-layout":"default","site-content-layout":"","ast-site-content-layout":"default","site-content-style":"default","site-sidebar-style":"default","ast-global-header-display":"","ast-banner-title-visibility":"","ast-main-header-display":"","ast-hfb-above-header-display":"","ast-hfb-below-header-display":"","ast-hfb-mobile-header-display":"","site-post-title":"","ast-breadcrumbs-content":"","ast-featured-img":"","footer-sml-layout":"","theme-transparent-header-meta":"default","adv-header-id-meta":"","stick-header-meta":"","header-above-stick-meta":"","header-main-stick-meta":"","header-below-stick-meta":"","astra-migrate-meta-layouts":"set","ast-page-background-enabled":"default","ast-page-background-meta":{"desktop":{"background-color":"var(--ast-global-color-4)","background-image":"","background-repeat":"repeat","background-position":"center center","background-size":"auto","background-attachment":"scroll","background-type":"","background-media":"","overlay-type":"","overlay-color":"","overlay-opacity":"","overlay-gradient":""},"tablet":{"background-color":"","background-image":"","background-repeat":"repeat","background-position":"center center","background-size":"auto","background-attachment":"scroll","background-type":"","background-media":"","overlay-type":"","overlay-color":"","overlay-opacity":"","overlay-gradient":""},"mobile":{"background-color":"","background-image":"","background-repeat":"repeat","background-position":"center center","background-size":"auto","background-attachment":"scroll","background-type":"","background-media":"","overlay-type":"","overlay-color":"","overlay-opacity":"","overlay-gradient":""}},"ast-content-background-meta":{"desktop":{"background-color":"var(--ast-global-color-5)","background-image":"","background-repeat":"repeat","background-position":"center center","background-size":"auto","background-attachment":"scroll","background-type":"","background-media":"","overlay-type":"","overlay-color":"","overlay-opacity":"","overlay-gradient":""},"tablet":{"background-color":"var(--ast-global-color-5)","background-image":"","background-repeat":"repeat","background-position":"center center","background-size":"auto","background-attachment":"scroll","background-type":"","background-media":"","overlay-type":"","overlay-color":"","overlay-opacity":"","overlay-gradient":""},"mobile":{"background-color":"var(--ast-global-color-5)","background-image":"","background-repeat":"repeat","background-position":"center center","background-size":"auto","background-attachment":"scroll","background-type":"","background-media":"","overlay-type":"","overlay-color":"","overlay-opacity":"","overlay-gradient":""}}},"product_cat":[25,37,24],"product_tag":[],"class_list":{"0":"post-1485","1":"product","2":"type-product","3":"status-publish","4":"has-post-thumbnail","6":"product_cat-slodkie","7":"product_cat-owocowe","8":"product_cat-przekaski","9":"desktop-align-center","10":"tablet-align-left","11":"mobile-align-left","13":"first","14":"instock","15":"purchasable","16":"product-type-simple"},"_links":{"self":[{"href":"https:\/\/los-odpowiedzialni-spolecznie.pl\/en\/wp-json\/wp\/v2\/product\/1485","targetHints":{"allow":["GET"]}}],"collection":[{"href":"https:\/\/los-odpowiedzialni-spolecznie.pl\/en\/wp-json\/wp\/v2\/product"}],"about":[{"href":"https:\/\/los-odpowiedzialni-spolecznie.pl\/en\/wp-json\/wp\/v2\/types\/product"}],"wp:featuredmedia":[{"embeddable":true,"href":"https:\/\/los-odpowiedzialni-spolecznie.pl\/en\/wp-json\/wp\/v2\/media\/1526"}],"wp:attachment":[{"href":"https:\/\/los-odpowiedzialni-spolecznie.pl\/en\/wp-json\/wp\/v2\/media?parent=1485"}],"wp:term":[{"taxonomy":"product_cat","embeddable":true,"href":"https:\/\/los-odpowiedzialni-spolecznie.pl\/en\/wp-json\/wp\/v2\/product_cat?post=1485"},{"taxonomy":"product_tag","embeddable":true,"href":"https:\/\/los-odpowiedzialni-spolecznie.pl\/en\/wp-json\/wp\/v2\/product_tag?post=1485"}],"curies":[{"name":"wp","href":"https:\/\/api.w.org\/{rel}","templated":true}]}}