{"id":1484,"date":"2024-12-23T16:19:17","date_gmt":"2024-12-23T15:19:17","guid":{"rendered":"https:\/\/los-odpowiedzialni-spolecznie.pl\/?post_type=product&#038;p=1484"},"modified":"2024-12-23T16:20:12","modified_gmt":"2024-12-23T15:20:12","slug":"cukierki-bez-cukru-dzika-roza-imbir-i-propolis","status":"publish","type":"product","link":"https:\/\/los-odpowiedzialni-spolecznie.pl\/en\/sklep\/produkty-spozywcze\/przekaski\/slodkie\/cukierki-bez-cukru-dzika-roza-imbir-i-propolis\/","title":{"rendered":"Cukierki bez cukru DZIKA R\u00d3\u017bA, IMBIR I PROPOLIS"},"content":{"rendered":"<h3>Opis Produktu<\/h3>\n<p><strong>Cukierki bez cukru DZIKA R\u00d3\u017bA, IMBIR I PROPOLIS<\/strong><\/p>\n<p><strong>Nasze bezcukrowe cukierki z dzik\u0105 r\u00f3\u017c\u0105, stewi\u0105, imbirem i propolisem to doskona\u0142y wyb\u00f3r dla wszystkich, kt\u00f3rzy chc\u0105 cieszy\u0107 si\u0119 s\u0142odko\u015bciami bez obci\u0105\u017cania swojego organizmu nadmiarem cukru. Dzi\u0119ki naturalnym sk\u0142adnikom, nasze cukierki nie tylko smakuj\u0105 wy\u015bmienicie, ale r\u00f3wnie\u017c mog\u0105 przynie\u015b\u0107 wiele korzy\u015bci zdrowotnych.<\/strong><\/p>\n<p><strong>Dzi\u0119ki w\u0142a\u015bciwo\u015bciom dzikiej r\u00f3\u017cy, imbirem i propolisem, nasze cukierki mog\u0105 wspom\u00f3c odporno\u015b\u0107 organizmu, poprawi\u0107 trawienie i wesprze\u0107 detoksykacj\u0119. Dodatkowo, stewia jako naturalny s\u0142odzik nie tylko zapewnia s\u0142odki smak, ale r\u00f3wnie\u017c nie powoduje gwa\u0142townych wzrost\u00f3w poziomu cukru we krwi.<\/strong><\/p>\n<p><strong>Dlatego je\u015bli chcesz si\u0119 poczu\u0107 doskonale i cieszy\u0107 si\u0119 wyj\u0105tkowym smakiem dzikiej r\u00f3\u017cy, si\u0119gnij po nasze bezcukrowe cukierki s\u0142odzone stewi\u0105 z imbirem i propolisem. Ka\u017cdy k\u0119s b\u0119dzie prawdziw\u0105 przyjemno\u015bci\u0105 dla Twojego podniebienia, a Tw\u00f3j organizm b\u0119dzie Ci wdzi\u0119czny za takie delikatne traktowanie. Spr\u00f3buj ju\u017c dzi\u015b!<\/strong><\/p>\n<p><strong>Sk\u0142adniki:<\/strong><\/p>\n<p>Substancje s\u0142odz\u0105ce: izomalt, glikozydystewiowe ze stewii (0,05%), regulator kwasowo\u015bci: kwas cytrynowy, wyci\u0105g z k\u0142\u0105cza imbiru (Zingiber officinale Rosc.) DER: 2-4:1 (0,4%), naturalny aromat r\u00f3\u017cy z innymi naturalnymi aromatami, wyci\u0105g z owoc\u00f3w dzikiej r\u00f3\u017cy (Rosa Canina L.( DER 4:1 (0,1%), ekstrakt z propolisu (Propolis) DER 1,5 -2:1 (0,1%), witamina C (L-askorbinian sodu), barwniki: kwas karminowy, kurkumina.<\/p>\n<p><strong>Warto\u015bci od\u017cywcze na 100 g:<\/strong><br \/>\nWarto\u015b\u0107 energetyczna 955 kJ \/ 229 kcal<br \/>\nT\u0142uszcze 0 g<br \/>\n&#8211; z czego nasycone 0\u00a0g<br \/>\nW\u0119glowodany 95 g<br \/>\n&#8211; w tym cukry 0 g<br \/>\n&#8211; poliole 95 g<br \/>\nBia\u0142ko 0 g<br \/>\nS\u00f3l 0,04 g<\/p>\n<p>1WW = 21 g wg SGGW<\/p>\n<p>Produkt mo\u017ce zawiera\u0107 mleko, jaja i soj\u0119.<\/p>\n<p>Spo\u017cywanie w nadmiernych ilo\u015bciach mo\u017ce mie\u0107 efekt przeczyszczaj\u0105cy.<\/p>\n<p><strong>Spos\u00f3b przechowywania:<\/strong><br \/>\nPrzechowywa\u0107 w suchym i ch\u0142odnym miejscu.<\/p>","protected":false},"excerpt":{"rendered":"<p>Opis Produktu Cukierki bez cukru DZIKA R\u00d3\u017bA, IMBIR I PROPOLIS Nasze bezcukrowe cukierki z dzik\u0105 r\u00f3\u017c\u0105, stewi\u0105, imbirem i propolisem to doskona\u0142y wyb\u00f3r dla wszystkich, kt\u00f3rzy chc\u0105 cieszy\u0107 si\u0119 s\u0142odko\u015bciami bez obci\u0105\u017cania swojego organizmu nadmiarem cukru. Dzi\u0119ki naturalnym sk\u0142adnikom, nasze cukierki nie tylko smakuj\u0105 wy\u015bmienicie, ale r\u00f3wnie\u017c mog\u0105 przynie\u015b\u0107 wiele korzy\u015bci zdrowotnych. Dzi\u0119ki w\u0142a\u015bciwo\u015bciom dzikiej [&hellip;]<\/p>","protected":false},"featured_media":1525,"template":"","meta":{"site-sidebar-layout":"default","site-content-layout":"","ast-site-content-layout":"default","site-content-style":"default","site-sidebar-style":"default","ast-global-header-display":"","ast-banner-title-visibility":"","ast-main-header-display":"","ast-hfb-above-header-display":"","ast-hfb-below-header-display":"","ast-hfb-mobile-header-display":"","site-post-title":"","ast-breadcrumbs-content":"","ast-featured-img":"","footer-sml-layout":"","theme-transparent-header-meta":"default","adv-header-id-meta":"","stick-header-meta":"","header-above-stick-meta":"","header-main-stick-meta":"","header-below-stick-meta":"","astra-migrate-meta-layouts":"set","ast-page-background-enabled":"default","ast-page-background-meta":{"desktop":{"background-color":"var(--ast-global-color-4)","background-image":"","background-repeat":"repeat","background-position":"center center","background-size":"auto","background-attachment":"scroll","background-type":"","background-media":"","overlay-type":"","overlay-color":"","overlay-opacity":"","overlay-gradient":""},"tablet":{"background-color":"","background-image":"","background-repeat":"repeat","background-position":"center center","background-size":"auto","background-attachment":"scroll","background-type":"","background-media":"","overlay-type":"","overlay-color":"","overlay-opacity":"","overlay-gradient":""},"mobile":{"background-color":"","background-image":"","background-repeat":"repeat","background-position":"center center","background-size":"auto","background-attachment":"scroll","background-type":"","background-media":"","overlay-type":"","overlay-color":"","overlay-opacity":"","overlay-gradient":""}},"ast-content-background-meta":{"desktop":{"background-color":"var(--ast-global-color-5)","background-image":"","background-repeat":"repeat","background-position":"center center","background-size":"auto","background-attachment":"scroll","background-type":"","background-media":"","overlay-type":"","overlay-color":"","overlay-opacity":"","overlay-gradient":""},"tablet":{"background-color":"var(--ast-global-color-5)","background-image":"","background-repeat":"repeat","background-position":"center center","background-size":"auto","background-attachment":"scroll","background-type":"","background-media":"","overlay-type":"","overlay-color":"","overlay-opacity":"","overlay-gradient":""},"mobile":{"background-color":"var(--ast-global-color-5)","background-image":"","background-repeat":"repeat","background-position":"center center","background-size":"auto","background-attachment":"scroll","background-type":"","background-media":"","overlay-type":"","overlay-color":"","overlay-opacity":"","overlay-gradient":""}}},"product_cat":[25,37,24],"product_tag":[],"class_list":{"0":"post-1484","1":"product","2":"type-product","3":"status-publish","4":"has-post-thumbnail","6":"product_cat-slodkie","7":"product_cat-owocowe","8":"product_cat-przekaski","9":"desktop-align-center","10":"tablet-align-left","11":"mobile-align-left","13":"first","14":"instock","15":"purchasable","16":"product-type-simple"},"_links":{"self":[{"href":"https:\/\/los-odpowiedzialni-spolecznie.pl\/en\/wp-json\/wp\/v2\/product\/1484","targetHints":{"allow":["GET"]}}],"collection":[{"href":"https:\/\/los-odpowiedzialni-spolecznie.pl\/en\/wp-json\/wp\/v2\/product"}],"about":[{"href":"https:\/\/los-odpowiedzialni-spolecznie.pl\/en\/wp-json\/wp\/v2\/types\/product"}],"wp:featuredmedia":[{"embeddable":true,"href":"https:\/\/los-odpowiedzialni-spolecznie.pl\/en\/wp-json\/wp\/v2\/media\/1525"}],"wp:attachment":[{"href":"https:\/\/los-odpowiedzialni-spolecznie.pl\/en\/wp-json\/wp\/v2\/media?parent=1484"}],"wp:term":[{"taxonomy":"product_cat","embeddable":true,"href":"https:\/\/los-odpowiedzialni-spolecznie.pl\/en\/wp-json\/wp\/v2\/product_cat?post=1484"},{"taxonomy":"product_tag","embeddable":true,"href":"https:\/\/los-odpowiedzialni-spolecznie.pl\/en\/wp-json\/wp\/v2\/product_tag?post=1484"}],"curies":[{"name":"wp","href":"https:\/\/api.w.org\/{rel}","templated":true}]}}