{"id":1458,"date":"2024-12-23T16:18:35","date_gmt":"2024-12-23T15:18:35","guid":{"rendered":"https:\/\/los-odpowiedzialni-spolecznie.pl\/?post_type=product&#038;p=1458"},"modified":"2024-12-23T16:19:36","modified_gmt":"2024-12-23T15:19:36","slug":"cukierki-multiwitamin-ze-stawia-bez-cukru-50-g-puregood","status":"publish","type":"product","link":"https:\/\/los-odpowiedzialni-spolecznie.pl\/en\/sklep\/produkty-spozywcze\/przekaski\/owocowe\/cukierki-multiwitamin-ze-stawia-bez-cukru-50-g-puregood\/","title":{"rendered":"CUKIERKI MULTIWITAMIN ZE STAWI\u0104, BEZ CUKRU 50 G PURE&amp;GOOD"},"content":{"rendered":"<h3>Opis Produktu<\/h3>\n<p>Orze\u017awiaj\u0105cy smak cytrus\u00f3w i owoc\u00f3w tropikalnych bez cukru i sztucznych barwnik\u00f3w.<\/p>\n<p>Zawiera substancje s\u0142odz\u0105ce.<\/p>\n<p><strong>Sk\u0142adniki:<\/strong> substancja s\u0142odz\u0105ca: izomalt, glikozydy stewiolowe ze stewii 0,045%, regulator kwasowo\u015bci: kwas cytrynowy, naturalne aromaty: pomara\u0144czowy, grejpfrutowy z innymi naturalnymi aromatami, ananasowy z innymi naturalnymi aromatami, zag\u0119szczony sok z owoc\u00f3w tropikalnych 0,1% w proszku (maltodekstryna, koncentraty i puree z owoc\u00f3w tropikalnych w tym: ananas, pomara\u0144cza, mango, banan, brzoskwinia, marakuja, liczi, guawa, opuncja (kaktus), kiwi, limonka, papaja, jab\u0142ko), witaminy: kwas L-askorbinowy (C), amid kwasu nikotynowego (niacyna), octan DL-alfa-tokoferylu (E), D-pantotenian wapnia (kwas pantotenowy), chlorowodorek pirydoksyny (B6), kwas pteroilomonoglutaminowy (kwas foliowy), cyjanokobalamina (B12), barwnik: kurkumina.<\/p>\n<div id=\"r4451\" class=\"row\">\n<div class=\"container container-fixed\">\n<div id=\"c1363\" class=\"col col-md-5 col-lg-5 col-sm-8\">\n<div id=\"m3932\" class=\"module text\">\n<p class=\"bodytext\"><strong>Warto\u015bci od\u017cywcze na 100g<\/strong><\/p>\n<\/div>\n<\/div>\n<div id=\"c3388\" class=\"col col-lg-2 col-md-3 col-sm-4\">\n<div id=\"m3133\" class=\"module text\">\n<p class=\"bodytext\">956 kJ \/ 229 kcal<\/p>\n<\/div>\n<\/div>\n<div class=\"col hidden-sm hidden-md col-sm-2 col-md-1 col-lg-1 flexCol\">\u00a0t\u0142uszcz<\/div>\n<\/div>\n<\/div>\n<div id=\"r3044\" class=\"row\">\n<div class=\"container container-fixed\">\n<div id=\"c3470\" class=\"col col-md-5 col-lg-5 col-sm-8\">\n<div id=\"m4764\" class=\"module text\">\n<p class=\"bodytext\">w tym<\/p>\n<p class=\"bodytext\">&#8211; kwasy t\u0142uszczowe nasycone<\/p>\n<\/div>\n<\/div>\n<div id=\"c3407\" class=\"col col-lg-2 col-md-3 col-sm-4\">\n<div id=\"m1968\" class=\"module text\">\n<p class=\"bodytext\">0g<\/p>\n<p class=\"bodytext\">0g<\/p>\n<\/div>\n<\/div>\n<div class=\"col hidden-sm hidden-md col-sm-2 col-md-1 col-lg-1 flexCol\">\u00a0w\u0119glowodany<\/div>\n<\/div>\n<\/div>\n<div id=\"r2838\" class=\"row\">\n<div class=\"container container-fixed\">\n<div id=\"c3318\" class=\"col col-md-5 col-lg-5 col-sm-8\">\n<div id=\"m4987\" class=\"module text\">\n<p class=\"bodytext\">w tym<\/p>\n<p class=\"bodytext\">&#8211; cukry<br \/>\n&#8211; alkohole wielowodorotlenowe (poliole)<\/p>\n<\/div>\n<\/div>\n<div id=\"c1484\" class=\"col col-lg-2 col-md-3 col-sm-4\">\n<div id=\"m1849\" class=\"module text\">\n<p class=\"bodytext\">95g<\/p>\n<p class=\"bodytext\">0g<br \/>\n95g<\/p>\n<\/div>\n<\/div>\n<\/div>\n<\/div>\n<div id=\"r4237\" class=\"row\">\n<div class=\"container container-fixed\">\n<div id=\"c4145\" class=\"col col-md-5 col-lg-5 col-sm-8\">\n<div id=\"m4069\" class=\"module text\">\n<p class=\"bodytext\">bia\u0142ko<\/p>\n<\/div>\n<\/div>\n<div id=\"c1626\" class=\"col col-lg-2 col-md-3 col-sm-4\">\n<div id=\"m2400\" class=\"module text\">\n<p class=\"bodytext\">0g<\/p>\n<\/div>\n<\/div>\n<\/div>\n<\/div>\n<div id=\"r1836\" class=\"row\">\n<div class=\"container container-fixed\">\n<div id=\"c4620\" class=\"col col-md-5 col-lg-5 col-sm-8\">\n<div id=\"m1549\" class=\"module text\">\n<p class=\"bodytext\">s\u00f3l<\/p>\n<\/div>\n<\/div>\n<div id=\"c1000\" class=\"col col-lg-2 col-md-3 col-sm-4\">\n<div id=\"m2888\" class=\"module text\">\n<p class=\"bodytext\">0,0g<\/p>\n<h3>Informacje dodatkowe<\/h3>\n<p>Produkt mo\u017ce zawiera\u0107 mleko, jaja i soj\u0119.<\/p>\n<p>Spo\u017cycie w nadmiernych ilo\u015bciach mo\u017ce mie\u0107 efekt przeczyszczaj\u0105cy.<\/p>\n<\/div>\n<\/div>\n<\/div>\n<\/div>","protected":false},"excerpt":{"rendered":"<p>Opis Produktu Orze\u017awiaj\u0105cy smak cytrus\u00f3w i owoc\u00f3w tropikalnych bez cukru i sztucznych barwnik\u00f3w. Zawiera substancje s\u0142odz\u0105ce. Sk\u0142adniki: substancja s\u0142odz\u0105ca: izomalt, glikozydy stewiolowe ze stewii 0,045%, regulator kwasowo\u015bci: kwas cytrynowy, naturalne aromaty: pomara\u0144czowy, grejpfrutowy z innymi naturalnymi aromatami, ananasowy z innymi naturalnymi aromatami, zag\u0119szczony sok z owoc\u00f3w tropikalnych 0,1% w proszku (maltodekstryna, koncentraty i puree z [&hellip;]<\/p>","protected":false},"featured_media":1497,"template":"","meta":{"site-sidebar-layout":"default","site-content-layout":"","ast-site-content-layout":"default","site-content-style":"default","site-sidebar-style":"default","ast-global-header-display":"","ast-banner-title-visibility":"","ast-main-header-display":"","ast-hfb-above-header-display":"","ast-hfb-below-header-display":"","ast-hfb-mobile-header-display":"","site-post-title":"","ast-breadcrumbs-content":"","ast-featured-img":"","footer-sml-layout":"","theme-transparent-header-meta":"default","adv-header-id-meta":"","stick-header-meta":"","header-above-stick-meta":"","header-main-stick-meta":"","header-below-stick-meta":"","astra-migrate-meta-layouts":"set","ast-page-background-enabled":"default","ast-page-background-meta":{"desktop":{"background-color":"var(--ast-global-color-4)","background-image":"","background-repeat":"repeat","background-position":"center center","background-size":"auto","background-attachment":"scroll","background-type":"","background-media":"","overlay-type":"","overlay-color":"","overlay-opacity":"","overlay-gradient":""},"tablet":{"background-color":"","background-image":"","background-repeat":"repeat","background-position":"center center","background-size":"auto","background-attachment":"scroll","background-type":"","background-media":"","overlay-type":"","overlay-color":"","overlay-opacity":"","overlay-gradient":""},"mobile":{"background-color":"","background-image":"","background-repeat":"repeat","background-position":"center center","background-size":"auto","background-attachment":"scroll","background-type":"","background-media":"","overlay-type":"","overlay-color":"","overlay-opacity":"","overlay-gradient":""}},"ast-content-background-meta":{"desktop":{"background-color":"var(--ast-global-color-5)","background-image":"","background-repeat":"repeat","background-position":"center center","background-size":"auto","background-attachment":"scroll","background-type":"","background-media":"","overlay-type":"","overlay-color":"","overlay-opacity":"","overlay-gradient":""},"tablet":{"background-color":"var(--ast-global-color-5)","background-image":"","background-repeat":"repeat","background-position":"center center","background-size":"auto","background-attachment":"scroll","background-type":"","background-media":"","overlay-type":"","overlay-color":"","overlay-opacity":"","overlay-gradient":""},"mobile":{"background-color":"var(--ast-global-color-5)","background-image":"","background-repeat":"repeat","background-position":"center center","background-size":"auto","background-attachment":"scroll","background-type":"","background-media":"","overlay-type":"","overlay-color":"","overlay-opacity":"","overlay-gradient":""}}},"product_cat":[37,24],"product_tag":[70],"class_list":{"0":"post-1458","1":"product","2":"type-product","3":"status-publish","4":"has-post-thumbnail","6":"product_cat-owocowe","7":"product_cat-przekaski","8":"product_tag-eko","9":"desktop-align-center","10":"tablet-align-left","11":"mobile-align-left","13":"first","14":"instock","15":"purchasable","16":"product-type-simple"},"_links":{"self":[{"href":"https:\/\/los-odpowiedzialni-spolecznie.pl\/en\/wp-json\/wp\/v2\/product\/1458","targetHints":{"allow":["GET"]}}],"collection":[{"href":"https:\/\/los-odpowiedzialni-spolecznie.pl\/en\/wp-json\/wp\/v2\/product"}],"about":[{"href":"https:\/\/los-odpowiedzialni-spolecznie.pl\/en\/wp-json\/wp\/v2\/types\/product"}],"wp:featuredmedia":[{"embeddable":true,"href":"https:\/\/los-odpowiedzialni-spolecznie.pl\/en\/wp-json\/wp\/v2\/media\/1497"}],"wp:attachment":[{"href":"https:\/\/los-odpowiedzialni-spolecznie.pl\/en\/wp-json\/wp\/v2\/media?parent=1458"}],"wp:term":[{"taxonomy":"product_cat","embeddable":true,"href":"https:\/\/los-odpowiedzialni-spolecznie.pl\/en\/wp-json\/wp\/v2\/product_cat?post=1458"},{"taxonomy":"product_tag","embeddable":true,"href":"https:\/\/los-odpowiedzialni-spolecznie.pl\/en\/wp-json\/wp\/v2\/product_tag?post=1458"}],"curies":[{"name":"wp","href":"https:\/\/api.w.org\/{rel}","templated":true}]}}