{"id":1443,"date":"2024-12-23T16:18:13","date_gmt":"2024-12-23T15:18:13","guid":{"rendered":"https:\/\/los-odpowiedzialni-spolecznie.pl\/?post_type=product&#038;p=1443"},"modified":"2024-12-23T16:19:17","modified_gmt":"2024-12-23T15:19:17","slug":"powidla-sliwkowe-bez-dodatku-cukrow-310-g-krokus","status":"publish","type":"product","link":"https:\/\/los-odpowiedzialni-spolecznie.pl\/en\/sklep\/produkty-spozywcze\/przekaski\/slodkie\/powidla-sliwkowe-bez-dodatku-cukrow-310-g-krokus\/","title":{"rendered":"POWID\u0141A \u015aLIWKOWE BEZ DODATKU CUKR\u00d3W 310 G \u2013 KROKUS"},"content":{"rendered":"<h3>Opis Produktu<\/h3>\n<p class=\"product_title entry-title\"><strong>POWID\u0141A \u015aLIWKOWE BEZ DODATKU CUKR\u00d3W 310 G \u2013 KROKUS<\/strong><\/p>\n<p><strong>Sporz\u0105dzono z 215 g owoc\u00f3w na 100 g produktu.<\/strong><br \/>\nProdukcja powide\u0142 bez dodatku cukru wymaga staranno\u015bci. Ca\u0142e owoce ze sk\u00f3rk\u0105, rozparzamy, przecieramy przez g\u0119ste sita i zag\u0119szczamy w wyparkach (kocio\u0142kach pr\u00f3\u017cniowych gdzie temperatura wrzenia wynosi 80\u00b0C). Dzi\u0119ki czemu powid\u0142a s\u0105 g\u0142adkie. Poniewa\u017c nie dodajemy cukru ani innych substancji s\u0142odz\u0105cych, jak sok winogronowy, powid\u0142a \u015bliwkowe s\u0105 lekko kwaskowate, o wyra\u017anym smaku w\u0119gierek.<br \/>\nPowid\u0142ami \u015bliwkowymi bez dodatku cukru mo\u017cna posmarowa\u0107 chleb z mas\u0142em, tost, bu\u0142k\u0119 czy rogalika. Piernik prze\u0142o\u017cony tymi powid\u0142ami zyskuje szlachetny winny smak. Powid\u0142a \u015bliwkowe dobrze \u0142\u0105cz\u0105 si\u0119 z naturalnymi serkami, kaszami, ry\u017cem gotowanym na mleku. Proponujemy doda\u0107 je do porannej owsianki czy musli. Mo\u017cna z nich r\u00f3wnie\u017c przygotowa\u0107 ciekawy sos mi\u0119s lub wytrawn\u0105 zup\u0119 \u015bliwkow\u0105.<\/p>\n<p>Powid\u0142a \u015bliwkowe bez dodatku cukru:<br \/>\n\u2013 zawiera naturalnie wyst\u0119puj\u0119 cukry<br \/>\n\u2013 ca\u0142e owoce przetarte ze sk\u00f3rk\u0105<br \/>\n\u2013 g\u0142adka, smarowna konsystencja<\/p>\n<p>Produkt pasteryzowany.<\/p>\n<p><strong>SK\u0141ADNIKI<\/strong><br \/>\n\u015bliwki w\u0119gierki.<\/p>\n<p><strong>WARTO\u015a\u0106 OD\u017bYWCZA W 100 g<\/strong><br \/>\nWarto\u015b\u0107 energetyczna: 413 kJ\/99 kcal<br \/>\nT\u0142uszcz: 0,6 g<br \/>\nw tym kwasy t\u0142uszczowe nasycone: 0 g<br \/>\nW\u0119glowodany: 24 g<br \/>\nw tym cukry: 21 g<br \/>\nBia\u0142ko: 0,6 g<br \/>\nS\u00f3l: 0 g<\/p>\n<p><strong>ZALECANE WARUNKI PRZECHOWYWANIA<\/strong><br \/>\nPrzechowywa\u0107 w suchym i ch\u0142odnym miejscu, po otwarciu przechowywa\u0107 w lod\u00f3wce.<\/p>","protected":false},"excerpt":{"rendered":"<p>Opis Produktu POWID\u0141A \u015aLIWKOWE BEZ DODATKU CUKR\u00d3W 310 G \u2013 KROKUS Sporz\u0105dzono z 215 g owoc\u00f3w na 100 g produktu. Produkcja powide\u0142 bez dodatku cukru wymaga staranno\u015bci. Ca\u0142e owoce ze sk\u00f3rk\u0105, rozparzamy, przecieramy przez g\u0119ste sita i zag\u0119szczamy w wyparkach (kocio\u0142kach pr\u00f3\u017cniowych gdzie temperatura wrzenia wynosi 80\u00b0C). Dzi\u0119ki czemu powid\u0142a s\u0105 g\u0142adkie. Poniewa\u017c nie dodajemy [&hellip;]<\/p>","protected":false},"featured_media":1483,"template":"","meta":{"site-sidebar-layout":"default","site-content-layout":"","ast-site-content-layout":"default","site-content-style":"default","site-sidebar-style":"default","ast-global-header-display":"","ast-banner-title-visibility":"","ast-main-header-display":"","ast-hfb-above-header-display":"","ast-hfb-below-header-display":"","ast-hfb-mobile-header-display":"","site-post-title":"","ast-breadcrumbs-content":"","ast-featured-img":"","footer-sml-layout":"","theme-transparent-header-meta":"default","adv-header-id-meta":"","stick-header-meta":"","header-above-stick-meta":"","header-main-stick-meta":"","header-below-stick-meta":"","astra-migrate-meta-layouts":"set","ast-page-background-enabled":"default","ast-page-background-meta":{"desktop":{"background-color":"var(--ast-global-color-4)","background-image":"","background-repeat":"repeat","background-position":"center center","background-size":"auto","background-attachment":"scroll","background-type":"","background-media":"","overlay-type":"","overlay-color":"","overlay-opacity":"","overlay-gradient":""},"tablet":{"background-color":"","background-image":"","background-repeat":"repeat","background-position":"center center","background-size":"auto","background-attachment":"scroll","background-type":"","background-media":"","overlay-type":"","overlay-color":"","overlay-opacity":"","overlay-gradient":""},"mobile":{"background-color":"","background-image":"","background-repeat":"repeat","background-position":"center center","background-size":"auto","background-attachment":"scroll","background-type":"","background-media":"","overlay-type":"","overlay-color":"","overlay-opacity":"","overlay-gradient":""}},"ast-content-background-meta":{"desktop":{"background-color":"var(--ast-global-color-5)","background-image":"","background-repeat":"repeat","background-position":"center center","background-size":"auto","background-attachment":"scroll","background-type":"","background-media":"","overlay-type":"","overlay-color":"","overlay-opacity":"","overlay-gradient":""},"tablet":{"background-color":"var(--ast-global-color-5)","background-image":"","background-repeat":"repeat","background-position":"center center","background-size":"auto","background-attachment":"scroll","background-type":"","background-media":"","overlay-type":"","overlay-color":"","overlay-opacity":"","overlay-gradient":""},"mobile":{"background-color":"var(--ast-global-color-5)","background-image":"","background-repeat":"repeat","background-position":"center center","background-size":"auto","background-attachment":"scroll","background-type":"","background-media":"","overlay-type":"","overlay-color":"","overlay-opacity":"","overlay-gradient":""}}},"product_cat":[25,24],"product_tag":[],"class_list":{"0":"post-1443","1":"product","2":"type-product","3":"status-publish","4":"has-post-thumbnail","6":"product_cat-slodkie","7":"product_cat-przekaski","8":"desktop-align-center","9":"tablet-align-left","10":"mobile-align-left","12":"first","13":"onbackorder","14":"purchasable","15":"product-type-simple"},"_links":{"self":[{"href":"https:\/\/los-odpowiedzialni-spolecznie.pl\/en\/wp-json\/wp\/v2\/product\/1443","targetHints":{"allow":["GET"]}}],"collection":[{"href":"https:\/\/los-odpowiedzialni-spolecznie.pl\/en\/wp-json\/wp\/v2\/product"}],"about":[{"href":"https:\/\/los-odpowiedzialni-spolecznie.pl\/en\/wp-json\/wp\/v2\/types\/product"}],"wp:featuredmedia":[{"embeddable":true,"href":"https:\/\/los-odpowiedzialni-spolecznie.pl\/en\/wp-json\/wp\/v2\/media\/1483"}],"wp:attachment":[{"href":"https:\/\/los-odpowiedzialni-spolecznie.pl\/en\/wp-json\/wp\/v2\/media?parent=1443"}],"wp:term":[{"taxonomy":"product_cat","embeddable":true,"href":"https:\/\/los-odpowiedzialni-spolecznie.pl\/en\/wp-json\/wp\/v2\/product_cat?post=1443"},{"taxonomy":"product_tag","embeddable":true,"href":"https:\/\/los-odpowiedzialni-spolecznie.pl\/en\/wp-json\/wp\/v2\/product_tag?post=1443"}],"curies":[{"name":"wp","href":"https:\/\/api.w.org\/{rel}","templated":true}]}}