{"id":1429,"date":"2024-12-23T16:17:51","date_gmt":"2024-12-23T15:17:51","guid":{"rendered":"https:\/\/los-odpowiedzialni-spolecznie.pl\/?post_type=product&#038;p=1429"},"modified":"2024-12-23T16:19:00","modified_gmt":"2024-12-23T15:19:00","slug":"chipsy-ziemniaczane-smazone-na-oliwie-z-oliwek-trafo-100g","status":"publish","type":"product","link":"https:\/\/los-odpowiedzialni-spolecznie.pl\/en\/sklep\/produkty-spozywcze\/przekaski\/slone\/chipsy-ziemniaczane-smazone-na-oliwie-z-oliwek-trafo-100g\/","title":{"rendered":"Chipsy ziemniaczane sma\u017cone na oliwie z oliwek Trafo 100g"},"content":{"rendered":"<h3>Opis Produktu<\/h3>\n<p class=\"product-title\"><strong>Chipsy ziemniaczane sma\u017cone na oliwie z oliwek Trafo 100g<\/strong><\/p>\n<p>Pyszne chipsy s\u0105 lekko solone i pieczone na oliwie z oliwek z pierwszego t\u0142oczenia. Proces pieczenia w maksymalnej temperaturze 165\u00b0C jest d\u0142u\u017cszy i wolniejszy ni\u017c w przypadku zwyk\u0142ych chips\u00f3w, co nadaje im wi\u0119ksz\u0105 k\u0119s.<\/p>\n<h2>Sk\u0142adniki:<\/h2>\n<p>Ziemniaki*, oliwa z oliwek extra virgin* (28%), s\u00f3l<br \/>\n* Z certyfikowanych upraw ekologicznych.<\/p>\n<section id=\"additional\" class=\"right-block hyph\">\n<h2>Dodatkowe informacje:<\/h2>\n<p>Przechowywa\u0107 w suchym miejscu. Spo\u017cy\u0107 bezpo\u015brednio po otwarciu.<\/p>\n<\/section>\n<section id=\"nutrition\" class=\"right-block\">\n<table class=\"nutrition\">\n<tbody>\n<tr>\n<td class=\"nutrition\" colspan=\"2\"><strong>Warto\u015b\u0107 od\u017cywcza na 100 g<\/strong><\/td>\n<\/tr>\n<tr>\n<td>Energia<\/td>\n<td class=\"value\">2160 kJ \/ 516 kcal<\/td>\n<\/tr>\n<tr>\n<td>T\u0142uszcz<\/td>\n<td class=\"value\"><span class=\"nutri value\">28\u00a0<\/span><span class=\"nutri unit\">gr<\/span><\/td>\n<\/tr>\n<tr>\n<td>&#8211; Z czego nasyca si\u0119<\/td>\n<td class=\"value\"><span class=\"nutri value\">5\u00a0<\/span><span class=\"nutri unit\">gr<\/span><\/td>\n<\/tr>\n<tr>\n<td>W\u0119glowodan<\/td>\n<td class=\"value\"><span class=\"nutri value\">61\u00a0<\/span><span class=\"nutri unit\">gr<\/span><\/td>\n<\/tr>\n<tr>\n<td>&#8211; z kt\u00f3rych cukr\u00f3w<\/td>\n<td class=\"value\"><span class=\"nutri value\">0,5\u00a0<\/span><span class=\"nutri unit\">g<\/span><\/td>\n<\/tr>\n<tr>\n<td>B\u0142onnik<\/td>\n<td class=\"value\"><span class=\"nutri value\">4\u00a0<\/span><span class=\"nutri unit\">gr<\/span><\/td>\n<\/tr>\n<tr>\n<td>Bia\u0142ko<\/td>\n<td class=\"value\"><span class=\"nutri value\">5,5\u00a0<\/span><span class=\"nutri unit\">g<\/span><\/td>\n<\/tr>\n<tr>\n<td>S\u00f3l<\/td>\n<td class=\"value\"><span class=\"nutri value\">0,8\u00a0<\/span><span class=\"nutri unit\">g<\/span><\/td>\n<\/tr>\n<\/tbody>\n<\/table>\n<\/section>","protected":false},"excerpt":{"rendered":"<p>Opis Produktu Chipsy ziemniaczane sma\u017cone na oliwie z oliwek Trafo 100g Pyszne chipsy s\u0105 lekko solone i pieczone na oliwie z oliwek z pierwszego t\u0142oczenia. Proces pieczenia w maksymalnej temperaturze 165\u00b0C jest d\u0142u\u017cszy i wolniejszy ni\u017c w przypadku zwyk\u0142ych chips\u00f3w, co nadaje im wi\u0119ksz\u0105 k\u0119s. Sk\u0142adniki: Ziemniaki*, oliwa z oliwek extra virgin* (28%), s\u00f3l * [&hellip;]<\/p>","protected":false},"featured_media":1477,"template":"","meta":{"site-sidebar-layout":"default","site-content-layout":"","ast-site-content-layout":"default","site-content-style":"default","site-sidebar-style":"default","ast-global-header-display":"","ast-banner-title-visibility":"","ast-main-header-display":"","ast-hfb-above-header-display":"","ast-hfb-below-header-display":"","ast-hfb-mobile-header-display":"","site-post-title":"","ast-breadcrumbs-content":"","ast-featured-img":"","footer-sml-layout":"","theme-transparent-header-meta":"default","adv-header-id-meta":"","stick-header-meta":"","header-above-stick-meta":"","header-main-stick-meta":"","header-below-stick-meta":"","astra-migrate-meta-layouts":"set","ast-page-background-enabled":"default","ast-page-background-meta":{"desktop":{"background-color":"var(--ast-global-color-4)","background-image":"","background-repeat":"repeat","background-position":"center center","background-size":"auto","background-attachment":"scroll","background-type":"","background-media":"","overlay-type":"","overlay-color":"","overlay-opacity":"","overlay-gradient":""},"tablet":{"background-color":"","background-image":"","background-repeat":"repeat","background-position":"center center","background-size":"auto","background-attachment":"scroll","background-type":"","background-media":"","overlay-type":"","overlay-color":"","overlay-opacity":"","overlay-gradient":""},"mobile":{"background-color":"","background-image":"","background-repeat":"repeat","background-position":"center center","background-size":"auto","background-attachment":"scroll","background-type":"","background-media":"","overlay-type":"","overlay-color":"","overlay-opacity":"","overlay-gradient":""}},"ast-content-background-meta":{"desktop":{"background-color":"var(--ast-global-color-5)","background-image":"","background-repeat":"repeat","background-position":"center center","background-size":"auto","background-attachment":"scroll","background-type":"","background-media":"","overlay-type":"","overlay-color":"","overlay-opacity":"","overlay-gradient":""},"tablet":{"background-color":"var(--ast-global-color-5)","background-image":"","background-repeat":"repeat","background-position":"center center","background-size":"auto","background-attachment":"scroll","background-type":"","background-media":"","overlay-type":"","overlay-color":"","overlay-opacity":"","overlay-gradient":""},"mobile":{"background-color":"var(--ast-global-color-5)","background-image":"","background-repeat":"repeat","background-position":"center center","background-size":"auto","background-attachment":"scroll","background-type":"","background-media":"","overlay-type":"","overlay-color":"","overlay-opacity":"","overlay-gradient":""}}},"product_cat":[66,24],"product_tag":[34],"class_list":{"0":"post-1429","1":"product","2":"type-product","3":"status-publish","4":"has-post-thumbnail","6":"product_cat-slone","7":"product_cat-przekaski","8":"product_tag-etykieta-eko","9":"desktop-align-center","10":"tablet-align-left","11":"mobile-align-left","13":"first","14":"onbackorder","15":"purchasable","16":"product-type-simple"},"_links":{"self":[{"href":"https:\/\/los-odpowiedzialni-spolecznie.pl\/en\/wp-json\/wp\/v2\/product\/1429","targetHints":{"allow":["GET"]}}],"collection":[{"href":"https:\/\/los-odpowiedzialni-spolecznie.pl\/en\/wp-json\/wp\/v2\/product"}],"about":[{"href":"https:\/\/los-odpowiedzialni-spolecznie.pl\/en\/wp-json\/wp\/v2\/types\/product"}],"wp:featuredmedia":[{"embeddable":true,"href":"https:\/\/los-odpowiedzialni-spolecznie.pl\/en\/wp-json\/wp\/v2\/media\/1477"}],"wp:attachment":[{"href":"https:\/\/los-odpowiedzialni-spolecznie.pl\/en\/wp-json\/wp\/v2\/media?parent=1429"}],"wp:term":[{"taxonomy":"product_cat","embeddable":true,"href":"https:\/\/los-odpowiedzialni-spolecznie.pl\/en\/wp-json\/wp\/v2\/product_cat?post=1429"},{"taxonomy":"product_tag","embeddable":true,"href":"https:\/\/los-odpowiedzialni-spolecznie.pl\/en\/wp-json\/wp\/v2\/product_tag?post=1429"}],"curies":[{"name":"wp","href":"https:\/\/api.w.org\/{rel}","templated":true}]}}