{"id":1428,"date":"2024-12-23T16:17:51","date_gmt":"2024-12-23T15:17:51","guid":{"rendered":"https:\/\/los-odpowiedzialni-spolecznie.pl\/?post_type=product&#038;p=1428"},"modified":"2024-12-23T16:18:56","modified_gmt":"2024-12-23T15:18:56","slug":"chipsy-ziemniaczane-o-smaku-czarnej-trufli-bio-100-g-trafo","status":"publish","type":"product","link":"https:\/\/los-odpowiedzialni-spolecznie.pl\/en\/sklep\/produkty-spozywcze\/przekaski\/slone\/chipsy-ziemniaczane-o-smaku-czarnej-trufli-bio-100-g-trafo\/","title":{"rendered":"CHIPSY ZIEMNIACZANE O SMAKU CZARNEJ TRUFLI BIO 100 g &#8211; TRAFO"},"content":{"rendered":"<h3>Opis Produktu<\/h3>\n<p class=\"title\"><strong>CHIPSY ZIEMNIACZANE O SMAKU CZARNEJ TRUFLI BIO 100 g &#8211; TRAFO<\/strong><\/p>\n<p><strong>Najwy\u017cszej jako\u015bci plastry ziemniak\u00f3w delikatnie pieczone w oleju s\u0142onecznikowym, doprawione trufl\u0105 letni\u0105.<\/strong><br class=\"def\" \/><strong>Z\u0142ocistobr\u0105zowa, chrupi\u0105ca przek\u0105ska jest r\u00f3wnie\u017c idealna do maczania w sosach lub jako przek\u0105ska z r\u00f3\u017cnymi dodatkami.<\/strong><br class=\"def\" \/><strong>Pokruszone chipsy mo\u017cesz wykorzysta\u0107 jako alternatyw\u0119 grzanek do sa\u0142atek lub kremowych zup.<\/strong><br class=\"def\" \/><strong>Pakowano w atmosferze ochronnej.<\/strong><\/p>\n<p><strong>SK\u0141ADNIKI<\/strong><br class=\"def\" \/>ziemniaki*, olej s\u0142onecznikowy* (32 %), naturalny aromat truflowy (3,27 %), s\u00f3l (1,7 %), trufla letnia* (Tuber Aestivum) (0,03 %). (*certyfikowany sk\u0142adnik ekologiczny)<\/p>\n<p><strong>WARTO\u015a\u0106 OD\u017bYWCZA W 100 g<\/strong><br class=\"def\" \/><strong>Warto\u015b\u0107 energetyczna &#8211; 2181 kJ\/521 kcal<\/strong><br class=\"def\" \/>T\u0142uszcz &#8211; 32 g<br class=\"def\" \/>w tym kwasy t\u0142uszczowe nasycone &#8211; 3,5 g<br class=\"def\" \/>W\u0119glowodany &#8211; 49 g<br class=\"def\" \/>w tym cukry &#8211; 1,0 g<br class=\"def\" \/>B\u0142onnik &#8211; 5,3 g<br class=\"def\" \/>Bia\u0142ko &#8211; 7,5 g<br class=\"def\" \/>S\u00f3l &#8211; 1,7 g<br class=\"def\" \/><br class=\"def\" \/><strong>ZALECANE WARUNKI PRZECHOWYWANIA<\/strong><br class=\"def\" \/>Przechowywa\u0107 w suchym miejscu. Po otwarciu spo\u017cy\u0107 w ci\u0105gu kilku dni.<\/p>","protected":false},"excerpt":{"rendered":"<p>Opis Produktu CHIPSY ZIEMNIACZANE O SMAKU CZARNEJ TRUFLI BIO 100 g &#8211; TRAFO Najwy\u017cszej jako\u015bci plastry ziemniak\u00f3w delikatnie pieczone w oleju s\u0142onecznikowym, doprawione trufl\u0105 letni\u0105.Z\u0142ocistobr\u0105zowa, chrupi\u0105ca przek\u0105ska jest r\u00f3wnie\u017c idealna do maczania w sosach lub jako przek\u0105ska z r\u00f3\u017cnymi dodatkami.Pokruszone chipsy mo\u017cesz wykorzysta\u0107 jako alternatyw\u0119 grzanek do sa\u0142atek lub kremowych zup.Pakowano w atmosferze ochronnej. SK\u0141ADNIKIziemniaki*, [&hellip;]<\/p>","protected":false},"featured_media":1469,"template":"","meta":{"site-sidebar-layout":"default","site-content-layout":"","ast-site-content-layout":"default","site-content-style":"default","site-sidebar-style":"default","ast-global-header-display":"","ast-banner-title-visibility":"","ast-main-header-display":"","ast-hfb-above-header-display":"","ast-hfb-below-header-display":"","ast-hfb-mobile-header-display":"","site-post-title":"","ast-breadcrumbs-content":"","ast-featured-img":"","footer-sml-layout":"","theme-transparent-header-meta":"default","adv-header-id-meta":"","stick-header-meta":"","header-above-stick-meta":"","header-main-stick-meta":"","header-below-stick-meta":"","astra-migrate-meta-layouts":"set","ast-page-background-enabled":"default","ast-page-background-meta":{"desktop":{"background-color":"var(--ast-global-color-4)","background-image":"","background-repeat":"repeat","background-position":"center center","background-size":"auto","background-attachment":"scroll","background-type":"","background-media":"","overlay-type":"","overlay-color":"","overlay-opacity":"","overlay-gradient":""},"tablet":{"background-color":"","background-image":"","background-repeat":"repeat","background-position":"center center","background-size":"auto","background-attachment":"scroll","background-type":"","background-media":"","overlay-type":"","overlay-color":"","overlay-opacity":"","overlay-gradient":""},"mobile":{"background-color":"","background-image":"","background-repeat":"repeat","background-position":"center center","background-size":"auto","background-attachment":"scroll","background-type":"","background-media":"","overlay-type":"","overlay-color":"","overlay-opacity":"","overlay-gradient":""}},"ast-content-background-meta":{"desktop":{"background-color":"var(--ast-global-color-5)","background-image":"","background-repeat":"repeat","background-position":"center center","background-size":"auto","background-attachment":"scroll","background-type":"","background-media":"","overlay-type":"","overlay-color":"","overlay-opacity":"","overlay-gradient":""},"tablet":{"background-color":"var(--ast-global-color-5)","background-image":"","background-repeat":"repeat","background-position":"center center","background-size":"auto","background-attachment":"scroll","background-type":"","background-media":"","overlay-type":"","overlay-color":"","overlay-opacity":"","overlay-gradient":""},"mobile":{"background-color":"var(--ast-global-color-5)","background-image":"","background-repeat":"repeat","background-position":"center center","background-size":"auto","background-attachment":"scroll","background-type":"","background-media":"","overlay-type":"","overlay-color":"","overlay-opacity":"","overlay-gradient":""}}},"product_cat":[66,24],"product_tag":[34],"class_list":{"0":"post-1428","1":"product","2":"type-product","3":"status-publish","4":"has-post-thumbnail","6":"product_cat-slone","7":"product_cat-przekaski","8":"product_tag-etykieta-eko","9":"desktop-align-center","10":"tablet-align-left","11":"mobile-align-left","13":"first","14":"onbackorder","15":"purchasable","16":"product-type-simple"},"_links":{"self":[{"href":"https:\/\/los-odpowiedzialni-spolecznie.pl\/en\/wp-json\/wp\/v2\/product\/1428","targetHints":{"allow":["GET"]}}],"collection":[{"href":"https:\/\/los-odpowiedzialni-spolecznie.pl\/en\/wp-json\/wp\/v2\/product"}],"about":[{"href":"https:\/\/los-odpowiedzialni-spolecznie.pl\/en\/wp-json\/wp\/v2\/types\/product"}],"wp:featuredmedia":[{"embeddable":true,"href":"https:\/\/los-odpowiedzialni-spolecznie.pl\/en\/wp-json\/wp\/v2\/media\/1469"}],"wp:attachment":[{"href":"https:\/\/los-odpowiedzialni-spolecznie.pl\/en\/wp-json\/wp\/v2\/media?parent=1428"}],"wp:term":[{"taxonomy":"product_cat","embeddable":true,"href":"https:\/\/los-odpowiedzialni-spolecznie.pl\/en\/wp-json\/wp\/v2\/product_cat?post=1428"},{"taxonomy":"product_tag","embeddable":true,"href":"https:\/\/los-odpowiedzialni-spolecznie.pl\/en\/wp-json\/wp\/v2\/product_tag?post=1428"}],"curies":[{"name":"wp","href":"https:\/\/api.w.org\/{rel}","templated":true}]}}