{"id":1427,"date":"2024-12-23T16:17:51","date_gmt":"2024-12-23T15:17:51","guid":{"rendered":"https:\/\/los-odpowiedzialni-spolecznie.pl\/?post_type=product&#038;p=1427"},"modified":"2024-12-23T16:18:52","modified_gmt":"2024-12-23T15:18:52","slug":"chipsy-ziemniaczane-naturalne-solone-bio-125-g-trafo","status":"publish","type":"product","link":"https:\/\/los-odpowiedzialni-spolecznie.pl\/en\/sklep\/produkty-spozywcze\/przekaski\/slone\/chipsy-ziemniaczane-naturalne-solone-bio-125-g-trafo\/","title":{"rendered":"CHIPSY ZIEMNIACZANE NATURALNE SOLONE BIO 125 g &#8211; TRAFO"},"content":{"rendered":"<h3>Opis Produktu<\/h3>\n<p><strong>CHIPSY ZIEMNIACZANE NATURALNE SOLONE BIO 125 g &#8211; TRAFO<\/strong><\/p>\n<p>Chipsy wyr\u00f3\u017cniaj\u0105 si\u0119 wyj\u0105tkow\u0105 chrupko\u015bci\u0105 i do\u015b\u0107 intensywnym, ale wywa\u017conym smakiem. Doskona\u0142e na imprez\u0119, wiecz\u00f3r filmowy, czy mecz z kolegami!<br \/>\n<strong>Pakowane w atmosferze ochronnej.<\/strong><\/p>\n<p><strong>SK\u0141ADNIKI<\/strong><br \/>\nziemniaki*, olej s\u0142onecznikowy*, sol morska (0,9 %), przeciwutleniacze: ekstrakty z rozmarynu* (wyci\u0105gi z rozmarynu), kwas akorbinowy. (*certyfikowany sk\u0142adnik ekologiczny)<\/p>\n<p><strong>WARTO\u015a\u0106 OD\u017bYWCZA W 100 g<\/strong><br \/>\n<strong>Warto\u015b\u0107 energetyczna &#8211; 2282 kJ\/545 kcal<\/strong><br \/>\nT\u0142uszcz &#8211; 36 g<br \/>\nw tym kwasy t\u0142uszczowe nasycone &#8211; 3,4 g<br \/>\nW\u0119glowodany &#8211; 47 g<br \/>\nw tym cukry &#8211; 1,2 g<br \/>\nB\u0142onnik &#8211; 5,1 g<br \/>\nBia\u0142ko &#8211; 5,1 g<br \/>\nS\u00f3l &#8211; 0,9 g<\/p>\n<p><strong>ZALECANE WARUNKI PRZECHOWYWANIA<\/strong><br \/>\nPrzechowywa\u0107 w suchym i ch\u0142odnym miejscu. Spo\u017cy\u0107 natychmiast po otwarciu.<\/p>","protected":false},"excerpt":{"rendered":"<p>Opis Produktu CHIPSY ZIEMNIACZANE NATURALNE SOLONE BIO 125 g &#8211; TRAFO Chipsy wyr\u00f3\u017cniaj\u0105 si\u0119 wyj\u0105tkow\u0105 chrupko\u015bci\u0105 i do\u015b\u0107 intensywnym, ale wywa\u017conym smakiem. Doskona\u0142e na imprez\u0119, wiecz\u00f3r filmowy, czy mecz z kolegami! Pakowane w atmosferze ochronnej. SK\u0141ADNIKI ziemniaki*, olej s\u0142onecznikowy*, sol morska (0,9 %), przeciwutleniacze: ekstrakty z rozmarynu* (wyci\u0105gi z rozmarynu), kwas akorbinowy. (*certyfikowany sk\u0142adnik ekologiczny) [&hellip;]<\/p>","protected":false},"featured_media":1468,"template":"","meta":{"site-sidebar-layout":"default","site-content-layout":"","ast-site-content-layout":"default","site-content-style":"default","site-sidebar-style":"default","ast-global-header-display":"","ast-banner-title-visibility":"","ast-main-header-display":"","ast-hfb-above-header-display":"","ast-hfb-below-header-display":"","ast-hfb-mobile-header-display":"","site-post-title":"","ast-breadcrumbs-content":"","ast-featured-img":"","footer-sml-layout":"","theme-transparent-header-meta":"default","adv-header-id-meta":"","stick-header-meta":"","header-above-stick-meta":"","header-main-stick-meta":"","header-below-stick-meta":"","astra-migrate-meta-layouts":"set","ast-page-background-enabled":"default","ast-page-background-meta":{"desktop":{"background-color":"var(--ast-global-color-4)","background-image":"","background-repeat":"repeat","background-position":"center center","background-size":"auto","background-attachment":"scroll","background-type":"","background-media":"","overlay-type":"","overlay-color":"","overlay-opacity":"","overlay-gradient":""},"tablet":{"background-color":"","background-image":"","background-repeat":"repeat","background-position":"center center","background-size":"auto","background-attachment":"scroll","background-type":"","background-media":"","overlay-type":"","overlay-color":"","overlay-opacity":"","overlay-gradient":""},"mobile":{"background-color":"","background-image":"","background-repeat":"repeat","background-position":"center center","background-size":"auto","background-attachment":"scroll","background-type":"","background-media":"","overlay-type":"","overlay-color":"","overlay-opacity":"","overlay-gradient":""}},"ast-content-background-meta":{"desktop":{"background-color":"var(--ast-global-color-5)","background-image":"","background-repeat":"repeat","background-position":"center center","background-size":"auto","background-attachment":"scroll","background-type":"","background-media":"","overlay-type":"","overlay-color":"","overlay-opacity":"","overlay-gradient":""},"tablet":{"background-color":"var(--ast-global-color-5)","background-image":"","background-repeat":"repeat","background-position":"center center","background-size":"auto","background-attachment":"scroll","background-type":"","background-media":"","overlay-type":"","overlay-color":"","overlay-opacity":"","overlay-gradient":""},"mobile":{"background-color":"var(--ast-global-color-5)","background-image":"","background-repeat":"repeat","background-position":"center center","background-size":"auto","background-attachment":"scroll","background-type":"","background-media":"","overlay-type":"","overlay-color":"","overlay-opacity":"","overlay-gradient":""}}},"product_cat":[66,24],"product_tag":[34],"class_list":{"0":"post-1427","1":"product","2":"type-product","3":"status-publish","4":"has-post-thumbnail","6":"product_cat-slone","7":"product_cat-przekaski","8":"product_tag-etykieta-eko","9":"desktop-align-center","10":"tablet-align-left","11":"mobile-align-left","13":"first","14":"onbackorder","15":"purchasable","16":"product-type-simple"},"_links":{"self":[{"href":"https:\/\/los-odpowiedzialni-spolecznie.pl\/en\/wp-json\/wp\/v2\/product\/1427","targetHints":{"allow":["GET"]}}],"collection":[{"href":"https:\/\/los-odpowiedzialni-spolecznie.pl\/en\/wp-json\/wp\/v2\/product"}],"about":[{"href":"https:\/\/los-odpowiedzialni-spolecznie.pl\/en\/wp-json\/wp\/v2\/types\/product"}],"wp:featuredmedia":[{"embeddable":true,"href":"https:\/\/los-odpowiedzialni-spolecznie.pl\/en\/wp-json\/wp\/v2\/media\/1468"}],"wp:attachment":[{"href":"https:\/\/los-odpowiedzialni-spolecznie.pl\/en\/wp-json\/wp\/v2\/media?parent=1427"}],"wp:term":[{"taxonomy":"product_cat","embeddable":true,"href":"https:\/\/los-odpowiedzialni-spolecznie.pl\/en\/wp-json\/wp\/v2\/product_cat?post=1427"},{"taxonomy":"product_tag","embeddable":true,"href":"https:\/\/los-odpowiedzialni-spolecznie.pl\/en\/wp-json\/wp\/v2\/product_tag?post=1427"}],"curies":[{"name":"wp","href":"https:\/\/api.w.org\/{rel}","templated":true}]}}