{"id":1426,"date":"2024-12-23T16:17:51","date_gmt":"2024-12-23T15:17:51","guid":{"rendered":"https:\/\/los-odpowiedzialni-spolecznie.pl\/?post_type=product&#038;p=1426"},"modified":"2024-12-23T16:18:50","modified_gmt":"2024-12-23T15:18:50","slug":"chipsy-ziemniaczane-karbowane-paprykowe-bio-125-g-trafo","status":"publish","type":"product","link":"https:\/\/los-odpowiedzialni-spolecznie.pl\/en\/sklep\/produkty-spozywcze\/przekaski\/slone\/chipsy-ziemniaczane-karbowane-paprykowe-bio-125-g-trafo\/","title":{"rendered":"Chipsy Ziemniaczane Karbowane Paprykowe BIO 125 g Trafo"},"content":{"rendered":"<h3>Opis Produktu<\/h3>\n<div class=\"boxhead\">\n<p class=\"name\"><strong>Chipsy Ziemniaczane Karbowane Paprykowe BIO 125 g Trafo<\/strong><\/p>\n<\/div>\n<p><strong>TRTrafo\u00a0to marka najwy\u017cszej jako\u015bci, czystych,\u00a0ekologicznych\u00a0<a title=\"chipsy\" href=\"https:\/\/biosklep.com.pl\/chipsy\">chips\u00f3w<\/a>.\u00a0Trafo\u00a0jest zaufan\u0105 mark\u0105 w tym segmencie od ponad 30 lat.<br \/>\nMo\u017cesz zobaczy\u0107 t\u0119 d\u0142ug\u0105 histori\u0119 w dba\u0142o\u015bci, jak\u0105 przyk\u0142adamy przy wyborze naszych ekologicznych ziemniak\u00f3w, pasji i umiej\u0119tno\u015bciach, z kt\u00f3rymi je traktujemy, a przede wszystkim jako\u015bci i smaku naszego produktu ko\u0144cowego: pysznych i odpowiedzialnych ekologicznych\u00a0chips\u00f3w z Holandii!<\/strong><\/p>\n<p><strong>Chipsy te to idealna propozycja dla tych, kt\u00f3rzy chc\u0105 si\u0119 cieszy\u0107 klasycznym smakiem papryki w karbowanym wydaniu. Doskona\u0142e na imprez\u0119, wiecz\u00f3r filmowy, czy mecz z kolegami!<\/strong><br \/>\n<strong>Pakowane w atmosferze ochronnej.<\/strong><\/p>\n<p><strong>Sk\u0142adniki<\/strong>:<br \/>\nziemniaki*, olej s\u0142onecznikowy*, papryka w proszku* (1,25%), cebula w proszku*, s\u00f3l, m\u0105ka kukurydziana*, pomidor w proszku*, czosnek w proszku*, imbir*, pieprz cayenne*, pieprz bia\u0142y*, przeciwutleniacze: ekstrakty z rozmarynu* (wyci\u0105gi z rozmarynu), kwas askorbinowy.<br \/>\n* certyfikowany sk\u0142adnik ekologiczny<\/p>\n<p>&nbsp;<\/p>\n<p><strong>Warto\u015b\u0107 od\u017cywcza\u00a0w\u00a0100 g:<\/strong><br \/>\n<strong>Warto\u015b\u0107 energetyczna &#8211; 2233 kJ\/532 kcal<\/strong><br \/>\nT\u0142uszcz &#8211; 34 g<br \/>\n&#8211; w tym kwasy t\u0142uszczowe nasycone &#8211; 3,2 g<br \/>\nW\u0119glowodany &#8211; 48 g<br \/>\n&#8211; w tym cukry &#8211; 1,9 g<br \/>\nB\u0142onnik &#8211; 5,7 g<br \/>\nBia\u0142ko &#8211; 5,6 g<br \/>\nS\u00f3l &#8211; 1,2 g<\/p>\n<p><strong>Zalecane warunki przechowywania<\/strong>:<br \/>\nPrzechowywa\u0107 w suchym i ch\u0142odnym miejscu.<\/p>","protected":false},"excerpt":{"rendered":"<p>Opis Produktu Chipsy Ziemniaczane Karbowane Paprykowe BIO 125 g Trafo TRTrafo\u00a0to marka najwy\u017cszej jako\u015bci, czystych,\u00a0ekologicznych\u00a0chips\u00f3w.\u00a0Trafo\u00a0jest zaufan\u0105 mark\u0105 w tym segmencie od ponad 30 lat. Mo\u017cesz zobaczy\u0107 t\u0119 d\u0142ug\u0105 histori\u0119 w dba\u0142o\u015bci, jak\u0105 przyk\u0142adamy przy wyborze naszych ekologicznych ziemniak\u00f3w, pasji i umiej\u0119tno\u015bciach, z kt\u00f3rymi je traktujemy, a przede wszystkim jako\u015bci i smaku naszego produktu ko\u0144cowego: pysznych [&hellip;]<\/p>","protected":false},"featured_media":1467,"template":"","meta":{"site-sidebar-layout":"default","site-content-layout":"","ast-site-content-layout":"default","site-content-style":"default","site-sidebar-style":"default","ast-global-header-display":"","ast-banner-title-visibility":"","ast-main-header-display":"","ast-hfb-above-header-display":"","ast-hfb-below-header-display":"","ast-hfb-mobile-header-display":"","site-post-title":"","ast-breadcrumbs-content":"","ast-featured-img":"","footer-sml-layout":"","theme-transparent-header-meta":"default","adv-header-id-meta":"","stick-header-meta":"","header-above-stick-meta":"","header-main-stick-meta":"","header-below-stick-meta":"","astra-migrate-meta-layouts":"set","ast-page-background-enabled":"default","ast-page-background-meta":{"desktop":{"background-color":"var(--ast-global-color-4)","background-image":"","background-repeat":"repeat","background-position":"center center","background-size":"auto","background-attachment":"scroll","background-type":"","background-media":"","overlay-type":"","overlay-color":"","overlay-opacity":"","overlay-gradient":""},"tablet":{"background-color":"","background-image":"","background-repeat":"repeat","background-position":"center center","background-size":"auto","background-attachment":"scroll","background-type":"","background-media":"","overlay-type":"","overlay-color":"","overlay-opacity":"","overlay-gradient":""},"mobile":{"background-color":"","background-image":"","background-repeat":"repeat","background-position":"center center","background-size":"auto","background-attachment":"scroll","background-type":"","background-media":"","overlay-type":"","overlay-color":"","overlay-opacity":"","overlay-gradient":""}},"ast-content-background-meta":{"desktop":{"background-color":"var(--ast-global-color-5)","background-image":"","background-repeat":"repeat","background-position":"center center","background-size":"auto","background-attachment":"scroll","background-type":"","background-media":"","overlay-type":"","overlay-color":"","overlay-opacity":"","overlay-gradient":""},"tablet":{"background-color":"var(--ast-global-color-5)","background-image":"","background-repeat":"repeat","background-position":"center center","background-size":"auto","background-attachment":"scroll","background-type":"","background-media":"","overlay-type":"","overlay-color":"","overlay-opacity":"","overlay-gradient":""},"mobile":{"background-color":"var(--ast-global-color-5)","background-image":"","background-repeat":"repeat","background-position":"center center","background-size":"auto","background-attachment":"scroll","background-type":"","background-media":"","overlay-type":"","overlay-color":"","overlay-opacity":"","overlay-gradient":""}}},"product_cat":[66,24],"product_tag":[34],"class_list":{"0":"post-1426","1":"product","2":"type-product","3":"status-publish","4":"has-post-thumbnail","6":"product_cat-slone","7":"product_cat-przekaski","8":"product_tag-etykieta-eko","9":"desktop-align-center","10":"tablet-align-left","11":"mobile-align-left","13":"first","14":"onbackorder","15":"purchasable","16":"product-type-simple"},"_links":{"self":[{"href":"https:\/\/los-odpowiedzialni-spolecznie.pl\/en\/wp-json\/wp\/v2\/product\/1426","targetHints":{"allow":["GET"]}}],"collection":[{"href":"https:\/\/los-odpowiedzialni-spolecznie.pl\/en\/wp-json\/wp\/v2\/product"}],"about":[{"href":"https:\/\/los-odpowiedzialni-spolecznie.pl\/en\/wp-json\/wp\/v2\/types\/product"}],"wp:featuredmedia":[{"embeddable":true,"href":"https:\/\/los-odpowiedzialni-spolecznie.pl\/en\/wp-json\/wp\/v2\/media\/1467"}],"wp:attachment":[{"href":"https:\/\/los-odpowiedzialni-spolecznie.pl\/en\/wp-json\/wp\/v2\/media?parent=1426"}],"wp:term":[{"taxonomy":"product_cat","embeddable":true,"href":"https:\/\/los-odpowiedzialni-spolecznie.pl\/en\/wp-json\/wp\/v2\/product_cat?post=1426"},{"taxonomy":"product_tag","embeddable":true,"href":"https:\/\/los-odpowiedzialni-spolecznie.pl\/en\/wp-json\/wp\/v2\/product_tag?post=1426"}],"curies":[{"name":"wp","href":"https:\/\/api.w.org\/{rel}","templated":true}]}}