{"id":1412,"date":"2024-12-23T16:17:28","date_gmt":"2024-12-23T15:17:28","guid":{"rendered":"https:\/\/los-odpowiedzialni-spolecznie.pl\/?post_type=product&#038;p=1412"},"modified":"2024-12-23T16:18:31","modified_gmt":"2024-12-23T15:18:31","slug":"napoj-gazowany-lawendowy-bio-500-ml-hollinger","status":"publish","type":"product","link":"https:\/\/los-odpowiedzialni-spolecznie.pl\/en\/sklep\/produkty-spozywcze\/inne-napoje\/napoj-gazowany-lawendowy-bio-500-ml-hollinger\/","title":{"rendered":"NAP\u00d3J GAZOWANY LAWENDOWY BIO 500 ml &#8211; HOLLINGER"},"content":{"rendered":"<h3>Opis Produktu<\/h3>\n<p>Ma cudownie pachn\u0105cy i kwiatowy przyjemny smak. Wystarczaj\u0105cy pow\u00f3d, aby stworzy\u0107 musuj\u0105cy, orze\u017awiaj\u0105cy nap\u00f3j ze specjalnych kwiat\u00f3w. Znacznie ni\u017csza zawarto\u015b\u0107 cukru w \u200b\u200bpor\u00f3wnaniu do konwencjonalnych lemoniad sprawia, \u017ce \u200b\u200bjest ona szczeg\u00f3lnie atrakcyjna dla os\u00f3b dbaj\u0105cych o zdrowie. Przyjemna nuta delikatnego kwiatu lawendy nadaje temu orze\u017awiaj\u0105cemu napojowi wyj\u0105tkowe doznania smakowe.<\/p>\n<p>Nie zawiera konserwant\u00f3w, barwnik\u00f3w i sztucznych aromat\u00f3w. Zawiera o 30% mniej cukru ni\u017c zwyk\u0142e lemoniady. Nie dodano tak\u017ce \u017cadnych s\u0142odzik\u00f3w ani zamiennik\u00f3w cukru.<\/p>\n<p>Wykorzystywane s\u0105 sk\u0142adniki pochodz\u0105ce z upraw ekologicznych<\/p>\n<p><strong>SK\u0141ADNIKI<\/strong><br \/>\nwoda, cukier*, dwutlenek w\u0119gla, regulator kwasowo\u015bci: kwas jab\u0142kowy, naturalny aromat lawendy, koncentrat soku z czarnej marchwi*, ekstrakt z kwiatu lawendy* (*certyfikowany sk\u0142adnik ekologiczny)<\/p>\n<p><strong>WARTO\u015a\u0106 OD\u017bYWCZA W 100 ml<\/strong><br \/>\nWarto\u015b\u0107 energetyczna: 115 kJ\/27 kcal<br \/>\nT\u0142uszcz: &lt;0,5 g<br \/>\nw tym kwasy t\u0142uszczowe nasycone: &lt;0,1 g<br \/>\nW\u0119glowodany: 6,5 g<br \/>\nw tym cukry: 6,5 g<br \/>\nBia\u0142ko: &lt;0,5 g<br \/>\nS\u00f3l: 0 g<\/p>\n<h3>Dodatkowe informacje<\/h3>\n<p>ZALECANE WARUNKI PRZECHOWYWANIA<br \/>\nPrzechowywa\u0107 w suchym i ch\u0142odnym miejscu.<\/p>","protected":false},"excerpt":{"rendered":"<p>Opis Produktu Ma cudownie pachn\u0105cy i kwiatowy przyjemny smak. Wystarczaj\u0105cy pow\u00f3d, aby stworzy\u0107 musuj\u0105cy, orze\u017awiaj\u0105cy nap\u00f3j ze specjalnych kwiat\u00f3w. Znacznie ni\u017csza zawarto\u015b\u0107 cukru w \u200b\u200bpor\u00f3wnaniu do konwencjonalnych lemoniad sprawia, \u017ce \u200b\u200bjest ona szczeg\u00f3lnie atrakcyjna dla os\u00f3b dbaj\u0105cych o zdrowie. Przyjemna nuta delikatnego kwiatu lawendy nadaje temu orze\u017awiaj\u0105cemu napojowi wyj\u0105tkowe doznania smakowe. Nie zawiera konserwant\u00f3w, barwnik\u00f3w [&hellip;]<\/p>","protected":false},"featured_media":1453,"template":"","meta":{"site-sidebar-layout":"default","site-content-layout":"","ast-site-content-layout":"default","site-content-style":"default","site-sidebar-style":"default","ast-global-header-display":"","ast-banner-title-visibility":"","ast-main-header-display":"","ast-hfb-above-header-display":"","ast-hfb-below-header-display":"","ast-hfb-mobile-header-display":"","site-post-title":"","ast-breadcrumbs-content":"","ast-featured-img":"","footer-sml-layout":"","theme-transparent-header-meta":"default","adv-header-id-meta":"","stick-header-meta":"","header-above-stick-meta":"","header-main-stick-meta":"","header-below-stick-meta":"","astra-migrate-meta-layouts":"set","ast-page-background-enabled":"default","ast-page-background-meta":{"desktop":{"background-color":"var(--ast-global-color-4)","background-image":"","background-repeat":"repeat","background-position":"center center","background-size":"auto","background-attachment":"scroll","background-type":"","background-media":"","overlay-type":"","overlay-color":"","overlay-opacity":"","overlay-gradient":""},"tablet":{"background-color":"","background-image":"","background-repeat":"repeat","background-position":"center center","background-size":"auto","background-attachment":"scroll","background-type":"","background-media":"","overlay-type":"","overlay-color":"","overlay-opacity":"","overlay-gradient":""},"mobile":{"background-color":"","background-image":"","background-repeat":"repeat","background-position":"center center","background-size":"auto","background-attachment":"scroll","background-type":"","background-media":"","overlay-type":"","overlay-color":"","overlay-opacity":"","overlay-gradient":""}},"ast-content-background-meta":{"desktop":{"background-color":"var(--ast-global-color-5)","background-image":"","background-repeat":"repeat","background-position":"center center","background-size":"auto","background-attachment":"scroll","background-type":"","background-media":"","overlay-type":"","overlay-color":"","overlay-opacity":"","overlay-gradient":""},"tablet":{"background-color":"var(--ast-global-color-5)","background-image":"","background-repeat":"repeat","background-position":"center center","background-size":"auto","background-attachment":"scroll","background-type":"","background-media":"","overlay-type":"","overlay-color":"","overlay-opacity":"","overlay-gradient":""},"mobile":{"background-color":"var(--ast-global-color-5)","background-image":"","background-repeat":"repeat","background-position":"center center","background-size":"auto","background-attachment":"scroll","background-type":"","background-media":"","overlay-type":"","overlay-color":"","overlay-opacity":"","overlay-gradient":""}}},"product_cat":[95],"product_tag":[34],"class_list":{"0":"post-1412","1":"product","2":"type-product","3":"status-publish","4":"has-post-thumbnail","6":"product_cat-inne-napoje","7":"product_tag-etykieta-eko","8":"desktop-align-center","9":"tablet-align-left","10":"mobile-align-left","12":"first","13":"onbackorder","14":"purchasable","15":"product-type-simple"},"_links":{"self":[{"href":"https:\/\/los-odpowiedzialni-spolecznie.pl\/en\/wp-json\/wp\/v2\/product\/1412","targetHints":{"allow":["GET"]}}],"collection":[{"href":"https:\/\/los-odpowiedzialni-spolecznie.pl\/en\/wp-json\/wp\/v2\/product"}],"about":[{"href":"https:\/\/los-odpowiedzialni-spolecznie.pl\/en\/wp-json\/wp\/v2\/types\/product"}],"wp:featuredmedia":[{"embeddable":true,"href":"https:\/\/los-odpowiedzialni-spolecznie.pl\/en\/wp-json\/wp\/v2\/media\/1453"}],"wp:attachment":[{"href":"https:\/\/los-odpowiedzialni-spolecznie.pl\/en\/wp-json\/wp\/v2\/media?parent=1412"}],"wp:term":[{"taxonomy":"product_cat","embeddable":true,"href":"https:\/\/los-odpowiedzialni-spolecznie.pl\/en\/wp-json\/wp\/v2\/product_cat?post=1412"},{"taxonomy":"product_tag","embeddable":true,"href":"https:\/\/los-odpowiedzialni-spolecznie.pl\/en\/wp-json\/wp\/v2\/product_tag?post=1412"}],"curies":[{"name":"wp","href":"https:\/\/api.w.org\/{rel}","templated":true}]}}