{"id":1411,"date":"2024-12-23T16:17:28","date_gmt":"2024-12-23T15:17:28","guid":{"rendered":"https:\/\/los-odpowiedzialni-spolecznie.pl\/?post_type=product&#038;p=1411"},"modified":"2024-12-23T16:18:29","modified_gmt":"2024-12-23T15:18:29","slug":"napoj-gazowany-pomaranczowy-500ml-hollinger","status":"publish","type":"product","link":"https:\/\/los-odpowiedzialni-spolecznie.pl\/en\/sklep\/produkty-spozywcze\/inne-napoje\/napoj-gazowany-pomaranczowy-500ml-hollinger\/","title":{"rendered":"Nap\u00f3j gazowany  pomara\u0144czowy 500ml-HOLLINGER"},"content":{"rendered":"<h3>Opis Produktu<\/h3>\n<p>Organiczny nap\u00f3j z sokiem pomara\u0144czowym o zawarto\u015bci soku owocowego 12%. Pasteryzowane.<\/p>\n<p><strong>Sk\u0142adniki:<\/strong><\/p>\n<p>Woda, sok pomara\u0144czowy* 8% (z koncentratu soku pomara\u0144czowego), cukier*, sok cytrynowy* (z koncentratu soku cytrynowego), dwutlenek w\u0119gla, naturalne aromaty. *Z upraw ekologicznych<\/p>\n<p><strong>Warto\u015bci od\u017cywcze na 100 ml<\/strong><\/p>\n<p><strong>warto\u015b\u0107 energetyczna (kJ\/kcal):<\/strong>117\/28<br \/>\nt\u0142uszcze (g): &lt; 0,5<br \/>\nnasycone (g): &lt; 0,1<br \/>\nw\u0119glowodany (g): 6,8<br \/>\nw tym cukier (g): 6,5<br \/>\nbia\u0142ko (g): &lt; 0,5<br \/>\ns\u00f3l (g): 0<\/p>\n<h3>Dodatkowe informacje<\/h3>\n<p>Przechowywanie: Przechowywa\u0107 w temperaturze do 25\u00b0C.<\/p>\n<p><strong>500 ml<\/strong><\/p>","protected":false},"excerpt":{"rendered":"<p>Opis Produktu Organiczny nap\u00f3j z sokiem pomara\u0144czowym o zawarto\u015bci soku owocowego 12%. Pasteryzowane. Sk\u0142adniki: Woda, sok pomara\u0144czowy* 8% (z koncentratu soku pomara\u0144czowego), cukier*, sok cytrynowy* (z koncentratu soku cytrynowego), dwutlenek w\u0119gla, naturalne aromaty. *Z upraw ekologicznych Warto\u015bci od\u017cywcze na 100 ml warto\u015b\u0107 energetyczna (kJ\/kcal):117\/28 t\u0142uszcze (g): &lt; 0,5 nasycone (g): &lt; 0,1 w\u0119glowodany (g): 6,8 [&hellip;]<\/p>","protected":false},"featured_media":1452,"template":"","meta":{"site-sidebar-layout":"default","site-content-layout":"","ast-site-content-layout":"default","site-content-style":"default","site-sidebar-style":"default","ast-global-header-display":"","ast-banner-title-visibility":"","ast-main-header-display":"","ast-hfb-above-header-display":"","ast-hfb-below-header-display":"","ast-hfb-mobile-header-display":"","site-post-title":"","ast-breadcrumbs-content":"","ast-featured-img":"","footer-sml-layout":"","theme-transparent-header-meta":"default","adv-header-id-meta":"","stick-header-meta":"","header-above-stick-meta":"","header-main-stick-meta":"","header-below-stick-meta":"","astra-migrate-meta-layouts":"set","ast-page-background-enabled":"default","ast-page-background-meta":{"desktop":{"background-color":"var(--ast-global-color-4)","background-image":"","background-repeat":"repeat","background-position":"center center","background-size":"auto","background-attachment":"scroll","background-type":"","background-media":"","overlay-type":"","overlay-color":"","overlay-opacity":"","overlay-gradient":""},"tablet":{"background-color":"","background-image":"","background-repeat":"repeat","background-position":"center center","background-size":"auto","background-attachment":"scroll","background-type":"","background-media":"","overlay-type":"","overlay-color":"","overlay-opacity":"","overlay-gradient":""},"mobile":{"background-color":"","background-image":"","background-repeat":"repeat","background-position":"center center","background-size":"auto","background-attachment":"scroll","background-type":"","background-media":"","overlay-type":"","overlay-color":"","overlay-opacity":"","overlay-gradient":""}},"ast-content-background-meta":{"desktop":{"background-color":"var(--ast-global-color-5)","background-image":"","background-repeat":"repeat","background-position":"center center","background-size":"auto","background-attachment":"scroll","background-type":"","background-media":"","overlay-type":"","overlay-color":"","overlay-opacity":"","overlay-gradient":""},"tablet":{"background-color":"var(--ast-global-color-5)","background-image":"","background-repeat":"repeat","background-position":"center center","background-size":"auto","background-attachment":"scroll","background-type":"","background-media":"","overlay-type":"","overlay-color":"","overlay-opacity":"","overlay-gradient":""},"mobile":{"background-color":"var(--ast-global-color-5)","background-image":"","background-repeat":"repeat","background-position":"center center","background-size":"auto","background-attachment":"scroll","background-type":"","background-media":"","overlay-type":"","overlay-color":"","overlay-opacity":"","overlay-gradient":""}}},"product_cat":[95],"product_tag":[34],"class_list":{"0":"post-1411","1":"product","2":"type-product","3":"status-publish","4":"has-post-thumbnail","6":"product_cat-inne-napoje","7":"product_tag-etykieta-eko","8":"desktop-align-center","9":"tablet-align-left","10":"mobile-align-left","12":"first","13":"onbackorder","14":"purchasable","15":"product-type-simple"},"_links":{"self":[{"href":"https:\/\/los-odpowiedzialni-spolecznie.pl\/en\/wp-json\/wp\/v2\/product\/1411","targetHints":{"allow":["GET"]}}],"collection":[{"href":"https:\/\/los-odpowiedzialni-spolecznie.pl\/en\/wp-json\/wp\/v2\/product"}],"about":[{"href":"https:\/\/los-odpowiedzialni-spolecznie.pl\/en\/wp-json\/wp\/v2\/types\/product"}],"wp:featuredmedia":[{"embeddable":true,"href":"https:\/\/los-odpowiedzialni-spolecznie.pl\/en\/wp-json\/wp\/v2\/media\/1452"}],"wp:attachment":[{"href":"https:\/\/los-odpowiedzialni-spolecznie.pl\/en\/wp-json\/wp\/v2\/media?parent=1411"}],"wp:term":[{"taxonomy":"product_cat","embeddable":true,"href":"https:\/\/los-odpowiedzialni-spolecznie.pl\/en\/wp-json\/wp\/v2\/product_cat?post=1411"},{"taxonomy":"product_tag","embeddable":true,"href":"https:\/\/los-odpowiedzialni-spolecznie.pl\/en\/wp-json\/wp\/v2\/product_tag?post=1411"}],"curies":[{"name":"wp","href":"https:\/\/api.w.org\/{rel}","templated":true}]}}