{"id":1410,"date":"2024-12-23T16:17:28","date_gmt":"2024-12-23T15:17:28","guid":{"rendered":"https:\/\/los-odpowiedzialni-spolecznie.pl\/?post_type=product&#038;p=1410"},"modified":"2024-12-23T16:18:26","modified_gmt":"2024-12-23T15:18:26","slug":"cola-bio-bez-kofeiny-500-ml-hollinger","status":"publish","type":"product","link":"https:\/\/los-odpowiedzialni-spolecznie.pl\/en\/sklep\/produkty-spozywcze\/inne-napoje\/cola-bio-bez-kofeiny-500-ml-hollinger\/","title":{"rendered":"COLA BIO BEZ KOFEINY 500 ml HOLLINGER"},"content":{"rendered":"<h3>Opis Produktu<\/h3>\n<p>Cola bio organic marki Hollinger jest produktem, kt\u00f3ry jest wytwarzany z naturalnych i organicznych sk\u0142adnik\u00f3w. Nie zawiera \u017cadnych sztucznych dodatk\u00f3w chemicznych, co sprawia, \u017ce mo\u017ce by\u0107 zdrowsz\u0105 alternatyw\u0105.\u00a0 Ponadto jest to dobra opcja dla konsument\u00f3w wspieraj\u0105cych rolnictwo organiczne i zasady zr\u00f3wnowa\u017conego rozwoju.<\/p>\n<p>Nie zawiera kofeiny. Produkt pasteryzowany.<\/p>\n<p><strong>SK\u0141ADNIKI<\/strong><br class=\"def\" \/>woda, cukier*, dwutlenek w\u0119gla, syrop cukrowo &#8211; karmelowy*, regulator kwasowo\u015bci: kwas cytrynowy, naturalny aromat cynamonowy, naturalny aromat ga\u0142ki muszkata\u0142owej, naturalny aromat limonki. (*certyfikowany sk\u0142adnik ekologiczny<br class=\"def\" \/><br class=\"def\" \/><strong>WARTO\u015a\u0106 OD\u017bYWCZA W 100 ml<\/strong><br class=\"def\" \/>Warto\u015b\u0107 energetyczna: 163 kJ\/38 kcal<br class=\"def\" \/>T\u0142uszcz: &lt;0,5 g<br class=\"def\" \/>w tym kwasy t\u0142uszczowe nasycone: &lt;0,1 g<br class=\"def\" \/>Weglowodany: 9,5 g<br class=\"def\" \/>w tym cukry: 9,5 g<br class=\"def\" \/>Bia\u0142ko: &lt;0,5 g<br class=\"def\" \/>S\u00f3l: &lt;0,01 g<\/p>\n<h3>Dodatkowe informacje<\/h3>\n<p><br class=\"def\" \/>ZALECANE WARUNKI PRZECHOWYWANIA<br class=\"def\" \/>Przechowywa\u0107 w suchym i ch\u0142odnym miejscu.<\/p>\n<p>500 ml<\/p>","protected":false},"excerpt":{"rendered":"<p>Opis Produktu Cola bio organic marki Hollinger jest produktem, kt\u00f3ry jest wytwarzany z naturalnych i organicznych sk\u0142adnik\u00f3w. Nie zawiera \u017cadnych sztucznych dodatk\u00f3w chemicznych, co sprawia, \u017ce mo\u017ce by\u0107 zdrowsz\u0105 alternatyw\u0105.\u00a0 Ponadto jest to dobra opcja dla konsument\u00f3w wspieraj\u0105cych rolnictwo organiczne i zasady zr\u00f3wnowa\u017conego rozwoju. Nie zawiera kofeiny. Produkt pasteryzowany. SK\u0141ADNIKIwoda, cukier*, dwutlenek w\u0119gla, syrop cukrowo [&hellip;]<\/p>","protected":false},"featured_media":1451,"template":"","meta":{"site-sidebar-layout":"default","site-content-layout":"","ast-site-content-layout":"default","site-content-style":"default","site-sidebar-style":"default","ast-global-header-display":"","ast-banner-title-visibility":"","ast-main-header-display":"","ast-hfb-above-header-display":"","ast-hfb-below-header-display":"","ast-hfb-mobile-header-display":"","site-post-title":"","ast-breadcrumbs-content":"","ast-featured-img":"","footer-sml-layout":"","theme-transparent-header-meta":"default","adv-header-id-meta":"","stick-header-meta":"","header-above-stick-meta":"","header-main-stick-meta":"","header-below-stick-meta":"","astra-migrate-meta-layouts":"set","ast-page-background-enabled":"default","ast-page-background-meta":{"desktop":{"background-color":"var(--ast-global-color-4)","background-image":"","background-repeat":"repeat","background-position":"center center","background-size":"auto","background-attachment":"scroll","background-type":"","background-media":"","overlay-type":"","overlay-color":"","overlay-opacity":"","overlay-gradient":""},"tablet":{"background-color":"","background-image":"","background-repeat":"repeat","background-position":"center center","background-size":"auto","background-attachment":"scroll","background-type":"","background-media":"","overlay-type":"","overlay-color":"","overlay-opacity":"","overlay-gradient":""},"mobile":{"background-color":"","background-image":"","background-repeat":"repeat","background-position":"center center","background-size":"auto","background-attachment":"scroll","background-type":"","background-media":"","overlay-type":"","overlay-color":"","overlay-opacity":"","overlay-gradient":""}},"ast-content-background-meta":{"desktop":{"background-color":"var(--ast-global-color-5)","background-image":"","background-repeat":"repeat","background-position":"center center","background-size":"auto","background-attachment":"scroll","background-type":"","background-media":"","overlay-type":"","overlay-color":"","overlay-opacity":"","overlay-gradient":""},"tablet":{"background-color":"var(--ast-global-color-5)","background-image":"","background-repeat":"repeat","background-position":"center center","background-size":"auto","background-attachment":"scroll","background-type":"","background-media":"","overlay-type":"","overlay-color":"","overlay-opacity":"","overlay-gradient":""},"mobile":{"background-color":"var(--ast-global-color-5)","background-image":"","background-repeat":"repeat","background-position":"center center","background-size":"auto","background-attachment":"scroll","background-type":"","background-media":"","overlay-type":"","overlay-color":"","overlay-opacity":"","overlay-gradient":""}}},"product_cat":[95],"product_tag":[34],"class_list":{"0":"post-1410","1":"product","2":"type-product","3":"status-publish","4":"has-post-thumbnail","6":"product_cat-inne-napoje","7":"product_tag-etykieta-eko","8":"desktop-align-center","9":"tablet-align-left","10":"mobile-align-left","12":"first","13":"onbackorder","14":"purchasable","15":"product-type-simple"},"_links":{"self":[{"href":"https:\/\/los-odpowiedzialni-spolecznie.pl\/en\/wp-json\/wp\/v2\/product\/1410","targetHints":{"allow":["GET"]}}],"collection":[{"href":"https:\/\/los-odpowiedzialni-spolecznie.pl\/en\/wp-json\/wp\/v2\/product"}],"about":[{"href":"https:\/\/los-odpowiedzialni-spolecznie.pl\/en\/wp-json\/wp\/v2\/types\/product"}],"wp:featuredmedia":[{"embeddable":true,"href":"https:\/\/los-odpowiedzialni-spolecznie.pl\/en\/wp-json\/wp\/v2\/media\/1451"}],"wp:attachment":[{"href":"https:\/\/los-odpowiedzialni-spolecznie.pl\/en\/wp-json\/wp\/v2\/media?parent=1410"}],"wp:term":[{"taxonomy":"product_cat","embeddable":true,"href":"https:\/\/los-odpowiedzialni-spolecznie.pl\/en\/wp-json\/wp\/v2\/product_cat?post=1410"},{"taxonomy":"product_tag","embeddable":true,"href":"https:\/\/los-odpowiedzialni-spolecznie.pl\/en\/wp-json\/wp\/v2\/product_tag?post=1410"}],"curies":[{"name":"wp","href":"https:\/\/api.w.org\/{rel}","templated":true}]}}