{"id":1409,"date":"2024-12-23T16:17:28","date_gmt":"2024-12-23T15:17:28","guid":{"rendered":"https:\/\/los-odpowiedzialni-spolecznie.pl\/?post_type=product&#038;p=1409"},"modified":"2024-12-23T16:18:24","modified_gmt":"2024-12-23T15:18:24","slug":"ananas-suszony-kulki-100g-batom-bio","status":"publish","type":"product","link":"https:\/\/los-odpowiedzialni-spolecznie.pl\/en\/sklep\/produkty-spozywcze\/przekaski\/slodkie\/ananas-suszony-kulki-100g-batom-bio\/","title":{"rendered":"Ananas suszony kulki 100g BATOM BIO"},"content":{"rendered":"<h3>Opis Produktu<\/h3>\n<p>BIO ananas suszony kulki. Ekologiczny suszony ananas uformowany w kulki\u00a0o intensywnym smaku i aromacie\u00a0to bardzo smaczna przek\u0105ska, doskona\u0142y zamiennik s\u0142odyczy, dodatek do deser\u00f3w czy musli.<\/p>\n<div>\n<div><strong>sk\u0142adniki:<\/strong><\/div>\n<div>ananas suszony* 100% (*certyfikowany sk\u0142adnik ekologiczny)<\/div>\n<div><strong>warto\u015b\u0107 od\u017cywcza w 100 g:\u00a0<\/strong><\/div>\n<ul>\n<li>warto\u015b\u0107 energetyczna: 1411 kJ \/ 342 kcal<\/li>\n<li>t\u0142uszcz: 0,27 g\u00a0w tym kwasy t\u0142uszczowe nasycone: 0,15 g<\/li>\n<li>w\u0119glowodany: 79 g\u00a0w tym cukry: 67 g<\/li>\n<li>b\u0142onnik: 7,6 g<\/li>\n<li>bia\u0142ko: 2,9 g<\/li>\n<li>s\u00f3l: 0,2 g<\/li>\n<\/ul>\n<h3>Dodatkowe informacje<\/h3>\n<div>Mo\u017ce zawiera\u0107 alergeny: zbo\u017ca zawieraj\u0105ce gluten, orzechy i sezam.<\/div>\n<div>Przechowywa\u0107 w suchym i ch\u0142odnym miejscu.<\/div>\n<div>\n<div><strong>Produkt rolnictwa ekologicznego.<\/strong><\/div>\n<div>masa netto: 100 g<\/div>\n<\/div>\n<\/div>","protected":false},"excerpt":{"rendered":"<p>Opis Produktu BIO ananas suszony kulki. Ekologiczny suszony ananas uformowany w kulki\u00a0o intensywnym smaku i aromacie\u00a0to bardzo smaczna przek\u0105ska, doskona\u0142y zamiennik s\u0142odyczy, dodatek do deser\u00f3w czy musli. sk\u0142adniki: ananas suszony* 100% (*certyfikowany sk\u0142adnik ekologiczny) warto\u015b\u0107 od\u017cywcza w 100 g:\u00a0 warto\u015b\u0107 energetyczna: 1411 kJ \/ 342 kcal t\u0142uszcz: 0,27 g\u00a0w tym kwasy t\u0142uszczowe nasycone: 0,15 g [&hellip;]<\/p>","protected":false},"featured_media":1450,"template":"","meta":{"site-sidebar-layout":"default","site-content-layout":"","ast-site-content-layout":"default","site-content-style":"default","site-sidebar-style":"default","ast-global-header-display":"","ast-banner-title-visibility":"","ast-main-header-display":"","ast-hfb-above-header-display":"","ast-hfb-below-header-display":"","ast-hfb-mobile-header-display":"","site-post-title":"","ast-breadcrumbs-content":"","ast-featured-img":"","footer-sml-layout":"","theme-transparent-header-meta":"default","adv-header-id-meta":"","stick-header-meta":"","header-above-stick-meta":"","header-main-stick-meta":"","header-below-stick-meta":"","astra-migrate-meta-layouts":"set","ast-page-background-enabled":"default","ast-page-background-meta":{"desktop":{"background-color":"var(--ast-global-color-4)","background-image":"","background-repeat":"repeat","background-position":"center center","background-size":"auto","background-attachment":"scroll","background-type":"","background-media":"","overlay-type":"","overlay-color":"","overlay-opacity":"","overlay-gradient":""},"tablet":{"background-color":"","background-image":"","background-repeat":"repeat","background-position":"center center","background-size":"auto","background-attachment":"scroll","background-type":"","background-media":"","overlay-type":"","overlay-color":"","overlay-opacity":"","overlay-gradient":""},"mobile":{"background-color":"","background-image":"","background-repeat":"repeat","background-position":"center center","background-size":"auto","background-attachment":"scroll","background-type":"","background-media":"","overlay-type":"","overlay-color":"","overlay-opacity":"","overlay-gradient":""}},"ast-content-background-meta":{"desktop":{"background-color":"var(--ast-global-color-5)","background-image":"","background-repeat":"repeat","background-position":"center center","background-size":"auto","background-attachment":"scroll","background-type":"","background-media":"","overlay-type":"","overlay-color":"","overlay-opacity":"","overlay-gradient":""},"tablet":{"background-color":"var(--ast-global-color-5)","background-image":"","background-repeat":"repeat","background-position":"center center","background-size":"auto","background-attachment":"scroll","background-type":"","background-media":"","overlay-type":"","overlay-color":"","overlay-opacity":"","overlay-gradient":""},"mobile":{"background-color":"var(--ast-global-color-5)","background-image":"","background-repeat":"repeat","background-position":"center center","background-size":"auto","background-attachment":"scroll","background-type":"","background-media":"","overlay-type":"","overlay-color":"","overlay-opacity":"","overlay-gradient":""}}},"product_cat":[25,37,24],"product_tag":[34],"class_list":{"0":"post-1409","1":"product","2":"type-product","3":"status-publish","4":"has-post-thumbnail","6":"product_cat-slodkie","7":"product_cat-owocowe","8":"product_cat-przekaski","9":"product_tag-etykieta-eko","10":"desktop-align-center","11":"tablet-align-left","12":"mobile-align-left","14":"first","15":"instock","16":"purchasable","17":"product-type-simple"},"_links":{"self":[{"href":"https:\/\/los-odpowiedzialni-spolecznie.pl\/en\/wp-json\/wp\/v2\/product\/1409","targetHints":{"allow":["GET"]}}],"collection":[{"href":"https:\/\/los-odpowiedzialni-spolecznie.pl\/en\/wp-json\/wp\/v2\/product"}],"about":[{"href":"https:\/\/los-odpowiedzialni-spolecznie.pl\/en\/wp-json\/wp\/v2\/types\/product"}],"wp:featuredmedia":[{"embeddable":true,"href":"https:\/\/los-odpowiedzialni-spolecznie.pl\/en\/wp-json\/wp\/v2\/media\/1450"}],"wp:attachment":[{"href":"https:\/\/los-odpowiedzialni-spolecznie.pl\/en\/wp-json\/wp\/v2\/media?parent=1409"}],"wp:term":[{"taxonomy":"product_cat","embeddable":true,"href":"https:\/\/los-odpowiedzialni-spolecznie.pl\/en\/wp-json\/wp\/v2\/product_cat?post=1409"},{"taxonomy":"product_tag","embeddable":true,"href":"https:\/\/los-odpowiedzialni-spolecznie.pl\/en\/wp-json\/wp\/v2\/product_tag?post=1409"}],"curies":[{"name":"wp","href":"https:\/\/api.w.org\/{rel}","templated":true}]}}