{"id":1408,"date":"2024-12-23T16:17:28","date_gmt":"2024-12-23T15:17:28","guid":{"rendered":"https:\/\/los-odpowiedzialni-spolecznie.pl\/?post_type=product&#038;p=1408"},"modified":"2024-12-23T16:18:21","modified_gmt":"2024-12-23T15:18:21","slug":"nektar-pomaranczowy-bez-dodatku-cukrow-bio-200-ml-hollinger","status":"publish","type":"product","link":"https:\/\/los-odpowiedzialni-spolecznie.pl\/en\/sklep\/produkty-spozywcze\/inne-napoje\/nektar-pomaranczowy-bez-dodatku-cukrow-bio-200-ml-hollinger\/","title":{"rendered":"Nektar Pomara\u0144czowy Bez Dodatku Cukr\u00f3w BIO 200 ml Hollinger"},"content":{"rendered":"<h3>Opis Produktu<\/h3>\n<p>Ekologiczny nektar pomara\u0144czowy z koncentratu.<br \/>\nBez dodatku cukr\u00f3w. Zawiera naturalnie wyst\u0119puj\u0105ce cukry. Zawarto\u015b\u0107 soku owocowego minimum 60%. Produkt pasteryzowany.<\/p>\n<p><strong>Sk\u0142adniki:<\/strong><br \/>\nsok pomara\u0144czowy z koncentratu*, woda<br \/>\n*certyfikowany sk\u0142adnik ekologiczny<\/p>\n<p><strong>Warto\u015b\u0107 od\u017cywcza w 100 ml<\/strong><br \/>\nWarto\u015b\u0107 energetyczna: 118 kJ\/28 kcal<br \/>\nT\u0142uszcz: &lt;0,5 g<br \/>\n&#8211; w tym kwasy nasycone: &lt;0,1 g<br \/>\nW\u0119glowodany: 5,6 g<br \/>\n&#8211; w tym cukry: 5,5 g<br \/>\nBia\u0142ko: 0,4 g<br \/>\nS\u00f3l: &lt;0,01 g<\/p>\n<h3>Dodatkowe informacje<\/h3>\n<p><strong>Zalecane warunki przechowywania:<\/strong><br \/>\nPrzechowywa\u0107 w suchym i ch\u0142odnym miejscu.<\/p>","protected":false},"excerpt":{"rendered":"<p>Opis Produktu Ekologiczny nektar pomara\u0144czowy z koncentratu. Bez dodatku cukr\u00f3w. Zawiera naturalnie wyst\u0119puj\u0105ce cukry. Zawarto\u015b\u0107 soku owocowego minimum 60%. Produkt pasteryzowany. Sk\u0142adniki: sok pomara\u0144czowy z koncentratu*, woda *certyfikowany sk\u0142adnik ekologiczny Warto\u015b\u0107 od\u017cywcza w 100 ml Warto\u015b\u0107 energetyczna: 118 kJ\/28 kcal T\u0142uszcz: &lt;0,5 g &#8211; w tym kwasy nasycone: &lt;0,1 g W\u0119glowodany: 5,6 g &#8211; w [&hellip;]<\/p>","protected":false},"featured_media":1449,"template":"","meta":{"site-sidebar-layout":"default","site-content-layout":"","ast-site-content-layout":"default","site-content-style":"default","site-sidebar-style":"default","ast-global-header-display":"","ast-banner-title-visibility":"","ast-main-header-display":"","ast-hfb-above-header-display":"","ast-hfb-below-header-display":"","ast-hfb-mobile-header-display":"","site-post-title":"","ast-breadcrumbs-content":"","ast-featured-img":"","footer-sml-layout":"","theme-transparent-header-meta":"default","adv-header-id-meta":"","stick-header-meta":"","header-above-stick-meta":"","header-main-stick-meta":"","header-below-stick-meta":"","astra-migrate-meta-layouts":"set","ast-page-background-enabled":"default","ast-page-background-meta":{"desktop":{"background-color":"var(--ast-global-color-4)","background-image":"","background-repeat":"repeat","background-position":"center center","background-size":"auto","background-attachment":"scroll","background-type":"","background-media":"","overlay-type":"","overlay-color":"","overlay-opacity":"","overlay-gradient":""},"tablet":{"background-color":"","background-image":"","background-repeat":"repeat","background-position":"center center","background-size":"auto","background-attachment":"scroll","background-type":"","background-media":"","overlay-type":"","overlay-color":"","overlay-opacity":"","overlay-gradient":""},"mobile":{"background-color":"","background-image":"","background-repeat":"repeat","background-position":"center center","background-size":"auto","background-attachment":"scroll","background-type":"","background-media":"","overlay-type":"","overlay-color":"","overlay-opacity":"","overlay-gradient":""}},"ast-content-background-meta":{"desktop":{"background-color":"var(--ast-global-color-5)","background-image":"","background-repeat":"repeat","background-position":"center center","background-size":"auto","background-attachment":"scroll","background-type":"","background-media":"","overlay-type":"","overlay-color":"","overlay-opacity":"","overlay-gradient":""},"tablet":{"background-color":"var(--ast-global-color-5)","background-image":"","background-repeat":"repeat","background-position":"center center","background-size":"auto","background-attachment":"scroll","background-type":"","background-media":"","overlay-type":"","overlay-color":"","overlay-opacity":"","overlay-gradient":""},"mobile":{"background-color":"var(--ast-global-color-5)","background-image":"","background-repeat":"repeat","background-position":"center center","background-size":"auto","background-attachment":"scroll","background-type":"","background-media":"","overlay-type":"","overlay-color":"","overlay-opacity":"","overlay-gradient":""}}},"product_cat":[95],"product_tag":[34],"class_list":{"0":"post-1408","1":"product","2":"type-product","3":"status-publish","4":"has-post-thumbnail","6":"product_cat-inne-napoje","7":"product_tag-etykieta-eko","8":"desktop-align-center","9":"tablet-align-left","10":"mobile-align-left","12":"first","13":"onbackorder","14":"purchasable","15":"product-type-simple"},"_links":{"self":[{"href":"https:\/\/los-odpowiedzialni-spolecznie.pl\/en\/wp-json\/wp\/v2\/product\/1408","targetHints":{"allow":["GET"]}}],"collection":[{"href":"https:\/\/los-odpowiedzialni-spolecznie.pl\/en\/wp-json\/wp\/v2\/product"}],"about":[{"href":"https:\/\/los-odpowiedzialni-spolecznie.pl\/en\/wp-json\/wp\/v2\/types\/product"}],"wp:featuredmedia":[{"embeddable":true,"href":"https:\/\/los-odpowiedzialni-spolecznie.pl\/en\/wp-json\/wp\/v2\/media\/1449"}],"wp:attachment":[{"href":"https:\/\/los-odpowiedzialni-spolecznie.pl\/en\/wp-json\/wp\/v2\/media?parent=1408"}],"wp:term":[{"taxonomy":"product_cat","embeddable":true,"href":"https:\/\/los-odpowiedzialni-spolecznie.pl\/en\/wp-json\/wp\/v2\/product_cat?post=1408"},{"taxonomy":"product_tag","embeddable":true,"href":"https:\/\/los-odpowiedzialni-spolecznie.pl\/en\/wp-json\/wp\/v2\/product_tag?post=1408"}],"curies":[{"name":"wp","href":"https:\/\/api.w.org\/{rel}","templated":true}]}}