{"id":1394,"date":"2024-12-23T16:16:59","date_gmt":"2024-12-23T15:16:59","guid":{"rendered":"https:\/\/los-odpowiedzialni-spolecznie.pl\/?post_type=product&#038;p=1394"},"modified":"2024-12-23T16:18:19","modified_gmt":"2024-12-23T15:18:19","slug":"smoothie-z-ananasem-aloesem-i-mieta-tloczone-na-zimno-bio","status":"publish","type":"product","link":"https:\/\/los-odpowiedzialni-spolecznie.pl\/en\/sklep\/produkty-spozywcze\/inne-napoje\/smoothie-z-ananasem-aloesem-i-mieta-tloczone-na-zimno-bio\/","title":{"rendered":"Smoothie z Ananasem, Aloesem i Mi\u0119t\u0105 t\u0142oczone na zimno BIO"},"content":{"rendered":"<h3>Opis Produktu<\/h3>\n<p>To idealny smoothie na letnie dni! Ananas jest doskona\u0142ym \u017ar\u00f3d\u0142em witaminy C i potasu, mi\u0119ta dodaje od\u015bwie\u017caj\u0105cego smaku, a aloes zapewnia zdrowy detox dla organizmu. Wszystkie sk\u0142adniki s\u0105 organiczne, co dodatkowo podkre\u015bla ich warto\u015b\u0107 od\u017cywcz\u0105.<\/p>\n<p><strong>Sk\u0142adniki<\/strong><\/p>\n<p>sok jab\u0142kowy t\u0142oczony na zimno*, sok ananasowy* (35 %), \u017cel aloesowy* (8 %), przecier bananowy*, sok z cytryny*, mi\u0119ta*, spirulina*. (*certyfikowany sk\u0142adnik ekologiczny)<\/p>\n<p><strong>WARTO\u015a\u0106 OD\u017bYWCZA W 100 ml<\/strong><br \/>\nWarto\u015b\u0107 energetyczna: 196 kJ\/46 kcal<br \/>\nT\u0142uszcz: 0,1 g<br \/>\nw tym kwasy t\u0142uszczowe nasycone: 0 g<br \/>\nW\u0119glowodany: 11 g<br \/>\nw tym cukry: 10 g<br \/>\nB\u0142onnik: 0,3 g<br \/>\nBia\u0142ko: 0,3 g<br \/>\nS\u00f3l: 0 g<\/p>\n<h3>Dodatkowe informacje<\/h3>\n<p><strong>ZALECANE WARUNKI PRZECHOWYWANIA<\/strong><br \/>\nPrzechowywa\u0107 w suchym, ch\u0142odnym miejscu, chroni\u0107 przed \u015bwiat\u0142em.<\/p>\n<p class=\"fontcustom2\"><strong>250 ml<\/strong><\/p>","protected":false},"excerpt":{"rendered":"<p>Opis Produktu To idealny smoothie na letnie dni! Ananas jest doskona\u0142ym \u017ar\u00f3d\u0142em witaminy C i potasu, mi\u0119ta dodaje od\u015bwie\u017caj\u0105cego smaku, a aloes zapewnia zdrowy detox dla organizmu. Wszystkie sk\u0142adniki s\u0105 organiczne, co dodatkowo podkre\u015bla ich warto\u015b\u0107 od\u017cywcz\u0105. Sk\u0142adniki sok jab\u0142kowy t\u0142oczony na zimno*, sok ananasowy* (35 %), \u017cel aloesowy* (8 %), przecier bananowy*, sok z [&hellip;]<\/p>","protected":false},"featured_media":1448,"template":"","meta":{"site-sidebar-layout":"default","site-content-layout":"","ast-site-content-layout":"default","site-content-style":"default","site-sidebar-style":"default","ast-global-header-display":"","ast-banner-title-visibility":"","ast-main-header-display":"","ast-hfb-above-header-display":"","ast-hfb-below-header-display":"","ast-hfb-mobile-header-display":"","site-post-title":"","ast-breadcrumbs-content":"","ast-featured-img":"","footer-sml-layout":"","theme-transparent-header-meta":"default","adv-header-id-meta":"","stick-header-meta":"","header-above-stick-meta":"","header-main-stick-meta":"","header-below-stick-meta":"","astra-migrate-meta-layouts":"set","ast-page-background-enabled":"default","ast-page-background-meta":{"desktop":{"background-color":"var(--ast-global-color-4)","background-image":"","background-repeat":"repeat","background-position":"center center","background-size":"auto","background-attachment":"scroll","background-type":"","background-media":"","overlay-type":"","overlay-color":"","overlay-opacity":"","overlay-gradient":""},"tablet":{"background-color":"","background-image":"","background-repeat":"repeat","background-position":"center center","background-size":"auto","background-attachment":"scroll","background-type":"","background-media":"","overlay-type":"","overlay-color":"","overlay-opacity":"","overlay-gradient":""},"mobile":{"background-color":"","background-image":"","background-repeat":"repeat","background-position":"center center","background-size":"auto","background-attachment":"scroll","background-type":"","background-media":"","overlay-type":"","overlay-color":"","overlay-opacity":"","overlay-gradient":""}},"ast-content-background-meta":{"desktop":{"background-color":"var(--ast-global-color-5)","background-image":"","background-repeat":"repeat","background-position":"center center","background-size":"auto","background-attachment":"scroll","background-type":"","background-media":"","overlay-type":"","overlay-color":"","overlay-opacity":"","overlay-gradient":""},"tablet":{"background-color":"var(--ast-global-color-5)","background-image":"","background-repeat":"repeat","background-position":"center center","background-size":"auto","background-attachment":"scroll","background-type":"","background-media":"","overlay-type":"","overlay-color":"","overlay-opacity":"","overlay-gradient":""},"mobile":{"background-color":"var(--ast-global-color-5)","background-image":"","background-repeat":"repeat","background-position":"center center","background-size":"auto","background-attachment":"scroll","background-type":"","background-media":"","overlay-type":"","overlay-color":"","overlay-opacity":"","overlay-gradient":""}}},"product_cat":[95],"product_tag":[34],"class_list":{"0":"post-1394","1":"product","2":"type-product","3":"status-publish","4":"has-post-thumbnail","6":"product_cat-inne-napoje","7":"product_tag-etykieta-eko","8":"desktop-align-center","9":"tablet-align-left","10":"mobile-align-left","12":"first","13":"instock","14":"purchasable","15":"product-type-simple"},"_links":{"self":[{"href":"https:\/\/los-odpowiedzialni-spolecznie.pl\/en\/wp-json\/wp\/v2\/product\/1394","targetHints":{"allow":["GET"]}}],"collection":[{"href":"https:\/\/los-odpowiedzialni-spolecznie.pl\/en\/wp-json\/wp\/v2\/product"}],"about":[{"href":"https:\/\/los-odpowiedzialni-spolecznie.pl\/en\/wp-json\/wp\/v2\/types\/product"}],"wp:featuredmedia":[{"embeddable":true,"href":"https:\/\/los-odpowiedzialni-spolecznie.pl\/en\/wp-json\/wp\/v2\/media\/1448"}],"wp:attachment":[{"href":"https:\/\/los-odpowiedzialni-spolecznie.pl\/en\/wp-json\/wp\/v2\/media?parent=1394"}],"wp:term":[{"taxonomy":"product_cat","embeddable":true,"href":"https:\/\/los-odpowiedzialni-spolecznie.pl\/en\/wp-json\/wp\/v2\/product_cat?post=1394"},{"taxonomy":"product_tag","embeddable":true,"href":"https:\/\/los-odpowiedzialni-spolecznie.pl\/en\/wp-json\/wp\/v2\/product_tag?post=1394"}],"curies":[{"name":"wp","href":"https:\/\/api.w.org\/{rel}","templated":true}]}}