{"id":1393,"date":"2024-12-23T16:16:59","date_gmt":"2024-12-23T15:16:59","guid":{"rendered":"https:\/\/los-odpowiedzialni-spolecznie.pl\/?post_type=product&#038;p=1393"},"modified":"2024-12-23T16:18:16","modified_gmt":"2024-12-23T15:18:16","slug":"napoj-wieloowocowy-z-sokiem-z-marchwi-bio-200-ml-hollinger","status":"publish","type":"product","link":"https:\/\/los-odpowiedzialni-spolecznie.pl\/en\/sklep\/produkty-spozywcze\/inne-napoje\/napoj-wieloowocowy-z-sokiem-z-marchwi-bio-200-ml-hollinger\/","title":{"rendered":"Nap\u00f3j Wieloowocowy z Sokiem z Marchwi BIO 200 ml Hollinger"},"content":{"rendered":"<h3>Opis Produktu<\/h3>\n<p>Organiczny sok z mieszanych koncentrat\u00f3w sok\u00f3w owocowych, pulpy z miazgi owocowej i koncentratu soku z marchwi zmieszanego z niegazowan\u0105 wod\u0105. Zawarto\u015b\u0107 owoc\u00f3w: 54%, zawarto\u015b\u0107 warzyw: 6%.<\/p>\n<p><strong>Sk\u0142adniki<\/strong>:<br \/>\njab\u0142ko*, pomara\u0144cze*, ananas*, brzoskwinia*, mango*, marakuja*, cytryna*, woda, sok z marchwi z koncentratu* (6%)<br \/>\n* certyfikowany sk\u0142adnik ekologiczny<\/p>\n<p><strong>Warto\u015b\u0107 od\u017cywcza<\/strong>\u00a0w 100 g:<br \/>\nWarto\u015b\u0107 energetyczna: 107 kJ \/ 25 kcal<br \/>\nT\u0142uszcz: &lt;0,5 g<br \/>\n&#8211; w tym kwasy t\u0142uszczowe nasycone: &lt;0,1 g<br \/>\nW\u0119glowodany: 5,7 g<br \/>\n&#8211; tym cukry: 5,5 g<br \/>\nBia\u0142ko: &lt;0,2 g<br \/>\nS\u00f3l: &lt;0,1 g<\/p>\n<h3>Dodatkowe informacje<\/h3>\n<p>Pasteryzowany. Zawiera naturalnie wyst\u0119puj\u0105ce cukry.<\/p>\n<p><strong>Spos\u00f3b przechowywania<\/strong>:<br \/>\nPrzechowywa\u0107 w temperaturze 4\u00b0C &#8211; 20\u00b0C<\/p>\n<p>200ml<\/p>","protected":false},"excerpt":{"rendered":"<p>Opis Produktu Organiczny sok z mieszanych koncentrat\u00f3w sok\u00f3w owocowych, pulpy z miazgi owocowej i koncentratu soku z marchwi zmieszanego z niegazowan\u0105 wod\u0105. Zawarto\u015b\u0107 owoc\u00f3w: 54%, zawarto\u015b\u0107 warzyw: 6%. Sk\u0142adniki: jab\u0142ko*, pomara\u0144cze*, ananas*, brzoskwinia*, mango*, marakuja*, cytryna*, woda, sok z marchwi z koncentratu* (6%) * certyfikowany sk\u0142adnik ekologiczny Warto\u015b\u0107 od\u017cywcza\u00a0w 100 g: Warto\u015b\u0107 energetyczna: 107 kJ [&hellip;]<\/p>","protected":false},"featured_media":1447,"template":"","meta":{"site-sidebar-layout":"default","site-content-layout":"","ast-site-content-layout":"default","site-content-style":"default","site-sidebar-style":"default","ast-global-header-display":"","ast-banner-title-visibility":"","ast-main-header-display":"","ast-hfb-above-header-display":"","ast-hfb-below-header-display":"","ast-hfb-mobile-header-display":"","site-post-title":"","ast-breadcrumbs-content":"","ast-featured-img":"","footer-sml-layout":"","theme-transparent-header-meta":"default","adv-header-id-meta":"","stick-header-meta":"","header-above-stick-meta":"","header-main-stick-meta":"","header-below-stick-meta":"","astra-migrate-meta-layouts":"set","ast-page-background-enabled":"default","ast-page-background-meta":{"desktop":{"background-color":"var(--ast-global-color-4)","background-image":"","background-repeat":"repeat","background-position":"center center","background-size":"auto","background-attachment":"scroll","background-type":"","background-media":"","overlay-type":"","overlay-color":"","overlay-opacity":"","overlay-gradient":""},"tablet":{"background-color":"","background-image":"","background-repeat":"repeat","background-position":"center center","background-size":"auto","background-attachment":"scroll","background-type":"","background-media":"","overlay-type":"","overlay-color":"","overlay-opacity":"","overlay-gradient":""},"mobile":{"background-color":"","background-image":"","background-repeat":"repeat","background-position":"center center","background-size":"auto","background-attachment":"scroll","background-type":"","background-media":"","overlay-type":"","overlay-color":"","overlay-opacity":"","overlay-gradient":""}},"ast-content-background-meta":{"desktop":{"background-color":"var(--ast-global-color-5)","background-image":"","background-repeat":"repeat","background-position":"center center","background-size":"auto","background-attachment":"scroll","background-type":"","background-media":"","overlay-type":"","overlay-color":"","overlay-opacity":"","overlay-gradient":""},"tablet":{"background-color":"var(--ast-global-color-5)","background-image":"","background-repeat":"repeat","background-position":"center center","background-size":"auto","background-attachment":"scroll","background-type":"","background-media":"","overlay-type":"","overlay-color":"","overlay-opacity":"","overlay-gradient":""},"mobile":{"background-color":"var(--ast-global-color-5)","background-image":"","background-repeat":"repeat","background-position":"center center","background-size":"auto","background-attachment":"scroll","background-type":"","background-media":"","overlay-type":"","overlay-color":"","overlay-opacity":"","overlay-gradient":""}}},"product_cat":[95],"product_tag":[34],"class_list":{"0":"post-1393","1":"product","2":"type-product","3":"status-publish","4":"has-post-thumbnail","6":"product_cat-inne-napoje","7":"product_tag-etykieta-eko","8":"desktop-align-center","9":"tablet-align-left","10":"mobile-align-left","12":"first","13":"instock","14":"purchasable","15":"product-type-simple"},"_links":{"self":[{"href":"https:\/\/los-odpowiedzialni-spolecznie.pl\/en\/wp-json\/wp\/v2\/product\/1393","targetHints":{"allow":["GET"]}}],"collection":[{"href":"https:\/\/los-odpowiedzialni-spolecznie.pl\/en\/wp-json\/wp\/v2\/product"}],"about":[{"href":"https:\/\/los-odpowiedzialni-spolecznie.pl\/en\/wp-json\/wp\/v2\/types\/product"}],"wp:featuredmedia":[{"embeddable":true,"href":"https:\/\/los-odpowiedzialni-spolecznie.pl\/en\/wp-json\/wp\/v2\/media\/1447"}],"wp:attachment":[{"href":"https:\/\/los-odpowiedzialni-spolecznie.pl\/en\/wp-json\/wp\/v2\/media?parent=1393"}],"wp:term":[{"taxonomy":"product_cat","embeddable":true,"href":"https:\/\/los-odpowiedzialni-spolecznie.pl\/en\/wp-json\/wp\/v2\/product_cat?post=1393"},{"taxonomy":"product_tag","embeddable":true,"href":"https:\/\/los-odpowiedzialni-spolecznie.pl\/en\/wp-json\/wp\/v2\/product_tag?post=1393"}],"curies":[{"name":"wp","href":"https:\/\/api.w.org\/{rel}","templated":true}]}}