{"id":1392,"date":"2024-12-23T16:16:59","date_gmt":"2024-12-23T15:16:59","guid":{"rendered":"https:\/\/los-odpowiedzialni-spolecznie.pl\/?post_type=product&#038;p=1392"},"modified":"2024-12-23T16:18:12","modified_gmt":"2024-12-23T15:18:12","slug":"napoj-jablkowy-bio-200-ml-hollinger","status":"publish","type":"product","link":"https:\/\/los-odpowiedzialni-spolecznie.pl\/en\/sklep\/produkty-spozywcze\/inne-napoje\/napoj-jablkowy-bio-200-ml-hollinger\/","title":{"rendered":"Nap\u00f3j Jab\u0142kowy BIO 200 ml Hollinger"},"content":{"rendered":"<h3>Opis Produktu<\/h3>\n<p>Ekologiczny nap\u00f3j jab\u0142kowy bez dodatku cukru. Zawarto\u015b\u0107 owoc\u00f3w min. 60%.<\/p>\n<p><strong>Sk\u0142adniki:<\/strong><br \/>\nSok jab\u0142kowy*, woda<br \/>\n*certyfikowany sk\u0142adnik ekologiczny<\/p>\n<p><strong>Warto\u015bci od\u017cywcze w 100ml produktu:<\/strong><br \/>\nWartosc energetyczna:\u00a0118,2 kJ \/\u00a027,6 kcal<br \/>\nT\u0142uszcz: &lt; 0,10 g<br \/>\nw tym kwasy t\u0142uszczowe nasycone: &lt;0,10 g<br \/>\nWeglowodany: 6,60 g<br \/>\nw tym cukry: 6,30 g<br \/>\nBia\u0142ko: &lt;0,10 g<br \/>\nS\u00f3l: &lt;0,01 g<\/p>\n<h3>Dodatkowe informacje<\/h3>\n<p>Bez dodatku cukru. Zawiera wy\u0142\u0105cznie naturalnie wyst\u0119puj\u0105ce cukry.<\/p>\n<p><strong>200ml<\/strong><\/p>","protected":false},"excerpt":{"rendered":"<p>Opis Produktu Ekologiczny nap\u00f3j jab\u0142kowy bez dodatku cukru. Zawarto\u015b\u0107 owoc\u00f3w min. 60%. Sk\u0142adniki: Sok jab\u0142kowy*, woda *certyfikowany sk\u0142adnik ekologiczny Warto\u015bci od\u017cywcze w 100ml produktu: Wartosc energetyczna:\u00a0118,2 kJ \/\u00a027,6 kcal T\u0142uszcz: &lt; 0,10 g w tym kwasy t\u0142uszczowe nasycone: &lt;0,10 g Weglowodany: 6,60 g w tym cukry: 6,30 g Bia\u0142ko: &lt;0,10 g S\u00f3l: &lt;0,01 g Dodatkowe [&hellip;]<\/p>","protected":false},"featured_media":1438,"template":"","meta":{"site-sidebar-layout":"default","site-content-layout":"","ast-site-content-layout":"default","site-content-style":"default","site-sidebar-style":"default","ast-global-header-display":"","ast-banner-title-visibility":"","ast-main-header-display":"","ast-hfb-above-header-display":"","ast-hfb-below-header-display":"","ast-hfb-mobile-header-display":"","site-post-title":"","ast-breadcrumbs-content":"","ast-featured-img":"","footer-sml-layout":"","theme-transparent-header-meta":"default","adv-header-id-meta":"","stick-header-meta":"","header-above-stick-meta":"","header-main-stick-meta":"","header-below-stick-meta":"","astra-migrate-meta-layouts":"set","ast-page-background-enabled":"default","ast-page-background-meta":{"desktop":{"background-color":"var(--ast-global-color-4)","background-image":"","background-repeat":"repeat","background-position":"center center","background-size":"auto","background-attachment":"scroll","background-type":"","background-media":"","overlay-type":"","overlay-color":"","overlay-opacity":"","overlay-gradient":""},"tablet":{"background-color":"","background-image":"","background-repeat":"repeat","background-position":"center center","background-size":"auto","background-attachment":"scroll","background-type":"","background-media":"","overlay-type":"","overlay-color":"","overlay-opacity":"","overlay-gradient":""},"mobile":{"background-color":"","background-image":"","background-repeat":"repeat","background-position":"center center","background-size":"auto","background-attachment":"scroll","background-type":"","background-media":"","overlay-type":"","overlay-color":"","overlay-opacity":"","overlay-gradient":""}},"ast-content-background-meta":{"desktop":{"background-color":"var(--ast-global-color-5)","background-image":"","background-repeat":"repeat","background-position":"center center","background-size":"auto","background-attachment":"scroll","background-type":"","background-media":"","overlay-type":"","overlay-color":"","overlay-opacity":"","overlay-gradient":""},"tablet":{"background-color":"var(--ast-global-color-5)","background-image":"","background-repeat":"repeat","background-position":"center center","background-size":"auto","background-attachment":"scroll","background-type":"","background-media":"","overlay-type":"","overlay-color":"","overlay-opacity":"","overlay-gradient":""},"mobile":{"background-color":"var(--ast-global-color-5)","background-image":"","background-repeat":"repeat","background-position":"center center","background-size":"auto","background-attachment":"scroll","background-type":"","background-media":"","overlay-type":"","overlay-color":"","overlay-opacity":"","overlay-gradient":""}}},"product_cat":[95],"product_tag":[34],"class_list":{"0":"post-1392","1":"product","2":"type-product","3":"status-publish","4":"has-post-thumbnail","6":"product_cat-inne-napoje","7":"product_tag-etykieta-eko","8":"desktop-align-center","9":"tablet-align-left","10":"mobile-align-left","12":"first","13":"onbackorder","14":"purchasable","15":"product-type-simple"},"_links":{"self":[{"href":"https:\/\/los-odpowiedzialni-spolecznie.pl\/en\/wp-json\/wp\/v2\/product\/1392","targetHints":{"allow":["GET"]}}],"collection":[{"href":"https:\/\/los-odpowiedzialni-spolecznie.pl\/en\/wp-json\/wp\/v2\/product"}],"about":[{"href":"https:\/\/los-odpowiedzialni-spolecznie.pl\/en\/wp-json\/wp\/v2\/types\/product"}],"wp:featuredmedia":[{"embeddable":true,"href":"https:\/\/los-odpowiedzialni-spolecznie.pl\/en\/wp-json\/wp\/v2\/media\/1438"}],"wp:attachment":[{"href":"https:\/\/los-odpowiedzialni-spolecznie.pl\/en\/wp-json\/wp\/v2\/media?parent=1392"}],"wp:term":[{"taxonomy":"product_cat","embeddable":true,"href":"https:\/\/los-odpowiedzialni-spolecznie.pl\/en\/wp-json\/wp\/v2\/product_cat?post=1392"},{"taxonomy":"product_tag","embeddable":true,"href":"https:\/\/los-odpowiedzialni-spolecznie.pl\/en\/wp-json\/wp\/v2\/product_tag?post=1392"}],"curies":[{"name":"wp","href":"https:\/\/api.w.org\/{rel}","templated":true}]}}