{"id":1391,"date":"2024-12-23T16:16:59","date_gmt":"2024-12-23T15:16:59","guid":{"rendered":"https:\/\/los-odpowiedzialni-spolecznie.pl\/?post_type=product&#038;p=1391"},"modified":"2024-12-23T16:18:10","modified_gmt":"2024-12-23T15:18:10","slug":"napoj-gruszkowy-bio-200-ml-hollinger","status":"publish","type":"product","link":"https:\/\/los-odpowiedzialni-spolecznie.pl\/en\/sklep\/produkty-spozywcze\/inne-napoje\/napoj-gruszkowy-bio-200-ml-hollinger\/","title":{"rendered":"Nap\u00f3j Gruszkowy BIO 200 ml Hollinger"},"content":{"rendered":"<h3>Opis Produktu<\/h3>\n<p>Ekologiczny nap\u00f3j gruszkowy bez dodatku cukru. Wyprodukowany z owoc\u00f3w z certyfikowanych upraw ekologicznych. Zawarto\u015b\u0107 owoc\u00f3w min. 60%<\/p>\n<p><strong>Sk\u0142adniki:<\/strong><br \/>\nsok gruszkowy (nie z koncentratu)* (60%), woda (*certyfikowany sk\u0142adnik ekologiczny)<\/p>\n<p><strong>Warto\u015bci od\u017cywcze w 100ml produktu:<\/strong><br \/>\nWartosc energetyczna:\u00a0134,4 kJ \/\u00a031,8 kcal<br \/>\nT\u0142uszcz: &lt; 0,10 g<br \/>\nw tym kwasy t\u0142uszczowe nasycone: 0,00 g<br \/>\nWeglowodany: 7,90 g<br \/>\nw tym cukry: 7,90 g<br \/>\nBia\u0142ko: &lt;0,10 g<br \/>\nS\u00f3l: &lt;0,01 g<\/p>\n<h3>Dodatkowe informacje<\/h3>\n<p class=\"name\"><strong>\u00a0200 ml\u00a0<\/strong><\/p>","protected":false},"excerpt":{"rendered":"<p>Opis Produktu Ekologiczny nap\u00f3j gruszkowy bez dodatku cukru. Wyprodukowany z owoc\u00f3w z certyfikowanych upraw ekologicznych. Zawarto\u015b\u0107 owoc\u00f3w min. 60% Sk\u0142adniki: sok gruszkowy (nie z koncentratu)* (60%), woda (*certyfikowany sk\u0142adnik ekologiczny) Warto\u015bci od\u017cywcze w 100ml produktu: Wartosc energetyczna:\u00a0134,4 kJ \/\u00a031,8 kcal T\u0142uszcz: &lt; 0,10 g w tym kwasy t\u0142uszczowe nasycone: 0,00 g Weglowodany: 7,90 g w [&hellip;]<\/p>","protected":false},"featured_media":1437,"template":"","meta":{"site-sidebar-layout":"default","site-content-layout":"","ast-site-content-layout":"default","site-content-style":"default","site-sidebar-style":"default","ast-global-header-display":"","ast-banner-title-visibility":"","ast-main-header-display":"","ast-hfb-above-header-display":"","ast-hfb-below-header-display":"","ast-hfb-mobile-header-display":"","site-post-title":"","ast-breadcrumbs-content":"","ast-featured-img":"","footer-sml-layout":"","theme-transparent-header-meta":"default","adv-header-id-meta":"","stick-header-meta":"","header-above-stick-meta":"","header-main-stick-meta":"","header-below-stick-meta":"","astra-migrate-meta-layouts":"set","ast-page-background-enabled":"default","ast-page-background-meta":{"desktop":{"background-color":"var(--ast-global-color-4)","background-image":"","background-repeat":"repeat","background-position":"center center","background-size":"auto","background-attachment":"scroll","background-type":"","background-media":"","overlay-type":"","overlay-color":"","overlay-opacity":"","overlay-gradient":""},"tablet":{"background-color":"","background-image":"","background-repeat":"repeat","background-position":"center center","background-size":"auto","background-attachment":"scroll","background-type":"","background-media":"","overlay-type":"","overlay-color":"","overlay-opacity":"","overlay-gradient":""},"mobile":{"background-color":"","background-image":"","background-repeat":"repeat","background-position":"center center","background-size":"auto","background-attachment":"scroll","background-type":"","background-media":"","overlay-type":"","overlay-color":"","overlay-opacity":"","overlay-gradient":""}},"ast-content-background-meta":{"desktop":{"background-color":"var(--ast-global-color-5)","background-image":"","background-repeat":"repeat","background-position":"center center","background-size":"auto","background-attachment":"scroll","background-type":"","background-media":"","overlay-type":"","overlay-color":"","overlay-opacity":"","overlay-gradient":""},"tablet":{"background-color":"var(--ast-global-color-5)","background-image":"","background-repeat":"repeat","background-position":"center center","background-size":"auto","background-attachment":"scroll","background-type":"","background-media":"","overlay-type":"","overlay-color":"","overlay-opacity":"","overlay-gradient":""},"mobile":{"background-color":"var(--ast-global-color-5)","background-image":"","background-repeat":"repeat","background-position":"center center","background-size":"auto","background-attachment":"scroll","background-type":"","background-media":"","overlay-type":"","overlay-color":"","overlay-opacity":"","overlay-gradient":""}}},"product_cat":[95],"product_tag":[34],"class_list":{"0":"post-1391","1":"product","2":"type-product","3":"status-publish","4":"has-post-thumbnail","6":"product_cat-inne-napoje","7":"product_tag-etykieta-eko","8":"desktop-align-center","9":"tablet-align-left","10":"mobile-align-left","12":"first","13":"onbackorder","14":"purchasable","15":"product-type-simple"},"_links":{"self":[{"href":"https:\/\/los-odpowiedzialni-spolecznie.pl\/en\/wp-json\/wp\/v2\/product\/1391","targetHints":{"allow":["GET"]}}],"collection":[{"href":"https:\/\/los-odpowiedzialni-spolecznie.pl\/en\/wp-json\/wp\/v2\/product"}],"about":[{"href":"https:\/\/los-odpowiedzialni-spolecznie.pl\/en\/wp-json\/wp\/v2\/types\/product"}],"wp:featuredmedia":[{"embeddable":true,"href":"https:\/\/los-odpowiedzialni-spolecznie.pl\/en\/wp-json\/wp\/v2\/media\/1437"}],"wp:attachment":[{"href":"https:\/\/los-odpowiedzialni-spolecznie.pl\/en\/wp-json\/wp\/v2\/media?parent=1391"}],"wp:term":[{"taxonomy":"product_cat","embeddable":true,"href":"https:\/\/los-odpowiedzialni-spolecznie.pl\/en\/wp-json\/wp\/v2\/product_cat?post=1391"},{"taxonomy":"product_tag","embeddable":true,"href":"https:\/\/los-odpowiedzialni-spolecznie.pl\/en\/wp-json\/wp\/v2\/product_tag?post=1391"}],"curies":[{"name":"wp","href":"https:\/\/api.w.org\/{rel}","templated":true}]}}