{"id":139,"date":"2024-12-23T15:36:09","date_gmt":"2024-12-23T14:36:09","guid":{"rendered":"https:\/\/los-odpowiedzialni-spolecznie.pl\/?post_type=product&#038;p=139"},"modified":"2024-12-23T15:37:04","modified_gmt":"2024-12-23T14:37:04","slug":"herbatka-dla-zoladkowcow-50g","status":"publish","type":"product","link":"https:\/\/los-odpowiedzialni-spolecznie.pl\/en\/sklep\/produkty-spozywcze\/herbaty\/ziolowe\/herbatka-dla-zoladkowcow-50g\/","title":{"rendered":"Herbatka dla \u017co\u0142\u0105dkowc\u00f3w 50g"},"content":{"rendered":"<h3>Opis Produktu<\/h3>\n<p><strong>Herbatka dla \u017co\u0142\u0105dkowc\u00f3w EKO<\/strong><\/p>\n<p class=\"f-display-2 md:pr-40 lg:pr-44\">\u0141agodna w smaku herbatka zio\u0142owa na bazie najwy\u017cszej jako\u015bci, ekologicznych surowc\u00f3w. Owoc r\u00f3\u017cy oraz kwiat \u015blazu wspieraj\u0105 zdrowie uk\u0142adu pokarmowego, owoc czarnego bzu pomaga utrzyma\u0107 mas\u0119 cia\u0142a na prawid\u0142owym poziomie, owoc tarniny usprawnia trawienie, a nagietek wp\u0142ywa korzystnie na b\u0142ony \u015bluzowe oraz prawid\u0142owe funkcjonowanie w\u0105troby i jelit.<\/p>\n<h3 class=\"tab-title\">Dodatkowe informacje<\/h3>\n<div class=\"resetcss\">\n<p><strong>Sk\u0142adniki:\u00a0<\/strong>r\u00f3\u017ca owoc*, \u015blaz ziele* po 15%, bez owoc*, g\u0142\u00f3g owoc*, tarnina owoc*, babka zwyczajna li\u015b\u0107*, bukwica ziele*, przytulia ziele*, \u015blaz kwiat*, nagietek p\u0142atki* (w r\u00f3\u017cnych proporcjach). *produkt rolnictwa ekologicznego<\/p>\n<p><strong>Spos\u00f3b u\u017cycia:\u00a0<\/strong>jedn\u0105 \u0142y\u017ceczk\u0119 zala\u0107 szklank\u0105 wrz\u0105tku i pozostawi\u0107 pod przykryciem do zaparzenia na oko\u0142o 10-15 minut. Mo\u017cna pi\u0107 bez ogranicze\u0144.<\/p>\n<p><strong>Masa netto:\u00a0<\/strong>50 g<\/p>\n<p><strong>Warunki przechowywania:\u00a0<\/strong>przechowywa\u0107 w suchym miejscu.<\/p>\n<p><strong>Kod EAN:\u00a0<\/strong>5902741005274<\/p>\n<\/div>","protected":false},"excerpt":{"rendered":"<p>Opis Produktu Herbatka dla \u017co\u0142\u0105dkowc\u00f3w EKO \u0141agodna w smaku herbatka zio\u0142owa na bazie najwy\u017cszej jako\u015bci, ekologicznych surowc\u00f3w. Owoc r\u00f3\u017cy oraz kwiat \u015blazu wspieraj\u0105 zdrowie uk\u0142adu pokarmowego, owoc czarnego bzu pomaga utrzyma\u0107 mas\u0119 cia\u0142a na prawid\u0142owym poziomie, owoc tarniny usprawnia trawienie, a nagietek wp\u0142ywa korzystnie na b\u0142ony \u015bluzowe oraz prawid\u0142owe funkcjonowanie w\u0105troby i jelit. Dodatkowe informacje [&hellip;]<\/p>","protected":false},"featured_media":192,"template":"","meta":{"site-sidebar-layout":"default","site-content-layout":"","ast-site-content-layout":"default","site-content-style":"default","site-sidebar-style":"default","ast-global-header-display":"","ast-banner-title-visibility":"","ast-main-header-display":"","ast-hfb-above-header-display":"","ast-hfb-below-header-display":"","ast-hfb-mobile-header-display":"","site-post-title":"","ast-breadcrumbs-content":"","ast-featured-img":"","footer-sml-layout":"","theme-transparent-header-meta":"default","adv-header-id-meta":"","stick-header-meta":"","header-above-stick-meta":"","header-main-stick-meta":"","header-below-stick-meta":"","astra-migrate-meta-layouts":"set","ast-page-background-enabled":"default","ast-page-background-meta":{"desktop":{"background-color":"var(--ast-global-color-4)","background-image":"","background-repeat":"repeat","background-position":"center center","background-size":"auto","background-attachment":"scroll","background-type":"","background-media":"","overlay-type":"","overlay-color":"","overlay-opacity":"","overlay-gradient":""},"tablet":{"background-color":"","background-image":"","background-repeat":"repeat","background-position":"center center","background-size":"auto","background-attachment":"scroll","background-type":"","background-media":"","overlay-type":"","overlay-color":"","overlay-opacity":"","overlay-gradient":""},"mobile":{"background-color":"","background-image":"","background-repeat":"repeat","background-position":"center center","background-size":"auto","background-attachment":"scroll","background-type":"","background-media":"","overlay-type":"","overlay-color":"","overlay-opacity":"","overlay-gradient":""}},"ast-content-background-meta":{"desktop":{"background-color":"var(--ast-global-color-5)","background-image":"","background-repeat":"repeat","background-position":"center center","background-size":"auto","background-attachment":"scroll","background-type":"","background-media":"","overlay-type":"","overlay-color":"","overlay-opacity":"","overlay-gradient":""},"tablet":{"background-color":"var(--ast-global-color-5)","background-image":"","background-repeat":"repeat","background-position":"center center","background-size":"auto","background-attachment":"scroll","background-type":"","background-media":"","overlay-type":"","overlay-color":"","overlay-opacity":"","overlay-gradient":""},"mobile":{"background-color":"var(--ast-global-color-5)","background-image":"","background-repeat":"repeat","background-position":"center center","background-size":"auto","background-attachment":"scroll","background-type":"","background-media":"","overlay-type":"","overlay-color":"","overlay-opacity":"","overlay-gradient":""}}},"product_cat":[44,46,47,52],"product_tag":[34],"class_list":{"0":"post-139","1":"product","2":"type-product","3":"status-publish","4":"has-post-thumbnail","6":"product_cat-herbaty","7":"product_cat-ziolowe","8":"product_cat-owocowe-herbaty","9":"product_cat-sypane","10":"product_tag-etykieta-eko","11":"desktop-align-center","12":"tablet-align-left","13":"mobile-align-left","15":"first","16":"instock","17":"purchasable","18":"product-type-simple"},"_links":{"self":[{"href":"https:\/\/los-odpowiedzialni-spolecznie.pl\/en\/wp-json\/wp\/v2\/product\/139","targetHints":{"allow":["GET"]}}],"collection":[{"href":"https:\/\/los-odpowiedzialni-spolecznie.pl\/en\/wp-json\/wp\/v2\/product"}],"about":[{"href":"https:\/\/los-odpowiedzialni-spolecznie.pl\/en\/wp-json\/wp\/v2\/types\/product"}],"wp:featuredmedia":[{"embeddable":true,"href":"https:\/\/los-odpowiedzialni-spolecznie.pl\/en\/wp-json\/wp\/v2\/media\/192"}],"wp:attachment":[{"href":"https:\/\/los-odpowiedzialni-spolecznie.pl\/en\/wp-json\/wp\/v2\/media?parent=139"}],"wp:term":[{"taxonomy":"product_cat","embeddable":true,"href":"https:\/\/los-odpowiedzialni-spolecznie.pl\/en\/wp-json\/wp\/v2\/product_cat?post=139"},{"taxonomy":"product_tag","embeddable":true,"href":"https:\/\/los-odpowiedzialni-spolecznie.pl\/en\/wp-json\/wp\/v2\/product_tag?post=139"}],"curies":[{"name":"wp","href":"https:\/\/api.w.org\/{rel}","templated":true}]}}