{"id":1389,"date":"2024-12-23T16:16:59","date_gmt":"2024-12-23T15:16:59","guid":{"rendered":"https:\/\/los-odpowiedzialni-spolecznie.pl\/?post_type=product&#038;p=1389"},"modified":"2024-12-23T16:18:04","modified_gmt":"2024-12-23T15:18:04","slug":"czystek-ziele-eko-suplement-diety-25x2-g","status":"publish","type":"product","link":"https:\/\/los-odpowiedzialni-spolecznie.pl\/en\/sklep\/produkty-spozywcze\/herbaty\/ekspresowe\/czystek-ziele-eko-suplement-diety-25x2-g\/","title":{"rendered":"CZYSTEK ZIELE EKO SUPLEMENT DIETY (25\u00d72 G)"},"content":{"rendered":"<h3>Opis Produktu<\/h3>\n<p>Czystek to ro\u015blina z rodziny r\u00f3\u017cowatych, kt\u00f3ra wyst\u0119puje w rejonach \u015br\u00f3dziemnomorskich. Ma wiele w\u0142a\u015bciwo\u015bci leczniczych i jest stosowany w medycynie ludowej od wiek\u00f3w.<\/p>\n<p>Herbatka zio\u0142owa z czystka jest \u015bwietnym sposobem na popraw\u0119 funkcjonowania organizmu i wzmocnienie odporno\u015bci. Ma dzia\u0142anie przeciwzapalne, antyseptyczne i przeciwbakteryjne. Mo\u017ce by\u0107 r\u00f3wnie\u017c pomocna w leczeniu infekcji uk\u0142adu oddechowego, stan\u00f3w zapalnych b\u0142ony \u015bluzowej gard\u0142a oraz problem\u00f3w z trawieniem.<\/p>\n<p>Warto spo\u017cywa\u0107 herbatk\u0119 zio\u0142ow\u0105 z czystka regularnie, by cieszy\u0107 si\u0119 korzy\u015bciami zdrowotnymi tej ro\u015bliny oraz wzmocni\u0107 swoj\u0105 odporno\u015b\u0107.<\/p>\n<p><strong>Sk\u0142adniki:<\/strong><\/p>\n<p>czystek szary ziele (<em>Cistus \u00d7 incanus \u2013 herba<\/em>)* 100%<\/p>\n<p><strong>Spos\u00f3b u\u017cycia:<\/strong><\/p>\n<p><strong>\u00a0<\/strong>jedn\u0105 saszetk\u0119 zala\u0107 szklank\u0105 wrz\u0105tku i pozostawi\u0107 pod przykryciem do zaparzenia na oko\u0142o 10-15 minut. Pi\u0107 1-2 razy dziennie.<\/p>\n<p>Mo\u017cna j\u0105 pi\u0107 zar\u00f3wno na zimno, jak i na gor\u0105co, dodaj\u0105c mi\u00f3d lub cytryn\u0119 dla poprawienia smaku.<\/p>\n<p>&nbsp;<\/p>\n<h3>Dodatkowe informacje<\/h3>\n<p><strong>Masa netto:\u00a0<\/strong>25&#215;2 g<\/p>\n<p><strong>Warunki przechowywania:\u00a0<\/strong>przechowywa\u0107 w suchym miejscu.<\/p>","protected":false},"excerpt":{"rendered":"<p>Opis Produktu Czystek to ro\u015blina z rodziny r\u00f3\u017cowatych, kt\u00f3ra wyst\u0119puje w rejonach \u015br\u00f3dziemnomorskich. Ma wiele w\u0142a\u015bciwo\u015bci leczniczych i jest stosowany w medycynie ludowej od wiek\u00f3w. Herbatka zio\u0142owa z czystka jest \u015bwietnym sposobem na popraw\u0119 funkcjonowania organizmu i wzmocnienie odporno\u015bci. Ma dzia\u0142anie przeciwzapalne, antyseptyczne i przeciwbakteryjne. Mo\u017ce by\u0107 r\u00f3wnie\u017c pomocna w leczeniu infekcji uk\u0142adu oddechowego, stan\u00f3w [&hellip;]<\/p>","protected":false},"featured_media":1435,"template":"","meta":{"site-sidebar-layout":"default","site-content-layout":"","ast-site-content-layout":"default","site-content-style":"default","site-sidebar-style":"default","ast-global-header-display":"","ast-banner-title-visibility":"","ast-main-header-display":"","ast-hfb-above-header-display":"","ast-hfb-below-header-display":"","ast-hfb-mobile-header-display":"","site-post-title":"","ast-breadcrumbs-content":"","ast-featured-img":"","footer-sml-layout":"","theme-transparent-header-meta":"default","adv-header-id-meta":"","stick-header-meta":"","header-above-stick-meta":"","header-main-stick-meta":"","header-below-stick-meta":"","astra-migrate-meta-layouts":"set","ast-page-background-enabled":"default","ast-page-background-meta":{"desktop":{"background-color":"var(--ast-global-color-4)","background-image":"","background-repeat":"repeat","background-position":"center center","background-size":"auto","background-attachment":"scroll","background-type":"","background-media":"","overlay-type":"","overlay-color":"","overlay-opacity":"","overlay-gradient":""},"tablet":{"background-color":"","background-image":"","background-repeat":"repeat","background-position":"center center","background-size":"auto","background-attachment":"scroll","background-type":"","background-media":"","overlay-type":"","overlay-color":"","overlay-opacity":"","overlay-gradient":""},"mobile":{"background-color":"","background-image":"","background-repeat":"repeat","background-position":"center center","background-size":"auto","background-attachment":"scroll","background-type":"","background-media":"","overlay-type":"","overlay-color":"","overlay-opacity":"","overlay-gradient":""}},"ast-content-background-meta":{"desktop":{"background-color":"var(--ast-global-color-5)","background-image":"","background-repeat":"repeat","background-position":"center center","background-size":"auto","background-attachment":"scroll","background-type":"","background-media":"","overlay-type":"","overlay-color":"","overlay-opacity":"","overlay-gradient":""},"tablet":{"background-color":"var(--ast-global-color-5)","background-image":"","background-repeat":"repeat","background-position":"center center","background-size":"auto","background-attachment":"scroll","background-type":"","background-media":"","overlay-type":"","overlay-color":"","overlay-opacity":"","overlay-gradient":""},"mobile":{"background-color":"var(--ast-global-color-5)","background-image":"","background-repeat":"repeat","background-position":"center center","background-size":"auto","background-attachment":"scroll","background-type":"","background-media":"","overlay-type":"","overlay-color":"","overlay-opacity":"","overlay-gradient":""}}},"product_cat":[45,44,46],"product_tag":[34],"class_list":{"0":"post-1389","1":"product","2":"type-product","3":"status-publish","4":"has-post-thumbnail","6":"product_cat-ekspresowe","7":"product_cat-herbaty","8":"product_cat-ziolowe","9":"product_tag-etykieta-eko","10":"desktop-align-center","11":"tablet-align-left","12":"mobile-align-left","14":"first","15":"instock","16":"purchasable","17":"product-type-simple"},"_links":{"self":[{"href":"https:\/\/los-odpowiedzialni-spolecznie.pl\/en\/wp-json\/wp\/v2\/product\/1389","targetHints":{"allow":["GET"]}}],"collection":[{"href":"https:\/\/los-odpowiedzialni-spolecznie.pl\/en\/wp-json\/wp\/v2\/product"}],"about":[{"href":"https:\/\/los-odpowiedzialni-spolecznie.pl\/en\/wp-json\/wp\/v2\/types\/product"}],"wp:featuredmedia":[{"embeddable":true,"href":"https:\/\/los-odpowiedzialni-spolecznie.pl\/en\/wp-json\/wp\/v2\/media\/1435"}],"wp:attachment":[{"href":"https:\/\/los-odpowiedzialni-spolecznie.pl\/en\/wp-json\/wp\/v2\/media?parent=1389"}],"wp:term":[{"taxonomy":"product_cat","embeddable":true,"href":"https:\/\/los-odpowiedzialni-spolecznie.pl\/en\/wp-json\/wp\/v2\/product_cat?post=1389"},{"taxonomy":"product_tag","embeddable":true,"href":"https:\/\/los-odpowiedzialni-spolecznie.pl\/en\/wp-json\/wp\/v2\/product_tag?post=1389"}],"curies":[{"name":"wp","href":"https:\/\/api.w.org\/{rel}","templated":true}]}}