{"id":1387,"date":"2024-12-23T16:16:59","date_gmt":"2024-12-23T15:16:59","guid":{"rendered":"https:\/\/los-odpowiedzialni-spolecznie.pl\/?post_type=product&#038;p=1387"},"modified":"2024-12-23T16:17:59","modified_gmt":"2024-12-23T15:17:59","slug":"czystek-herbatka-ziolowa-bio-250-g-bio-planet","status":"publish","type":"product","link":"https:\/\/los-odpowiedzialni-spolecznie.pl\/en\/sklep\/produkty-spozywcze\/herbaty\/ziolowe\/czystek-herbatka-ziolowa-bio-250-g-bio-planet\/","title":{"rendered":"CZYSTEK (HERBATKA ZIO\u0141OWA) BIO 250 g- Bio Planet"},"content":{"rendered":"<h3>Opis Produktu<\/h3>\n<p>Czystek to ro\u015blina z rodziny r\u00f3\u017cowatych, kt\u00f3ra wyst\u0119puje w rejonach \u015br\u00f3dziemnomorskich. Ma wiele w\u0142a\u015bciwo\u015bci leczniczych i jest stosowany w medycynie ludowej od wiek\u00f3w.<\/p>\n<p>Herbatka zio\u0142owa z czystka jest \u015bwietnym sposobem na popraw\u0119 funkcjonowania organizmu i wzmocnienie odporno\u015bci. Ma dzia\u0142anie przeciwzapalne, antyseptyczne i przeciwbakteryjne. Mo\u017ce by\u0107 r\u00f3wnie\u017c pomocna w leczeniu infekcji uk\u0142adu oddechowego, stan\u00f3w zapalnych b\u0142ony \u015bluzowej gard\u0142a oraz problem\u00f3w z trawieniem.<\/p>\n<p>Aby przygotowa\u0107 herbatk\u0119 zio\u0142ow\u0105 z czystka, nale\u017cy zala\u0107 1-2 \u0142y\u017ceczki suszu 200 ml wrz\u0105cej wody i parzy\u0107 przez oko\u0142o 5-10 minut. Mo\u017cna j\u0105 pi\u0107 zar\u00f3wno na zimno, jak i na gor\u0105co, dodaj\u0105c mi\u00f3d lub cytryn\u0119 dla poprawienia smaku.<\/p>\n<p>Warto spo\u017cywa\u0107 herbatk\u0119 zio\u0142ow\u0105 z czystka regularnie, by cieszy\u0107 si\u0119 korzy\u015bciami zdrowotnymi tej ro\u015bliny oraz wzmocni\u0107 swoj\u0105 odporno\u015b\u0107.<\/p>\n<p><strong>SK\u0141ADNIKI<\/strong><br \/>\nekologiczny czystek (Cistus Incanus) 100%<br \/>\n<strong>ZALECANE SPO\u017bYCIE<\/strong><\/p>\n<p>Aby przygotowa\u0107 herbatk\u0119 zio\u0142ow\u0105 z czystka, nale\u017cy zala\u0107 1-2 \u0142y\u017ceczki suszu 200 ml wrz\u0105cej wody i parzy\u0107 przez oko\u0142o 5-10 minut. Mo\u017cna j\u0105 pi\u0107 zar\u00f3wno na zimno, jak i na gor\u0105co, dodaj\u0105c mi\u00f3d lub cytryn\u0119 dla poprawienia smaku.<br \/>\nPi\u0107 2 razy dziennie.<\/p>\n<h3>Dodatkowe informacje<\/h3>\n<p>UWAGI<br \/>\nZawarto\u015b\u0107 czystka w przeliczeniu na zalecan\u0105 do spo\u017cycia dzienn\u0105 porcj\u0119 produktu wynosi 3 g, co odpowiada 0,25 g polifenoli.<br \/>\nNie nale\u017cy przekracza\u0107 zalecanej porcji do spo\u017cycia w ci\u0105gu dnia.<br \/>\nSuplement diety nie mo\u017ce by\u0107 stosowany jako substytut zr\u00f3\u017cnicowanej diety.<\/p>\n<p><strong>ZALECANE WARUNKI PRZECHOWYWANIA<\/strong><br \/>\nPrzechowywa\u0107 w suchym i ch\u0142odnym miejscu, w miejscu niedost\u0119pnym dla ma\u0142ych dzieci.<\/p>\n<p>Zawarto\u015b\u0107 netto:0,25 \u00a0kg<\/p>","protected":false},"excerpt":{"rendered":"<p>Opis Produktu Czystek to ro\u015blina z rodziny r\u00f3\u017cowatych, kt\u00f3ra wyst\u0119puje w rejonach \u015br\u00f3dziemnomorskich. Ma wiele w\u0142a\u015bciwo\u015bci leczniczych i jest stosowany w medycynie ludowej od wiek\u00f3w. Herbatka zio\u0142owa z czystka jest \u015bwietnym sposobem na popraw\u0119 funkcjonowania organizmu i wzmocnienie odporno\u015bci. Ma dzia\u0142anie przeciwzapalne, antyseptyczne i przeciwbakteryjne. Mo\u017ce by\u0107 r\u00f3wnie\u017c pomocna w leczeniu infekcji uk\u0142adu oddechowego, stan\u00f3w [&hellip;]<\/p>","protected":false},"featured_media":1433,"template":"","meta":{"site-sidebar-layout":"default","site-content-layout":"","ast-site-content-layout":"default","site-content-style":"default","site-sidebar-style":"default","ast-global-header-display":"","ast-banner-title-visibility":"","ast-main-header-display":"","ast-hfb-above-header-display":"","ast-hfb-below-header-display":"","ast-hfb-mobile-header-display":"","site-post-title":"","ast-breadcrumbs-content":"","ast-featured-img":"","footer-sml-layout":"","theme-transparent-header-meta":"default","adv-header-id-meta":"","stick-header-meta":"","header-above-stick-meta":"","header-main-stick-meta":"","header-below-stick-meta":"","astra-migrate-meta-layouts":"set","ast-page-background-enabled":"default","ast-page-background-meta":{"desktop":{"background-color":"var(--ast-global-color-4)","background-image":"","background-repeat":"repeat","background-position":"center center","background-size":"auto","background-attachment":"scroll","background-type":"","background-media":"","overlay-type":"","overlay-color":"","overlay-opacity":"","overlay-gradient":""},"tablet":{"background-color":"","background-image":"","background-repeat":"repeat","background-position":"center center","background-size":"auto","background-attachment":"scroll","background-type":"","background-media":"","overlay-type":"","overlay-color":"","overlay-opacity":"","overlay-gradient":""},"mobile":{"background-color":"","background-image":"","background-repeat":"repeat","background-position":"center center","background-size":"auto","background-attachment":"scroll","background-type":"","background-media":"","overlay-type":"","overlay-color":"","overlay-opacity":"","overlay-gradient":""}},"ast-content-background-meta":{"desktop":{"background-color":"var(--ast-global-color-5)","background-image":"","background-repeat":"repeat","background-position":"center center","background-size":"auto","background-attachment":"scroll","background-type":"","background-media":"","overlay-type":"","overlay-color":"","overlay-opacity":"","overlay-gradient":""},"tablet":{"background-color":"var(--ast-global-color-5)","background-image":"","background-repeat":"repeat","background-position":"center center","background-size":"auto","background-attachment":"scroll","background-type":"","background-media":"","overlay-type":"","overlay-color":"","overlay-opacity":"","overlay-gradient":""},"mobile":{"background-color":"var(--ast-global-color-5)","background-image":"","background-repeat":"repeat","background-position":"center center","background-size":"auto","background-attachment":"scroll","background-type":"","background-media":"","overlay-type":"","overlay-color":"","overlay-opacity":"","overlay-gradient":""}}},"product_cat":[44,46,52],"product_tag":[34],"class_list":{"0":"post-1387","1":"product","2":"type-product","3":"status-publish","4":"has-post-thumbnail","6":"product_cat-herbaty","7":"product_cat-ziolowe","8":"product_cat-sypane","9":"product_tag-etykieta-eko","10":"desktop-align-center","11":"tablet-align-left","12":"mobile-align-left","14":"first","15":"instock","16":"purchasable","17":"product-type-simple"},"_links":{"self":[{"href":"https:\/\/los-odpowiedzialni-spolecznie.pl\/en\/wp-json\/wp\/v2\/product\/1387","targetHints":{"allow":["GET"]}}],"collection":[{"href":"https:\/\/los-odpowiedzialni-spolecznie.pl\/en\/wp-json\/wp\/v2\/product"}],"about":[{"href":"https:\/\/los-odpowiedzialni-spolecznie.pl\/en\/wp-json\/wp\/v2\/types\/product"}],"wp:featuredmedia":[{"embeddable":true,"href":"https:\/\/los-odpowiedzialni-spolecznie.pl\/en\/wp-json\/wp\/v2\/media\/1433"}],"wp:attachment":[{"href":"https:\/\/los-odpowiedzialni-spolecznie.pl\/en\/wp-json\/wp\/v2\/media?parent=1387"}],"wp:term":[{"taxonomy":"product_cat","embeddable":true,"href":"https:\/\/los-odpowiedzialni-spolecznie.pl\/en\/wp-json\/wp\/v2\/product_cat?post=1387"},{"taxonomy":"product_tag","embeddable":true,"href":"https:\/\/los-odpowiedzialni-spolecznie.pl\/en\/wp-json\/wp\/v2\/product_tag?post=1387"}],"curies":[{"name":"wp","href":"https:\/\/api.w.org\/{rel}","templated":true}]}}