{"id":138,"date":"2024-12-23T15:36:09","date_gmt":"2024-12-23T14:36:09","guid":{"rendered":"https:\/\/los-odpowiedzialni-spolecznie.pl\/?post_type=product&#038;p=138"},"modified":"2024-12-23T15:37:02","modified_gmt":"2024-12-23T14:37:02","slug":"herbatka-romeo-i-julia-eko-40g-dary-natury","status":"publish","type":"product","link":"https:\/\/los-odpowiedzialni-spolecznie.pl\/en\/sklep\/produkty-spozywcze\/herbaty\/ziolowe\/herbatka-romeo-i-julia-eko-40g-dary-natury\/","title":{"rendered":"Herbatka Romeo i Julia Eko 40g &#8211; Dary Natury"},"content":{"rendered":"<h3>Opis Produktu<\/h3>\n<p class=\"title\"><strong>Herbatka Romeo i Julia Eko 40 g<\/strong><\/p>\n<p class=\"f-display-2 md:pr-40 lg:pr-44\">Herbatka Romeo i Julia jest unikatowym duetem zio\u0142owych mieszanek z najwy\u017cszej jako\u015bci sk\u0142adnik\u00f3w. Herbatka Julia, to delikatne po\u0142\u0105czenie r\u00f3\u017cy, p\u0142atk\u00f3w nagietka, werbeny cytrynowej i rumianku, z nut\u0105 cennego szafranu, kt\u00f3ry wspiera dobre samopoczucie. Herbatka Romeo, to przemy\u015blana kompozycja zdecydowanych aromat\u00f3w sza\u0142wii, oregano oraz gojnika, wzbogacona korzeniem \u017ce\u0144-szenia, kt\u00f3ry pomaga pokona\u0107 stres, zm\u0119czenie oraz poprawia koncentracj\u0119.<\/p>\n<div id=\"box_description\" class=\"tab-wrap\">\n<div class=\"resetcss\">\n<div class=\"attributes\">\n<div class=\"item\">\n<div class=\"attr-name\">\n<div><strong>Sk\u0142adniki:<\/strong><\/div>\n<\/div>\n<div class=\"attr-value\">\n<p>Herbatka Romeo: sza\u0142wia*, oregano*, poziomka li\u015b\u0107*, brusznica owoc*, bor\u00f3wka owoc*, gojnik*, chaber p\u0142atki*, \u017ce\u0144-sze\u0144*.<\/p>\n<p>Herbatka Julia: krwawnik ziele*, \u017curawina owoc*, rumianek*, przywrotnik ziele, nagietek p\u0142atki*, werbena cytrynowa*, r\u00f3\u017ca p\u0142atki*, szafran*.<\/p>\n<p>*produkt rolnictwa ekologicznego<\/p>\n<div class=\"clear\"><strong>\u00a0<\/strong><\/div>\n<\/div>\n<\/div>\n<div class=\"item\">\n<div class=\"attr-name\">\n<div><strong>Spos\u00f3b u\u017cycia:<\/strong><\/div>\n<\/div>\n<div class=\"attr-value\">\n<p>1 \u0142y\u017ceczk\u0119 herbatki zala\u0107 szklank\u0105 wrz\u0105tku i pozostawi\u0107 pod przykryciem do zaparzenia na oko\u0142o 10-15 minut. Pi\u0107 2 razy dziennie.<\/p>\n<div class=\"clear\"><\/div>\n<\/div>\n<\/div>\n<div class=\"item\">\n<div class=\"attr-name\">\n<div><strong>Opakowanie:<\/strong><\/div>\n<div><\/div>\n<\/div>\n<div class=\"attr-value\">\n<p>40 g (2 x 20 g)<\/p>\n<\/div>\n<\/div>\n<\/div>\n<\/div>\n<\/div>\n<div id=\"boxdetails\" class=\"tab-wrap\">\n<div class=\"tab-title\"><strong>Dodatkowe informacje<\/strong><\/div>\n<div class=\"resetcss\">\n<p>herbatka sypana<\/p>\n<\/div>\n<\/div>","protected":false},"excerpt":{"rendered":"<p>Opis Produktu Herbatka Romeo i Julia Eko 40 g Herbatka Romeo i Julia jest unikatowym duetem zio\u0142owych mieszanek z najwy\u017cszej jako\u015bci sk\u0142adnik\u00f3w. Herbatka Julia, to delikatne po\u0142\u0105czenie r\u00f3\u017cy, p\u0142atk\u00f3w nagietka, werbeny cytrynowej i rumianku, z nut\u0105 cennego szafranu, kt\u00f3ry wspiera dobre samopoczucie. Herbatka Romeo, to przemy\u015blana kompozycja zdecydowanych aromat\u00f3w sza\u0142wii, oregano oraz gojnika, wzbogacona korzeniem [&hellip;]<\/p>","protected":false},"featured_media":191,"template":"","meta":{"site-sidebar-layout":"default","site-content-layout":"","ast-site-content-layout":"default","site-content-style":"default","site-sidebar-style":"default","ast-global-header-display":"","ast-banner-title-visibility":"","ast-main-header-display":"","ast-hfb-above-header-display":"","ast-hfb-below-header-display":"","ast-hfb-mobile-header-display":"","site-post-title":"","ast-breadcrumbs-content":"","ast-featured-img":"","footer-sml-layout":"","theme-transparent-header-meta":"default","adv-header-id-meta":"","stick-header-meta":"","header-above-stick-meta":"","header-main-stick-meta":"","header-below-stick-meta":"","astra-migrate-meta-layouts":"set","ast-page-background-enabled":"default","ast-page-background-meta":{"desktop":{"background-color":"var(--ast-global-color-4)","background-image":"","background-repeat":"repeat","background-position":"center center","background-size":"auto","background-attachment":"scroll","background-type":"","background-media":"","overlay-type":"","overlay-color":"","overlay-opacity":"","overlay-gradient":""},"tablet":{"background-color":"","background-image":"","background-repeat":"repeat","background-position":"center center","background-size":"auto","background-attachment":"scroll","background-type":"","background-media":"","overlay-type":"","overlay-color":"","overlay-opacity":"","overlay-gradient":""},"mobile":{"background-color":"","background-image":"","background-repeat":"repeat","background-position":"center center","background-size":"auto","background-attachment":"scroll","background-type":"","background-media":"","overlay-type":"","overlay-color":"","overlay-opacity":"","overlay-gradient":""}},"ast-content-background-meta":{"desktop":{"background-color":"var(--ast-global-color-5)","background-image":"","background-repeat":"repeat","background-position":"center center","background-size":"auto","background-attachment":"scroll","background-type":"","background-media":"","overlay-type":"","overlay-color":"","overlay-opacity":"","overlay-gradient":""},"tablet":{"background-color":"var(--ast-global-color-5)","background-image":"","background-repeat":"repeat","background-position":"center center","background-size":"auto","background-attachment":"scroll","background-type":"","background-media":"","overlay-type":"","overlay-color":"","overlay-opacity":"","overlay-gradient":""},"mobile":{"background-color":"var(--ast-global-color-5)","background-image":"","background-repeat":"repeat","background-position":"center center","background-size":"auto","background-attachment":"scroll","background-type":"","background-media":"","overlay-type":"","overlay-color":"","overlay-opacity":"","overlay-gradient":""}}},"product_cat":[44,46,47,52],"product_tag":[34],"class_list":{"0":"post-138","1":"product","2":"type-product","3":"status-publish","4":"has-post-thumbnail","6":"product_cat-herbaty","7":"product_cat-ziolowe","8":"product_cat-owocowe-herbaty","9":"product_cat-sypane","10":"product_tag-etykieta-eko","11":"desktop-align-center","12":"tablet-align-left","13":"mobile-align-left","15":"first","16":"instock","17":"purchasable","18":"product-type-simple"},"_links":{"self":[{"href":"https:\/\/los-odpowiedzialni-spolecznie.pl\/en\/wp-json\/wp\/v2\/product\/138","targetHints":{"allow":["GET"]}}],"collection":[{"href":"https:\/\/los-odpowiedzialni-spolecznie.pl\/en\/wp-json\/wp\/v2\/product"}],"about":[{"href":"https:\/\/los-odpowiedzialni-spolecznie.pl\/en\/wp-json\/wp\/v2\/types\/product"}],"wp:featuredmedia":[{"embeddable":true,"href":"https:\/\/los-odpowiedzialni-spolecznie.pl\/en\/wp-json\/wp\/v2\/media\/191"}],"wp:attachment":[{"href":"https:\/\/los-odpowiedzialni-spolecznie.pl\/en\/wp-json\/wp\/v2\/media?parent=138"}],"wp:term":[{"taxonomy":"product_cat","embeddable":true,"href":"https:\/\/los-odpowiedzialni-spolecznie.pl\/en\/wp-json\/wp\/v2\/product_cat?post=138"},{"taxonomy":"product_tag","embeddable":true,"href":"https:\/\/los-odpowiedzialni-spolecznie.pl\/en\/wp-json\/wp\/v2\/product_tag?post=138"}],"curies":[{"name":"wp","href":"https:\/\/api.w.org\/{rel}","templated":true}]}}