{"id":1378,"date":"2024-12-23T16:16:37","date_gmt":"2024-12-23T15:16:37","guid":{"rendered":"https:\/\/los-odpowiedzialni-spolecznie.pl\/?post_type=product&#038;p=1378"},"modified":"2024-12-23T16:17:56","modified_gmt":"2024-12-23T15:17:56","slug":"czystek-herbatka-ziolowa-bio-150-g-batom","status":"publish","type":"product","link":"https:\/\/los-odpowiedzialni-spolecznie.pl\/en\/sklep\/produkty-spozywcze\/herbaty\/ziolowe\/czystek-herbatka-ziolowa-bio-150-g-batom\/","title":{"rendered":"CZYSTEK (HERBATKA ZIO\u0141OWA) BIO 150 g &#8211; BATOM"},"content":{"rendered":"<h3>Opis Produktu<\/h3>\n<p>Czystek, zwany r\u00f3wnie\u017c cistusem, jest ro\u015blin\u0105 z rodziny czystkowatych. Z jego li\u015bci i kwiat\u00f3w mo\u017cna przygotowa\u0107 herbatk\u0119 zio\u0142ow\u0105 o charakterystycznym, lekko \u017cywiczno-cytrynowym smaku. Herbatka czystkowa jest popularna ze wzgl\u0119du na swoje w\u0142a\u015bciwo\u015bci antybakteryjne, antywirusowe, przeciwzapalne i przeciwb\u00f3lowe. Mo\u017ce wspomaga\u0107 odporno\u015b\u0107 organizmu, dba\u0107 o drogi oddechowe, a tak\u017ce wspomaga\u0107 procesy trawienne i przeciwdzia\u0142a\u0107 infekcjom uk\u0142adu moczowego. Herbatka z czystka jest r\u00f3wnie\u017c bogatym \u017ar\u00f3d\u0142em antyoksydant\u00f3w, co pomaga organizmowi w walce ze stresem oksydacyjnym.\u00a0 Herbatk\u0119 czystkow\u0105 mo\u017cna r\u00f3wnie\u017c dodawa\u0107 do k\u0105pieli, stosowa\u0107 jako p\u0142ukank\u0119 do gard\u0142a lub stosowa\u0107 miejscowo na sk\u00f3r\u0119 w formie naparu.<\/p>\n<p><strong>Spos\u00f3b u\u017cycia:<\/strong> 1 \u0142y\u017ceczk\u0119 zi\u00f3\u0142 (2g) zala\u0107 200 ml przegotowanej wody o temperaturze 90\u00ba\u00a0C.\u00a0Parzy\u0107 oko\u0142o 8 minut.<br \/>\nZalecana dzienna porcja produktu: 6g.<\/p>\n<p><strong>Sk\u0142adniki:\u00a0<\/strong><\/p>\n<p>ziele czystka* 100% (*certyfikowany sk\u0142adnik ekologiczny)<\/p>\n<h3>Dodatkowe informacje<\/h3>\n<p>Uwagi: suplement diety nie mo\u017ce by\u0107 stosowany jako substytut (zamiennik) zr\u00f3\u017cnicowanej diety.<br \/>\nMo\u017ce zawiera\u0107 alergeny: zbo\u017ca zawieraj\u0105ce gluten, orzechy i sezam.<br \/>\nPrzechowywa\u0107 w suchym i ch\u0142odnym miejscu, niedost\u0119pnym dla dzieci.<\/p>\n<p>masa netto:150g<\/p>","protected":false},"excerpt":{"rendered":"<p>Opis Produktu Czystek, zwany r\u00f3wnie\u017c cistusem, jest ro\u015blin\u0105 z rodziny czystkowatych. Z jego li\u015bci i kwiat\u00f3w mo\u017cna przygotowa\u0107 herbatk\u0119 zio\u0142ow\u0105 o charakterystycznym, lekko \u017cywiczno-cytrynowym smaku. Herbatka czystkowa jest popularna ze wzgl\u0119du na swoje w\u0142a\u015bciwo\u015bci antybakteryjne, antywirusowe, przeciwzapalne i przeciwb\u00f3lowe. Mo\u017ce wspomaga\u0107 odporno\u015b\u0107 organizmu, dba\u0107 o drogi oddechowe, a tak\u017ce wspomaga\u0107 procesy trawienne i przeciwdzia\u0142a\u0107 infekcjom [&hellip;]<\/p>","protected":false},"featured_media":1432,"template":"","meta":{"site-sidebar-layout":"default","site-content-layout":"","ast-site-content-layout":"default","site-content-style":"default","site-sidebar-style":"default","ast-global-header-display":"","ast-banner-title-visibility":"","ast-main-header-display":"","ast-hfb-above-header-display":"","ast-hfb-below-header-display":"","ast-hfb-mobile-header-display":"","site-post-title":"","ast-breadcrumbs-content":"","ast-featured-img":"","footer-sml-layout":"","theme-transparent-header-meta":"default","adv-header-id-meta":"","stick-header-meta":"","header-above-stick-meta":"","header-main-stick-meta":"","header-below-stick-meta":"","astra-migrate-meta-layouts":"set","ast-page-background-enabled":"default","ast-page-background-meta":{"desktop":{"background-color":"var(--ast-global-color-4)","background-image":"","background-repeat":"repeat","background-position":"center center","background-size":"auto","background-attachment":"scroll","background-type":"","background-media":"","overlay-type":"","overlay-color":"","overlay-opacity":"","overlay-gradient":""},"tablet":{"background-color":"","background-image":"","background-repeat":"repeat","background-position":"center center","background-size":"auto","background-attachment":"scroll","background-type":"","background-media":"","overlay-type":"","overlay-color":"","overlay-opacity":"","overlay-gradient":""},"mobile":{"background-color":"","background-image":"","background-repeat":"repeat","background-position":"center center","background-size":"auto","background-attachment":"scroll","background-type":"","background-media":"","overlay-type":"","overlay-color":"","overlay-opacity":"","overlay-gradient":""}},"ast-content-background-meta":{"desktop":{"background-color":"var(--ast-global-color-5)","background-image":"","background-repeat":"repeat","background-position":"center center","background-size":"auto","background-attachment":"scroll","background-type":"","background-media":"","overlay-type":"","overlay-color":"","overlay-opacity":"","overlay-gradient":""},"tablet":{"background-color":"var(--ast-global-color-5)","background-image":"","background-repeat":"repeat","background-position":"center center","background-size":"auto","background-attachment":"scroll","background-type":"","background-media":"","overlay-type":"","overlay-color":"","overlay-opacity":"","overlay-gradient":""},"mobile":{"background-color":"var(--ast-global-color-5)","background-image":"","background-repeat":"repeat","background-position":"center center","background-size":"auto","background-attachment":"scroll","background-type":"","background-media":"","overlay-type":"","overlay-color":"","overlay-opacity":"","overlay-gradient":""}}},"product_cat":[44,46,52],"product_tag":[34],"class_list":{"0":"post-1378","1":"product","2":"type-product","3":"status-publish","4":"has-post-thumbnail","6":"product_cat-herbaty","7":"product_cat-ziolowe","8":"product_cat-sypane","9":"product_tag-etykieta-eko","10":"desktop-align-center","11":"tablet-align-left","12":"mobile-align-left","14":"first","15":"instock","16":"purchasable","17":"product-type-simple"},"_links":{"self":[{"href":"https:\/\/los-odpowiedzialni-spolecznie.pl\/en\/wp-json\/wp\/v2\/product\/1378","targetHints":{"allow":["GET"]}}],"collection":[{"href":"https:\/\/los-odpowiedzialni-spolecznie.pl\/en\/wp-json\/wp\/v2\/product"}],"about":[{"href":"https:\/\/los-odpowiedzialni-spolecznie.pl\/en\/wp-json\/wp\/v2\/types\/product"}],"wp:featuredmedia":[{"embeddable":true,"href":"https:\/\/los-odpowiedzialni-spolecznie.pl\/en\/wp-json\/wp\/v2\/media\/1432"}],"wp:attachment":[{"href":"https:\/\/los-odpowiedzialni-spolecznie.pl\/en\/wp-json\/wp\/v2\/media?parent=1378"}],"wp:term":[{"taxonomy":"product_cat","embeddable":true,"href":"https:\/\/los-odpowiedzialni-spolecznie.pl\/en\/wp-json\/wp\/v2\/product_cat?post=1378"},{"taxonomy":"product_tag","embeddable":true,"href":"https:\/\/los-odpowiedzialni-spolecznie.pl\/en\/wp-json\/wp\/v2\/product_tag?post=1378"}],"curies":[{"name":"wp","href":"https:\/\/api.w.org\/{rel}","templated":true}]}}