{"id":1376,"date":"2024-12-23T16:16:37","date_gmt":"2024-12-23T15:16:37","guid":{"rendered":"https:\/\/los-odpowiedzialni-spolecznie.pl\/?post_type=product&#038;p=1376"},"modified":"2024-12-23T16:17:50","modified_gmt":"2024-12-23T15:17:50","slug":"zestaw-produktow-pojemnik-almawin-zestaw-produktow-pojemnik-almawin","status":"publish","type":"product","link":"https:\/\/los-odpowiedzialni-spolecznie.pl\/en\/sklep\/srodki-czystosci\/eko-produkty-dla-domu-i-szkoly\/zestaw-produktow-pojemnik-almawin-zestaw-produktow-pojemnik-almawin\/","title":{"rendered":"ZESTAW PRODUKT\u00d3W + POJEMNIK &#8211; ALMAWIN ZESTAW PRODUKT\u00d3W + POJEMNIK &#8211; ALMAWIN"},"content":{"rendered":"<h3>Opis Produktu<\/h3>\n<div class=\"col-md-6\">\n<p class=\"h1\"><strong>ZESTAW PRODUKT\u00d3W + POJEMNIK &#8211; ALMAWIN<\/strong><\/p>\n<p class=\"h1\"><strong>Zestaw zawiera<\/strong><\/p>\n<p class=\"h1\"><strong>1. P\u0142yn do czyszczenia \u0142azienek ze spryskiwaczem Mi\u0119ta 500 ml<\/strong><br \/>\n<strong>2. P\u0142yn do mycia szk\u0142a i okien ze spryskiwaczem 500 ml<\/strong><br \/>\n<strong>3. P\u0142yn do mycia toalet o zapachu trawy cytrynowej 750 ml<\/strong><br \/>\n<strong>4. P\u0142yn do prania sportowych ubra\u0144 (koncentrat) 45 ml<\/strong><br \/>\n<strong>5. P\u0142yn do prania dzieci\u0119cych ubra\u0144 (koncentrat) 65 ml<\/strong><br \/>\n<strong>6. P\u0142yn do prania ciemnych i czarnych ubra\u0144 (koncentrat) 45 ml<\/strong><\/p>\n<p><strong>W gratisie do\u0142\u0105czone r\u00f3wnie\u017c praktyczne pude\u0142ko wielofunkcyjne, wykonane z plastiku pochodz\u0105cego z recyklingu, kt\u00f3re mo\u017cna wykorzysta\u0107 na wiele sposob\u00f3w.<\/strong><\/p>\n<p><strong>***1. P\u0142yn do czyszczenia \u0142azienek ze spryskiwaczem Mi\u0119ta 500 ml<\/strong><br \/>\n<strong>Ekologiczny spray do czyszczenia \u0142azienek, kt\u00f3ry rozpuszcza osady, t\u0142uszcz, pozosta\u0142o\u015bci myd\u0142a i inne uporczywe zabrudzenia urz\u0105dze\u0144 sanitarnych.<\/strong><br \/>\n<strong>Odpowiedni do wszystkich kwasoodpornych powierzchni w \u0142azienkach i toaletach. Kompozycja kwasu mlekowego i kwasu cytrynowego rozpuszcza osady wapienne.<\/strong><br \/>\n<strong>Bio-olejek z mi\u0119ty pieprzowej pozostawia intensywny, \u015bwie\u017cy zapach.<\/strong><\/p>\n<p><strong>Spos\u00f3b u\u017cycia: Rozpyli\u0107 bezpo\u015brednio na zabrudzon\u0105 powierzchni\u0119, a nast\u0119pnie przetrze\u0107 wilgotn\u0105 szmatk\u0105 i sp\u0142uka\u0107. Nie stosowa\u0107 na marmurze, wapieniach i powierzchniach wra\u017cliwych na dzia\u0142anie kwas\u00f3w.<\/strong><\/p>\n<p><strong>Sk\u0142ad: &lt;5 % niejonowe \u015brodki powierzchniowo czynne (cukrowe \u015brodki powierzchniowo czynne), substancje zapachowe (olejek eteryczny z mi\u0119ty pieprzowej*). Pozosta\u0142e sk\u0142adniki: woda, kwas mlekowy, kwas cytrynowy, ro\u015blinne glicerydy kwas\u00f3w t\u0142uszczowych. 100 % sk\u0142adnik\u00f3w jest pochodzenia naturalnego, *z kontrolowanych upraw ekologicznych.<\/strong><\/p>\n<p><strong>***2. P\u0142yn do mycia szk\u0142a i okien ze spryskiwaczem 500 ml<\/strong><br \/>\n<strong>Ekologiczny, biodegradowalny spray na bazie ro\u015blinnych \u015brodk\u00f3w powierzchniowo-czynnych.<\/strong><br \/>\n<strong>Przeznaczony do czyszczenia powierzchni szklanych i g\u0142adkich: okien, luster, ekran\u00f3w telewizyjnych czy szyb samochodowych.<\/strong><br \/>\n<strong>Usuwa kurz i odciski palc\u00f3w z b\u0142yszcz\u0105cych powierzchni.<\/strong><\/p>\n<p><strong>Spos\u00f3b u\u017cycia: Przed u\u017cyciem zwil\u017cy\u0107 powierzchnie. Dok\u0142adnie spryska\u0107 zabrudzone powierzchnie i nast\u0119pnie wytrze\u0107 do sucha. Podczas spryskiwania zachowa\u0107 odleg\u0142o\u015b\u0107 40 cm od powierzchni.<\/strong><\/p>\n<p><strong>Sk\u0142ad: &lt;5 % niejonowe \u015brodki powierzchniowo czynne (cukrowe \u015brodki powierzchniowo czynne). Pozosta\u0142e sk\u0142adniki: woda, etanol (alkohol ro\u015blinny), kwas mlekowy. 100 % sk\u0142adnik\u00f3w jest pochodzenia naturalnego.<\/strong><\/p>\n<p><strong>***3. P\u0142yn do mycia toalet o zapachu trawy cytrynowej 750 ml<\/strong><br \/>\n<strong>P\u0142yn do czyszczenia muszli toaletowych. Zawiera naturalny kwas mlekowy i cytrynowy, kt\u00f3re rozpuszczaj\u0105 osady wapienne.<\/strong><\/p>\n<p><strong>Spos\u00f3b u\u017cycia: Nanie\u015b\u0107 p\u0142yn pod kraw\u0119d\u017a muszli toaletowej i wyczy\u015bci\u0107 szczotk\u0105. Przy silniejszym zabrudzeniu pozostawi\u0107 na noc. Ewentualnie czynno\u015b\u0107 powt\u00f3rzy\u0107.<\/strong><\/p>\n<p><strong>Sk\u0142ad: &lt;5 % niejonowe \u015brodki powierzchniowo czynne (cukrowe \u015brodki powierzchniowo czynne), anionowe \u015brodki powierzchniowo czynne (siarczany alkoholi t\u0142uszczowych), substancje zapachowe (olejek eteryczny z trawy cytrynowej*), cytral, geraniol. Pozosta\u0142e sk\u0142adniki: woda, kwas mlekowy, cytrynian sodu, guma ksantanowa, kwas cytrynowy. 100 % sk\u0142adnik\u00f3w jest pochodzenia ekologicznego. * z kontrolowanych upraw ekologicznych.<\/strong><br \/>\n<strong>Zawiera kwas mlekowy. Zawiera cytral, mo\u017ce powodowa\u0107 reakcj\u0119 alergiczn\u0105.<\/strong><\/p>\n<p><strong>***4. P\u0142yn do prania sportowych ubra\u0144 (koncentrat) 45 ml<\/strong><br \/>\n<strong>Usuwa z prania zapach potu oraz inne nieprzyjemne zapachy.<\/strong><\/p>\n<p><strong>Spos\u00f3b u\u017cycia: Zaleca si\u0119 pranie w temperaturach 20\u00b0C, 30\u00b0C i 40\u00b0C oraz do prania r\u0119cznego. Odpowiedni do wody o dowolnej twardo\u015bci. U\u017cywa\u0107 w delikatnym cyklu prania.<\/strong><\/p>\n<p><strong>Sk\u0142ad: \u22655 % &lt;15 % niejonowe \u015brodki powierzchniowo czynne (cukrowe \u015brodki powierzchniowo czynne), anionowe \u015brodki powierzchniowo czynne (siarczany alkoholi t\u0142uszczowych), &lt;5 % substancje zapachowe (olejek lawendowy), linalol. *0,75 % sk\u0142adnik\u00f3w pochodzi z kontrolowanych upraw ekologicznych. Pozosta\u0142e sk\u0142adniki: woda, etanol, sole sodowe kwasu bursztynowego i kwasu poliasparaginowego, kwas cytrynowy, rycynooleinian cynku, kwas mlekowy. 96 % sk\u0142adnik\u00f3w jest pochodzenia naturalnego.<\/strong><br \/>\n<strong>Zawiera linalol. Mo\u017ce powodowa\u0107 reakcje alergiczne. Zawiera poliglukozyd alkilowy.<\/strong><\/p>\n<p><strong>***5. P\u0142yn do prania dzieci\u0119cych ubra\u0144 (koncentrat) 65 ml<\/strong><br \/>\n<strong>Wolny od enzym\u00f3w, fosforan\u00f3w i syntetycznych substancji zapachowych, barwnik\u00f3w i konserwant\u00f3w, idealnie nadaje si\u0119 dla delikatnej i wra\u017cliwej sk\u00f3ry niemowl\u0105t i dzieci. Olejek lawendowy z kontrolowanych upraw ekologicznych zapewnia delikatny zapach.<\/strong><\/p>\n<p><strong>Spos\u00f3b u\u017cycia: Mo\u017ce by\u0107 stosowany zar\u00f3wno do pralki jak i do prania r\u0119cznego. Mo\u017ce by\u0107 stosowany zar\u00f3wno w pe\u0142nym cyklu prania, jak i delikatnym cyklu prania. Mo\u017cna u\u017cywa\u0107 w temperaturach od 30\u00b0C do 95\u00b0C. Nie nadaje si\u0119 do we\u0142ny i jedwabiu.<\/strong><\/p>\n<p><strong>Sk\u0142ad: \u22655 % &lt;15 % myd\u0142o (myd\u0142o i myd\u0142o z oleju ro\u015blinnego*), &lt;5 % niejonowe \u015brodki powierzchniowo czynne (cukrowe \u015brodki powierzchniowo czynne), substancje zapachowe (naturalny olejek eteryczny lawendowy* i olejek lawendowy*), linalol. *z upraw ekologicznych. Pozosta\u0142e sk\u0142adniki: woda, etanol, s\u00f3l sodowa kwasu cytrynowego, kwas mlekowy, guma ksantanowa. 100 % sk\u0142adnik\u00f3w jest pochodzenia naturalnego.<\/strong><\/p>\n<p><strong>***6. P\u0142yn do prania ciemnych i czarnych ubra\u0144 (koncentrat) 45 ml<\/strong><br \/>\n<strong>P\u0142yn do prania, kt\u00f3ry pierze i piel\u0119gnuje ciemne i czarne pranie. W\u0142\u00f3kna i kolory s\u0105 zachowane. Do prania w temperaturze 20\u00b0-60\u00b0C. Nadaje si\u0119 do wszystkich twardo\u015bci wody.<\/strong><\/p>\n<p><strong>Spos\u00f3b u\u017cycia: Mo\u017ce by\u0107 stosowany zar\u00f3wno do pralki jak i do prania r\u0119cznego. Produkt nadaje si\u0119 do tkanin naturalnych, mieszanych i syntetycznych w temperaturze 20-60\u00b0C.<\/strong><\/p>\n<p><strong>Sk\u0142ad: &lt;5 niejonowe \u015brodki powierzchniowo czynne (cukrowe \u015brodki powierzchniowo czynne), anionowe \u015brodki powierzchniowo czynne (ekstrakt z orzech\u00f3w mydlanych, siarczany alkoholi t\u0142uszczowych), myd\u0142a (z olej\u00f3w ro\u015blinnych*), substancje zapachowe (olejki eteryczne, werbena* i eukaliptus*), limonen, cytral, geraniol, linalol, cytronelol. *z kontrolowanych upraw ekologicznych. Pozosta\u0142e sk\u0142adniki: woda, s\u00f3l sodowa kwasu cytrynowego, etanol, kwas mlekowy, guma ksantanowa, kwas cytrynowy, bia\u0142ka pszenicy. 100 % sk\u0142adnik\u00f3w jest pochodzenia naturalnego.<\/strong><\/p>\n<p><strong>UWAGA<\/strong><br \/>\n<strong>Powoduje powa\u017cne uszkodzenie oczu.<\/strong><br \/>\n<strong>W razie konieczno\u015bci zasi\u0119gni\u0119cia porady lekarza nale\u017cy pokaza\u0107 pojemnik lub etykiet\u0119.<\/strong><br \/>\n<strong>W przypadku dostania si\u0119 do oczu: ostro\u017cnie p\u0142uka\u0107 wod\u0105 przez kilka minut. Wyj\u0105\u0107 soczewki kontaktowe je\u017celi s\u0105 i mo\u017cna je \u0142atwo usun\u0105\u0107. Nadal p\u0142uka\u0107.<\/strong><br \/>\n<strong>W przypadku utrzymywania si\u0119 dzia\u0142ania dra\u017cni\u0105cego na oczy: zasi\u0119gn\u0105\u0107 porady\/zg\u0142osi\u0107 si\u0119 pod opiek\u0119 lekarza.<\/strong><\/p>\n<p><strong>ZALECANE WARUNKI PRZECHOWYWANIA<\/strong><br \/>\n<strong>Trzyma\u0107 z dala od dzieci.<\/strong><\/p>\n<\/div>","protected":false},"excerpt":{"rendered":"<p>Opis Produktu ZESTAW PRODUKT\u00d3W + POJEMNIK &#8211; ALMAWIN Zestaw zawiera 1. P\u0142yn do czyszczenia \u0142azienek ze spryskiwaczem Mi\u0119ta 500 ml 2. P\u0142yn do mycia szk\u0142a i okien ze spryskiwaczem 500 ml 3. P\u0142yn do mycia toalet o zapachu trawy cytrynowej 750 ml 4. P\u0142yn do prania sportowych ubra\u0144 (koncentrat) 45 ml 5. P\u0142yn do prania [&hellip;]<\/p>","protected":false},"featured_media":1422,"template":"","meta":{"site-sidebar-layout":"default","site-content-layout":"","ast-site-content-layout":"default","site-content-style":"default","site-sidebar-style":"default","ast-global-header-display":"","ast-banner-title-visibility":"","ast-main-header-display":"","ast-hfb-above-header-display":"","ast-hfb-below-header-display":"","ast-hfb-mobile-header-display":"","site-post-title":"","ast-breadcrumbs-content":"","ast-featured-img":"","footer-sml-layout":"","theme-transparent-header-meta":"default","adv-header-id-meta":"","stick-header-meta":"","header-above-stick-meta":"","header-main-stick-meta":"","header-below-stick-meta":"","astra-migrate-meta-layouts":"set","ast-page-background-enabled":"default","ast-page-background-meta":{"desktop":{"background-color":"var(--ast-global-color-4)","background-image":"","background-repeat":"repeat","background-position":"center center","background-size":"auto","background-attachment":"scroll","background-type":"","background-media":"","overlay-type":"","overlay-color":"","overlay-opacity":"","overlay-gradient":""},"tablet":{"background-color":"","background-image":"","background-repeat":"repeat","background-position":"center center","background-size":"auto","background-attachment":"scroll","background-type":"","background-media":"","overlay-type":"","overlay-color":"","overlay-opacity":"","overlay-gradient":""},"mobile":{"background-color":"","background-image":"","background-repeat":"repeat","background-position":"center center","background-size":"auto","background-attachment":"scroll","background-type":"","background-media":"","overlay-type":"","overlay-color":"","overlay-opacity":"","overlay-gradient":""}},"ast-content-background-meta":{"desktop":{"background-color":"var(--ast-global-color-5)","background-image":"","background-repeat":"repeat","background-position":"center center","background-size":"auto","background-attachment":"scroll","background-type":"","background-media":"","overlay-type":"","overlay-color":"","overlay-opacity":"","overlay-gradient":""},"tablet":{"background-color":"var(--ast-global-color-5)","background-image":"","background-repeat":"repeat","background-position":"center center","background-size":"auto","background-attachment":"scroll","background-type":"","background-media":"","overlay-type":"","overlay-color":"","overlay-opacity":"","overlay-gradient":""},"mobile":{"background-color":"var(--ast-global-color-5)","background-image":"","background-repeat":"repeat","background-position":"center center","background-size":"auto","background-attachment":"scroll","background-type":"","background-media":"","overlay-type":"","overlay-color":"","overlay-opacity":"","overlay-gradient":""}}},"product_cat":[68,72],"product_tag":[],"class_list":{"0":"post-1376","1":"product","2":"type-product","3":"status-publish","4":"has-post-thumbnail","6":"product_cat-eko-produkty-dla-domu-i-szkoly","7":"product_cat-ekologiczne-srodki-czystosci","8":"desktop-align-center","9":"tablet-align-left","10":"mobile-align-left","12":"first","13":"instock","14":"purchasable","15":"product-type-simple"},"_links":{"self":[{"href":"https:\/\/los-odpowiedzialni-spolecznie.pl\/en\/wp-json\/wp\/v2\/product\/1376","targetHints":{"allow":["GET"]}}],"collection":[{"href":"https:\/\/los-odpowiedzialni-spolecznie.pl\/en\/wp-json\/wp\/v2\/product"}],"about":[{"href":"https:\/\/los-odpowiedzialni-spolecznie.pl\/en\/wp-json\/wp\/v2\/types\/product"}],"wp:featuredmedia":[{"embeddable":true,"href":"https:\/\/los-odpowiedzialni-spolecznie.pl\/en\/wp-json\/wp\/v2\/media\/1422"}],"wp:attachment":[{"href":"https:\/\/los-odpowiedzialni-spolecznie.pl\/en\/wp-json\/wp\/v2\/media?parent=1376"}],"wp:term":[{"taxonomy":"product_cat","embeddable":true,"href":"https:\/\/los-odpowiedzialni-spolecznie.pl\/en\/wp-json\/wp\/v2\/product_cat?post=1376"},{"taxonomy":"product_tag","embeddable":true,"href":"https:\/\/los-odpowiedzialni-spolecznie.pl\/en\/wp-json\/wp\/v2\/product_tag?post=1376"}],"curies":[{"name":"wp","href":"https:\/\/api.w.org\/{rel}","templated":true}]}}