{"id":1375,"date":"2024-12-23T16:16:37","date_gmt":"2024-12-23T15:16:37","guid":{"rendered":"https:\/\/los-odpowiedzialni-spolecznie.pl\/?post_type=product&#038;p=1375"},"modified":"2025-01-22T13:09:15","modified_gmt":"2025-01-22T12:09:15","slug":"bonifratrzy-wierzbownica-drobnokwiatowa-200g","status":"publish","type":"product","link":"https:\/\/los-odpowiedzialni-spolecznie.pl\/en\/sklep\/produkty-spozywcze\/herbaty\/ziolowe\/bonifratrzy-wierzbownica-drobnokwiatowa-200g\/","title":{"rendered":"Bonifratrzy Wierzbownica Drobnokwiatowa, 200g"},"content":{"rendered":"<h3>Opis Produktu<\/h3>\n<p><strong>Bonifratrzy Wierzbownica Drobnokwiatowa, 200g<\/strong><\/p>\n<p><strong>Napar z wierzbownicy zawiera substancje ro\u015blinne o w\u0142a\u015bciwo\u015bciach przeciwzapalnych i przeciwbakteryjnych, kt\u00f3re mog\u0105 pom\u00f3c w \u0142agodzeniu objaw\u00f3w zapalenia gruczo\u0142u krokowego, \u0142agodzi\u0107 b\u00f3l i pieczenie podczas oddawania moczu oraz redukowa\u0107 cz\u0119stotliwo\u015b\u0107 potrzeby oddawania moczu.<\/strong><\/p>\n<p><strong>Dodatkowo, wierzbownica zawiera fitosterole, kt\u00f3re mog\u0105 pom\u00f3c w obni\u017ceniu poziomu cholesterolu we krwi, co przyczynia si\u0119 do og\u00f3lnego zdrowia uk\u0142adu moczowego i prostaty.<\/strong><\/p>\n<p><strong>Napar z wierzbownicy mo\u017cna przygotowa\u0107 poprzez zalewanie 1-2 \u0142y\u017cek suszonej wierzbownicy szklank\u0105 wrz\u0105cej wody i parzenia przez oko\u0142o 10-15 minut. Napar mo\u017cna pi\u0107 kilka razy dziennie dla uzyskania po\u017c\u0105danych efekt\u00f3w. Jednak przed rozpocz\u0119ciem stosowania zio\u0142owych \u015brodk\u00f3w warto skonsultowa\u0107 si\u0119 z lekarzem, zw\u0142aszcza je\u015bli osoba ma jakie\u015b schorzenia zdrowotne lub przyjmuje jakie\u015b leki.<\/strong><\/p>\n<p><b>Spos\u00f3b przygotowania:<\/b><\/p>\n<p><strong>\u0141y\u017ck\u0119 (Miark\u0119 2 g) zi\u00f3\u0142 zala\u0107 szklank\u0105 wrz\u0105cej wody i zaparza\u0107 pod przykryciem oko\u0142o 10 minut. Pi\u0107 2 razy dziennie po szklance ciep\u0142ego, \u015bwie\u017co przygotowanego naparu.<\/strong><\/p>\n<p><strong>Zalecana dzienna porcja do spo\u017cycia:<\/strong><\/p>\n<p><strong>Napar z 4 g li\u015bci wierzbownicy (2 napary po 2 g produktu dziennie)<\/strong><\/p>\n<p><strong>Sk\u0142adniki:<\/strong><\/p>\n<p><strong>ziele wierzbownicy drobnokwiatowej (Epilobium parviflorum)<\/strong><\/p>\n<p><strong>Przeciwwskazania:<\/strong><\/p>\n<p><strong>Nie stosowa\u0107 w przypadku nadwra\u017cliwo\u015bci na jakikolwiek sk\u0142adnik preparatu. Nie zaleca si\u0119 stosowania produktu przez dzieci, kobiety w ci\u0105\u017cy i matki karmi\u0105ce piersi\u0105.<\/strong><\/p>\n<p><strong>Uwaga:<\/strong><\/p>\n<p><strong>Informacja dla alergik\u00f3w: w zak\u0142adzie produkcyjnym przetwarzany jest seler i gorczyca.<\/strong><\/p>","protected":false},"excerpt":{"rendered":"<p>Opis Produktu Bonifratrzy Wierzbownica Drobnokwiatowa, 200g Napar z wierzbownicy zawiera substancje ro\u015blinne o w\u0142a\u015bciwo\u015bciach przeciwzapalnych i przeciwbakteryjnych, kt\u00f3re mog\u0105 pom\u00f3c w \u0142agodzeniu objaw\u00f3w zapalenia gruczo\u0142u krokowego, \u0142agodzi\u0107 b\u00f3l i pieczenie podczas oddawania moczu oraz redukowa\u0107 cz\u0119stotliwo\u015b\u0107 potrzeby oddawania moczu. Dodatkowo, wierzbownica zawiera fitosterole, kt\u00f3re mog\u0105 pom\u00f3c w obni\u017ceniu poziomu cholesterolu we krwi, co przyczynia si\u0119 [&hellip;]<\/p>","protected":false},"featured_media":1421,"template":"","meta":{"site-sidebar-layout":"default","site-content-layout":"","ast-site-content-layout":"default","site-content-style":"default","site-sidebar-style":"default","ast-global-header-display":"","ast-banner-title-visibility":"","ast-main-header-display":"","ast-hfb-above-header-display":"","ast-hfb-below-header-display":"","ast-hfb-mobile-header-display":"","site-post-title":"","ast-breadcrumbs-content":"","ast-featured-img":"","footer-sml-layout":"","theme-transparent-header-meta":"default","adv-header-id-meta":"","stick-header-meta":"","header-above-stick-meta":"","header-main-stick-meta":"","header-below-stick-meta":"","astra-migrate-meta-layouts":"set","ast-page-background-enabled":"default","ast-page-background-meta":{"desktop":{"background-color":"var(--ast-global-color-4)","background-image":"","background-repeat":"repeat","background-position":"center center","background-size":"auto","background-attachment":"scroll","background-type":"","background-media":"","overlay-type":"","overlay-color":"","overlay-opacity":"","overlay-gradient":""},"tablet":{"background-color":"","background-image":"","background-repeat":"repeat","background-position":"center center","background-size":"auto","background-attachment":"scroll","background-type":"","background-media":"","overlay-type":"","overlay-color":"","overlay-opacity":"","overlay-gradient":""},"mobile":{"background-color":"","background-image":"","background-repeat":"repeat","background-position":"center center","background-size":"auto","background-attachment":"scroll","background-type":"","background-media":"","overlay-type":"","overlay-color":"","overlay-opacity":"","overlay-gradient":""}},"ast-content-background-meta":{"desktop":{"background-color":"var(--ast-global-color-5)","background-image":"","background-repeat":"repeat","background-position":"center center","background-size":"auto","background-attachment":"scroll","background-type":"","background-media":"","overlay-type":"","overlay-color":"","overlay-opacity":"","overlay-gradient":""},"tablet":{"background-color":"var(--ast-global-color-5)","background-image":"","background-repeat":"repeat","background-position":"center center","background-size":"auto","background-attachment":"scroll","background-type":"","background-media":"","overlay-type":"","overlay-color":"","overlay-opacity":"","overlay-gradient":""},"mobile":{"background-color":"var(--ast-global-color-5)","background-image":"","background-repeat":"repeat","background-position":"center center","background-size":"auto","background-attachment":"scroll","background-type":"","background-media":"","overlay-type":"","overlay-color":"","overlay-opacity":"","overlay-gradient":""}}},"product_cat":[46],"product_tag":[],"class_list":{"0":"post-1375","1":"product","2":"type-product","3":"status-publish","4":"has-post-thumbnail","6":"product_cat-ziolowe","7":"desktop-align-center","8":"tablet-align-left","9":"mobile-align-left","11":"first","12":"instock","13":"purchasable","14":"product-type-simple"},"_links":{"self":[{"href":"https:\/\/los-odpowiedzialni-spolecznie.pl\/en\/wp-json\/wp\/v2\/product\/1375","targetHints":{"allow":["GET"]}}],"collection":[{"href":"https:\/\/los-odpowiedzialni-spolecznie.pl\/en\/wp-json\/wp\/v2\/product"}],"about":[{"href":"https:\/\/los-odpowiedzialni-spolecznie.pl\/en\/wp-json\/wp\/v2\/types\/product"}],"wp:featuredmedia":[{"embeddable":true,"href":"https:\/\/los-odpowiedzialni-spolecznie.pl\/en\/wp-json\/wp\/v2\/media\/1421"}],"wp:attachment":[{"href":"https:\/\/los-odpowiedzialni-spolecznie.pl\/en\/wp-json\/wp\/v2\/media?parent=1375"}],"wp:term":[{"taxonomy":"product_cat","embeddable":true,"href":"https:\/\/los-odpowiedzialni-spolecznie.pl\/en\/wp-json\/wp\/v2\/product_cat?post=1375"},{"taxonomy":"product_tag","embeddable":true,"href":"https:\/\/los-odpowiedzialni-spolecznie.pl\/en\/wp-json\/wp\/v2\/product_tag?post=1375"}],"curies":[{"name":"wp","href":"https:\/\/api.w.org\/{rel}","templated":true}]}}