{"id":1374,"date":"2024-12-23T16:16:37","date_gmt":"2024-12-23T15:16:37","guid":{"rendered":"https:\/\/los-odpowiedzialni-spolecznie.pl\/?post_type=product&#038;p=1374"},"modified":"2024-12-23T16:17:45","modified_gmt":"2024-12-23T15:17:45","slug":"bambusowe-chusteczki-nawilzane-10-szt-bamboolove","status":"publish","type":"product","link":"https:\/\/los-odpowiedzialni-spolecznie.pl\/en\/sklep\/srodki-czystosci\/eko-produkty-dla-domu-i-szkoly\/bambusowe-chusteczki-nawilzane-10-szt-bamboolove\/","title":{"rendered":"Bambusowe chusteczki nawil\u017cane, 10 szt., Bamboolove"},"content":{"rendered":"<h3>Opis Produktu<\/h3>\n<p class=\"product-page-title heading heading-lg--2 mb-2\"><strong>Bambusowe chusteczki nawil\u017cane, 10 szt., Bamboolove<\/strong><\/p>\n<p><strong>Opakowanie zawiera 80 chusteczek, kt\u00f3re nie tylko doskonale oczyszcz\u0105 sk\u00f3r\u0119, ale tak\u017ce j\u0105 nawil\u017c\u0105 i od\u015bwie\u017c\u0105. Idealne do usuwania makija\u017cu, czy te\u017c do szybkiego od\u015bwie\u017cenia sk\u00f3ry w trakcie dnia.<\/strong><\/p>\n<p><strong>Dzi\u0119ki swojemu por\u0119cznemu rozmiarowi, mo\u017cna je z \u0142atwo\u015bci\u0105 zabra\u0107 ze sob\u0105 wsz\u0119dzie &#8211; do torebki, plecaka czy torby na trening. Idealne rozwi\u0105zanie dla os\u00f3b aktywnych, kt\u00f3re chc\u0105 zadba\u0107 o swoj\u0105 sk\u00f3r\u0119 w ka\u017cdych warunkach.<\/strong><\/p>\n<p><strong>Dzi\u0119ki zastosowaniu bambusa, chusteczki s\u0105 przyjazne dla \u015brodowiska i \u0142atwo si\u0119 rozk\u0142adaj\u0105. Ponadto, nie zawieraj\u0105 substancji zapachowych, co sprawia, \u017ce s\u0105 odpowiednie nawet dla os\u00f3b o bardzo wra\u017cliwej sk\u00f3rze.<\/strong><\/p>\n<p><strong>Wybieraj\u0105c nasze chusteczki, wybierasz produkt najwy\u017cszej jako\u015bci, kt\u00f3ry nie tylko dba o Twoj\u0105 sk\u00f3r\u0119, ale tak\u017ce o nasz\u0105 planet\u0119. Dzi\u0119ki nim, nawet w podr\u00f3\u017cy czy na spacerze, mo\u017cesz zadba\u0107 o swoj\u0105 higien\u0119 i czu\u0107 si\u0119 \u015bwie\u017co i komfortowo.<\/strong><\/p>\n<p><strong>Sk\u0142adniki: Aqua (99,3 %), Aloe barbadensis leaf juice, Hydroxyacetophenone, Caprylyl glycol, Polysorbate 20, Sodium citrate, Citric acid.<\/strong><\/p>","protected":false},"excerpt":{"rendered":"<p>Opis Produktu Bambusowe chusteczki nawil\u017cane, 10 szt., Bamboolove Opakowanie zawiera 80 chusteczek, kt\u00f3re nie tylko doskonale oczyszcz\u0105 sk\u00f3r\u0119, ale tak\u017ce j\u0105 nawil\u017c\u0105 i od\u015bwie\u017c\u0105. Idealne do usuwania makija\u017cu, czy te\u017c do szybkiego od\u015bwie\u017cenia sk\u00f3ry w trakcie dnia. Dzi\u0119ki swojemu por\u0119cznemu rozmiarowi, mo\u017cna je z \u0142atwo\u015bci\u0105 zabra\u0107 ze sob\u0105 wsz\u0119dzie &#8211; do torebki, plecaka czy torby [&hellip;]<\/p>","protected":false},"featured_media":1420,"template":"","meta":{"site-sidebar-layout":"default","site-content-layout":"","ast-site-content-layout":"default","site-content-style":"default","site-sidebar-style":"default","ast-global-header-display":"","ast-banner-title-visibility":"","ast-main-header-display":"","ast-hfb-above-header-display":"","ast-hfb-below-header-display":"","ast-hfb-mobile-header-display":"","site-post-title":"","ast-breadcrumbs-content":"","ast-featured-img":"","footer-sml-layout":"","theme-transparent-header-meta":"default","adv-header-id-meta":"","stick-header-meta":"","header-above-stick-meta":"","header-main-stick-meta":"","header-below-stick-meta":"","astra-migrate-meta-layouts":"set","ast-page-background-enabled":"default","ast-page-background-meta":{"desktop":{"background-color":"var(--ast-global-color-4)","background-image":"","background-repeat":"repeat","background-position":"center center","background-size":"auto","background-attachment":"scroll","background-type":"","background-media":"","overlay-type":"","overlay-color":"","overlay-opacity":"","overlay-gradient":""},"tablet":{"background-color":"","background-image":"","background-repeat":"repeat","background-position":"center center","background-size":"auto","background-attachment":"scroll","background-type":"","background-media":"","overlay-type":"","overlay-color":"","overlay-opacity":"","overlay-gradient":""},"mobile":{"background-color":"","background-image":"","background-repeat":"repeat","background-position":"center center","background-size":"auto","background-attachment":"scroll","background-type":"","background-media":"","overlay-type":"","overlay-color":"","overlay-opacity":"","overlay-gradient":""}},"ast-content-background-meta":{"desktop":{"background-color":"var(--ast-global-color-5)","background-image":"","background-repeat":"repeat","background-position":"center center","background-size":"auto","background-attachment":"scroll","background-type":"","background-media":"","overlay-type":"","overlay-color":"","overlay-opacity":"","overlay-gradient":""},"tablet":{"background-color":"var(--ast-global-color-5)","background-image":"","background-repeat":"repeat","background-position":"center center","background-size":"auto","background-attachment":"scroll","background-type":"","background-media":"","overlay-type":"","overlay-color":"","overlay-opacity":"","overlay-gradient":""},"mobile":{"background-color":"var(--ast-global-color-5)","background-image":"","background-repeat":"repeat","background-position":"center center","background-size":"auto","background-attachment":"scroll","background-type":"","background-media":"","overlay-type":"","overlay-color":"","overlay-opacity":"","overlay-gradient":""}}},"product_cat":[68,71,72],"product_tag":[],"class_list":{"0":"post-1374","1":"product","2":"type-product","3":"status-publish","4":"has-post-thumbnail","6":"product_cat-eko-produkty-dla-domu-i-szkoly","7":"product_cat-kosmetyki-organiczne-naturalne","8":"product_cat-ekologiczne-srodki-czystosci","9":"desktop-align-center","10":"tablet-align-left","11":"mobile-align-left","13":"first","14":"instock","15":"purchasable","16":"product-type-simple"},"_links":{"self":[{"href":"https:\/\/los-odpowiedzialni-spolecznie.pl\/en\/wp-json\/wp\/v2\/product\/1374","targetHints":{"allow":["GET"]}}],"collection":[{"href":"https:\/\/los-odpowiedzialni-spolecznie.pl\/en\/wp-json\/wp\/v2\/product"}],"about":[{"href":"https:\/\/los-odpowiedzialni-spolecznie.pl\/en\/wp-json\/wp\/v2\/types\/product"}],"wp:featuredmedia":[{"embeddable":true,"href":"https:\/\/los-odpowiedzialni-spolecznie.pl\/en\/wp-json\/wp\/v2\/media\/1420"}],"wp:attachment":[{"href":"https:\/\/los-odpowiedzialni-spolecznie.pl\/en\/wp-json\/wp\/v2\/media?parent=1374"}],"wp:term":[{"taxonomy":"product_cat","embeddable":true,"href":"https:\/\/los-odpowiedzialni-spolecznie.pl\/en\/wp-json\/wp\/v2\/product_cat?post=1374"},{"taxonomy":"product_tag","embeddable":true,"href":"https:\/\/los-odpowiedzialni-spolecznie.pl\/en\/wp-json\/wp\/v2\/product_tag?post=1374"}],"curies":[{"name":"wp","href":"https:\/\/api.w.org\/{rel}","templated":true}]}}