{"id":1372,"date":"2024-12-23T16:16:37","date_gmt":"2024-12-23T15:16:37","guid":{"rendered":"https:\/\/los-odpowiedzialni-spolecznie.pl\/?post_type=product&#038;p=1372"},"modified":"2024-12-23T16:17:39","modified_gmt":"2024-12-23T15:17:39","slug":"plyn-do-czyszczenia-lodowek-i-mikrofalowek-bezzapachowy-250-ml-klareko","status":"publish","type":"product","link":"https:\/\/los-odpowiedzialni-spolecznie.pl\/en\/sklep\/srodki-czystosci\/eko-produkty-dla-domu-i-szkoly\/plyn-do-czyszczenia-lodowek-i-mikrofalowek-bezzapachowy-250-ml-klareko\/","title":{"rendered":"P\u0142yn Do Czyszczenia Lod\u00f3wek I Mikrofal\u00f3wek Bezzapachowy 250 Ml &#8211; Klareko"},"content":{"rendered":"<h3>Opis Produktu<\/h3>\n<p><strong>P\u0142yn Do Czyszczenia Lod\u00f3wek I Mikrofal\u00f3wek Bezzapachowy 250 Ml &#8211; Klareko<\/strong><\/p>\n<p><strong>Dzi\u0119ki swojej formule bezpiecznej dla zdrowia i \u015brodowiska, p\u0142yn Klareko jest idealny do codziennego czyszczenia lod\u00f3wek i mikrofal\u00f3wek. Mo\u017cesz u\u017cywa\u0107 go bez obaw o szkodliwe substancje, a jednocze\u015bnie cieszy\u0107 si\u0119 czysto\u015bci\u0105 i \u015bwie\u017co\u015bci\u0105 w swojej kuchni.<\/strong><\/p>\n<p><strong>Pozb\u0105d\u017a si\u0119 nieprzyjemnych zapach\u00f3w i t\u0142ustych plam w \u0142atwy i skuteczny spos\u00f3b. Wystarczy nanie\u015b\u0107 p\u0142yn na wilgotn\u0105 szmatk\u0119 i przetrze\u0107 powierzchni\u0119 lod\u00f3wki lub mikrofal\u00f3wki. Nie musisz nawet zmywa\u0107 go wod\u0105 &#8211; wystarczy przetrze\u0107 such\u0105 szmatk\u0105 i gotowe!<\/strong><\/p>\n<p><strong>Nie nara\u017caj si\u0119 na kontakt z agresywnymi \u015brodkami chemicznymi &#8211; wybierz naturalny i skuteczny p\u0142yn do czyszczenia Klareko. Ciesz si\u0119 czysto\u015bci\u0105 bez obawy o swoje zdrowie i \u015brodowisko!<\/strong><\/p>\n<p><strong>SK\u0141ADNIKI<\/strong><br \/>\n<strong>wodne roztwory ro\u015blinnych kwas\u00f3w naturalnej fermentacji, ro\u015blinny alkohol etylowy.<\/strong><\/p>\n<p><strong>SPOS\u00d3B U\u017bYCIA<\/strong><br \/>\n<strong>CZYSZCZENIE LOD\u00d3WKI. Spryskaj wn\u0119trze lod\u00f3wki, p\u00f3\u0142ki, szuflady, drzwiczki P\u0142ynem Klareko, a nast\u0119pnie wytrzyj do sucha. Nie musisz wyjmowa\u0107 wszystkich produkt\u00f3w z lod\u00f3wki. P\u0142yn Klareko jest neutralny i nie wp\u0142ywa na jako\u015b\u0107 i smak jedzenia.<\/strong><br \/>\n<strong>CZYSZCZENIE MIKROFAL\u00d3WKI. Spryskaj wn\u0119trze mikrofal\u00f3wki i wytrzyj do sucha. W przypadku wi\u0119kszych zabrudze\u0144 najpierw umie\u015b\u0107 w mikrofal\u00f3wce naczynie z wod\u0105 i uruchom mikrofal\u0119 do czasu zagotowania wody. Zbierz r\u0119cznikiem zabudzenia, a nast\u0119pnie spryskaj wn\u0119trze mikrofali P\u0142ynem Klareko i wytrzyj do sucha.<\/strong><\/p>","protected":false},"excerpt":{"rendered":"<p>Opis Produktu P\u0142yn Do Czyszczenia Lod\u00f3wek I Mikrofal\u00f3wek Bezzapachowy 250 Ml &#8211; Klareko Dzi\u0119ki swojej formule bezpiecznej dla zdrowia i \u015brodowiska, p\u0142yn Klareko jest idealny do codziennego czyszczenia lod\u00f3wek i mikrofal\u00f3wek. Mo\u017cesz u\u017cywa\u0107 go bez obaw o szkodliwe substancje, a jednocze\u015bnie cieszy\u0107 si\u0119 czysto\u015bci\u0105 i \u015bwie\u017co\u015bci\u0105 w swojej kuchni. Pozb\u0105d\u017a si\u0119 nieprzyjemnych zapach\u00f3w i t\u0142ustych [&hellip;]<\/p>","protected":false},"featured_media":1418,"template":"","meta":{"site-sidebar-layout":"default","site-content-layout":"","ast-site-content-layout":"default","site-content-style":"default","site-sidebar-style":"default","ast-global-header-display":"","ast-banner-title-visibility":"","ast-main-header-display":"","ast-hfb-above-header-display":"","ast-hfb-below-header-display":"","ast-hfb-mobile-header-display":"","site-post-title":"","ast-breadcrumbs-content":"","ast-featured-img":"","footer-sml-layout":"","theme-transparent-header-meta":"default","adv-header-id-meta":"","stick-header-meta":"","header-above-stick-meta":"","header-main-stick-meta":"","header-below-stick-meta":"","astra-migrate-meta-layouts":"set","ast-page-background-enabled":"default","ast-page-background-meta":{"desktop":{"background-color":"var(--ast-global-color-4)","background-image":"","background-repeat":"repeat","background-position":"center center","background-size":"auto","background-attachment":"scroll","background-type":"","background-media":"","overlay-type":"","overlay-color":"","overlay-opacity":"","overlay-gradient":""},"tablet":{"background-color":"","background-image":"","background-repeat":"repeat","background-position":"center center","background-size":"auto","background-attachment":"scroll","background-type":"","background-media":"","overlay-type":"","overlay-color":"","overlay-opacity":"","overlay-gradient":""},"mobile":{"background-color":"","background-image":"","background-repeat":"repeat","background-position":"center center","background-size":"auto","background-attachment":"scroll","background-type":"","background-media":"","overlay-type":"","overlay-color":"","overlay-opacity":"","overlay-gradient":""}},"ast-content-background-meta":{"desktop":{"background-color":"var(--ast-global-color-5)","background-image":"","background-repeat":"repeat","background-position":"center center","background-size":"auto","background-attachment":"scroll","background-type":"","background-media":"","overlay-type":"","overlay-color":"","overlay-opacity":"","overlay-gradient":""},"tablet":{"background-color":"var(--ast-global-color-5)","background-image":"","background-repeat":"repeat","background-position":"center center","background-size":"auto","background-attachment":"scroll","background-type":"","background-media":"","overlay-type":"","overlay-color":"","overlay-opacity":"","overlay-gradient":""},"mobile":{"background-color":"var(--ast-global-color-5)","background-image":"","background-repeat":"repeat","background-position":"center center","background-size":"auto","background-attachment":"scroll","background-type":"","background-media":"","overlay-type":"","overlay-color":"","overlay-opacity":"","overlay-gradient":""}}},"product_cat":[68,72],"product_tag":[],"class_list":{"0":"post-1372","1":"product","2":"type-product","3":"status-publish","4":"has-post-thumbnail","6":"product_cat-eko-produkty-dla-domu-i-szkoly","7":"product_cat-ekologiczne-srodki-czystosci","8":"desktop-align-center","9":"tablet-align-left","10":"mobile-align-left","12":"first","13":"onbackorder","14":"purchasable","15":"product-type-simple"},"_links":{"self":[{"href":"https:\/\/los-odpowiedzialni-spolecznie.pl\/en\/wp-json\/wp\/v2\/product\/1372","targetHints":{"allow":["GET"]}}],"collection":[{"href":"https:\/\/los-odpowiedzialni-spolecznie.pl\/en\/wp-json\/wp\/v2\/product"}],"about":[{"href":"https:\/\/los-odpowiedzialni-spolecznie.pl\/en\/wp-json\/wp\/v2\/types\/product"}],"wp:featuredmedia":[{"embeddable":true,"href":"https:\/\/los-odpowiedzialni-spolecznie.pl\/en\/wp-json\/wp\/v2\/media\/1418"}],"wp:attachment":[{"href":"https:\/\/los-odpowiedzialni-spolecznie.pl\/en\/wp-json\/wp\/v2\/media?parent=1372"}],"wp:term":[{"taxonomy":"product_cat","embeddable":true,"href":"https:\/\/los-odpowiedzialni-spolecznie.pl\/en\/wp-json\/wp\/v2\/product_cat?post=1372"},{"taxonomy":"product_tag","embeddable":true,"href":"https:\/\/los-odpowiedzialni-spolecznie.pl\/en\/wp-json\/wp\/v2\/product_tag?post=1372"}],"curies":[{"name":"wp","href":"https:\/\/api.w.org\/{rel}","templated":true}]}}