{"id":137,"date":"2024-12-23T15:36:09","date_gmt":"2024-12-23T14:36:09","guid":{"rendered":"https:\/\/los-odpowiedzialni-spolecznie.pl\/?post_type=product&#038;p=137"},"modified":"2024-12-23T15:37:00","modified_gmt":"2024-12-23T14:37:00","slug":"herbatka-z-ogrodu-botanicznego-dla-taty-eko-100g","status":"publish","type":"product","link":"https:\/\/los-odpowiedzialni-spolecznie.pl\/en\/sklep\/produkty-spozywcze\/herbaty\/ziolowe\/herbatka-z-ogrodu-botanicznego-dla-taty-eko-100g\/","title":{"rendered":"Herbatka z ogrodu botanicznego &#8211; Dla Taty EKO 100g"},"content":{"rendered":"<h3>Opis Produktu<\/h3>\n<p><strong>Herbatka z ogrodu botanicznego &#8211; Dla Taty EKO<\/strong><\/p>\n<p class=\"f-display-2 md:pr-40 lg:pr-44\">Naturalna mieszanka najwy\u017cszej jako\u015bci zi\u00f3\u0142 i owoc\u00f3w, skomponowana z my\u015bl\u0105 o organizmie m\u0119\u017cczyzny. Kocanka wp\u0142ywa korzystnie na funkcjonowanie w\u0105troby oraz uk\u0142ad moczowo-p\u0142ciowy, pokrzywa i wierzb\u00f3wka wspieraj\u0105 zdrowie prostaty oraz witalno\u015b\u0107 organizmu, porzeczka normalizuje ci\u015bnienie krwi i dzia\u0142a przeciwzapalnie, a arcydzi\u0119giel i mi\u0119ta usprawniaj\u0105 uk\u0142ad pokarmowy.<\/p>\n<h3 class=\"tab-title\">Dodatkowe informacje<\/h3>\n<div class=\"resetcss\">\n<p><strong>Sk\u0142adniki:\u00a0<\/strong>kocanka kwiat*, miodunka ziele*, cykoria ziele*, pokrzywa li\u015b\u0107*, porzeczka czarna li\u015b\u0107*, mi\u0119ta li\u015b\u0107*, wierzb\u00f3wka li\u015b\u0107*, tarnina owoc*, arcydzi\u0119giel korze\u0144*.<\/p>\n<p><strong>Spos\u00f3b u\u017cycia:\u00a0<\/strong>jedn\u0105 \u0142y\u017ceczk\u0119 herbatki zala\u0107 szklank\u0105 wrz\u0105tku i pozostawi\u0107 pod przykryciem do zaparzenia na oko\u0142o 10-15 minut. Pi\u0107 1-2 razy dziennie<\/p>\n<p><strong>Masa netto:\u00a0<\/strong>100 g<\/p>\n<p><strong>Warunki przechowywania:\u00a0<\/strong>przechowywa\u0107 w suchym miejscu.<\/p>\n<p><strong>Kod EAN:\u00a0<\/strong>5903246865226<\/p>\n<\/div>","protected":false},"excerpt":{"rendered":"<p>Opis Produktu Herbatka z ogrodu botanicznego &#8211; Dla Taty EKO Naturalna mieszanka najwy\u017cszej jako\u015bci zi\u00f3\u0142 i owoc\u00f3w, skomponowana z my\u015bl\u0105 o organizmie m\u0119\u017cczyzny. Kocanka wp\u0142ywa korzystnie na funkcjonowanie w\u0105troby oraz uk\u0142ad moczowo-p\u0142ciowy, pokrzywa i wierzb\u00f3wka wspieraj\u0105 zdrowie prostaty oraz witalno\u015b\u0107 organizmu, porzeczka normalizuje ci\u015bnienie krwi i dzia\u0142a przeciwzapalnie, a arcydzi\u0119giel i mi\u0119ta usprawniaj\u0105 uk\u0142ad pokarmowy. [&hellip;]<\/p>","protected":false},"featured_media":190,"template":"","meta":{"site-sidebar-layout":"default","site-content-layout":"","ast-site-content-layout":"default","site-content-style":"default","site-sidebar-style":"default","ast-global-header-display":"","ast-banner-title-visibility":"","ast-main-header-display":"","ast-hfb-above-header-display":"","ast-hfb-below-header-display":"","ast-hfb-mobile-header-display":"","site-post-title":"","ast-breadcrumbs-content":"","ast-featured-img":"","footer-sml-layout":"","theme-transparent-header-meta":"default","adv-header-id-meta":"","stick-header-meta":"","header-above-stick-meta":"","header-main-stick-meta":"","header-below-stick-meta":"","astra-migrate-meta-layouts":"set","ast-page-background-enabled":"default","ast-page-background-meta":{"desktop":{"background-color":"var(--ast-global-color-4)","background-image":"","background-repeat":"repeat","background-position":"center center","background-size":"auto","background-attachment":"scroll","background-type":"","background-media":"","overlay-type":"","overlay-color":"","overlay-opacity":"","overlay-gradient":""},"tablet":{"background-color":"","background-image":"","background-repeat":"repeat","background-position":"center center","background-size":"auto","background-attachment":"scroll","background-type":"","background-media":"","overlay-type":"","overlay-color":"","overlay-opacity":"","overlay-gradient":""},"mobile":{"background-color":"","background-image":"","background-repeat":"repeat","background-position":"center center","background-size":"auto","background-attachment":"scroll","background-type":"","background-media":"","overlay-type":"","overlay-color":"","overlay-opacity":"","overlay-gradient":""}},"ast-content-background-meta":{"desktop":{"background-color":"var(--ast-global-color-5)","background-image":"","background-repeat":"repeat","background-position":"center center","background-size":"auto","background-attachment":"scroll","background-type":"","background-media":"","overlay-type":"","overlay-color":"","overlay-opacity":"","overlay-gradient":""},"tablet":{"background-color":"var(--ast-global-color-5)","background-image":"","background-repeat":"repeat","background-position":"center center","background-size":"auto","background-attachment":"scroll","background-type":"","background-media":"","overlay-type":"","overlay-color":"","overlay-opacity":"","overlay-gradient":""},"mobile":{"background-color":"var(--ast-global-color-5)","background-image":"","background-repeat":"repeat","background-position":"center center","background-size":"auto","background-attachment":"scroll","background-type":"","background-media":"","overlay-type":"","overlay-color":"","overlay-opacity":"","overlay-gradient":""}}},"product_cat":[44,46,52],"product_tag":[34],"class_list":{"0":"post-137","1":"product","2":"type-product","3":"status-publish","4":"has-post-thumbnail","6":"product_cat-herbaty","7":"product_cat-ziolowe","8":"product_cat-sypane","9":"product_tag-etykieta-eko","10":"desktop-align-center","11":"tablet-align-left","12":"mobile-align-left","14":"first","15":"instock","16":"purchasable","17":"product-type-simple"},"_links":{"self":[{"href":"https:\/\/los-odpowiedzialni-spolecznie.pl\/en\/wp-json\/wp\/v2\/product\/137","targetHints":{"allow":["GET"]}}],"collection":[{"href":"https:\/\/los-odpowiedzialni-spolecznie.pl\/en\/wp-json\/wp\/v2\/product"}],"about":[{"href":"https:\/\/los-odpowiedzialni-spolecznie.pl\/en\/wp-json\/wp\/v2\/types\/product"}],"wp:featuredmedia":[{"embeddable":true,"href":"https:\/\/los-odpowiedzialni-spolecznie.pl\/en\/wp-json\/wp\/v2\/media\/190"}],"wp:attachment":[{"href":"https:\/\/los-odpowiedzialni-spolecznie.pl\/en\/wp-json\/wp\/v2\/media?parent=137"}],"wp:term":[{"taxonomy":"product_cat","embeddable":true,"href":"https:\/\/los-odpowiedzialni-spolecznie.pl\/en\/wp-json\/wp\/v2\/product_cat?post=137"},{"taxonomy":"product_tag","embeddable":true,"href":"https:\/\/los-odpowiedzialni-spolecznie.pl\/en\/wp-json\/wp\/v2\/product_tag?post=137"}],"curies":[{"name":"wp","href":"https:\/\/api.w.org\/{rel}","templated":true}]}}