{"id":136,"date":"2024-12-23T15:36:09","date_gmt":"2024-12-23T14:36:09","guid":{"rendered":"https:\/\/los-odpowiedzialni-spolecznie.pl\/?post_type=product&#038;p=136"},"modified":"2024-12-23T15:36:57","modified_gmt":"2024-12-23T14:36:57","slug":"herbatka-z-grodu-botanicznego-dla-mamy-eko-80-g","status":"publish","type":"product","link":"https:\/\/los-odpowiedzialni-spolecznie.pl\/en\/sklep\/produkty-spozywcze\/herbaty\/ziolowe\/herbatka-z-grodu-botanicznego-dla-mamy-eko-80-g\/","title":{"rendered":"Herbatka z grodu botanicznego &#8211; Dla Mamy EKO 80 g"},"content":{"rendered":"<h3>Opis Produktu<\/h3>\n<p><strong>Herbatka z grodu botanicznego &#8211; Dla Mamy EKO<\/strong><\/p>\n<div>\n<div class=\"xs:h-64 md:h-80\">\n<header class=\"fixed top-0 left-0 right-0 z-[60] py-16 xs:h-64 md:h-80 md:py-22 theme-light-gray transition-all duration-300 bg-primary text-[var(--text-primary)]\">\n<p class=\"invisible opacity-0 fixed top-0 right-0 bottom-0 left-0 z-[100] bg-[rgba(0,0,0,0.5)] transition-all ease-in-out\" role=\"dialog\" aria-hidden=\"true\" aria-labelledby=\"mobileNavModalHeading\"><span style=\"font-size: 16px\">Zio\u0142owa herbatka dedykowana wszystkim kobietom, b\u0119d\u0105ca kompozycj\u0105 najwy\u017cszej jako\u015bci zi\u00f3\u0142 z Podlaskiego Ogrodu Botanicznego. Krwawnik, przywrotnik i jasnota wp\u0142ywaj\u0105 korzystnie na uk\u0142ad trawienny oraz niweluj\u0105 dolegliwo\u015bci menstruacyjne, rdest wspiera drogi moczowe, pokrzywa wzmacnia w\u0142osy sk\u00f3r\u0119 i paznokcie, a melisa pomaga si\u0119 zrelaksowa\u0107.<\/span><\/p>\n<h3 class=\"tab-title\">Dodatkowe informacje<\/h3>\n<div class=\"resetcss\">\n<p><strong>Sk\u0142adniki:\u00a0<\/strong>krwawnik ziele*, przywrotnik ziele*, rdest ptasi ziele*, jasnota ziele*, pokrzywa li\u015b\u0107*, melisa li\u015b\u0107*, nagietek p\u0142atki*, r\u00f3\u017ca p\u0142atki*.*produkt rolnictwa ekologicznego<\/p>\n<p><strong>Spos\u00f3b u\u017cycia:\u00a0<\/strong>jedn\u0105 \u0142y\u017ceczk\u0119 herbatki zala\u0107 szklank\u0105 wrz\u0105tku i pozostawi\u0107 pod przykryciem do zaparzenia na oko\u0142o 10-15 minut. Pi\u0107 1-2 razy dziennie<\/p>\n<p><strong>Masa netto:\u00a0<\/strong>80 g<\/p>\n<p><strong>Warunki przechowywania:\u00a0<\/strong>przechowywa\u0107 w suchym miejscu.<\/p>\n<p><strong>Kod EAN:\u00a0<\/strong>5903246865233<\/p>\n<\/div>\n<\/header>\n<\/div>\n<\/div>","protected":false},"excerpt":{"rendered":"<p>Opis Produktu Herbatka z grodu botanicznego &#8211; Dla Mamy EKO Zio\u0142owa herbatka dedykowana wszystkim kobietom, b\u0119d\u0105ca kompozycj\u0105 najwy\u017cszej jako\u015bci zi\u00f3\u0142 z Podlaskiego Ogrodu Botanicznego. Krwawnik, przywrotnik i jasnota wp\u0142ywaj\u0105 korzystnie na uk\u0142ad trawienny oraz niweluj\u0105 dolegliwo\u015bci menstruacyjne, rdest wspiera drogi moczowe, pokrzywa wzmacnia w\u0142osy sk\u00f3r\u0119 i paznokcie, a melisa pomaga si\u0119 zrelaksowa\u0107. Dodatkowe informacje Sk\u0142adniki:\u00a0krwawnik [&hellip;]<\/p>","protected":false},"featured_media":189,"template":"","meta":{"site-sidebar-layout":"default","site-content-layout":"","ast-site-content-layout":"default","site-content-style":"default","site-sidebar-style":"default","ast-global-header-display":"","ast-banner-title-visibility":"","ast-main-header-display":"","ast-hfb-above-header-display":"","ast-hfb-below-header-display":"","ast-hfb-mobile-header-display":"","site-post-title":"","ast-breadcrumbs-content":"","ast-featured-img":"","footer-sml-layout":"","theme-transparent-header-meta":"default","adv-header-id-meta":"","stick-header-meta":"","header-above-stick-meta":"","header-main-stick-meta":"","header-below-stick-meta":"","astra-migrate-meta-layouts":"set","ast-page-background-enabled":"default","ast-page-background-meta":{"desktop":{"background-color":"var(--ast-global-color-4)","background-image":"","background-repeat":"repeat","background-position":"center center","background-size":"auto","background-attachment":"scroll","background-type":"","background-media":"","overlay-type":"","overlay-color":"","overlay-opacity":"","overlay-gradient":""},"tablet":{"background-color":"","background-image":"","background-repeat":"repeat","background-position":"center center","background-size":"auto","background-attachment":"scroll","background-type":"","background-media":"","overlay-type":"","overlay-color":"","overlay-opacity":"","overlay-gradient":""},"mobile":{"background-color":"","background-image":"","background-repeat":"repeat","background-position":"center center","background-size":"auto","background-attachment":"scroll","background-type":"","background-media":"","overlay-type":"","overlay-color":"","overlay-opacity":"","overlay-gradient":""}},"ast-content-background-meta":{"desktop":{"background-color":"var(--ast-global-color-5)","background-image":"","background-repeat":"repeat","background-position":"center center","background-size":"auto","background-attachment":"scroll","background-type":"","background-media":"","overlay-type":"","overlay-color":"","overlay-opacity":"","overlay-gradient":""},"tablet":{"background-color":"var(--ast-global-color-5)","background-image":"","background-repeat":"repeat","background-position":"center center","background-size":"auto","background-attachment":"scroll","background-type":"","background-media":"","overlay-type":"","overlay-color":"","overlay-opacity":"","overlay-gradient":""},"mobile":{"background-color":"var(--ast-global-color-5)","background-image":"","background-repeat":"repeat","background-position":"center center","background-size":"auto","background-attachment":"scroll","background-type":"","background-media":"","overlay-type":"","overlay-color":"","overlay-opacity":"","overlay-gradient":""}}},"product_cat":[44,46,52],"product_tag":[34],"class_list":{"0":"post-136","1":"product","2":"type-product","3":"status-publish","4":"has-post-thumbnail","6":"product_cat-herbaty","7":"product_cat-ziolowe","8":"product_cat-sypane","9":"product_tag-etykieta-eko","10":"desktop-align-center","11":"tablet-align-left","12":"mobile-align-left","14":"first","15":"instock","16":"purchasable","17":"product-type-simple"},"_links":{"self":[{"href":"https:\/\/los-odpowiedzialni-spolecznie.pl\/en\/wp-json\/wp\/v2\/product\/136","targetHints":{"allow":["GET"]}}],"collection":[{"href":"https:\/\/los-odpowiedzialni-spolecznie.pl\/en\/wp-json\/wp\/v2\/product"}],"about":[{"href":"https:\/\/los-odpowiedzialni-spolecznie.pl\/en\/wp-json\/wp\/v2\/types\/product"}],"wp:featuredmedia":[{"embeddable":true,"href":"https:\/\/los-odpowiedzialni-spolecznie.pl\/en\/wp-json\/wp\/v2\/media\/189"}],"wp:attachment":[{"href":"https:\/\/los-odpowiedzialni-spolecznie.pl\/en\/wp-json\/wp\/v2\/media?parent=136"}],"wp:term":[{"taxonomy":"product_cat","embeddable":true,"href":"https:\/\/los-odpowiedzialni-spolecznie.pl\/en\/wp-json\/wp\/v2\/product_cat?post=136"},{"taxonomy":"product_tag","embeddable":true,"href":"https:\/\/los-odpowiedzialni-spolecznie.pl\/en\/wp-json\/wp\/v2\/product_tag?post=136"}],"curies":[{"name":"wp","href":"https:\/\/api.w.org\/{rel}","templated":true}]}}