{"id":1358,"date":"2024-12-23T16:16:05","date_gmt":"2024-12-23T15:16:05","guid":{"rendered":"https:\/\/los-odpowiedzialni-spolecznie.pl\/?post_type=product&#038;p=1358"},"modified":"2024-12-23T16:17:37","modified_gmt":"2024-12-23T15:17:37","slug":"felice-plyn-do-mycia-szyb-i-luster-bergamotka-500-m","status":"publish","type":"product","link":"https:\/\/los-odpowiedzialni-spolecznie.pl\/en\/sklep\/srodki-czystosci\/eko-produkty-dla-domu-i-szkoly\/felice-plyn-do-mycia-szyb-i-luster-bergamotka-500-m\/","title":{"rendered":"FELICE P\u0142yn do mycia szyb i luster BERGAMOTKA, 500 m"},"content":{"rendered":"<h3>Opis Produktu<\/h3>\n<p><strong>Produkt FELICE P\u0142yn do mycia szyb i luster z dodatkiem naturalnego ekstraktu z bergamotki, zapewnia skuteczne czyszczenie oraz delikatny i \u015bwie\u017cy zapach. Dost\u0119pny w pojemno\u015bci 500 ml. Idealny do codziennego u\u017cytku, aby szybko i efektywnie pozby\u0107 si\u0119 zabrudze\u0144 z powierzchni szklanych i lusterek.<\/strong><\/p>\n<p><strong>Upewnij si\u0119, \u017ce opakowania s\u0105 odpowiednio oczyszczone z resztek p\u0142ynu przed ich wyrzuceniem. Pami\u0119taj tak\u017ce o segregacji odpad\u00f3w, aby dba\u0107 o \u015brodowisko naturalne i zr\u00f3wnowa\u017cony rozw\u00f3j naszej planety. Dzi\u0119ki w\u0142a\u015bciwej selekcji odpad\u00f3w mo\u017cemy przyczyni\u0107 si\u0119 do ograniczenia ilo\u015bci odpad\u00f3w i ich ponownego wykorzystania. W ten spos\u00f3b dbamy nie tylko o nasze otoczenie, ale tak\u017ce o nasze zdrowie i dobrostan.<\/strong><\/p>","protected":false},"excerpt":{"rendered":"<p>Opis Produktu Produkt FELICE P\u0142yn do mycia szyb i luster z dodatkiem naturalnego ekstraktu z bergamotki, zapewnia skuteczne czyszczenie oraz delikatny i \u015bwie\u017cy zapach. Dost\u0119pny w pojemno\u015bci 500 ml. Idealny do codziennego u\u017cytku, aby szybko i efektywnie pozby\u0107 si\u0119 zabrudze\u0144 z powierzchni szklanych i lusterek. Upewnij si\u0119, \u017ce opakowania s\u0105 odpowiednio oczyszczone z resztek p\u0142ynu [&hellip;]<\/p>","protected":false},"featured_media":1417,"template":"","meta":{"site-sidebar-layout":"default","site-content-layout":"","ast-site-content-layout":"default","site-content-style":"default","site-sidebar-style":"default","ast-global-header-display":"","ast-banner-title-visibility":"","ast-main-header-display":"","ast-hfb-above-header-display":"","ast-hfb-below-header-display":"","ast-hfb-mobile-header-display":"","site-post-title":"","ast-breadcrumbs-content":"","ast-featured-img":"","footer-sml-layout":"","theme-transparent-header-meta":"default","adv-header-id-meta":"","stick-header-meta":"","header-above-stick-meta":"","header-main-stick-meta":"","header-below-stick-meta":"","astra-migrate-meta-layouts":"set","ast-page-background-enabled":"default","ast-page-background-meta":{"desktop":{"background-color":"var(--ast-global-color-4)","background-image":"","background-repeat":"repeat","background-position":"center center","background-size":"auto","background-attachment":"scroll","background-type":"","background-media":"","overlay-type":"","overlay-color":"","overlay-opacity":"","overlay-gradient":""},"tablet":{"background-color":"","background-image":"","background-repeat":"repeat","background-position":"center center","background-size":"auto","background-attachment":"scroll","background-type":"","background-media":"","overlay-type":"","overlay-color":"","overlay-opacity":"","overlay-gradient":""},"mobile":{"background-color":"","background-image":"","background-repeat":"repeat","background-position":"center center","background-size":"auto","background-attachment":"scroll","background-type":"","background-media":"","overlay-type":"","overlay-color":"","overlay-opacity":"","overlay-gradient":""}},"ast-content-background-meta":{"desktop":{"background-color":"var(--ast-global-color-5)","background-image":"","background-repeat":"repeat","background-position":"center center","background-size":"auto","background-attachment":"scroll","background-type":"","background-media":"","overlay-type":"","overlay-color":"","overlay-opacity":"","overlay-gradient":""},"tablet":{"background-color":"var(--ast-global-color-5)","background-image":"","background-repeat":"repeat","background-position":"center center","background-size":"auto","background-attachment":"scroll","background-type":"","background-media":"","overlay-type":"","overlay-color":"","overlay-opacity":"","overlay-gradient":""},"mobile":{"background-color":"var(--ast-global-color-5)","background-image":"","background-repeat":"repeat","background-position":"center center","background-size":"auto","background-attachment":"scroll","background-type":"","background-media":"","overlay-type":"","overlay-color":"","overlay-opacity":"","overlay-gradient":""}}},"product_cat":[68,72],"product_tag":[70],"class_list":{"0":"post-1358","1":"product","2":"type-product","3":"status-publish","4":"has-post-thumbnail","6":"product_cat-eko-produkty-dla-domu-i-szkoly","7":"product_cat-ekologiczne-srodki-czystosci","8":"product_tag-eko","9":"desktop-align-center","10":"tablet-align-left","11":"mobile-align-left","13":"first","14":"instock","15":"purchasable","16":"product-type-simple"},"_links":{"self":[{"href":"https:\/\/los-odpowiedzialni-spolecznie.pl\/en\/wp-json\/wp\/v2\/product\/1358","targetHints":{"allow":["GET"]}}],"collection":[{"href":"https:\/\/los-odpowiedzialni-spolecznie.pl\/en\/wp-json\/wp\/v2\/product"}],"about":[{"href":"https:\/\/los-odpowiedzialni-spolecznie.pl\/en\/wp-json\/wp\/v2\/types\/product"}],"wp:featuredmedia":[{"embeddable":true,"href":"https:\/\/los-odpowiedzialni-spolecznie.pl\/en\/wp-json\/wp\/v2\/media\/1417"}],"wp:attachment":[{"href":"https:\/\/los-odpowiedzialni-spolecznie.pl\/en\/wp-json\/wp\/v2\/media?parent=1358"}],"wp:term":[{"taxonomy":"product_cat","embeddable":true,"href":"https:\/\/los-odpowiedzialni-spolecznie.pl\/en\/wp-json\/wp\/v2\/product_cat?post=1358"},{"taxonomy":"product_tag","embeddable":true,"href":"https:\/\/los-odpowiedzialni-spolecznie.pl\/en\/wp-json\/wp\/v2\/product_tag?post=1358"}],"curies":[{"name":"wp","href":"https:\/\/api.w.org\/{rel}","templated":true}]}}