{"id":1357,"date":"2024-12-23T16:16:05","date_gmt":"2024-12-23T15:16:05","guid":{"rendered":"https:\/\/los-odpowiedzialni-spolecznie.pl\/?post_type=product&#038;p=1357"},"modified":"2024-12-23T16:17:34","modified_gmt":"2024-12-23T15:17:34","slug":"biostar-sodowe-eko-tabletki-do-zmywarki-50-szt","status":"publish","type":"product","link":"https:\/\/los-odpowiedzialni-spolecznie.pl\/en\/sklep\/srodki-czystosci\/eko-produkty-dla-domu-i-szkoly\/biostar-sodowe-eko-tabletki-do-zmywarki-50-szt\/","title":{"rendered":"Biostar Sodowe Eko Tabletki Do Zmywarki 50 Szt."},"content":{"rendered":"<h3>Opis Produktu<\/h3>\n<p>Biostar Sodowe Eko Tabletki Do Zmywarki to ekologiczne i skuteczne tabletki do zmywarki, kt\u00f3re skutecznie usuwaj\u0105 nawet najbardziej uporczywe zabrudzenia. Zapewniaj\u0105 one doskona\u0142e efekty czyszczenia, nie uszkadzaj\u0105c przy tym naczy\u0144.<\/p>\n<p>Opakowanie zawiera 50 sztuk tabletek, co wystarcza na d\u0142ugi czas regularnego u\u017cytkowania zmywarki. Tabletki s\u0105 \u0142atwe w u\u017cyciu &#8211; wystarczy umie\u015bci\u0107 je w specjalnym pojemniku zmywarki i uruchomi\u0107 program zmywaj\u0105cy.<\/p>\n<p>Biostar Sodowe Eko Tabletki Do Zmywarki s\u0105 przyjazne dla \u015brodowiska, poniewa\u017c nie zawieraj\u0105 szkodliwych substancji chemicznych ani fosforan\u00f3w. S\u0105 r\u00f3wnie\u017c biodegradowalne, co oznacza, \u017ce po u\u017cyciu nie zanieczyszczaj\u0105 \u015brodowiska naturalnego.<\/p>\n<p>Dzi\u0119ki temu mo\u017cna cieszy\u0107 si\u0119 czystymi naczyniami, a jednocze\u015bnie dba\u0107 o nasz\u0105 planet\u0119. Je\u015bli szukasz ekologicznych i skutecznych tabletek do zmywarki, Biostar Sodowe Eko Tabletki Do Zmywarki s\u0105 doskona\u0142ym wyborem.<\/p>","protected":false},"excerpt":{"rendered":"<p>Opis Produktu Biostar Sodowe Eko Tabletki Do Zmywarki to ekologiczne i skuteczne tabletki do zmywarki, kt\u00f3re skutecznie usuwaj\u0105 nawet najbardziej uporczywe zabrudzenia. Zapewniaj\u0105 one doskona\u0142e efekty czyszczenia, nie uszkadzaj\u0105c przy tym naczy\u0144. Opakowanie zawiera 50 sztuk tabletek, co wystarcza na d\u0142ugi czas regularnego u\u017cytkowania zmywarki. Tabletki s\u0105 \u0142atwe w u\u017cyciu &#8211; wystarczy umie\u015bci\u0107 je w [&hellip;]<\/p>","protected":false},"featured_media":1416,"template":"","meta":{"site-sidebar-layout":"default","site-content-layout":"","ast-site-content-layout":"default","site-content-style":"default","site-sidebar-style":"default","ast-global-header-display":"","ast-banner-title-visibility":"","ast-main-header-display":"","ast-hfb-above-header-display":"","ast-hfb-below-header-display":"","ast-hfb-mobile-header-display":"","site-post-title":"","ast-breadcrumbs-content":"","ast-featured-img":"","footer-sml-layout":"","theme-transparent-header-meta":"default","adv-header-id-meta":"","stick-header-meta":"","header-above-stick-meta":"","header-main-stick-meta":"","header-below-stick-meta":"","astra-migrate-meta-layouts":"set","ast-page-background-enabled":"default","ast-page-background-meta":{"desktop":{"background-color":"var(--ast-global-color-4)","background-image":"","background-repeat":"repeat","background-position":"center center","background-size":"auto","background-attachment":"scroll","background-type":"","background-media":"","overlay-type":"","overlay-color":"","overlay-opacity":"","overlay-gradient":""},"tablet":{"background-color":"","background-image":"","background-repeat":"repeat","background-position":"center center","background-size":"auto","background-attachment":"scroll","background-type":"","background-media":"","overlay-type":"","overlay-color":"","overlay-opacity":"","overlay-gradient":""},"mobile":{"background-color":"","background-image":"","background-repeat":"repeat","background-position":"center center","background-size":"auto","background-attachment":"scroll","background-type":"","background-media":"","overlay-type":"","overlay-color":"","overlay-opacity":"","overlay-gradient":""}},"ast-content-background-meta":{"desktop":{"background-color":"var(--ast-global-color-5)","background-image":"","background-repeat":"repeat","background-position":"center center","background-size":"auto","background-attachment":"scroll","background-type":"","background-media":"","overlay-type":"","overlay-color":"","overlay-opacity":"","overlay-gradient":""},"tablet":{"background-color":"var(--ast-global-color-5)","background-image":"","background-repeat":"repeat","background-position":"center center","background-size":"auto","background-attachment":"scroll","background-type":"","background-media":"","overlay-type":"","overlay-color":"","overlay-opacity":"","overlay-gradient":""},"mobile":{"background-color":"var(--ast-global-color-5)","background-image":"","background-repeat":"repeat","background-position":"center center","background-size":"auto","background-attachment":"scroll","background-type":"","background-media":"","overlay-type":"","overlay-color":"","overlay-opacity":"","overlay-gradient":""}}},"product_cat":[68,72],"product_tag":[70],"class_list":{"0":"post-1357","1":"product","2":"type-product","3":"status-publish","4":"has-post-thumbnail","6":"product_cat-eko-produkty-dla-domu-i-szkoly","7":"product_cat-ekologiczne-srodki-czystosci","8":"product_tag-eko","9":"desktop-align-center","10":"tablet-align-left","11":"mobile-align-left","13":"first","14":"instock","15":"purchasable","16":"product-type-simple"},"_links":{"self":[{"href":"https:\/\/los-odpowiedzialni-spolecznie.pl\/en\/wp-json\/wp\/v2\/product\/1357","targetHints":{"allow":["GET"]}}],"collection":[{"href":"https:\/\/los-odpowiedzialni-spolecznie.pl\/en\/wp-json\/wp\/v2\/product"}],"about":[{"href":"https:\/\/los-odpowiedzialni-spolecznie.pl\/en\/wp-json\/wp\/v2\/types\/product"}],"wp:featuredmedia":[{"embeddable":true,"href":"https:\/\/los-odpowiedzialni-spolecznie.pl\/en\/wp-json\/wp\/v2\/media\/1416"}],"wp:attachment":[{"href":"https:\/\/los-odpowiedzialni-spolecznie.pl\/en\/wp-json\/wp\/v2\/media?parent=1357"}],"wp:term":[{"taxonomy":"product_cat","embeddable":true,"href":"https:\/\/los-odpowiedzialni-spolecznie.pl\/en\/wp-json\/wp\/v2\/product_cat?post=1357"},{"taxonomy":"product_tag","embeddable":true,"href":"https:\/\/los-odpowiedzialni-spolecznie.pl\/en\/wp-json\/wp\/v2\/product_tag?post=1357"}],"curies":[{"name":"wp","href":"https:\/\/api.w.org\/{rel}","templated":true}]}}