{"id":1356,"date":"2024-12-23T16:16:05","date_gmt":"2024-12-23T15:16:05","guid":{"rendered":"https:\/\/los-odpowiedzialni-spolecznie.pl\/?post_type=product&#038;p=1356"},"modified":"2024-12-23T16:17:31","modified_gmt":"2024-12-23T15:17:31","slug":"tabletki-do-zmywarek-eco-30-szt-gron-balance","status":"publish","type":"product","link":"https:\/\/los-odpowiedzialni-spolecznie.pl\/en\/sklep\/srodki-czystosci\/eko-produkty-dla-domu-i-szkoly\/tabletki-do-zmywarek-eco-30-szt-gron-balance\/","title":{"rendered":"Tabletki do zmywarek ECO 30 szt. &#8211; Gron Balance"},"content":{"rendered":"<h3>Opis Produktu<\/h3>\n<p>Opis produktu:<br \/>\nTabletki do zmywarek ECO marki Gron Balance to ekologiczne i skuteczne rozwi\u0105zanie do mycia naczy\u0144. Zawieraj\u0105 naturalne sk\u0142adniki, kt\u00f3re nie tylko usuwaj\u0105 brudy i t\u0142uszcze, ale tak\u017ce chroni\u0105 \u015brodowisko. Produkt nie zawiera fosforan\u00f3w ani sztucznych barwnik\u00f3w.<\/p>\n<p>Zalety:<br \/>\n&#8211; Ekologiczny sk\u0142ad<br \/>\n&#8211; Skuteczne usuwanie zabrudze\u0144<br \/>\n&#8211; Ochrona \u015brodowiska<br \/>\n&#8211; Bez fosforan\u00f3w i sztucznych barwnik\u00f3w<\/p>\n<p>Jedno opakowanie zawiera 30 tabletek, co wystarcza na d\u0142u\u017cszy okres u\u017cytkowania. Tabletki s\u0105 \u0142atwe w u\u017cyciu &#8211; wystarczy umie\u015bci\u0107 jedn\u0105 w pojemniku z detergentem, a zmywarka b\u0119dzie gotowa do pracy.<\/p>\n<p>Produkt marki Gron Balance to idealne rozwi\u0105zanie dla os\u00f3b ceni\u0105cych ekologi\u0119 i wysok\u0105 jako\u015b\u0107 czyszczenia.<\/p>","protected":false},"excerpt":{"rendered":"<p>Opis Produktu Opis produktu: Tabletki do zmywarek ECO marki Gron Balance to ekologiczne i skuteczne rozwi\u0105zanie do mycia naczy\u0144. Zawieraj\u0105 naturalne sk\u0142adniki, kt\u00f3re nie tylko usuwaj\u0105 brudy i t\u0142uszcze, ale tak\u017ce chroni\u0105 \u015brodowisko. Produkt nie zawiera fosforan\u00f3w ani sztucznych barwnik\u00f3w. Zalety: &#8211; Ekologiczny sk\u0142ad &#8211; Skuteczne usuwanie zabrudze\u0144 &#8211; Ochrona \u015brodowiska &#8211; Bez fosforan\u00f3w i [&hellip;]<\/p>","protected":false},"featured_media":1415,"template":"","meta":{"site-sidebar-layout":"default","site-content-layout":"","ast-site-content-layout":"default","site-content-style":"default","site-sidebar-style":"default","ast-global-header-display":"","ast-banner-title-visibility":"","ast-main-header-display":"","ast-hfb-above-header-display":"","ast-hfb-below-header-display":"","ast-hfb-mobile-header-display":"","site-post-title":"","ast-breadcrumbs-content":"","ast-featured-img":"","footer-sml-layout":"","theme-transparent-header-meta":"default","adv-header-id-meta":"","stick-header-meta":"","header-above-stick-meta":"","header-main-stick-meta":"","header-below-stick-meta":"","astra-migrate-meta-layouts":"set","ast-page-background-enabled":"default","ast-page-background-meta":{"desktop":{"background-color":"var(--ast-global-color-4)","background-image":"","background-repeat":"repeat","background-position":"center center","background-size":"auto","background-attachment":"scroll","background-type":"","background-media":"","overlay-type":"","overlay-color":"","overlay-opacity":"","overlay-gradient":""},"tablet":{"background-color":"","background-image":"","background-repeat":"repeat","background-position":"center center","background-size":"auto","background-attachment":"scroll","background-type":"","background-media":"","overlay-type":"","overlay-color":"","overlay-opacity":"","overlay-gradient":""},"mobile":{"background-color":"","background-image":"","background-repeat":"repeat","background-position":"center center","background-size":"auto","background-attachment":"scroll","background-type":"","background-media":"","overlay-type":"","overlay-color":"","overlay-opacity":"","overlay-gradient":""}},"ast-content-background-meta":{"desktop":{"background-color":"var(--ast-global-color-5)","background-image":"","background-repeat":"repeat","background-position":"center center","background-size":"auto","background-attachment":"scroll","background-type":"","background-media":"","overlay-type":"","overlay-color":"","overlay-opacity":"","overlay-gradient":""},"tablet":{"background-color":"var(--ast-global-color-5)","background-image":"","background-repeat":"repeat","background-position":"center center","background-size":"auto","background-attachment":"scroll","background-type":"","background-media":"","overlay-type":"","overlay-color":"","overlay-opacity":"","overlay-gradient":""},"mobile":{"background-color":"var(--ast-global-color-5)","background-image":"","background-repeat":"repeat","background-position":"center center","background-size":"auto","background-attachment":"scroll","background-type":"","background-media":"","overlay-type":"","overlay-color":"","overlay-opacity":"","overlay-gradient":""}}},"product_cat":[68,72],"product_tag":[],"class_list":{"0":"post-1356","1":"product","2":"type-product","3":"status-publish","4":"has-post-thumbnail","6":"product_cat-eko-produkty-dla-domu-i-szkoly","7":"product_cat-ekologiczne-srodki-czystosci","8":"desktop-align-center","9":"tablet-align-left","10":"mobile-align-left","12":"first","13":"outofstock","14":"purchasable","15":"product-type-simple"},"_links":{"self":[{"href":"https:\/\/los-odpowiedzialni-spolecznie.pl\/en\/wp-json\/wp\/v2\/product\/1356","targetHints":{"allow":["GET"]}}],"collection":[{"href":"https:\/\/los-odpowiedzialni-spolecznie.pl\/en\/wp-json\/wp\/v2\/product"}],"about":[{"href":"https:\/\/los-odpowiedzialni-spolecznie.pl\/en\/wp-json\/wp\/v2\/types\/product"}],"wp:featuredmedia":[{"embeddable":true,"href":"https:\/\/los-odpowiedzialni-spolecznie.pl\/en\/wp-json\/wp\/v2\/media\/1415"}],"wp:attachment":[{"href":"https:\/\/los-odpowiedzialni-spolecznie.pl\/en\/wp-json\/wp\/v2\/media?parent=1356"}],"wp:term":[{"taxonomy":"product_cat","embeddable":true,"href":"https:\/\/los-odpowiedzialni-spolecznie.pl\/en\/wp-json\/wp\/v2\/product_cat?post=1356"},{"taxonomy":"product_tag","embeddable":true,"href":"https:\/\/los-odpowiedzialni-spolecznie.pl\/en\/wp-json\/wp\/v2\/product_tag?post=1356"}],"curies":[{"name":"wp","href":"https:\/\/api.w.org\/{rel}","templated":true}]}}