{"id":1355,"date":"2024-12-23T16:16:05","date_gmt":"2024-12-23T15:16:05","guid":{"rendered":"https:\/\/los-odpowiedzialni-spolecznie.pl\/?post_type=product&#038;p=1355"},"modified":"2024-12-23T16:17:27","modified_gmt":"2024-12-23T15:17:27","slug":"sol-ochronna-do-zmywarek-marki-ludwik-active-power-protect","status":"publish","type":"product","link":"https:\/\/los-odpowiedzialni-spolecznie.pl\/en\/sklep\/srodki-czystosci\/eko-produkty-dla-domu-i-szkoly\/sol-ochronna-do-zmywarek-marki-ludwik-active-power-protect\/","title":{"rendered":"S\u00f3l ochronna do zmywarek marki Ludwik Active Power Protect"},"content":{"rendered":"<h3>Opis Produktu<\/h3>\n<p><strong>S\u00f3l ochronna do zmywarek marki Ludwik Active Power Protect to produkt, kt\u00f3ry chroni zmywark\u0119 przed osadzaniem si\u0119 kamienia oraz zapewnia jej d\u0142ugotrwa\u0142\u0105 ochron\u0119 przed uszkodzeniami. Dzi\u0119ki temu \u015brodekowi do zmywania naczynia b\u0119d\u0105 czyste i l\u015bni\u0105ce, a zmywarka b\u0119dzie dzia\u0142a\u0107 efektywnie i bezproblemowo przez d\u0142ugi czas. Produkt ten jest \u0142atwy w u\u017cyciu \u2013 wystarczy go regularnie dodawa\u0107 do zmywarki, zgodnie z zaleceniami producenta, aby cieszy\u0107 si\u0119 doskona\u0142ymi efektami. S\u00f3l ochronna do zmywarek Ludwik Active Power Protect to idealne rozwi\u0105zanie dla ka\u017cdego, kto dba o sprawn\u0105 prac\u0119 swojej zmywarki i perfekcyjnie czyste naczynia.<\/strong><\/p>\n<p><strong>S\u00f3l ochronna do\u00a0zmywarek Ludwik dost\u0119pna jest w\u00a0opakowaniach zawieraj\u0105cych 1,5 kg\u00a0produktu, co\u00a0starczy Ci\u00a0na d\u0142ugi czas u\u017cytkowania i\u00a0regularnego stosowania podczas mycia naczy\u0144<\/strong><\/p>","protected":false},"excerpt":{"rendered":"<p>Opis Produktu S\u00f3l ochronna do zmywarek marki Ludwik Active Power Protect to produkt, kt\u00f3ry chroni zmywark\u0119 przed osadzaniem si\u0119 kamienia oraz zapewnia jej d\u0142ugotrwa\u0142\u0105 ochron\u0119 przed uszkodzeniami. Dzi\u0119ki temu \u015brodekowi do zmywania naczynia b\u0119d\u0105 czyste i l\u015bni\u0105ce, a zmywarka b\u0119dzie dzia\u0142a\u0107 efektywnie i bezproblemowo przez d\u0142ugi czas. Produkt ten jest \u0142atwy w u\u017cyciu \u2013 wystarczy [&hellip;]<\/p>","protected":false},"featured_media":1407,"template":"","meta":{"site-sidebar-layout":"default","site-content-layout":"","ast-site-content-layout":"default","site-content-style":"default","site-sidebar-style":"default","ast-global-header-display":"","ast-banner-title-visibility":"","ast-main-header-display":"","ast-hfb-above-header-display":"","ast-hfb-below-header-display":"","ast-hfb-mobile-header-display":"","site-post-title":"","ast-breadcrumbs-content":"","ast-featured-img":"","footer-sml-layout":"","theme-transparent-header-meta":"default","adv-header-id-meta":"","stick-header-meta":"","header-above-stick-meta":"","header-main-stick-meta":"","header-below-stick-meta":"","astra-migrate-meta-layouts":"set","ast-page-background-enabled":"default","ast-page-background-meta":{"desktop":{"background-color":"var(--ast-global-color-4)","background-image":"","background-repeat":"repeat","background-position":"center center","background-size":"auto","background-attachment":"scroll","background-type":"","background-media":"","overlay-type":"","overlay-color":"","overlay-opacity":"","overlay-gradient":""},"tablet":{"background-color":"","background-image":"","background-repeat":"repeat","background-position":"center center","background-size":"auto","background-attachment":"scroll","background-type":"","background-media":"","overlay-type":"","overlay-color":"","overlay-opacity":"","overlay-gradient":""},"mobile":{"background-color":"","background-image":"","background-repeat":"repeat","background-position":"center center","background-size":"auto","background-attachment":"scroll","background-type":"","background-media":"","overlay-type":"","overlay-color":"","overlay-opacity":"","overlay-gradient":""}},"ast-content-background-meta":{"desktop":{"background-color":"var(--ast-global-color-5)","background-image":"","background-repeat":"repeat","background-position":"center center","background-size":"auto","background-attachment":"scroll","background-type":"","background-media":"","overlay-type":"","overlay-color":"","overlay-opacity":"","overlay-gradient":""},"tablet":{"background-color":"var(--ast-global-color-5)","background-image":"","background-repeat":"repeat","background-position":"center center","background-size":"auto","background-attachment":"scroll","background-type":"","background-media":"","overlay-type":"","overlay-color":"","overlay-opacity":"","overlay-gradient":""},"mobile":{"background-color":"var(--ast-global-color-5)","background-image":"","background-repeat":"repeat","background-position":"center center","background-size":"auto","background-attachment":"scroll","background-type":"","background-media":"","overlay-type":"","overlay-color":"","overlay-opacity":"","overlay-gradient":""}}},"product_cat":[68,72],"product_tag":[70],"class_list":{"0":"post-1355","1":"product","2":"type-product","3":"status-publish","4":"has-post-thumbnail","6":"product_cat-eko-produkty-dla-domu-i-szkoly","7":"product_cat-ekologiczne-srodki-czystosci","8":"product_tag-eko","9":"desktop-align-center","10":"tablet-align-left","11":"mobile-align-left","13":"first","14":"instock","15":"purchasable","16":"product-type-simple"},"_links":{"self":[{"href":"https:\/\/los-odpowiedzialni-spolecznie.pl\/en\/wp-json\/wp\/v2\/product\/1355","targetHints":{"allow":["GET"]}}],"collection":[{"href":"https:\/\/los-odpowiedzialni-spolecznie.pl\/en\/wp-json\/wp\/v2\/product"}],"about":[{"href":"https:\/\/los-odpowiedzialni-spolecznie.pl\/en\/wp-json\/wp\/v2\/types\/product"}],"wp:featuredmedia":[{"embeddable":true,"href":"https:\/\/los-odpowiedzialni-spolecznie.pl\/en\/wp-json\/wp\/v2\/media\/1407"}],"wp:attachment":[{"href":"https:\/\/los-odpowiedzialni-spolecznie.pl\/en\/wp-json\/wp\/v2\/media?parent=1355"}],"wp:term":[{"taxonomy":"product_cat","embeddable":true,"href":"https:\/\/los-odpowiedzialni-spolecznie.pl\/en\/wp-json\/wp\/v2\/product_cat?post=1355"},{"taxonomy":"product_tag","embeddable":true,"href":"https:\/\/los-odpowiedzialni-spolecznie.pl\/en\/wp-json\/wp\/v2\/product_tag?post=1355"}],"curies":[{"name":"wp","href":"https:\/\/api.w.org\/{rel}","templated":true}]}}