{"id":1354,"date":"2024-12-23T16:16:05","date_gmt":"2024-12-23T15:16:05","guid":{"rendered":"https:\/\/los-odpowiedzialni-spolecznie.pl\/?post_type=product&#038;p=1354"},"modified":"2024-12-23T16:17:24","modified_gmt":"2024-12-23T15:17:24","slug":"tabletki-do-zmywarek-ludwik-all-in-one-ekologiczne-80-szt","status":"publish","type":"product","link":"https:\/\/los-odpowiedzialni-spolecznie.pl\/en\/sklep\/srodki-czystosci\/eko-produkty-dla-domu-i-szkoly\/tabletki-do-zmywarek-ludwik-all-in-one-ekologiczne-80-szt\/","title":{"rendered":"Tabletki do zmywarek LUDWIK All In One Ekologiczne &#8211; 80 szt."},"content":{"rendered":"<h3>Opis Produktu<\/h3>\n<p>Tabletki do zmywarek LUDWIK All In One Ekologiczne s\u0105 przyjazne dla \u015brodowiska, nie zawieraj\u0105 fosforan\u00f3w ani chloru. Zapewniaj\u0105 skuteczne czyszczenie naczy\u0144, usuwaj\u0105 nawet najtrudniejsze zabrudzenia i zapobiegaj\u0105 powstawaniu kamienia. Opakowanie zawiera 80 sztuk tabletek, co wystarcza na d\u0142ugi okres u\u017cytkowania. Produkty marki LUDWIK s\u0105 cenione za wysok\u0105 jako\u015b\u0107 i skuteczno\u015b\u0107 dzia\u0142ania. Mo\u017cna je zakupi\u0107 w sklepach spo\u017cywczych, drogeriach oraz sklepach internetowych.<\/p>\n<p><b>Dozowanie:<\/b><\/p>\n<ul>\n<li>1 tabletka\/1 cykl zmywania \u2013 niezale\u017cnie od stopnia zabrudzenia i twardo\u015bci wody. W przypadku bardzo twardej wody ponad 17 dH\/30fH w celu wzmocnienia skuteczno\u015bci mycia zaleca si\u0119 stosowanie soli ochronnej oraz p\u0142ynu nab\u0142yszczaj\u0105cego. Je\u017celi tabletka nie rozpuszcza si\u0119 ca\u0142kowicie, zaleca si\u0119 umieszczenie jej na dnie zmywarki.<\/li>\n<\/ul>\n<p><b>Przechowywanie:<\/b><\/p>\n<ul>\n<li>Przechowywa\u0107 w suchym miejscu, niedost\u0119pnym dla dzieci. Przechowywa\u0107 w szczelnie zamkni\u0119tym opakowaniu. Unika\u0107 przemro\u017cenia. Opakowanie po zu\u017cytym produkcie wyrzuci\u0107 do odpowiednich pojemnik\u00f3w zgodnie z lokalnym systemem gospodarowania odpadami komunalnymi.<\/li>\n<li>Nie stosowa\u0107 do mycia r\u0119cznie malowanej porcelany, kryszta\u0142\u00f3w, srebra, z\u0142ota, miedzi, aluminium, wyrob\u00f3w z drewna.<\/li>\n<\/ul>","protected":false},"excerpt":{"rendered":"<p>Opis Produktu Tabletki do zmywarek LUDWIK All In One Ekologiczne s\u0105 przyjazne dla \u015brodowiska, nie zawieraj\u0105 fosforan\u00f3w ani chloru. Zapewniaj\u0105 skuteczne czyszczenie naczy\u0144, usuwaj\u0105 nawet najtrudniejsze zabrudzenia i zapobiegaj\u0105 powstawaniu kamienia. Opakowanie zawiera 80 sztuk tabletek, co wystarcza na d\u0142ugi okres u\u017cytkowania. Produkty marki LUDWIK s\u0105 cenione za wysok\u0105 jako\u015b\u0107 i skuteczno\u015b\u0107 dzia\u0142ania. Mo\u017cna je [&hellip;]<\/p>","protected":false},"featured_media":1406,"template":"","meta":{"site-sidebar-layout":"default","site-content-layout":"","ast-site-content-layout":"default","site-content-style":"default","site-sidebar-style":"default","ast-global-header-display":"","ast-banner-title-visibility":"","ast-main-header-display":"","ast-hfb-above-header-display":"","ast-hfb-below-header-display":"","ast-hfb-mobile-header-display":"","site-post-title":"","ast-breadcrumbs-content":"","ast-featured-img":"","footer-sml-layout":"","theme-transparent-header-meta":"default","adv-header-id-meta":"","stick-header-meta":"","header-above-stick-meta":"","header-main-stick-meta":"","header-below-stick-meta":"","astra-migrate-meta-layouts":"set","ast-page-background-enabled":"default","ast-page-background-meta":{"desktop":{"background-color":"var(--ast-global-color-4)","background-image":"","background-repeat":"repeat","background-position":"center center","background-size":"auto","background-attachment":"scroll","background-type":"","background-media":"","overlay-type":"","overlay-color":"","overlay-opacity":"","overlay-gradient":""},"tablet":{"background-color":"","background-image":"","background-repeat":"repeat","background-position":"center center","background-size":"auto","background-attachment":"scroll","background-type":"","background-media":"","overlay-type":"","overlay-color":"","overlay-opacity":"","overlay-gradient":""},"mobile":{"background-color":"","background-image":"","background-repeat":"repeat","background-position":"center center","background-size":"auto","background-attachment":"scroll","background-type":"","background-media":"","overlay-type":"","overlay-color":"","overlay-opacity":"","overlay-gradient":""}},"ast-content-background-meta":{"desktop":{"background-color":"var(--ast-global-color-5)","background-image":"","background-repeat":"repeat","background-position":"center center","background-size":"auto","background-attachment":"scroll","background-type":"","background-media":"","overlay-type":"","overlay-color":"","overlay-opacity":"","overlay-gradient":""},"tablet":{"background-color":"var(--ast-global-color-5)","background-image":"","background-repeat":"repeat","background-position":"center center","background-size":"auto","background-attachment":"scroll","background-type":"","background-media":"","overlay-type":"","overlay-color":"","overlay-opacity":"","overlay-gradient":""},"mobile":{"background-color":"var(--ast-global-color-5)","background-image":"","background-repeat":"repeat","background-position":"center center","background-size":"auto","background-attachment":"scroll","background-type":"","background-media":"","overlay-type":"","overlay-color":"","overlay-opacity":"","overlay-gradient":""}}},"product_cat":[68,72],"product_tag":[70],"class_list":{"0":"post-1354","1":"product","2":"type-product","3":"status-publish","4":"has-post-thumbnail","6":"product_cat-eko-produkty-dla-domu-i-szkoly","7":"product_cat-ekologiczne-srodki-czystosci","8":"product_tag-eko","9":"desktop-align-center","10":"tablet-align-left","11":"mobile-align-left","13":"first","14":"instock","15":"purchasable","16":"product-type-simple"},"_links":{"self":[{"href":"https:\/\/los-odpowiedzialni-spolecznie.pl\/en\/wp-json\/wp\/v2\/product\/1354","targetHints":{"allow":["GET"]}}],"collection":[{"href":"https:\/\/los-odpowiedzialni-spolecznie.pl\/en\/wp-json\/wp\/v2\/product"}],"about":[{"href":"https:\/\/los-odpowiedzialni-spolecznie.pl\/en\/wp-json\/wp\/v2\/types\/product"}],"wp:featuredmedia":[{"embeddable":true,"href":"https:\/\/los-odpowiedzialni-spolecznie.pl\/en\/wp-json\/wp\/v2\/media\/1406"}],"wp:attachment":[{"href":"https:\/\/los-odpowiedzialni-spolecznie.pl\/en\/wp-json\/wp\/v2\/media?parent=1354"}],"wp:term":[{"taxonomy":"product_cat","embeddable":true,"href":"https:\/\/los-odpowiedzialni-spolecznie.pl\/en\/wp-json\/wp\/v2\/product_cat?post=1354"},{"taxonomy":"product_tag","embeddable":true,"href":"https:\/\/los-odpowiedzialni-spolecznie.pl\/en\/wp-json\/wp\/v2\/product_tag?post=1354"}],"curies":[{"name":"wp","href":"https:\/\/api.w.org\/{rel}","templated":true}]}}