{"id":1353,"date":"2024-12-23T16:16:05","date_gmt":"2024-12-23T15:16:05","guid":{"rendered":"https:\/\/los-odpowiedzialni-spolecznie.pl\/?post_type=product&#038;p=1353"},"modified":"2024-12-23T16:17:21","modified_gmt":"2024-12-23T15:17:21","slug":"papier-do-pieczenia-kompostowalny-niebielony-w-rolce-10-m-if-you-care","status":"publish","type":"product","link":"https:\/\/los-odpowiedzialni-spolecznie.pl\/en\/sklep\/srodki-czystosci\/eko-produkty-dla-domu-i-szkoly\/papier-do-pieczenia-kompostowalny-niebielony-w-rolce-10-m-if-you-care\/","title":{"rendered":"PAPIER DO PIECZENIA KOMPOSTOWALNY NIEBIELONY W ROLCE 10 M &#8211; IF YOU CARE"},"content":{"rendered":"<h3>Opis Produktu<\/h3>\n<p>Papier ten to produkt idealny dla os\u00f3b poszukuj\u0105cych ekologicznych i przyjaznych dla \u015brodowiska rozwi\u0105za\u0144 kuchennych. Dzi\u0119ki zastosowaniu niewybielanej pulpy celulozowej oraz kompostowalnej pow\u0142oce silikonowej, papier do pieczenia nie tylko chroni \u015brodowisko, ale tak\u017ce zapewnia wysok\u0105 funkcjonalno\u015b\u0107 podczas pieczenia r\u00f3\u017cnego rodzaju potraw. Dodatkowo, fakt \u017ce nadruk wykonany jest farbami ro\u015blinnymi, sprawia \u017ce produkt ten jest jeszcze bardziej ekologiczny.<\/p>\n<p>Papier do pieczenia z rolki o d\u0142ugo\u015bci 10 metr\u00f3w, jest niezast\u0105pionym pomocnikiem w ka\u017cdej kuchni. Mo\u017ce by\u0107 u\u017cywany do pieczenia ciast, ciasteczek, pizzy czy warzyw, a dzi\u0119ki specjalnej pow\u0142oce silikonowej potrawy nie przywieraj\u0105 do papieru, co u\u0142atwia jego u\u017cytkowanie. Dodatkowo, papier ten jest niebielony, wolny od chloru, co dodatkowo podnosi jego warto\u015b\u0107 ekologiczn\u0105.<\/p>\n<p>Maksymalna temperatura pieczenia to 220 stopni Celsjusza, co sprawia \u017ce papier ten nadaje si\u0119 do wi\u0119kszo\u015bci codziennych zastosowa\u0144 w kuchni. Po u\u017cyciu, karton opakowania nadaje si\u0119 do wt\u00f3rnego przetworzenia poprzez recykling lub kompostowanie, co zapewnia pe\u0142ne zamkni\u0119cie cyrkularnej ekonomii odpad\u00f3w.<\/p>\n<p>Wymiary 10 metr\u00f3w na 33 centymetry sprawiaj\u0105 \u017ce papier ten jest wygodny w u\u017cyciu i wystarcza na d\u0142u\u017cszy czas. Ca\u0142o\u015b\u0107 stanowi rozwi\u0105zanie idealne dla os\u00f3b dbaj\u0105cych o \u015brodowisko i szukaj\u0105cych ekologicznych alternatyw w codziennym gotowaniu i pieczeniu.<\/p>\n<h3>Dodatkowe informacje<\/h3>\n<p>Maksymalna temperatura pieczenia to 220C.<br \/>\nKarton nadaj\u0105cy si\u0119 do recyklingu lub na kompost.<br \/>\nDo nadruk\u00f3w u\u017cyto farby ro\u015blinnej.<br \/>\nWymiary: 3,3 m3 (10 m x 33 cm)<\/p>","protected":false},"excerpt":{"rendered":"<p>Opis Produktu Papier ten to produkt idealny dla os\u00f3b poszukuj\u0105cych ekologicznych i przyjaznych dla \u015brodowiska rozwi\u0105za\u0144 kuchennych. Dzi\u0119ki zastosowaniu niewybielanej pulpy celulozowej oraz kompostowalnej pow\u0142oce silikonowej, papier do pieczenia nie tylko chroni \u015brodowisko, ale tak\u017ce zapewnia wysok\u0105 funkcjonalno\u015b\u0107 podczas pieczenia r\u00f3\u017cnego rodzaju potraw. Dodatkowo, fakt \u017ce nadruk wykonany jest farbami ro\u015blinnymi, sprawia \u017ce produkt ten [&hellip;]<\/p>","protected":false},"featured_media":1405,"template":"","meta":{"site-sidebar-layout":"default","site-content-layout":"","ast-site-content-layout":"default","site-content-style":"default","site-sidebar-style":"default","ast-global-header-display":"","ast-banner-title-visibility":"","ast-main-header-display":"","ast-hfb-above-header-display":"","ast-hfb-below-header-display":"","ast-hfb-mobile-header-display":"","site-post-title":"","ast-breadcrumbs-content":"","ast-featured-img":"","footer-sml-layout":"","theme-transparent-header-meta":"default","adv-header-id-meta":"","stick-header-meta":"","header-above-stick-meta":"","header-main-stick-meta":"","header-below-stick-meta":"","astra-migrate-meta-layouts":"set","ast-page-background-enabled":"default","ast-page-background-meta":{"desktop":{"background-color":"var(--ast-global-color-4)","background-image":"","background-repeat":"repeat","background-position":"center center","background-size":"auto","background-attachment":"scroll","background-type":"","background-media":"","overlay-type":"","overlay-color":"","overlay-opacity":"","overlay-gradient":""},"tablet":{"background-color":"","background-image":"","background-repeat":"repeat","background-position":"center center","background-size":"auto","background-attachment":"scroll","background-type":"","background-media":"","overlay-type":"","overlay-color":"","overlay-opacity":"","overlay-gradient":""},"mobile":{"background-color":"","background-image":"","background-repeat":"repeat","background-position":"center center","background-size":"auto","background-attachment":"scroll","background-type":"","background-media":"","overlay-type":"","overlay-color":"","overlay-opacity":"","overlay-gradient":""}},"ast-content-background-meta":{"desktop":{"background-color":"var(--ast-global-color-5)","background-image":"","background-repeat":"repeat","background-position":"center center","background-size":"auto","background-attachment":"scroll","background-type":"","background-media":"","overlay-type":"","overlay-color":"","overlay-opacity":"","overlay-gradient":""},"tablet":{"background-color":"var(--ast-global-color-5)","background-image":"","background-repeat":"repeat","background-position":"center center","background-size":"auto","background-attachment":"scroll","background-type":"","background-media":"","overlay-type":"","overlay-color":"","overlay-opacity":"","overlay-gradient":""},"mobile":{"background-color":"var(--ast-global-color-5)","background-image":"","background-repeat":"repeat","background-position":"center center","background-size":"auto","background-attachment":"scroll","background-type":"","background-media":"","overlay-type":"","overlay-color":"","overlay-opacity":"","overlay-gradient":""}}},"product_cat":[68],"product_tag":[70],"class_list":{"0":"post-1353","1":"product","2":"type-product","3":"status-publish","4":"has-post-thumbnail","6":"product_cat-eko-produkty-dla-domu-i-szkoly","7":"product_tag-eko","8":"desktop-align-center","9":"tablet-align-left","10":"mobile-align-left","12":"first","13":"instock","14":"purchasable","15":"product-type-simple"},"_links":{"self":[{"href":"https:\/\/los-odpowiedzialni-spolecznie.pl\/en\/wp-json\/wp\/v2\/product\/1353","targetHints":{"allow":["GET"]}}],"collection":[{"href":"https:\/\/los-odpowiedzialni-spolecznie.pl\/en\/wp-json\/wp\/v2\/product"}],"about":[{"href":"https:\/\/los-odpowiedzialni-spolecznie.pl\/en\/wp-json\/wp\/v2\/types\/product"}],"wp:featuredmedia":[{"embeddable":true,"href":"https:\/\/los-odpowiedzialni-spolecznie.pl\/en\/wp-json\/wp\/v2\/media\/1405"}],"wp:attachment":[{"href":"https:\/\/los-odpowiedzialni-spolecznie.pl\/en\/wp-json\/wp\/v2\/media?parent=1353"}],"wp:term":[{"taxonomy":"product_cat","embeddable":true,"href":"https:\/\/los-odpowiedzialni-spolecznie.pl\/en\/wp-json\/wp\/v2\/product_cat?post=1353"},{"taxonomy":"product_tag","embeddable":true,"href":"https:\/\/los-odpowiedzialni-spolecznie.pl\/en\/wp-json\/wp\/v2\/product_tag?post=1353"}],"curies":[{"name":"wp","href":"https:\/\/api.w.org\/{rel}","templated":true}]}}