{"id":1352,"date":"2024-12-23T16:16:05","date_gmt":"2024-12-23T15:16:05","guid":{"rendered":"https:\/\/los-odpowiedzialni-spolecznie.pl\/?post_type=product&#038;p=1352"},"modified":"2024-12-23T16:17:19","modified_gmt":"2024-12-23T15:17:19","slug":"pasta-slonecznikowa-bio-250-g-harmonica","status":"publish","type":"product","link":"https:\/\/los-odpowiedzialni-spolecznie.pl\/en\/sklep\/produkty-spozywcze\/przekaski\/slodkie\/pasta-slonecznikowa-bio-250-g-harmonica\/","title":{"rendered":"Pasta S\u0142onecznikowa BIO 250 g Harmonica"},"content":{"rendered":"<h3>Opis Produktu<\/h3>\n<p>Pasta S\u0142onecznikowa BIO 250 g do smarowania Harmonica to organiczna pasta ze s\u0142onecznika, idealna do smarowania pieczywa, dodawania do sa\u0142atek lub dip\u00f3w. Jest to zdrowa i smaczna alternatywa dla tradycyjnych past na bazie mas\u0142a czy ser\u00f3w. Produkt ten zosta\u0142 stworzony z my\u015bl\u0105 o tych, kt\u00f3rzy ceni\u0105 sobie naturalne sk\u0142adniki i wysok\u0105 jako\u015b\u0107 \u017cywno\u015bci. Pasta S\u0142onecznikowa BIO 250 g do smarowania Harmonica jest doskona\u0142ym uzupe\u0142nieniem \u015bniadania, lunchu czy podwieczorku dla ca\u0142ej rodziny.<\/p>\n<p><strong>SK\u0141ADNIKI<\/strong><br \/>\nmielone nasiona s\u0142onecznika*. (*ceryfikowany sk\u0142adnik ekologiczny)<\/p>\n<p><strong>WARTO\u015a\u0106 OD\u017bYWCZA w 100 g<\/strong><br \/>\nWarto\u015b\u0107 energetyczna: 2878 kJ\/688 kcal<br \/>\nT\u0142uszcz: 60 g<br \/>\nW tym kwasy t\u0142uszczowe nasycone: 5,5 g<br \/>\nW\u0119glowodany: 18 g<br \/>\nW tym cukry: 2,4 g<br \/>\nBia\u0142ko: 19 g<br \/>\nS\u00f3l: &lt;0,10 g<\/p>\n<p><strong>INFORMACJA ALERGENNA<\/strong><br \/>\nMo\u017ce zawiera\u0107 NASIONA SEZAMU, ORZESZKI ZIEMNE, ORZECHY.<\/p>\n<p><strong>ZALECANE WARUNKI PRZECHOWYWANIA<\/strong><br \/>\nPrzechowywa\u0107 w temperaturze pokojowej.<\/p>","protected":false},"excerpt":{"rendered":"<p>Opis Produktu Pasta S\u0142onecznikowa BIO 250 g do smarowania Harmonica to organiczna pasta ze s\u0142onecznika, idealna do smarowania pieczywa, dodawania do sa\u0142atek lub dip\u00f3w. Jest to zdrowa i smaczna alternatywa dla tradycyjnych past na bazie mas\u0142a czy ser\u00f3w. Produkt ten zosta\u0142 stworzony z my\u015bl\u0105 o tych, kt\u00f3rzy ceni\u0105 sobie naturalne sk\u0142adniki i wysok\u0105 jako\u015b\u0107 \u017cywno\u015bci. [&hellip;]<\/p>","protected":false},"featured_media":1404,"template":"","meta":{"site-sidebar-layout":"default","site-content-layout":"","ast-site-content-layout":"default","site-content-style":"default","site-sidebar-style":"default","ast-global-header-display":"","ast-banner-title-visibility":"","ast-main-header-display":"","ast-hfb-above-header-display":"","ast-hfb-below-header-display":"","ast-hfb-mobile-header-display":"","site-post-title":"","ast-breadcrumbs-content":"","ast-featured-img":"","footer-sml-layout":"","theme-transparent-header-meta":"default","adv-header-id-meta":"","stick-header-meta":"","header-above-stick-meta":"","header-main-stick-meta":"","header-below-stick-meta":"","astra-migrate-meta-layouts":"set","ast-page-background-enabled":"default","ast-page-background-meta":{"desktop":{"background-color":"var(--ast-global-color-4)","background-image":"","background-repeat":"repeat","background-position":"center center","background-size":"auto","background-attachment":"scroll","background-type":"","background-media":"","overlay-type":"","overlay-color":"","overlay-opacity":"","overlay-gradient":""},"tablet":{"background-color":"","background-image":"","background-repeat":"repeat","background-position":"center center","background-size":"auto","background-attachment":"scroll","background-type":"","background-media":"","overlay-type":"","overlay-color":"","overlay-opacity":"","overlay-gradient":""},"mobile":{"background-color":"","background-image":"","background-repeat":"repeat","background-position":"center center","background-size":"auto","background-attachment":"scroll","background-type":"","background-media":"","overlay-type":"","overlay-color":"","overlay-opacity":"","overlay-gradient":""}},"ast-content-background-meta":{"desktop":{"background-color":"var(--ast-global-color-5)","background-image":"","background-repeat":"repeat","background-position":"center center","background-size":"auto","background-attachment":"scroll","background-type":"","background-media":"","overlay-type":"","overlay-color":"","overlay-opacity":"","overlay-gradient":""},"tablet":{"background-color":"var(--ast-global-color-5)","background-image":"","background-repeat":"repeat","background-position":"center center","background-size":"auto","background-attachment":"scroll","background-type":"","background-media":"","overlay-type":"","overlay-color":"","overlay-opacity":"","overlay-gradient":""},"mobile":{"background-color":"var(--ast-global-color-5)","background-image":"","background-repeat":"repeat","background-position":"center center","background-size":"auto","background-attachment":"scroll","background-type":"","background-media":"","overlay-type":"","overlay-color":"","overlay-opacity":"","overlay-gradient":""}}},"product_cat":[25,24],"product_tag":[34],"class_list":{"0":"post-1352","1":"product","2":"type-product","3":"status-publish","4":"has-post-thumbnail","6":"product_cat-slodkie","7":"product_cat-przekaski","8":"product_tag-etykieta-eko","9":"desktop-align-center","10":"tablet-align-left","11":"mobile-align-left","13":"first","14":"instock","15":"purchasable","16":"product-type-simple"},"_links":{"self":[{"href":"https:\/\/los-odpowiedzialni-spolecznie.pl\/en\/wp-json\/wp\/v2\/product\/1352","targetHints":{"allow":["GET"]}}],"collection":[{"href":"https:\/\/los-odpowiedzialni-spolecznie.pl\/en\/wp-json\/wp\/v2\/product"}],"about":[{"href":"https:\/\/los-odpowiedzialni-spolecznie.pl\/en\/wp-json\/wp\/v2\/types\/product"}],"wp:featuredmedia":[{"embeddable":true,"href":"https:\/\/los-odpowiedzialni-spolecznie.pl\/en\/wp-json\/wp\/v2\/media\/1404"}],"wp:attachment":[{"href":"https:\/\/los-odpowiedzialni-spolecznie.pl\/en\/wp-json\/wp\/v2\/media?parent=1352"}],"wp:term":[{"taxonomy":"product_cat","embeddable":true,"href":"https:\/\/los-odpowiedzialni-spolecznie.pl\/en\/wp-json\/wp\/v2\/product_cat?post=1352"},{"taxonomy":"product_tag","embeddable":true,"href":"https:\/\/los-odpowiedzialni-spolecznie.pl\/en\/wp-json\/wp\/v2\/product_tag?post=1352"}],"curies":[{"name":"wp","href":"https:\/\/api.w.org\/{rel}","templated":true}]}}