{"id":134,"date":"2024-12-23T15:36:08","date_gmt":"2024-12-23T14:36:08","guid":{"rendered":"https:\/\/los-odpowiedzialni-spolecznie.pl\/?post_type=product&#038;p=134"},"modified":"2024-12-23T15:36:52","modified_gmt":"2024-12-23T14:36:52","slug":"guz-brzozy-eko-25x2-g","status":"publish","type":"product","link":"https:\/\/los-odpowiedzialni-spolecznie.pl\/en\/sklep\/produkty-spozywcze\/herbaty\/ekspresowe\/guz-brzozy-eko-25x2-g\/","title":{"rendered":"Guz brzozy EKO 25&#215;2 g"},"content":{"rendered":"<h3>Opis Produktu<\/h3>\n<p><strong>Guz brzozy EKO<\/strong><\/p>\n<p class=\"f-display-2 md:pr-40 lg:pr-44\">Ekologiczny guz brzozy, pozyskiwany wy\u0142\u0105cznie ze specjalnie wydzielonych obszar\u00f3w, bez szkody dla przyrody. Jest surowcem stosowanym we wschodniej medycynie ludowej od setek lat. S\u0142u\u017cy do sporz\u0105dzania napoj\u00f3w o intensywnym smaku i ciemnej barwie.<\/p>\n<h3 class=\"tab-title\">Dodatkowe informacje<\/h3>\n<p><strong style=\"font-size: 16px\">Sk\u0142adniki: <\/strong><span style=\"font-size: 16px\">b\u0142yskoporek podkorowy (Inonotus obliquus)* 50%.*produkt rolnictwa ekologicznego<\/span><\/p>\n<div class=\"resetcss\">\n<p><strong>Spos\u00f3b u\u017cycia:\u00a0<\/strong>jedn\u0105 saszetk\u0119 zala\u0107 szklank\u0105 wrz\u0105tku i pozostawi\u0107 pod przykryciem do zaparzenia na oko\u0142o 10-15 minut. Pi\u0107 1-2 razy dziennie.<\/p>\n<p><strong>Masa netto:\u00a0<\/strong>25&#215;2 g<\/p>\n<p><strong>Warunki przechowywania:\u00a0<\/strong>przechowywa\u0107 w suchym miejscu.<\/p>\n<p><strong>Kod EAN:\u00a0<\/strong>5902741005786<\/p>\n<\/div>","protected":false},"excerpt":{"rendered":"<p>Opis Produktu Guz brzozy EKO Ekologiczny guz brzozy, pozyskiwany wy\u0142\u0105cznie ze specjalnie wydzielonych obszar\u00f3w, bez szkody dla przyrody. Jest surowcem stosowanym we wschodniej medycynie ludowej od setek lat. S\u0142u\u017cy do sporz\u0105dzania napoj\u00f3w o intensywnym smaku i ciemnej barwie. Dodatkowe informacje Sk\u0142adniki: b\u0142yskoporek podkorowy (Inonotus obliquus)* 50%.*produkt rolnictwa ekologicznego Spos\u00f3b u\u017cycia:\u00a0jedn\u0105 saszetk\u0119 zala\u0107 szklank\u0105 wrz\u0105tku i [&hellip;]<\/p>","protected":false},"featured_media":176,"template":"","meta":{"site-sidebar-layout":"default","site-content-layout":"","ast-site-content-layout":"default","site-content-style":"default","site-sidebar-style":"default","ast-global-header-display":"","ast-banner-title-visibility":"","ast-main-header-display":"","ast-hfb-above-header-display":"","ast-hfb-below-header-display":"","ast-hfb-mobile-header-display":"","site-post-title":"","ast-breadcrumbs-content":"","ast-featured-img":"","footer-sml-layout":"","theme-transparent-header-meta":"default","adv-header-id-meta":"","stick-header-meta":"","header-above-stick-meta":"","header-main-stick-meta":"","header-below-stick-meta":"","astra-migrate-meta-layouts":"set","ast-page-background-enabled":"default","ast-page-background-meta":{"desktop":{"background-color":"var(--ast-global-color-4)","background-image":"","background-repeat":"repeat","background-position":"center center","background-size":"auto","background-attachment":"scroll","background-type":"","background-media":"","overlay-type":"","overlay-color":"","overlay-opacity":"","overlay-gradient":""},"tablet":{"background-color":"","background-image":"","background-repeat":"repeat","background-position":"center center","background-size":"auto","background-attachment":"scroll","background-type":"","background-media":"","overlay-type":"","overlay-color":"","overlay-opacity":"","overlay-gradient":""},"mobile":{"background-color":"","background-image":"","background-repeat":"repeat","background-position":"center center","background-size":"auto","background-attachment":"scroll","background-type":"","background-media":"","overlay-type":"","overlay-color":"","overlay-opacity":"","overlay-gradient":""}},"ast-content-background-meta":{"desktop":{"background-color":"var(--ast-global-color-5)","background-image":"","background-repeat":"repeat","background-position":"center center","background-size":"auto","background-attachment":"scroll","background-type":"","background-media":"","overlay-type":"","overlay-color":"","overlay-opacity":"","overlay-gradient":""},"tablet":{"background-color":"var(--ast-global-color-5)","background-image":"","background-repeat":"repeat","background-position":"center center","background-size":"auto","background-attachment":"scroll","background-type":"","background-media":"","overlay-type":"","overlay-color":"","overlay-opacity":"","overlay-gradient":""},"mobile":{"background-color":"var(--ast-global-color-5)","background-image":"","background-repeat":"repeat","background-position":"center center","background-size":"auto","background-attachment":"scroll","background-type":"","background-media":"","overlay-type":"","overlay-color":"","overlay-opacity":"","overlay-gradient":""}}},"product_cat":[45,44,46],"product_tag":[34],"class_list":{"0":"post-134","1":"product","2":"type-product","3":"status-publish","4":"has-post-thumbnail","6":"product_cat-ekspresowe","7":"product_cat-herbaty","8":"product_cat-ziolowe","9":"product_tag-etykieta-eko","10":"desktop-align-center","11":"tablet-align-left","12":"mobile-align-left","14":"first","15":"onbackorder","16":"purchasable","17":"product-type-simple"},"_links":{"self":[{"href":"https:\/\/los-odpowiedzialni-spolecznie.pl\/en\/wp-json\/wp\/v2\/product\/134","targetHints":{"allow":["GET"]}}],"collection":[{"href":"https:\/\/los-odpowiedzialni-spolecznie.pl\/en\/wp-json\/wp\/v2\/product"}],"about":[{"href":"https:\/\/los-odpowiedzialni-spolecznie.pl\/en\/wp-json\/wp\/v2\/types\/product"}],"wp:featuredmedia":[{"embeddable":true,"href":"https:\/\/los-odpowiedzialni-spolecznie.pl\/en\/wp-json\/wp\/v2\/media\/176"}],"wp:attachment":[{"href":"https:\/\/los-odpowiedzialni-spolecznie.pl\/en\/wp-json\/wp\/v2\/media?parent=134"}],"wp:term":[{"taxonomy":"product_cat","embeddable":true,"href":"https:\/\/los-odpowiedzialni-spolecznie.pl\/en\/wp-json\/wp\/v2\/product_cat?post=134"},{"taxonomy":"product_tag","embeddable":true,"href":"https:\/\/los-odpowiedzialni-spolecznie.pl\/en\/wp-json\/wp\/v2\/product_tag?post=134"}],"curies":[{"name":"wp","href":"https:\/\/api.w.org\/{rel}","templated":true}]}}